{"id":1561,"date":"2017-08-07T19:54:26","date_gmt":"2017-08-07T17:54:26","guid":{"rendered":"http:\/\/ifjerusalem-romaingary.org\/?page_id=1561"},"modified":"2022-02-04T11:35:52","modified_gmt":"2022-02-04T10:35:52","slug":"cours-a-la-carte","status":"publish","type":"page","link":"https:\/\/www.institutfrancais-jerusalem.org\/ramallah\/cours-de-francais\/cours-a-la-carte\/","title":{"rendered":"COURS A LA CARTE"},"content":{"rendered":"<p><b>Cours \u00e0 la carte<\/b><\/p>\n<p>Vous \u00eates un acteur institutionnel, une ONG ou une organisation internationale, une soci\u00e9t\u00e9 du secteur priv\u00e9 ou un particulier ?<\/p>\n<p>Pour un groupe d\u2019apprenants ou un apprenant seul, l\u2019Institut fran\u00e7ais de Ramallah vous propose des offres personnalis\u00e9es, adapt\u00e9es \u00e0 vos besoins, \u00e0 vos contraintes et \u00e0 celles de vos collaborateurs, avec des cours dispens\u00e9s \u00e0 l\u2019Institut Fran\u00e7ais de Ramallah, en ligne ou directement dans vos locaux.<\/p>\n<p><span lang=\"fr-FR\">Pour plus d\u2019information vous pouvez contacter\u00a0:<\/span><\/p>\n<ul>\n<li><span lang=\"fr-FR\">Notre responsable des cours\u00a0(fran\u00e7ais\/anglais): <\/span><span style=\"color: #0000ff;\"><strong><a style=\"color: #0000ff;\" href=\"mailto:cours@iframallah.org\"><span lang=\"fr-FR\"><u>cours@iframallah.org<\/u><\/span><\/a><\/strong><\/span><span lang=\"fr-FR\"> \/ (WA) 059 999 7476 <\/span><\/li>\n<li><span lang=\"fr-FR\">La r\u00e9ception (fran\u00e7ais\/anglais\/arabe) <\/span><a href=\"mailto:info@iframallah.org\"><span style=\"color: #0000ff;\"><span lang=\"fr-FR\"><u><span style=\"color: #0000ff;\"><strong>info@iframallah.org<\/strong><\/span><\/u><\/span><\/span><\/a><span lang=\"fr-FR\"> \/ (WA) 059\u00a0590 0890<\/span><\/li>\n<\/ul>\n","protected":false},"excerpt":{"rendered":"<p>Cours \u00e0 la carte Vous \u00eates un acteur institutionnel, une ONG ou une organisation internationale, une soci\u00e9t\u00e9 du secteur priv\u00e9 ou un particulier ? Pour un groupe d\u2019apprenants ou un apprenant seul, l\u2019Institut fran\u00e7ais de Ramallah vous propose des offres personnalis\u00e9es, adapt\u00e9es \u00e0 vos besoins, \u00e0 vos contraintes et \u00e0 celles de vos collaborateurs, avec &hellip;<\/p>\n","protected":false},"author":1,"featured_media":2654,"parent":1326,"menu_order":0,"comment_status":"closed","ping_status":"closed","template":"","meta":{"footnotes":""},"class_list":["post-1561","page","type-page","status-publish","has-post-thumbnail",""],"yoast_head":"<!-- This site is optimized with the Yoast SEO plugin v27.3 - https:\/\/yoast.com\/product\/yoast-seo-wordpress\/ -->\n<title>COURS A LA CARTE - Institut Fran\u00e7ais de J\u00e9rusalem - Ramallah<\/title>\n<meta name=\"robots\" content=\"index, follow, max-snippet:-1, max-image-preview:large, max-video-preview:-1\" \/>\n<link rel=\"canonical\" href=\"https:\/\/www.institutfrancais-jerusalem.org\/ramallah\/cours-de-francais\/cours-a-la-carte\/\" \/>\n<meta property=\"og:locale\" content=\"fr_FR\" \/>\n<meta property=\"og:type\" content=\"article\" \/>\n<meta property=\"og:title\" content=\"COURS A LA CARTE - Institut Fran\u00e7ais de J\u00e9rusalem - Ramallah\" \/>\n<meta property=\"og:description\" content=\"Cours \u00e0 la carte Vous \u00eates un acteur institutionnel, une ONG ou une organisation internationale, une soci\u00e9t\u00e9 du secteur priv\u00e9 ou un particulier ? Pour un groupe d\u2019apprenants ou un apprenant seul, l\u2019Institut fran\u00e7ais de Ramallah vous propose des offres personnalis\u00e9es, adapt\u00e9es \u00e0 vos besoins, \u00e0 vos contraintes et \u00e0 celles de vos collaborateurs, avec &hellip;\" \/>\n<meta property=\"og:url\" content=\"https:\/\/www.institutfrancais-jerusalem.org\/ramallah\/cours-de-francais\/cours-a-la-carte\/\" \/>\n<meta property=\"og:site_name\" content=\"Institut Fran\u00e7ais de J\u00e9rusalem - Ramallah\" \/>\n<meta property=\"article:modified_time\" content=\"2022-02-04T10:35:52+00:00\" \/>\n<meta property=\"og:image\" content=\"https:\/\/www.institutfrancais-jerusalem.org\/ramallah\/wp-content\/uploads\/sites\/11\/2018\/03\/Cours-a\u0300-la-carte-Institut-franc\u0327ais-Je\u0301rusalem-768x512.jpg\" \/>\n\t<meta property=\"og:image:width\" content=\"768\" \/>\n\t<meta property=\"og:image:height\" content=\"512\" \/>\n\t<meta property=\"og:image:type\" content=\"image\/jpeg\" \/>\n<meta name=\"twitter:card\" content=\"summary_large_image\" \/>\n<meta name=\"twitter:label1\" content=\"Dur\u00e9e de lecture estim\u00e9e\" \/>\n\t<meta name=\"twitter:data1\" content=\"1 minute\" \/>\n<script type=\"application\/ld+json\" class=\"yoast-schema-graph\">{\"@context\":\"https:\\\/\\\/schema.org\",\"@graph\":[{\"@type\":\"WebPage\",\"@id\":\"https:\\\/\\\/www.institutfrancais-jerusalem.org\\\/ramallah\\\/cours-de-francais\\\/cours-a-la-carte\\\/\",\"url\":\"https:\\\/\\\/www.institutfrancais-jerusalem.org\\\/ramallah\\\/cours-de-francais\\\/cours-a-la-carte\\\/\",\"name\":\"COURS A LA CARTE - Institut Fran\u00e7ais de J\u00e9rusalem - Ramallah\",\"isPartOf\":{\"@id\":\"https:\\\/\\\/www.institutfrancais-jerusalem.org\\\/ramallah\\\/#website\"},\"primaryImageOfPage\":{\"@id\":\"https:\\\/\\\/www.institutfrancais-jerusalem.org\\\/ramallah\\\/cours-de-francais\\\/cours-a-la-carte\\\/#primaryimage\"},\"image\":{\"@id\":\"https:\\\/\\\/www.institutfrancais-jerusalem.org\\\/ramallah\\\/cours-de-francais\\\/cours-a-la-carte\\\/#primaryimage\"},\"thumbnailUrl\":\"https:\\\/\\\/www.institutfrancais-jerusalem.org\\\/ramallah\\\/wp-content\\\/uploads\\\/sites\\\/11\\\/2018\\\/03\\\/Cours-a\u0300-la-carte-Institut-franc\u0327ais-Je\u0301rusalem-768x512.jpg\",\"datePublished\":\"2017-08-07T17:54:26+00:00\",\"dateModified\":\"2022-02-04T10:35:52+00:00\",\"breadcrumb\":{\"@id\":\"https:\\\/\\\/www.institutfrancais-jerusalem.org\\\/ramallah\\\/cours-de-francais\\\/cours-a-la-carte\\\/#breadcrumb\"},\"inLanguage\":\"fr-FR\",\"potentialAction\":[{\"@type\":\"ReadAction\",\"target\":[\"https:\\\/\\\/www.institutfrancais-jerusalem.org\\\/ramallah\\\/cours-de-francais\\\/cours-a-la-carte\\\/\"]}]},{\"@type\":\"ImageObject\",\"inLanguage\":\"fr-FR\",\"@id\":\"https:\\\/\\\/www.institutfrancais-jerusalem.org\\\/ramallah\\\/cours-de-francais\\\/cours-a-la-carte\\\/#primaryimage\",\"url\":\"https:\\\/\\\/www.institutfrancais-jerusalem.org\\\/ramallah\\\/wp-content\\\/uploads\\\/sites\\\/11\\\/2018\\\/03\\\/Cours-a\u0300-la-carte-Institut-franc\u0327ais-Je\u0301rusalem-768x512.jpg\",\"contentUrl\":\"https:\\\/\\\/www.institutfrancais-jerusalem.org\\\/ramallah\\\/wp-content\\\/uploads\\\/sites\\\/11\\\/2018\\\/03\\\/Cours-a\u0300-la-carte-Institut-franc\u0327ais-Je\u0301rusalem-768x512.jpg\",\"width\":768,\"height\":512},{\"@type\":\"BreadcrumbList\",\"@id\":\"https:\\\/\\\/www.institutfrancais-jerusalem.org\\\/ramallah\\\/cours-de-francais\\\/cours-a-la-carte\\\/#breadcrumb\",\"itemListElement\":[{\"@type\":\"ListItem\",\"position\":1,\"name\":\"Accueil\",\"item\":\"https:\\\/\\\/www.institutfrancais-jerusalem.org\\\/ramallah\\\/\"},{\"@type\":\"ListItem\",\"position\":2,\"name\":\"COURS DE FRANCAIS\",\"item\":\"https:\\\/\\\/www.institutfrancais-jerusalem.org\\\/ramallah\\\/cours-de-francais\\\/\"},{\"@type\":\"ListItem\",\"position\":3,\"name\":\"COURS A LA CARTE\"}]},{\"@type\":\"WebSite\",\"@id\":\"https:\\\/\\\/www.institutfrancais-jerusalem.org\\\/ramallah\\\/#website\",\"url\":\"https:\\\/\\\/www.institutfrancais-jerusalem.org\\\/ramallah\\\/\",\"name\":\"Institut Fran\u00e7ais de J\u00e9rusalem - Ramallah\",\"description\":\"Ramallah\",\"potentialAction\":[{\"@type\":\"SearchAction\",\"target\":{\"@type\":\"EntryPoint\",\"urlTemplate\":\"https:\\\/\\\/www.institutfrancais-jerusalem.org\\\/ramallah\\\/?s={search_term_string}\"},\"query-input\":{\"@type\":\"PropertyValueSpecification\",\"valueRequired\":true,\"valueName\":\"search_term_string\"}}],\"inLanguage\":\"fr-FR\"}]}<\/script>\n<!-- \/ Yoast SEO plugin. -->","yoast_head_json":{"title":"COURS A LA CARTE - Institut Fran\u00e7ais de J\u00e9rusalem - Ramallah","robots":{"index":"index","follow":"follow","max-snippet":"max-snippet:-1","max-image-preview":"max-image-preview:large","max-video-preview":"max-video-preview:-1"},"canonical":"https:\/\/www.institutfrancais-jerusalem.org\/ramallah\/cours-de-francais\/cours-a-la-carte\/","og_locale":"fr_FR","og_type":"article","og_title":"COURS A LA CARTE - Institut Fran\u00e7ais de J\u00e9rusalem - Ramallah","og_description":"Cours \u00e0 la carte Vous \u00eates un acteur institutionnel, une ONG ou une organisation internationale, une soci\u00e9t\u00e9 du secteur priv\u00e9 ou un particulier ? Pour un groupe d\u2019apprenants ou un apprenant seul, l\u2019Institut fran\u00e7ais de Ramallah vous propose des offres personnalis\u00e9es, adapt\u00e9es \u00e0 vos besoins, \u00e0 vos contraintes et \u00e0 celles de vos collaborateurs, avec &hellip;","og_url":"https:\/\/www.institutfrancais-jerusalem.org\/ramallah\/cours-de-francais\/cours-a-la-carte\/","og_site_name":"Institut Fran\u00e7ais de J\u00e9rusalem - Ramallah","article_modified_time":"2022-02-04T10:35:52+00:00","og_image":[{"width":768,"height":512,"url":"https:\/\/www.institutfrancais-jerusalem.org\/ramallah\/wp-content\/uploads\/sites\/11\/2018\/03\/Cours-a\u0300-la-carte-Institut-franc\u0327ais-Je\u0301rusalem-768x512.jpg","type":"image\/jpeg"}],"twitter_card":"summary_large_image","twitter_misc":{"Dur\u00e9e de lecture estim\u00e9e":"1 minute"},"schema":{"@context":"https:\/\/schema.org","@graph":[{"@type":"WebPage","@id":"https:\/\/www.institutfrancais-jerusalem.org\/ramallah\/cours-de-francais\/cours-a-la-carte\/","url":"https:\/\/www.institutfrancais-jerusalem.org\/ramallah\/cours-de-francais\/cours-a-la-carte\/","name":"COURS A LA CARTE - Institut Fran\u00e7ais de J\u00e9rusalem - Ramallah","isPartOf":{"@id":"https:\/\/www.institutfrancais-jerusalem.org\/ramallah\/#website"},"primaryImageOfPage":{"@id":"https:\/\/www.institutfrancais-jerusalem.org\/ramallah\/cours-de-francais\/cours-a-la-carte\/#primaryimage"},"image":{"@id":"https:\/\/www.institutfrancais-jerusalem.org\/ramallah\/cours-de-francais\/cours-a-la-carte\/#primaryimage"},"thumbnailUrl":"https:\/\/www.institutfrancais-jerusalem.org\/ramallah\/wp-content\/uploads\/sites\/11\/2018\/03\/Cours-a\u0300-la-carte-Institut-franc\u0327ais-Je\u0301rusalem-768x512.jpg","datePublished":"2017-08-07T17:54:26+00:00","dateModified":"2022-02-04T10:35:52+00:00","breadcrumb":{"@id":"https:\/\/www.institutfrancais-jerusalem.org\/ramallah\/cours-de-francais\/cours-a-la-carte\/#breadcrumb"},"inLanguage":"fr-FR","potentialAction":[{"@type":"ReadAction","target":["https:\/\/www.institutfrancais-jerusalem.org\/ramallah\/cours-de-francais\/cours-a-la-carte\/"]}]},{"@type":"ImageObject","inLanguage":"fr-FR","@id":"https:\/\/www.institutfrancais-jerusalem.org\/ramallah\/cours-de-francais\/cours-a-la-carte\/#primaryimage","url":"https:\/\/www.institutfrancais-jerusalem.org\/ramallah\/wp-content\/uploads\/sites\/11\/2018\/03\/Cours-a\u0300-la-carte-Institut-franc\u0327ais-Je\u0301rusalem-768x512.jpg","contentUrl":"https:\/\/www.institutfrancais-jerusalem.org\/ramallah\/wp-content\/uploads\/sites\/11\/2018\/03\/Cours-a\u0300-la-carte-Institut-franc\u0327ais-Je\u0301rusalem-768x512.jpg","width":768,"height":512},{"@type":"BreadcrumbList","@id":"https:\/\/www.institutfrancais-jerusalem.org\/ramallah\/cours-de-francais\/cours-a-la-carte\/#breadcrumb","itemListElement":[{"@type":"ListItem","position":1,"name":"Accueil","item":"https:\/\/www.institutfrancais-jerusalem.org\/ramallah\/"},{"@type":"ListItem","position":2,"name":"COURS DE FRANCAIS","item":"https:\/\/www.institutfrancais-jerusalem.org\/ramallah\/cours-de-francais\/"},{"@type":"ListItem","position":3,"name":"COURS A LA CARTE"}]},{"@type":"WebSite","@id":"https:\/\/www.institutfrancais-jerusalem.org\/ramallah\/#website","url":"https:\/\/www.institutfrancais-jerusalem.org\/ramallah\/","name":"Institut Fran\u00e7ais de J\u00e9rusalem - Ramallah","description":"Ramallah","potentialAction":[{"@type":"SearchAction","target":{"@type":"EntryPoint","urlTemplate":"https:\/\/www.institutfrancais-jerusalem.org\/ramallah\/?s={search_term_string}"},"query-input":{"@type":"PropertyValueSpecification","valueRequired":true,"valueName":"search_term_string"}}],"inLanguage":"fr-FR"}]}},"_links":{"self":[{"href":"https:\/\/www.institutfrancais-jerusalem.org\/ramallah\/wp-json\/wp\/v2\/pages\/1561","targetHints":{"allow":["GET"]}}],"collection":[{"href":"https:\/\/www.institutfrancais-jerusalem.org\/ramallah\/wp-json\/wp\/v2\/pages"}],"about":[{"href":"https:\/\/www.institutfrancais-jerusalem.org\/ramallah\/wp-json\/wp\/v2\/types\/page"}],"author":[{"embeddable":true,"href":"https:\/\/www.institutfrancais-jerusalem.org\/ramallah\/wp-json\/wp\/v2\/users\/1"}],"replies":[{"embeddable":true,"href":"https:\/\/www.institutfrancais-jerusalem.org\/ramallah\/wp-json\/wp\/v2\/comments?post=1561"}],"version-history":[{"count":10,"href":"https:\/\/www.institutfrancais-jerusalem.org\/ramallah\/wp-json\/wp\/v2\/pages\/1561\/revisions"}],"predecessor-version":[{"id":5644,"href":"https:\/\/www.institutfrancais-jerusalem.org\/ramallah\/wp-json\/wp\/v2\/pages\/1561\/revisions\/5644"}],"up":[{"embeddable":true,"href":"https:\/\/www.institutfrancais-jerusalem.org\/ramallah\/wp-json\/wp\/v2\/pages\/1326"}],"wp:featuredmedia":[{"embeddable":true,"href":"https:\/\/www.institutfrancais-jerusalem.org\/ramallah\/wp-json\/wp\/v2\/media\/2654"}],"wp:attachment":[{"href":"https:\/\/www.institutfrancais-jerusalem.org\/ramallah\/wp-json\/wp\/v2\/media?parent=1561"}],"curies":[{"name":"wp","href":"https:\/\/api.w.org\/{rel}","templated":true}]}}