{"id":1557,"date":"2017-08-07T19:53:23","date_gmt":"2017-08-07T17:53:23","guid":{"rendered":"http:\/\/ifjerusalem-romaingary.org\/?page_id=1557"},"modified":"2025-02-21T13:13:36","modified_gmt":"2025-02-21T12:13:36","slug":"cours-adultes","status":"publish","type":"page","link":"https:\/\/www.institutfrancais-jerusalem.org\/ramallah\/cours-de-francais\/cours-adultes\/","title":{"rendered":"COURS ADULTES"},"content":{"rendered":"<p><i>We offer lessons for students and professionals willing to extend their set of professional skills or to study and work in a French-speaking country. Click on the link below for more details on adult courses: <strong><a id=\"LPlnk655867\" href=\"https:\/\/linktr.ee\/languagecoursesramallah\">https:\/\/linktr.ee\/languagecoursesramallah<\/a>\u00a0<\/strong><\/i><\/p>\n<p><strong>For more information you can contact:<\/strong><br \/>\nOur course manager (French\/English): cours@iframallah.org \/ (WhatsApp) +970(0)59 999 7476<br \/>\nReception (French\/English\/Arabic) info@iframallah.org \/ (WhatsApp) +970(0)59 590 0890<\/p>\n","protected":false},"excerpt":{"rendered":"<p>We offer lessons for students and professionals willing to extend their set of professional skills or to study and work in a French-speaking country. Click on the link below for more details on adult courses: https:\/\/linktr.ee\/languagecoursesramallah\u00a0 For more information you can contact: Our course manager (French\/English): cours@iframallah.org \/ (WhatsApp) +970(0)59 999 7476 Reception (French\/English\/Arabic) info@iframallah.org &hellip;<\/p>\n","protected":false},"author":1,"featured_media":5886,"parent":1326,"menu_order":0,"comment_status":"closed","ping_status":"closed","template":"","meta":{"footnotes":""},"class_list":["post-1557","page","type-page","status-publish","has-post-thumbnail",""],"yoast_head":"<!-- This site is optimized with the Yoast SEO plugin v27.4 - https:\/\/yoast.com\/product\/yoast-seo-wordpress\/ -->\n<title>COURS ADULTES - Institut Fran\u00e7ais de J\u00e9rusalem - Ramallah<\/title>\n<meta name=\"description\" content=\"Cours de fran\u00e7ais 2022 \u00e0 l&#039;Institut fran\u00e7ais de Ramallah\" \/>\n<meta name=\"robots\" content=\"index, follow, max-snippet:-1, max-image-preview:large, max-video-preview:-1\" \/>\n<link rel=\"canonical\" href=\"https:\/\/www.institutfrancais-jerusalem.org\/ramallah\/cours-de-francais\/cours-adultes\/\" \/>\n<meta property=\"og:locale\" content=\"fr_FR\" \/>\n<meta property=\"og:type\" content=\"article\" \/>\n<meta property=\"og:title\" content=\"COURS ADULTES - Institut Fran\u00e7ais de J\u00e9rusalem - Ramallah\" \/>\n<meta property=\"og:description\" content=\"Cours de fran\u00e7ais 2022 \u00e0 l&#039;Institut fran\u00e7ais de Ramallah\" \/>\n<meta property=\"og:url\" content=\"https:\/\/www.institutfrancais-jerusalem.org\/ramallah\/cours-de-francais\/cours-adultes\/\" \/>\n<meta property=\"og:site_name\" content=\"Institut Fran\u00e7ais de J\u00e9rusalem - Ramallah\" \/>\n<meta property=\"article:modified_time\" content=\"2025-02-21T12:13:36+00:00\" \/>\n<meta property=\"og:image\" content=\"https:\/\/www.institutfrancais-jerusalem.org\/ramallah\/wp-content\/uploads\/sites\/11\/2022\/09\/adultes.jpg\" \/>\n\t<meta property=\"og:image:width\" content=\"1920\" \/>\n\t<meta property=\"og:image:height\" content=\"1080\" \/>\n\t<meta property=\"og:image:type\" content=\"image\/jpeg\" \/>\n<meta name=\"twitter:card\" content=\"summary_large_image\" \/>\n<meta name=\"twitter:label1\" content=\"Dur\u00e9e de lecture estim\u00e9e\" \/>\n\t<meta name=\"twitter:data1\" content=\"1 minute\" \/>\n<script type=\"application\/ld+json\" class=\"yoast-schema-graph\">{\"@context\":\"https:\\\/\\\/schema.org\",\"@graph\":[{\"@type\":\"WebPage\",\"@id\":\"https:\\\/\\\/www.institutfrancais-jerusalem.org\\\/ramallah\\\/cours-de-francais\\\/cours-adultes\\\/\",\"url\":\"https:\\\/\\\/www.institutfrancais-jerusalem.org\\\/ramallah\\\/cours-de-francais\\\/cours-adultes\\\/\",\"name\":\"COURS ADULTES - Institut Fran\u00e7ais de J\u00e9rusalem - Ramallah\",\"isPartOf\":{\"@id\":\"https:\\\/\\\/www.institutfrancais-jerusalem.org\\\/ramallah\\\/#website\"},\"primaryImageOfPage\":{\"@id\":\"https:\\\/\\\/www.institutfrancais-jerusalem.org\\\/ramallah\\\/cours-de-francais\\\/cours-adultes\\\/#primaryimage\"},\"image\":{\"@id\":\"https:\\\/\\\/www.institutfrancais-jerusalem.org\\\/ramallah\\\/cours-de-francais\\\/cours-adultes\\\/#primaryimage\"},\"thumbnailUrl\":\"https:\\\/\\\/www.institutfrancais-jerusalem.org\\\/ramallah\\\/wp-content\\\/uploads\\\/sites\\\/11\\\/2022\\\/09\\\/adultes.jpg\",\"datePublished\":\"2017-08-07T17:53:23+00:00\",\"dateModified\":\"2025-02-21T12:13:36+00:00\",\"description\":\"Cours de fran\u00e7ais 2022 \u00e0 l'Institut fran\u00e7ais de Ramallah\",\"breadcrumb\":{\"@id\":\"https:\\\/\\\/www.institutfrancais-jerusalem.org\\\/ramallah\\\/cours-de-francais\\\/cours-adultes\\\/#breadcrumb\"},\"inLanguage\":\"fr-FR\",\"potentialAction\":[{\"@type\":\"ReadAction\",\"target\":[\"https:\\\/\\\/www.institutfrancais-jerusalem.org\\\/ramallah\\\/cours-de-francais\\\/cours-adultes\\\/\"]}]},{\"@type\":\"ImageObject\",\"inLanguage\":\"fr-FR\",\"@id\":\"https:\\\/\\\/www.institutfrancais-jerusalem.org\\\/ramallah\\\/cours-de-francais\\\/cours-adultes\\\/#primaryimage\",\"url\":\"https:\\\/\\\/www.institutfrancais-jerusalem.org\\\/ramallah\\\/wp-content\\\/uploads\\\/sites\\\/11\\\/2022\\\/09\\\/adultes.jpg\",\"contentUrl\":\"https:\\\/\\\/www.institutfrancais-jerusalem.org\\\/ramallah\\\/wp-content\\\/uploads\\\/sites\\\/11\\\/2022\\\/09\\\/adultes.jpg\",\"width\":1920,\"height\":1080},{\"@type\":\"BreadcrumbList\",\"@id\":\"https:\\\/\\\/www.institutfrancais-jerusalem.org\\\/ramallah\\\/cours-de-francais\\\/cours-adultes\\\/#breadcrumb\",\"itemListElement\":[{\"@type\":\"ListItem\",\"position\":1,\"name\":\"Accueil\",\"item\":\"https:\\\/\\\/www.institutfrancais-jerusalem.org\\\/ramallah\\\/\"},{\"@type\":\"ListItem\",\"position\":2,\"name\":\"COURS DE FRANCAIS\",\"item\":\"https:\\\/\\\/www.institutfrancais-jerusalem.org\\\/ramallah\\\/cours-de-francais\\\/\"},{\"@type\":\"ListItem\",\"position\":3,\"name\":\"COURS ADULTES\"}]},{\"@type\":\"WebSite\",\"@id\":\"https:\\\/\\\/www.institutfrancais-jerusalem.org\\\/ramallah\\\/#website\",\"url\":\"https:\\\/\\\/www.institutfrancais-jerusalem.org\\\/ramallah\\\/\",\"name\":\"Institut Fran\u00e7ais de J\u00e9rusalem - Ramallah\",\"description\":\"Ramallah\",\"potentialAction\":[{\"@type\":\"SearchAction\",\"target\":{\"@type\":\"EntryPoint\",\"urlTemplate\":\"https:\\\/\\\/www.institutfrancais-jerusalem.org\\\/ramallah\\\/?s={search_term_string}\"},\"query-input\":{\"@type\":\"PropertyValueSpecification\",\"valueRequired\":true,\"valueName\":\"search_term_string\"}}],\"inLanguage\":\"fr-FR\"}]}<\/script>\n<!-- \/ Yoast SEO plugin. -->","yoast_head_json":{"title":"COURS ADULTES - Institut Fran\u00e7ais de J\u00e9rusalem - Ramallah","description":"Cours de fran\u00e7ais 2022 \u00e0 l'Institut fran\u00e7ais de Ramallah","robots":{"index":"index","follow":"follow","max-snippet":"max-snippet:-1","max-image-preview":"max-image-preview:large","max-video-preview":"max-video-preview:-1"},"canonical":"https:\/\/www.institutfrancais-jerusalem.org\/ramallah\/cours-de-francais\/cours-adultes\/","og_locale":"fr_FR","og_type":"article","og_title":"COURS ADULTES - Institut Fran\u00e7ais de J\u00e9rusalem - Ramallah","og_description":"Cours de fran\u00e7ais 2022 \u00e0 l'Institut fran\u00e7ais de Ramallah","og_url":"https:\/\/www.institutfrancais-jerusalem.org\/ramallah\/cours-de-francais\/cours-adultes\/","og_site_name":"Institut Fran\u00e7ais de J\u00e9rusalem - Ramallah","article_modified_time":"2025-02-21T12:13:36+00:00","og_image":[{"width":1920,"height":1080,"url":"https:\/\/www.institutfrancais-jerusalem.org\/ramallah\/wp-content\/uploads\/sites\/11\/2022\/09\/adultes.jpg","type":"image\/jpeg"}],"twitter_card":"summary_large_image","twitter_misc":{"Dur\u00e9e de lecture estim\u00e9e":"1 minute"},"schema":{"@context":"https:\/\/schema.org","@graph":[{"@type":"WebPage","@id":"https:\/\/www.institutfrancais-jerusalem.org\/ramallah\/cours-de-francais\/cours-adultes\/","url":"https:\/\/www.institutfrancais-jerusalem.org\/ramallah\/cours-de-francais\/cours-adultes\/","name":"COURS ADULTES - Institut Fran\u00e7ais de J\u00e9rusalem - Ramallah","isPartOf":{"@id":"https:\/\/www.institutfrancais-jerusalem.org\/ramallah\/#website"},"primaryImageOfPage":{"@id":"https:\/\/www.institutfrancais-jerusalem.org\/ramallah\/cours-de-francais\/cours-adultes\/#primaryimage"},"image":{"@id":"https:\/\/www.institutfrancais-jerusalem.org\/ramallah\/cours-de-francais\/cours-adultes\/#primaryimage"},"thumbnailUrl":"https:\/\/www.institutfrancais-jerusalem.org\/ramallah\/wp-content\/uploads\/sites\/11\/2022\/09\/adultes.jpg","datePublished":"2017-08-07T17:53:23+00:00","dateModified":"2025-02-21T12:13:36+00:00","description":"Cours de fran\u00e7ais 2022 \u00e0 l'Institut fran\u00e7ais de Ramallah","breadcrumb":{"@id":"https:\/\/www.institutfrancais-jerusalem.org\/ramallah\/cours-de-francais\/cours-adultes\/#breadcrumb"},"inLanguage":"fr-FR","potentialAction":[{"@type":"ReadAction","target":["https:\/\/www.institutfrancais-jerusalem.org\/ramallah\/cours-de-francais\/cours-adultes\/"]}]},{"@type":"ImageObject","inLanguage":"fr-FR","@id":"https:\/\/www.institutfrancais-jerusalem.org\/ramallah\/cours-de-francais\/cours-adultes\/#primaryimage","url":"https:\/\/www.institutfrancais-jerusalem.org\/ramallah\/wp-content\/uploads\/sites\/11\/2022\/09\/adultes.jpg","contentUrl":"https:\/\/www.institutfrancais-jerusalem.org\/ramallah\/wp-content\/uploads\/sites\/11\/2022\/09\/adultes.jpg","width":1920,"height":1080},{"@type":"BreadcrumbList","@id":"https:\/\/www.institutfrancais-jerusalem.org\/ramallah\/cours-de-francais\/cours-adultes\/#breadcrumb","itemListElement":[{"@type":"ListItem","position":1,"name":"Accueil","item":"https:\/\/www.institutfrancais-jerusalem.org\/ramallah\/"},{"@type":"ListItem","position":2,"name":"COURS DE FRANCAIS","item":"https:\/\/www.institutfrancais-jerusalem.org\/ramallah\/cours-de-francais\/"},{"@type":"ListItem","position":3,"name":"COURS ADULTES"}]},{"@type":"WebSite","@id":"https:\/\/www.institutfrancais-jerusalem.org\/ramallah\/#website","url":"https:\/\/www.institutfrancais-jerusalem.org\/ramallah\/","name":"Institut Fran\u00e7ais de J\u00e9rusalem - Ramallah","description":"Ramallah","potentialAction":[{"@type":"SearchAction","target":{"@type":"EntryPoint","urlTemplate":"https:\/\/www.institutfrancais-jerusalem.org\/ramallah\/?s={search_term_string}"},"query-input":{"@type":"PropertyValueSpecification","valueRequired":true,"valueName":"search_term_string"}}],"inLanguage":"fr-FR"}]}},"_links":{"self":[{"href":"https:\/\/www.institutfrancais-jerusalem.org\/ramallah\/wp-json\/wp\/v2\/pages\/1557","targetHints":{"allow":["GET"]}}],"collection":[{"href":"https:\/\/www.institutfrancais-jerusalem.org\/ramallah\/wp-json\/wp\/v2\/pages"}],"about":[{"href":"https:\/\/www.institutfrancais-jerusalem.org\/ramallah\/wp-json\/wp\/v2\/types\/page"}],"author":[{"embeddable":true,"href":"https:\/\/www.institutfrancais-jerusalem.org\/ramallah\/wp-json\/wp\/v2\/users\/1"}],"replies":[{"embeddable":true,"href":"https:\/\/www.institutfrancais-jerusalem.org\/ramallah\/wp-json\/wp\/v2\/comments?post=1557"}],"version-history":[{"count":33,"href":"https:\/\/www.institutfrancais-jerusalem.org\/ramallah\/wp-json\/wp\/v2\/pages\/1557\/revisions"}],"predecessor-version":[{"id":6179,"href":"https:\/\/www.institutfrancais-jerusalem.org\/ramallah\/wp-json\/wp\/v2\/pages\/1557\/revisions\/6179"}],"up":[{"embeddable":true,"href":"https:\/\/www.institutfrancais-jerusalem.org\/ramallah\/wp-json\/wp\/v2\/pages\/1326"}],"wp:featuredmedia":[{"embeddable":true,"href":"https:\/\/www.institutfrancais-jerusalem.org\/ramallah\/wp-json\/wp\/v2\/media\/5886"}],"wp:attachment":[{"href":"https:\/\/www.institutfrancais-jerusalem.org\/ramallah\/wp-json\/wp\/v2\/media?parent=1557"}],"curies":[{"name":"wp","href":"https:\/\/api.w.org\/{rel}","templated":true}]}}