{"id":1409,"date":"2017-08-07T15:57:56","date_gmt":"2017-08-07T13:57:56","guid":{"rendered":"http:\/\/ifjerusalem-romaingary.org\/?page_id=1409"},"modified":"2020-12-20T09:40:01","modified_gmt":"2020-12-20T08:40:01","slug":"culturetheque","status":"publish","type":"page","link":"https:\/\/www.institutfrancais-jerusalem.org\/ramallah\/nos-mediatheques\/culturetheque\/","title":{"rendered":"CULTURETHEQUE"},"content":{"rendered":"<p><iframe loading=\"lazy\" title=\"Cultureth\u00e8que votre biblioth\u00e8que num\u00e9rique HD\" width=\"618\" height=\"348\" src=\"https:\/\/www.youtube.com\/embed\/5C5RykDocK0?feature=oembed\" frameborder=\"0\" allow=\"accelerometer; autoplay; clipboard-write; encrypted-media; gyroscope; picture-in-picture; web-share\" referrerpolicy=\"strict-origin-when-cross-origin\" allowfullscreen><\/iframe><\/p>\n<p><b>Qu&rsquo;est-ce que Cultureth\u00e8que ?<\/b><\/p>\n<p>Cultureth\u00e8que est une biblioth\u00e8que num\u00e9rique qui vous propose de nombreuses ressources t\u00e9l\u00e9chargeables ou consultables en ligne. En effet, vous pourrez y consulter des \u0153uvres litt\u00e9raires classiques mais pas seulement, une large s\u00e9lection d&rsquo;ouvrages a \u00e9t\u00e9 op\u00e9r\u00e9e afin de vous faire d\u00e9couvrir une palette diversifi\u00e9e de la litt\u00e9rature fran\u00e7aise. De plus, vous y trouverez la presse fran\u00e7aise, de la musique, des concerts en ligne, des films, des podcasts, des conf\u00e9rences, des documentaires, des bandes dessin\u00e9es, de la litt\u00e9rature jeunesse, des m\u00e9thodes d&rsquo;apprentissage du fran\u00e7ais, des jeux s\u00e9rieux et bien d&rsquo;autres ressources encore. Nous vous laissons le soin de tout explorer par vous-m\u00eame !<\/p>\n<p><b>Comment s&rsquo;inscrire ?<\/b><\/p>\n<p>Pour vous inscrire \u00e0 Cultureth\u00e8que et acc\u00e9der \u00e0 tous les contenus en ligne, rien de plus simple !<\/p>\n<p>Pour ce faire, il est n\u00e9cessaire d&rsquo;\u00eatre membre de l\u2019Institut fran\u00e7ais de Ramallah. Il vous suffit de vous rendre dans la m\u00e9diath\u00e8que du Centre Culturel Franco-Allemand et vous y inscrire.<\/p>\n<p>Vous pourrez ensuite, gr\u00e2ce \u00e0 vos identifiants, acc\u00e9der au contenu en ligne de Cultureth\u00e8que.<\/p>\n<p>Accessible \u00e0 tous moments, il vous est possible de vous connecter \u00e0 votre compte Cultureth\u00e8que depuis votre ordinateur, tablette ou smartphone personnel ou bien de l&rsquo;utiliser directement depuis la m\u00e9diath\u00e8que.<\/p>\n<p><b>Pr\u00eat de livres num\u00e9riques et de ressources vid\u00e9o<\/b><\/p>\n<p>Vous pouvez emprunter jusqu&rsquo;\u00e0 3 livres num\u00e9riques simultan\u00e9ment, pour une dur\u00e9e maximale de 30 jours. Au terme de ces 30 jours, vos livres ne sont plus accessibles. Le pr\u00eat est limit\u00e9 \u00e0 5 livres par mois.<\/p>\n<p>3 pr\u00eats simultan\u00e9s de livres num\u00e9riques.<\/p>\n<p>5 pr\u00eats cumul\u00e9s de livres dans le mois calendaire.<\/p>\n<p>Dur\u00e9e du pr\u00eat : 30 jours<\/p>\n<p>Il vous est possible de t\u00e9l\u00e9charger chaque livre sur 5 supports de diff\u00e9rents appareils (ordinateur, tablettes, liseuses, smartphone, &#8230;).<\/p>\n<p>Les syst\u00e8mes de prolongation des pr\u00eats et de r\u00e9servation sont disponibles sur Cultureth\u00e8que, cela se trouve dans la partie \u00ab\u00a0Mon compte\u00a0\u00bb (\u00ab\u00a0Pr\u00eats num\u00e9riques en biblioth\u00e8que\u00a0\u00bb).<\/p>\n<p>Les vid\u00e9os sont disponibles en streaming ou t\u00e9l\u00e9chargement pour une dur\u00e9e de 21 jours.<\/p>\n<p><b><i>Connectez-vous sur <\/i><\/b><a href=\"http:\/\/www.culturetheque.com\">www.culturetheque.com<\/a><\/p>\n","protected":false},"excerpt":{"rendered":"<p>Qu&rsquo;est-ce que Cultureth\u00e8que ? Cultureth\u00e8que est une biblioth\u00e8que num\u00e9rique qui vous propose de nombreuses ressources t\u00e9l\u00e9chargeables ou consultables en ligne. En effet, vous pourrez y consulter des \u0153uvres litt\u00e9raires classiques mais pas seulement, une large s\u00e9lection d&rsquo;ouvrages a \u00e9t\u00e9 op\u00e9r\u00e9e afin de vous faire d\u00e9couvrir une palette diversifi\u00e9e de la litt\u00e9rature fran\u00e7aise. De plus, vous &hellip;<\/p>\n","protected":false},"author":1,"featured_media":0,"parent":1331,"menu_order":0,"comment_status":"closed","ping_status":"closed","template":"","meta":{"footnotes":""},"class_list":["post-1409","page","type-page","status-publish",""],"yoast_head":"<!-- This site is optimized with the Yoast SEO plugin v27.6 - https:\/\/yoast.com\/product\/yoast-seo-wordpress\/ -->\n<title>CULTURETHEQUE - Institut Fran\u00e7ais de J\u00e9rusalem - Ramallah<\/title>\n<meta name=\"robots\" content=\"index, follow, max-snippet:-1, max-image-preview:large, max-video-preview:-1\" \/>\n<link rel=\"canonical\" href=\"https:\/\/www.institutfrancais-jerusalem.org\/ramallah\/nos-mediatheques\/culturetheque\/\" \/>\n<meta property=\"og:locale\" content=\"fr_FR\" \/>\n<meta property=\"og:type\" content=\"article\" \/>\n<meta property=\"og:title\" content=\"CULTURETHEQUE - Institut Fran\u00e7ais de J\u00e9rusalem - Ramallah\" \/>\n<meta property=\"og:description\" content=\"Qu&rsquo;est-ce que Cultureth\u00e8que ? Cultureth\u00e8que est une biblioth\u00e8que num\u00e9rique qui vous propose de nombreuses ressources t\u00e9l\u00e9chargeables ou consultables en ligne. En effet, vous pourrez y consulter des \u0153uvres litt\u00e9raires classiques mais pas seulement, une large s\u00e9lection d&rsquo;ouvrages a \u00e9t\u00e9 op\u00e9r\u00e9e afin de vous faire d\u00e9couvrir une palette diversifi\u00e9e de la litt\u00e9rature fran\u00e7aise. De plus, vous &hellip;\" \/>\n<meta property=\"og:url\" content=\"https:\/\/www.institutfrancais-jerusalem.org\/ramallah\/nos-mediatheques\/culturetheque\/\" \/>\n<meta property=\"og:site_name\" content=\"Institut Fran\u00e7ais de J\u00e9rusalem - Ramallah\" \/>\n<meta property=\"article:modified_time\" content=\"2020-12-20T08:40:01+00:00\" \/>\n<meta name=\"twitter:card\" content=\"summary_large_image\" \/>\n<meta name=\"twitter:label1\" content=\"Dur\u00e9e de lecture estim\u00e9e\" \/>\n\t<meta name=\"twitter:data1\" content=\"2 minutes\" \/>\n<script type=\"application\/ld+json\" class=\"yoast-schema-graph\">{\"@context\":\"https:\\\/\\\/schema.org\",\"@graph\":[{\"@type\":\"WebPage\",\"@id\":\"https:\\\/\\\/www.institutfrancais-jerusalem.org\\\/ramallah\\\/nos-mediatheques\\\/culturetheque\\\/\",\"url\":\"https:\\\/\\\/www.institutfrancais-jerusalem.org\\\/ramallah\\\/nos-mediatheques\\\/culturetheque\\\/\",\"name\":\"CULTURETHEQUE - Institut Fran\u00e7ais de J\u00e9rusalem - Ramallah\",\"isPartOf\":{\"@id\":\"https:\\\/\\\/www.institutfrancais-jerusalem.org\\\/ramallah\\\/#website\"},\"datePublished\":\"2017-08-07T13:57:56+00:00\",\"dateModified\":\"2020-12-20T08:40:01+00:00\",\"breadcrumb\":{\"@id\":\"https:\\\/\\\/www.institutfrancais-jerusalem.org\\\/ramallah\\\/nos-mediatheques\\\/culturetheque\\\/#breadcrumb\"},\"inLanguage\":\"fr-FR\",\"potentialAction\":[{\"@type\":\"ReadAction\",\"target\":[\"https:\\\/\\\/www.institutfrancais-jerusalem.org\\\/ramallah\\\/nos-mediatheques\\\/culturetheque\\\/\"]}]},{\"@type\":\"BreadcrumbList\",\"@id\":\"https:\\\/\\\/www.institutfrancais-jerusalem.org\\\/ramallah\\\/nos-mediatheques\\\/culturetheque\\\/#breadcrumb\",\"itemListElement\":[{\"@type\":\"ListItem\",\"position\":1,\"name\":\"Accueil\",\"item\":\"https:\\\/\\\/www.institutfrancais-jerusalem.org\\\/ramallah\\\/\"},{\"@type\":\"ListItem\",\"position\":2,\"name\":\"NOTRE M\u00c9DIATH\u00c8QUE\",\"item\":\"https:\\\/\\\/www.institutfrancais-jerusalem.org\\\/ramallah\\\/nos-mediatheques\\\/\"},{\"@type\":\"ListItem\",\"position\":3,\"name\":\"CULTURETHEQUE\"}]},{\"@type\":\"WebSite\",\"@id\":\"https:\\\/\\\/www.institutfrancais-jerusalem.org\\\/ramallah\\\/#website\",\"url\":\"https:\\\/\\\/www.institutfrancais-jerusalem.org\\\/ramallah\\\/\",\"name\":\"Institut Fran\u00e7ais de J\u00e9rusalem - Ramallah\",\"description\":\"Ramallah\",\"potentialAction\":[{\"@type\":\"SearchAction\",\"target\":{\"@type\":\"EntryPoint\",\"urlTemplate\":\"https:\\\/\\\/www.institutfrancais-jerusalem.org\\\/ramallah\\\/?s={search_term_string}\"},\"query-input\":{\"@type\":\"PropertyValueSpecification\",\"valueRequired\":true,\"valueName\":\"search_term_string\"}}],\"inLanguage\":\"fr-FR\"}]}<\/script>\n<!-- \/ Yoast SEO plugin. -->","yoast_head_json":{"title":"CULTURETHEQUE - Institut Fran\u00e7ais de J\u00e9rusalem - Ramallah","robots":{"index":"index","follow":"follow","max-snippet":"max-snippet:-1","max-image-preview":"max-image-preview:large","max-video-preview":"max-video-preview:-1"},"canonical":"https:\/\/www.institutfrancais-jerusalem.org\/ramallah\/nos-mediatheques\/culturetheque\/","og_locale":"fr_FR","og_type":"article","og_title":"CULTURETHEQUE - Institut Fran\u00e7ais de J\u00e9rusalem - Ramallah","og_description":"Qu&rsquo;est-ce que Cultureth\u00e8que ? Cultureth\u00e8que est une biblioth\u00e8que num\u00e9rique qui vous propose de nombreuses ressources t\u00e9l\u00e9chargeables ou consultables en ligne. En effet, vous pourrez y consulter des \u0153uvres litt\u00e9raires classiques mais pas seulement, une large s\u00e9lection d&rsquo;ouvrages a \u00e9t\u00e9 op\u00e9r\u00e9e afin de vous faire d\u00e9couvrir une palette diversifi\u00e9e de la litt\u00e9rature fran\u00e7aise. De plus, vous &hellip;","og_url":"https:\/\/www.institutfrancais-jerusalem.org\/ramallah\/nos-mediatheques\/culturetheque\/","og_site_name":"Institut Fran\u00e7ais de J\u00e9rusalem - Ramallah","article_modified_time":"2020-12-20T08:40:01+00:00","twitter_card":"summary_large_image","twitter_misc":{"Dur\u00e9e de lecture estim\u00e9e":"2 minutes"},"schema":{"@context":"https:\/\/schema.org","@graph":[{"@type":"WebPage","@id":"https:\/\/www.institutfrancais-jerusalem.org\/ramallah\/nos-mediatheques\/culturetheque\/","url":"https:\/\/www.institutfrancais-jerusalem.org\/ramallah\/nos-mediatheques\/culturetheque\/","name":"CULTURETHEQUE - Institut Fran\u00e7ais de J\u00e9rusalem - Ramallah","isPartOf":{"@id":"https:\/\/www.institutfrancais-jerusalem.org\/ramallah\/#website"},"datePublished":"2017-08-07T13:57:56+00:00","dateModified":"2020-12-20T08:40:01+00:00","breadcrumb":{"@id":"https:\/\/www.institutfrancais-jerusalem.org\/ramallah\/nos-mediatheques\/culturetheque\/#breadcrumb"},"inLanguage":"fr-FR","potentialAction":[{"@type":"ReadAction","target":["https:\/\/www.institutfrancais-jerusalem.org\/ramallah\/nos-mediatheques\/culturetheque\/"]}]},{"@type":"BreadcrumbList","@id":"https:\/\/www.institutfrancais-jerusalem.org\/ramallah\/nos-mediatheques\/culturetheque\/#breadcrumb","itemListElement":[{"@type":"ListItem","position":1,"name":"Accueil","item":"https:\/\/www.institutfrancais-jerusalem.org\/ramallah\/"},{"@type":"ListItem","position":2,"name":"NOTRE M\u00c9DIATH\u00c8QUE","item":"https:\/\/www.institutfrancais-jerusalem.org\/ramallah\/nos-mediatheques\/"},{"@type":"ListItem","position":3,"name":"CULTURETHEQUE"}]},{"@type":"WebSite","@id":"https:\/\/www.institutfrancais-jerusalem.org\/ramallah\/#website","url":"https:\/\/www.institutfrancais-jerusalem.org\/ramallah\/","name":"Institut Fran\u00e7ais de J\u00e9rusalem - Ramallah","description":"Ramallah","potentialAction":[{"@type":"SearchAction","target":{"@type":"EntryPoint","urlTemplate":"https:\/\/www.institutfrancais-jerusalem.org\/ramallah\/?s={search_term_string}"},"query-input":{"@type":"PropertyValueSpecification","valueRequired":true,"valueName":"search_term_string"}}],"inLanguage":"fr-FR"}]}},"_links":{"self":[{"href":"https:\/\/www.institutfrancais-jerusalem.org\/ramallah\/wp-json\/wp\/v2\/pages\/1409","targetHints":{"allow":["GET"]}}],"collection":[{"href":"https:\/\/www.institutfrancais-jerusalem.org\/ramallah\/wp-json\/wp\/v2\/pages"}],"about":[{"href":"https:\/\/www.institutfrancais-jerusalem.org\/ramallah\/wp-json\/wp\/v2\/types\/page"}],"author":[{"embeddable":true,"href":"https:\/\/www.institutfrancais-jerusalem.org\/ramallah\/wp-json\/wp\/v2\/users\/1"}],"replies":[{"embeddable":true,"href":"https:\/\/www.institutfrancais-jerusalem.org\/ramallah\/wp-json\/wp\/v2\/comments?post=1409"}],"version-history":[{"count":7,"href":"https:\/\/www.institutfrancais-jerusalem.org\/ramallah\/wp-json\/wp\/v2\/pages\/1409\/revisions"}],"predecessor-version":[{"id":5334,"href":"https:\/\/www.institutfrancais-jerusalem.org\/ramallah\/wp-json\/wp\/v2\/pages\/1409\/revisions\/5334"}],"up":[{"embeddable":true,"href":"https:\/\/www.institutfrancais-jerusalem.org\/ramallah\/wp-json\/wp\/v2\/pages\/1331"}],"wp:attachment":[{"href":"https:\/\/www.institutfrancais-jerusalem.org\/ramallah\/wp-json\/wp\/v2\/media?parent=1409"}],"curies":[{"name":"wp","href":"https:\/\/api.w.org\/{rel}","templated":true}]}}