{"id":1377,"date":"2017-08-07T17:54:48","date_gmt":"2017-08-07T15:54:48","guid":{"rendered":"http:\/\/ifjerusalem-romaingary.org\/?page_id=1377"},"modified":"2026-02-11T11:46:33","modified_gmt":"2026-02-11T10:46:33","slug":"infos-pratiques","status":"publish","type":"page","link":"https:\/\/www.institutfrancais-jerusalem.org\/ramallah\/qui-sommes-nous\/infos-pratiques\/","title":{"rendered":"INFOS PRATIQUES"},"content":{"rendered":"<p><img loading=\"lazy\" decoding=\"async\" class=\"alignnone wp-image-2477 size-full\" src=\"https:\/\/www.institutfrancais-jerusalem.org\/ramallah\/wp-content\/uploads\/sites\/11\/2017\/08\/Infos-pratiques.jpg\" alt=\"\" width=\"416\" height=\"300\" srcset=\"https:\/\/www.institutfrancais-jerusalem.org\/ramallah\/wp-content\/uploads\/sites\/11\/2017\/08\/Infos-pratiques.jpg 416w, https:\/\/www.institutfrancais-jerusalem.org\/ramallah\/wp-content\/uploads\/sites\/11\/2017\/08\/Infos-pratiques-300x216.jpg 300w\" sizes=\"auto, (max-width: 416px) 100vw, 416px\" \/><\/p>\n<h6 class=\"p1\"><span class=\"s1\"><b>ADRESSE<\/b><\/span><\/h6>\n<p>Institut fran\u00e7ais de J\u00e9rusalem &#8211; antenne de Ramallah<br \/>\n<span class=\"s1\">Institut Culturel franco-allemand<br \/>\n<\/span><span class=\"s1\">BP 2113<br \/>\n<\/span><span class=\"s1\">12 Al-Salam Street<br \/>\n<\/span><span class=\"s1\">Ramallah &#8211; Territoires palestiniens<\/span><\/p>\n<h6 class=\"p1\"><span class=\"s1\"><b>CONTACTS<\/b><\/span><\/h6>\n<p class=\"p1\"><span class=\"s1\">T\u00e9l\u00e9phone :<\/span>(WA) 059 590 0890<br \/>\n<span class=\"s1\">E-Mail : <a href=\"mailto:info@iframallah.org\">info@iframallah.org<\/a>\u00a0<\/span><\/p>\n<h6 class=\"p1\"><span class=\"s1\"><b>HORAIRES D\u2019OUVERTURE<\/b><\/span><\/h6>\n<p class=\"p4\"><strong><span class=\"s2\">R\u00e9ception<\/span><\/strong><\/p>\n<p class=\"p4\"><span class=\"s1\">Du dimanche au jeudi : 9h-19h30<br \/>\n<\/span><span class=\"s1\">Vendredi et samedi\u00a0: Ferm\u00e9<\/span><\/p>\n<p class=\"p4\"><strong><span class=\"s2\">Bureau des langues<\/span><\/strong><\/p>\n<p class=\"p4\"><span class=\"s1\">Du dimanche au jeudi : 9h-17h<br \/>\n<\/span><span class=\"s1\">Vendredi et samedi\u00a0: Ferm\u00e9<\/span><\/p>\n<h6 class=\"p1\"><span class=\"s1\"><b>JOURS DE FERMETURE 2025<\/b><\/span><\/h6>\n<ul>\n<li class=\"p1\"><span class=\"s1\">01\/01 Nouvel an<\/span><\/li>\n<li>27\/01 Isra&rsquo;a et Miraj<\/li>\n<li>30-31\/03 Eid El-Fitr<\/li>\n<li class=\"p1\"><span class=\"s1\">20-21\/04 P\u00e2ques<\/span><\/li>\n<li>01\/05 F\u00eate du travail<\/li>\n<li class=\"p1\"><span class=\"s1\">08-10\/06 Eid El-Kebir<\/span><\/li>\n<li class=\"p1\">14\/07 F\u00eate nationale fran\u00e7aise<\/li>\n<li><span class=\"s1\">04\/09 Mawlid<\/span><\/li>\n<li class=\"p1\"><span class=\"s1\">25\/12 No\u00ebl<\/span><\/li>\n<\/ul>\n","protected":false},"excerpt":{"rendered":"<p>ADRESSE Institut fran\u00e7ais de J\u00e9rusalem &#8211; antenne de Ramallah Institut Culturel franco-allemand BP 2113 12 Al-Salam Street Ramallah &#8211; Territoires palestiniens CONTACTS T\u00e9l\u00e9phone :(WA) 059 590 0890 E-Mail : info@iframallah.org\u00a0 HORAIRES D\u2019OUVERTURE R\u00e9ception Du dimanche au jeudi : 9h-19h30 Vendredi et samedi\u00a0: Ferm\u00e9 Bureau des langues Du dimanche au jeudi : 9h-17h Vendredi et samedi\u00a0: &hellip;<\/p>\n","protected":false},"author":1,"featured_media":0,"parent":377,"menu_order":0,"comment_status":"closed","ping_status":"closed","template":"","meta":{"footnotes":""},"class_list":["post-1377","page","type-page","status-publish",""],"yoast_head":"<!-- This site is optimized with the Yoast SEO plugin v27.6 - https:\/\/yoast.com\/product\/yoast-seo-wordpress\/ -->\n<title>INFOS PRATIQUES - Institut Fran\u00e7ais de J\u00e9rusalem - Ramallah<\/title>\n<meta name=\"robots\" content=\"index, follow, max-snippet:-1, max-image-preview:large, max-video-preview:-1\" \/>\n<link rel=\"canonical\" href=\"https:\/\/www.institutfrancais-jerusalem.org\/ramallah\/qui-sommes-nous\/infos-pratiques\/\" \/>\n<meta property=\"og:locale\" content=\"fr_FR\" \/>\n<meta property=\"og:type\" content=\"article\" \/>\n<meta property=\"og:title\" content=\"INFOS PRATIQUES - Institut Fran\u00e7ais de J\u00e9rusalem - Ramallah\" \/>\n<meta property=\"og:description\" content=\"ADRESSE Institut fran\u00e7ais de J\u00e9rusalem &#8211; antenne de Ramallah Institut Culturel franco-allemand BP 2113 12 Al-Salam Street Ramallah &#8211; Territoires palestiniens CONTACTS T\u00e9l\u00e9phone :(WA) 059 590 0890 E-Mail : info@iframallah.org\u00a0 HORAIRES D\u2019OUVERTURE R\u00e9ception Du dimanche au jeudi : 9h-19h30 Vendredi et samedi\u00a0: Ferm\u00e9 Bureau des langues Du dimanche au jeudi : 9h-17h Vendredi et samedi\u00a0: &hellip;\" \/>\n<meta property=\"og:url\" content=\"https:\/\/www.institutfrancais-jerusalem.org\/ramallah\/qui-sommes-nous\/infos-pratiques\/\" \/>\n<meta property=\"og:site_name\" content=\"Institut Fran\u00e7ais de J\u00e9rusalem - Ramallah\" \/>\n<meta property=\"article:modified_time\" content=\"2026-02-11T10:46:33+00:00\" \/>\n<meta property=\"og:image\" content=\"https:\/\/www.institutfrancais-jerusalem.org\/ramallah\/wp-content\/uploads\/sites\/11\/2017\/08\/Infos-pratiques.jpg\" \/>\n\t<meta property=\"og:image:width\" content=\"416\" \/>\n\t<meta property=\"og:image:height\" content=\"300\" \/>\n\t<meta property=\"og:image:type\" content=\"image\/jpeg\" \/>\n<meta name=\"twitter:card\" content=\"summary_large_image\" \/>\n<meta name=\"twitter:label1\" content=\"Dur\u00e9e de lecture estim\u00e9e\" \/>\n\t<meta name=\"twitter:data1\" content=\"1 minute\" \/>\n<script type=\"application\/ld+json\" class=\"yoast-schema-graph\">{\"@context\":\"https:\\\/\\\/schema.org\",\"@graph\":[{\"@type\":\"WebPage\",\"@id\":\"https:\\\/\\\/www.institutfrancais-jerusalem.org\\\/ramallah\\\/qui-sommes-nous\\\/infos-pratiques\\\/\",\"url\":\"https:\\\/\\\/www.institutfrancais-jerusalem.org\\\/ramallah\\\/qui-sommes-nous\\\/infos-pratiques\\\/\",\"name\":\"INFOS PRATIQUES - Institut Fran\u00e7ais de J\u00e9rusalem - Ramallah\",\"isPartOf\":{\"@id\":\"https:\\\/\\\/www.institutfrancais-jerusalem.org\\\/ramallah\\\/#website\"},\"primaryImageOfPage\":{\"@id\":\"https:\\\/\\\/www.institutfrancais-jerusalem.org\\\/ramallah\\\/qui-sommes-nous\\\/infos-pratiques\\\/#primaryimage\"},\"image\":{\"@id\":\"https:\\\/\\\/www.institutfrancais-jerusalem.org\\\/ramallah\\\/qui-sommes-nous\\\/infos-pratiques\\\/#primaryimage\"},\"thumbnailUrl\":\"https:\\\/\\\/www.institutfrancais-jerusalem.org\\\/ramallah\\\/wp-content\\\/uploads\\\/sites\\\/11\\\/2017\\\/08\\\/Infos-pratiques.jpg\",\"datePublished\":\"2017-08-07T15:54:48+00:00\",\"dateModified\":\"2026-02-11T10:46:33+00:00\",\"breadcrumb\":{\"@id\":\"https:\\\/\\\/www.institutfrancais-jerusalem.org\\\/ramallah\\\/qui-sommes-nous\\\/infos-pratiques\\\/#breadcrumb\"},\"inLanguage\":\"fr-FR\",\"potentialAction\":[{\"@type\":\"ReadAction\",\"target\":[\"https:\\\/\\\/www.institutfrancais-jerusalem.org\\\/ramallah\\\/qui-sommes-nous\\\/infos-pratiques\\\/\"]}]},{\"@type\":\"ImageObject\",\"inLanguage\":\"fr-FR\",\"@id\":\"https:\\\/\\\/www.institutfrancais-jerusalem.org\\\/ramallah\\\/qui-sommes-nous\\\/infos-pratiques\\\/#primaryimage\",\"url\":\"https:\\\/\\\/www.institutfrancais-jerusalem.org\\\/ramallah\\\/wp-content\\\/uploads\\\/sites\\\/11\\\/2017\\\/08\\\/Infos-pratiques.jpg\",\"contentUrl\":\"https:\\\/\\\/www.institutfrancais-jerusalem.org\\\/ramallah\\\/wp-content\\\/uploads\\\/sites\\\/11\\\/2017\\\/08\\\/Infos-pratiques.jpg\",\"width\":416,\"height\":300},{\"@type\":\"BreadcrumbList\",\"@id\":\"https:\\\/\\\/www.institutfrancais-jerusalem.org\\\/ramallah\\\/qui-sommes-nous\\\/infos-pratiques\\\/#breadcrumb\",\"itemListElement\":[{\"@type\":\"ListItem\",\"position\":1,\"name\":\"Accueil\",\"item\":\"https:\\\/\\\/www.institutfrancais-jerusalem.org\\\/ramallah\\\/\"},{\"@type\":\"ListItem\",\"position\":2,\"name\":\"QUI SOMMES-NOUS ?\",\"item\":\"https:\\\/\\\/www.institutfrancais-jerusalem.org\\\/ramallah\\\/qui-sommes-nous\\\/\"},{\"@type\":\"ListItem\",\"position\":3,\"name\":\"INFOS PRATIQUES\"}]},{\"@type\":\"WebSite\",\"@id\":\"https:\\\/\\\/www.institutfrancais-jerusalem.org\\\/ramallah\\\/#website\",\"url\":\"https:\\\/\\\/www.institutfrancais-jerusalem.org\\\/ramallah\\\/\",\"name\":\"Institut Fran\u00e7ais de J\u00e9rusalem - Ramallah\",\"description\":\"Ramallah\",\"potentialAction\":[{\"@type\":\"SearchAction\",\"target\":{\"@type\":\"EntryPoint\",\"urlTemplate\":\"https:\\\/\\\/www.institutfrancais-jerusalem.org\\\/ramallah\\\/?s={search_term_string}\"},\"query-input\":{\"@type\":\"PropertyValueSpecification\",\"valueRequired\":true,\"valueName\":\"search_term_string\"}}],\"inLanguage\":\"fr-FR\"}]}<\/script>\n<!-- \/ Yoast SEO plugin. -->","yoast_head_json":{"title":"INFOS PRATIQUES - Institut Fran\u00e7ais de J\u00e9rusalem - Ramallah","robots":{"index":"index","follow":"follow","max-snippet":"max-snippet:-1","max-image-preview":"max-image-preview:large","max-video-preview":"max-video-preview:-1"},"canonical":"https:\/\/www.institutfrancais-jerusalem.org\/ramallah\/qui-sommes-nous\/infos-pratiques\/","og_locale":"fr_FR","og_type":"article","og_title":"INFOS PRATIQUES - Institut Fran\u00e7ais de J\u00e9rusalem - Ramallah","og_description":"ADRESSE Institut fran\u00e7ais de J\u00e9rusalem &#8211; antenne de Ramallah Institut Culturel franco-allemand BP 2113 12 Al-Salam Street Ramallah &#8211; Territoires palestiniens CONTACTS T\u00e9l\u00e9phone :(WA) 059 590 0890 E-Mail : info@iframallah.org\u00a0 HORAIRES D\u2019OUVERTURE R\u00e9ception Du dimanche au jeudi : 9h-19h30 Vendredi et samedi\u00a0: Ferm\u00e9 Bureau des langues Du dimanche au jeudi : 9h-17h Vendredi et samedi\u00a0: &hellip;","og_url":"https:\/\/www.institutfrancais-jerusalem.org\/ramallah\/qui-sommes-nous\/infos-pratiques\/","og_site_name":"Institut Fran\u00e7ais de J\u00e9rusalem - Ramallah","article_modified_time":"2026-02-11T10:46:33+00:00","og_image":[{"width":416,"height":300,"url":"https:\/\/www.institutfrancais-jerusalem.org\/ramallah\/wp-content\/uploads\/sites\/11\/2017\/08\/Infos-pratiques.jpg","type":"image\/jpeg"}],"twitter_card":"summary_large_image","twitter_misc":{"Dur\u00e9e de lecture estim\u00e9e":"1 minute"},"schema":{"@context":"https:\/\/schema.org","@graph":[{"@type":"WebPage","@id":"https:\/\/www.institutfrancais-jerusalem.org\/ramallah\/qui-sommes-nous\/infos-pratiques\/","url":"https:\/\/www.institutfrancais-jerusalem.org\/ramallah\/qui-sommes-nous\/infos-pratiques\/","name":"INFOS PRATIQUES - Institut Fran\u00e7ais de J\u00e9rusalem - Ramallah","isPartOf":{"@id":"https:\/\/www.institutfrancais-jerusalem.org\/ramallah\/#website"},"primaryImageOfPage":{"@id":"https:\/\/www.institutfrancais-jerusalem.org\/ramallah\/qui-sommes-nous\/infos-pratiques\/#primaryimage"},"image":{"@id":"https:\/\/www.institutfrancais-jerusalem.org\/ramallah\/qui-sommes-nous\/infos-pratiques\/#primaryimage"},"thumbnailUrl":"https:\/\/www.institutfrancais-jerusalem.org\/ramallah\/wp-content\/uploads\/sites\/11\/2017\/08\/Infos-pratiques.jpg","datePublished":"2017-08-07T15:54:48+00:00","dateModified":"2026-02-11T10:46:33+00:00","breadcrumb":{"@id":"https:\/\/www.institutfrancais-jerusalem.org\/ramallah\/qui-sommes-nous\/infos-pratiques\/#breadcrumb"},"inLanguage":"fr-FR","potentialAction":[{"@type":"ReadAction","target":["https:\/\/www.institutfrancais-jerusalem.org\/ramallah\/qui-sommes-nous\/infos-pratiques\/"]}]},{"@type":"ImageObject","inLanguage":"fr-FR","@id":"https:\/\/www.institutfrancais-jerusalem.org\/ramallah\/qui-sommes-nous\/infos-pratiques\/#primaryimage","url":"https:\/\/www.institutfrancais-jerusalem.org\/ramallah\/wp-content\/uploads\/sites\/11\/2017\/08\/Infos-pratiques.jpg","contentUrl":"https:\/\/www.institutfrancais-jerusalem.org\/ramallah\/wp-content\/uploads\/sites\/11\/2017\/08\/Infos-pratiques.jpg","width":416,"height":300},{"@type":"BreadcrumbList","@id":"https:\/\/www.institutfrancais-jerusalem.org\/ramallah\/qui-sommes-nous\/infos-pratiques\/#breadcrumb","itemListElement":[{"@type":"ListItem","position":1,"name":"Accueil","item":"https:\/\/www.institutfrancais-jerusalem.org\/ramallah\/"},{"@type":"ListItem","position":2,"name":"QUI SOMMES-NOUS ?","item":"https:\/\/www.institutfrancais-jerusalem.org\/ramallah\/qui-sommes-nous\/"},{"@type":"ListItem","position":3,"name":"INFOS PRATIQUES"}]},{"@type":"WebSite","@id":"https:\/\/www.institutfrancais-jerusalem.org\/ramallah\/#website","url":"https:\/\/www.institutfrancais-jerusalem.org\/ramallah\/","name":"Institut Fran\u00e7ais de J\u00e9rusalem - Ramallah","description":"Ramallah","potentialAction":[{"@type":"SearchAction","target":{"@type":"EntryPoint","urlTemplate":"https:\/\/www.institutfrancais-jerusalem.org\/ramallah\/?s={search_term_string}"},"query-input":{"@type":"PropertyValueSpecification","valueRequired":true,"valueName":"search_term_string"}}],"inLanguage":"fr-FR"}]}},"_links":{"self":[{"href":"https:\/\/www.institutfrancais-jerusalem.org\/ramallah\/wp-json\/wp\/v2\/pages\/1377","targetHints":{"allow":["GET"]}}],"collection":[{"href":"https:\/\/www.institutfrancais-jerusalem.org\/ramallah\/wp-json\/wp\/v2\/pages"}],"about":[{"href":"https:\/\/www.institutfrancais-jerusalem.org\/ramallah\/wp-json\/wp\/v2\/types\/page"}],"author":[{"embeddable":true,"href":"https:\/\/www.institutfrancais-jerusalem.org\/ramallah\/wp-json\/wp\/v2\/users\/1"}],"replies":[{"embeddable":true,"href":"https:\/\/www.institutfrancais-jerusalem.org\/ramallah\/wp-json\/wp\/v2\/comments?post=1377"}],"version-history":[{"count":25,"href":"https:\/\/www.institutfrancais-jerusalem.org\/ramallah\/wp-json\/wp\/v2\/pages\/1377\/revisions"}],"predecessor-version":[{"id":6240,"href":"https:\/\/www.institutfrancais-jerusalem.org\/ramallah\/wp-json\/wp\/v2\/pages\/1377\/revisions\/6240"}],"up":[{"embeddable":true,"href":"https:\/\/www.institutfrancais-jerusalem.org\/ramallah\/wp-json\/wp\/v2\/pages\/377"}],"wp:attachment":[{"href":"https:\/\/www.institutfrancais-jerusalem.org\/ramallah\/wp-json\/wp\/v2\/media?parent=1377"}],"curies":[{"name":"wp","href":"https:\/\/api.w.org\/{rel}","templated":true}]}}