{"id":1326,"date":"2017-08-07T21:24:22","date_gmt":"2017-08-07T19:24:22","guid":{"rendered":"http:\/\/ifjerusalem-romaingary.org\/?page_id=1326"},"modified":"2026-02-11T11:49:10","modified_gmt":"2026-02-11T10:49:10","slug":"cours-de-francais","status":"publish","type":"page","link":"https:\/\/www.institutfrancais-jerusalem.org\/ramallah\/cours-de-francais\/","title":{"rendered":"COURS DE FRANCAIS"},"content":{"rendered":"<p class=\"p1\"><span class=\"s1\">L\u2019Institut Fran\u00e7ais de Ramallah (IFR) offre tout au long de l\u2019ann\u00e9e des cours de fran\u00e7ais adapt\u00e9s \u00e0 vos besoins. Nous vous proposons des cours de fran\u00e7ais g\u00e9n\u00e9ral, de fran\u00e7ais professionnel, de conversation et de pr\u00e9paration aux examens. Des cours en ligne d\u00e9sormais \u00e9galement disponibles. Tous nos cours s\u2019adressent aussi bien \u00e0 des publics enfants qu\u2019adultes. Vous avez la possibilit\u00e9 de prendre des cours de fran\u00e7ais extensifs ou intensifs selon les sessions propos\u00e9es. Parmi notre offre de cours, vous trouverez des cours pour tous les niveaux du Cadre Europ\u00e9en Commun de R\u00e9f\u00e9rence pour les Langues (CECRL) : A1, A2, B1, B2, C1 et C2 en collectifs ou individuels, en pr\u00e9sentiel ou en ligne. Des activit\u00e9s sont propos\u00e9es tout au long de l\u2019ann\u00e9e, comme des camps d\u2019\u00e9t\u00e9s pour enfants et adolescents. Pour plus d\u2019informations, n\u2019h\u00e9sitez pas \u00e0 vous renseigner au bureau des langues.<\/span><\/p>\n<p class=\"p1\"><span class=\"s1\">L\u2019IFR est aussi un centre de passation des examens du DELF et du DALF, pour lesquels des cours de pr\u00e9paration sont propos\u00e9s avant chaque session. Vous pouvez vous y inscrire directement au sein de notre institut.<\/span><\/p>\n<p class=\"p1\"><span class=\"s1\">Nos enseignants sont tous des professionnels form\u00e9s \u00e0 l\u2019enseignement du fran\u00e7ais langue \u00e9trang\u00e8re et ont une exp\u00e9rience qui garantit des cours agr\u00e9ables et de qualit\u00e9. <\/span><\/p>\n<p>Pourquoi apprendre le fran\u00e7ais ?<\/p>\n<p>J\u2019apprends le fran\u00e7ais, car c\u2019est :<\/p>\n<ul>\n<li>Une langue parl\u00e9e dans le monde entier ! Plus de 300 millions de personnes parlent fran\u00e7ais et ce, sur 5 continents. Le fran\u00e7ais est la 5\u00e8me langue mondiale et la 4\u00e8me langue la plus parl\u00e9e sur internet<\/li>\n<li>Une langue pour vous aider \u00e0 trouver un emploi : la France est une puissance commerciale mondiale et une terre d\u2019accueil pour les investissements \u00e9trangers. En parlant fran\u00e7ais, vous multipliez vos chances sur le march\u00e9 du travail dans tous les pays francophones (France, Suisse, Belgique, Canada, continent africain)<\/li>\n<li>Une langue pour \u00e9tudier dans les universit\u00e9s fran\u00e7aises : le fran\u00e7ais vous permettra d\u2019\u00e9tudier dans des universit\u00e9s r\u00e9put\u00e9es ou dans des grandes \u00e9coles de commerce, les \u00e9tablissements de l\u2019enseignement sup\u00e9rieurs font partie des meilleurs au monde<\/li>\n<li>Une langue qui vous fera voyager : la France est l\u2019un des pays les plus visit\u00e9s au monde. Vous pourrez aller \u00e0 Paris, dans toutes les r\u00e9gions de France, en Afrique, en Suisse, \u00e0 Monaco, aux Seychelles&#8230;<\/li>\n<li>Une langue qui vous donnera d\u2019autres perspectives culturelles : langue internationale pour la mode, la cuisine, le cin\u00e9ma, le th\u00e9\u00e2tre et autres. Vous pourrez, grace \u00e0 vos connaissances linguistiques acc\u00e9der \u00e0 de nombreuses oeuvres litt\u00e9raires et cin\u00e9matographiques francophones.<\/li>\n<\/ul>\n<h6 class=\"p1\"><span class=\"s1\"><i>Comment s\u2019inscrire ? <\/i><\/span><\/h6>\n<p class=\"p1\"><span class=\"s1\">Les inscriptions s\u2019effectuent aupr\u00e8s du secr\u00e9tariat des cours de l\u2019Institut Fran\u00e7ais de Ramallah. Vous pouvez nous contacter par t\u00e9l\u00e9phone, par mail ou nous rendre visite. Le bureau des langues est \u00e0 votre enti\u00e8re disposition pour tout renseignement concernant nos cours.<\/span><\/p>\n<p class=\"p3\"><span class=\"s1\"><b>Vous n\u2019avez pas de connaissance de la langue fran\u00e7aise?<\/b><br \/>\nVous pouvez vous inscrire dans un cours de niveau d\u00e9butant \u00e0 la session de votre choix.<\/span><\/p>\n<p class=\"p3\"><span class=\"s1\"><b>Vous avez d\u00e9j\u00e0 \u00e9tudi\u00e9\u00a0le fran\u00e7ais \u00e0\u00a0l\u2019Institut fran\u00e7ais?<\/b><br \/>\nVous pouvez vous inscrire au niveau sup\u00e9rieur \u00e0 la session de votre choix.<br \/>\nSi vous avez \u00e9tudi\u00e9 le fran\u00e7ais il y a plus de six mois, passez notre test de positionnement en ligne pour \u00e9valuer votre niveau de fran\u00e7ais.<\/span><\/p>\n<p class=\"p3\"><span class=\"s1\"><b>Vous avez d\u00e9j\u00e0\u00a0\u00e9tudi\u00e9 le fran\u00e7ais mais pas \u00e0\u00a0l\u2019Institut fran\u00e7ais?<\/b><br \/>\nVeuillez passer notre test de positionnement en ligne qui nous permettra de vous proposer un cours qui r\u00e9pond \u00e0 votre niveau et \u00e0 vos besoins dans l\u2019apprentissage de la langue fran\u00e7aise.<\/span><\/p>\n<p class=\"p1\"><span class=\"s1\">L\u2019inscription \u00e0 un cours offre l\u2019acc\u00e8s gratuit \u00e0 la m\u00e9diath\u00e8que et \u00e0 un large \u00e9ventail de manifestations culturelles de l\u2019Institut fran\u00e7ais de Ramallah.<\/span><span class=\"s2\">u secr\u00e9tariat des cours de l\u2019Institut fran\u00e7ais par courriel, par t\u00e9l\u00e9phone ou en <\/span><\/p>\n<p class=\"p1\"><span class=\"s1\">Le bureau des langues vous accueille du dimanche au\u00a0jeudi, de 10h \u00e0 17h.<\/span><\/p>\n<p class=\"p1\"><span class=\"s1\">Contacts\u00a0:<\/span><\/p>\n<p>Pour plus d\u2019information vous pouvez contacter notre responsable des cours\u00a0(fran\u00e7ais\/anglais): <a href=\"mailto:cours@iframallah.org\">cours@iframallah.org<\/a> \/ (WA) 059 999 7476 ou \u00e0 la r\u00e9ception (fran\u00e7ais\/anglais\/arabe) <a href=\"mailto:info@iframallah.org\">info@iframallah.org<\/a> \/ (WA) 059\u00a0590 0890.<\/p>\n<p class=\"p8\">\n","protected":false},"excerpt":{"rendered":"<p>L\u2019Institut Fran\u00e7ais de Ramallah (IFR) offre tout au long de l\u2019ann\u00e9e des cours de fran\u00e7ais adapt\u00e9s \u00e0 vos besoins. Nous vous proposons des cours de fran\u00e7ais g\u00e9n\u00e9ral, de fran\u00e7ais professionnel, de conversation et de pr\u00e9paration aux examens. Des cours en ligne d\u00e9sormais \u00e9galement disponibles. Tous nos cours s\u2019adressent aussi bien \u00e0 des publics enfants qu\u2019adultes. &hellip;<\/p>\n","protected":false},"author":1,"featured_media":2533,"parent":0,"menu_order":0,"comment_status":"closed","ping_status":"closed","template":"","meta":{"footnotes":""},"class_list":["post-1326","page","type-page","status-publish","has-post-thumbnail",""],"yoast_head":"<!-- This site is optimized with the Yoast SEO plugin v27.5 - https:\/\/yoast.com\/product\/yoast-seo-wordpress\/ -->\n<title>COURS DE FRANCAIS - Institut Fran\u00e7ais de J\u00e9rusalem - Ramallah<\/title>\n<meta name=\"robots\" content=\"index, follow, max-snippet:-1, max-image-preview:large, max-video-preview:-1\" \/>\n<link rel=\"canonical\" href=\"https:\/\/www.institutfrancais-jerusalem.org\/ramallah\/cours-de-francais\/\" \/>\n<meta property=\"og:locale\" content=\"fr_FR\" \/>\n<meta property=\"og:type\" content=\"article\" \/>\n<meta property=\"og:title\" content=\"COURS DE FRANCAIS - Institut Fran\u00e7ais de J\u00e9rusalem - Ramallah\" \/>\n<meta property=\"og:description\" content=\"L\u2019Institut Fran\u00e7ais de Ramallah (IFR) offre tout au long de l\u2019ann\u00e9e des cours de fran\u00e7ais adapt\u00e9s \u00e0 vos besoins. Nous vous proposons des cours de fran\u00e7ais g\u00e9n\u00e9ral, de fran\u00e7ais professionnel, de conversation et de pr\u00e9paration aux examens. Des cours en ligne d\u00e9sormais \u00e9galement disponibles. Tous nos cours s\u2019adressent aussi bien \u00e0 des publics enfants qu\u2019adultes. &hellip;\" \/>\n<meta property=\"og:url\" content=\"https:\/\/www.institutfrancais-jerusalem.org\/ramallah\/cours-de-francais\/\" \/>\n<meta property=\"og:site_name\" content=\"Institut Fran\u00e7ais de J\u00e9rusalem - Ramallah\" \/>\n<meta property=\"article:modified_time\" content=\"2026-02-11T10:49:10+00:00\" \/>\n<meta property=\"og:image\" content=\"https:\/\/www.institutfrancais-jerusalem.org\/ramallah\/wp-content\/uploads\/sites\/11\/2017\/08\/bureaudeslangues.jpg\" \/>\n\t<meta property=\"og:image:width\" content=\"630\" \/>\n\t<meta property=\"og:image:height\" content=\"420\" \/>\n\t<meta property=\"og:image:type\" content=\"image\/jpeg\" \/>\n<meta name=\"twitter:card\" content=\"summary_large_image\" \/>\n<meta name=\"twitter:label1\" content=\"Dur\u00e9e de lecture estim\u00e9e\" \/>\n\t<meta name=\"twitter:data1\" content=\"4 minutes\" \/>\n<script type=\"application\/ld+json\" class=\"yoast-schema-graph\">{\"@context\":\"https:\\\/\\\/schema.org\",\"@graph\":[{\"@type\":\"WebPage\",\"@id\":\"https:\\\/\\\/www.institutfrancais-jerusalem.org\\\/ramallah\\\/cours-de-francais\\\/\",\"url\":\"https:\\\/\\\/www.institutfrancais-jerusalem.org\\\/ramallah\\\/cours-de-francais\\\/\",\"name\":\"COURS DE FRANCAIS - Institut Fran\u00e7ais de J\u00e9rusalem - Ramallah\",\"isPartOf\":{\"@id\":\"https:\\\/\\\/www.institutfrancais-jerusalem.org\\\/ramallah\\\/#website\"},\"primaryImageOfPage\":{\"@id\":\"https:\\\/\\\/www.institutfrancais-jerusalem.org\\\/ramallah\\\/cours-de-francais\\\/#primaryimage\"},\"image\":{\"@id\":\"https:\\\/\\\/www.institutfrancais-jerusalem.org\\\/ramallah\\\/cours-de-francais\\\/#primaryimage\"},\"thumbnailUrl\":\"https:\\\/\\\/www.institutfrancais-jerusalem.org\\\/ramallah\\\/wp-content\\\/uploads\\\/sites\\\/11\\\/2017\\\/08\\\/bureaudeslangues.jpg\",\"datePublished\":\"2017-08-07T19:24:22+00:00\",\"dateModified\":\"2026-02-11T10:49:10+00:00\",\"breadcrumb\":{\"@id\":\"https:\\\/\\\/www.institutfrancais-jerusalem.org\\\/ramallah\\\/cours-de-francais\\\/#breadcrumb\"},\"inLanguage\":\"fr-FR\",\"potentialAction\":[{\"@type\":\"ReadAction\",\"target\":[\"https:\\\/\\\/www.institutfrancais-jerusalem.org\\\/ramallah\\\/cours-de-francais\\\/\"]}]},{\"@type\":\"ImageObject\",\"inLanguage\":\"fr-FR\",\"@id\":\"https:\\\/\\\/www.institutfrancais-jerusalem.org\\\/ramallah\\\/cours-de-francais\\\/#primaryimage\",\"url\":\"https:\\\/\\\/www.institutfrancais-jerusalem.org\\\/ramallah\\\/wp-content\\\/uploads\\\/sites\\\/11\\\/2017\\\/08\\\/bureaudeslangues.jpg\",\"contentUrl\":\"https:\\\/\\\/www.institutfrancais-jerusalem.org\\\/ramallah\\\/wp-content\\\/uploads\\\/sites\\\/11\\\/2017\\\/08\\\/bureaudeslangues.jpg\",\"width\":630,\"height\":420},{\"@type\":\"BreadcrumbList\",\"@id\":\"https:\\\/\\\/www.institutfrancais-jerusalem.org\\\/ramallah\\\/cours-de-francais\\\/#breadcrumb\",\"itemListElement\":[{\"@type\":\"ListItem\",\"position\":1,\"name\":\"Accueil\",\"item\":\"https:\\\/\\\/www.institutfrancais-jerusalem.org\\\/ramallah\\\/\"},{\"@type\":\"ListItem\",\"position\":2,\"name\":\"COURS DE FRANCAIS\"}]},{\"@type\":\"WebSite\",\"@id\":\"https:\\\/\\\/www.institutfrancais-jerusalem.org\\\/ramallah\\\/#website\",\"url\":\"https:\\\/\\\/www.institutfrancais-jerusalem.org\\\/ramallah\\\/\",\"name\":\"Institut Fran\u00e7ais de J\u00e9rusalem - Ramallah\",\"description\":\"Ramallah\",\"potentialAction\":[{\"@type\":\"SearchAction\",\"target\":{\"@type\":\"EntryPoint\",\"urlTemplate\":\"https:\\\/\\\/www.institutfrancais-jerusalem.org\\\/ramallah\\\/?s={search_term_string}\"},\"query-input\":{\"@type\":\"PropertyValueSpecification\",\"valueRequired\":true,\"valueName\":\"search_term_string\"}}],\"inLanguage\":\"fr-FR\"}]}<\/script>\n<!-- \/ Yoast SEO plugin. -->","yoast_head_json":{"title":"COURS DE FRANCAIS - Institut Fran\u00e7ais de J\u00e9rusalem - Ramallah","robots":{"index":"index","follow":"follow","max-snippet":"max-snippet:-1","max-image-preview":"max-image-preview:large","max-video-preview":"max-video-preview:-1"},"canonical":"https:\/\/www.institutfrancais-jerusalem.org\/ramallah\/cours-de-francais\/","og_locale":"fr_FR","og_type":"article","og_title":"COURS DE FRANCAIS - Institut Fran\u00e7ais de J\u00e9rusalem - Ramallah","og_description":"L\u2019Institut Fran\u00e7ais de Ramallah (IFR) offre tout au long de l\u2019ann\u00e9e des cours de fran\u00e7ais adapt\u00e9s \u00e0 vos besoins. Nous vous proposons des cours de fran\u00e7ais g\u00e9n\u00e9ral, de fran\u00e7ais professionnel, de conversation et de pr\u00e9paration aux examens. Des cours en ligne d\u00e9sormais \u00e9galement disponibles. Tous nos cours s\u2019adressent aussi bien \u00e0 des publics enfants qu\u2019adultes. &hellip;","og_url":"https:\/\/www.institutfrancais-jerusalem.org\/ramallah\/cours-de-francais\/","og_site_name":"Institut Fran\u00e7ais de J\u00e9rusalem - Ramallah","article_modified_time":"2026-02-11T10:49:10+00:00","og_image":[{"width":630,"height":420,"url":"https:\/\/www.institutfrancais-jerusalem.org\/ramallah\/wp-content\/uploads\/sites\/11\/2017\/08\/bureaudeslangues.jpg","type":"image\/jpeg"}],"twitter_card":"summary_large_image","twitter_misc":{"Dur\u00e9e de lecture estim\u00e9e":"4 minutes"},"schema":{"@context":"https:\/\/schema.org","@graph":[{"@type":"WebPage","@id":"https:\/\/www.institutfrancais-jerusalem.org\/ramallah\/cours-de-francais\/","url":"https:\/\/www.institutfrancais-jerusalem.org\/ramallah\/cours-de-francais\/","name":"COURS DE FRANCAIS - Institut Fran\u00e7ais de J\u00e9rusalem - Ramallah","isPartOf":{"@id":"https:\/\/www.institutfrancais-jerusalem.org\/ramallah\/#website"},"primaryImageOfPage":{"@id":"https:\/\/www.institutfrancais-jerusalem.org\/ramallah\/cours-de-francais\/#primaryimage"},"image":{"@id":"https:\/\/www.institutfrancais-jerusalem.org\/ramallah\/cours-de-francais\/#primaryimage"},"thumbnailUrl":"https:\/\/www.institutfrancais-jerusalem.org\/ramallah\/wp-content\/uploads\/sites\/11\/2017\/08\/bureaudeslangues.jpg","datePublished":"2017-08-07T19:24:22+00:00","dateModified":"2026-02-11T10:49:10+00:00","breadcrumb":{"@id":"https:\/\/www.institutfrancais-jerusalem.org\/ramallah\/cours-de-francais\/#breadcrumb"},"inLanguage":"fr-FR","potentialAction":[{"@type":"ReadAction","target":["https:\/\/www.institutfrancais-jerusalem.org\/ramallah\/cours-de-francais\/"]}]},{"@type":"ImageObject","inLanguage":"fr-FR","@id":"https:\/\/www.institutfrancais-jerusalem.org\/ramallah\/cours-de-francais\/#primaryimage","url":"https:\/\/www.institutfrancais-jerusalem.org\/ramallah\/wp-content\/uploads\/sites\/11\/2017\/08\/bureaudeslangues.jpg","contentUrl":"https:\/\/www.institutfrancais-jerusalem.org\/ramallah\/wp-content\/uploads\/sites\/11\/2017\/08\/bureaudeslangues.jpg","width":630,"height":420},{"@type":"BreadcrumbList","@id":"https:\/\/www.institutfrancais-jerusalem.org\/ramallah\/cours-de-francais\/#breadcrumb","itemListElement":[{"@type":"ListItem","position":1,"name":"Accueil","item":"https:\/\/www.institutfrancais-jerusalem.org\/ramallah\/"},{"@type":"ListItem","position":2,"name":"COURS DE FRANCAIS"}]},{"@type":"WebSite","@id":"https:\/\/www.institutfrancais-jerusalem.org\/ramallah\/#website","url":"https:\/\/www.institutfrancais-jerusalem.org\/ramallah\/","name":"Institut Fran\u00e7ais de J\u00e9rusalem - Ramallah","description":"Ramallah","potentialAction":[{"@type":"SearchAction","target":{"@type":"EntryPoint","urlTemplate":"https:\/\/www.institutfrancais-jerusalem.org\/ramallah\/?s={search_term_string}"},"query-input":{"@type":"PropertyValueSpecification","valueRequired":true,"valueName":"search_term_string"}}],"inLanguage":"fr-FR"}]}},"_links":{"self":[{"href":"https:\/\/www.institutfrancais-jerusalem.org\/ramallah\/wp-json\/wp\/v2\/pages\/1326","targetHints":{"allow":["GET"]}}],"collection":[{"href":"https:\/\/www.institutfrancais-jerusalem.org\/ramallah\/wp-json\/wp\/v2\/pages"}],"about":[{"href":"https:\/\/www.institutfrancais-jerusalem.org\/ramallah\/wp-json\/wp\/v2\/types\/page"}],"author":[{"embeddable":true,"href":"https:\/\/www.institutfrancais-jerusalem.org\/ramallah\/wp-json\/wp\/v2\/users\/1"}],"replies":[{"embeddable":true,"href":"https:\/\/www.institutfrancais-jerusalem.org\/ramallah\/wp-json\/wp\/v2\/comments?post=1326"}],"version-history":[{"count":13,"href":"https:\/\/www.institutfrancais-jerusalem.org\/ramallah\/wp-json\/wp\/v2\/pages\/1326\/revisions"}],"predecessor-version":[{"id":6242,"href":"https:\/\/www.institutfrancais-jerusalem.org\/ramallah\/wp-json\/wp\/v2\/pages\/1326\/revisions\/6242"}],"wp:featuredmedia":[{"embeddable":true,"href":"https:\/\/www.institutfrancais-jerusalem.org\/ramallah\/wp-json\/wp\/v2\/media\/2533"}],"wp:attachment":[{"href":"https:\/\/www.institutfrancais-jerusalem.org\/ramallah\/wp-json\/wp\/v2\/media?parent=1326"}],"curies":[{"name":"wp","href":"https:\/\/api.w.org\/{rel}","templated":true}]}}