{"id":2171,"date":"2017-08-24T08:03:36","date_gmt":"2017-08-24T06:03:36","guid":{"rendered":"http:\/\/www.institutfrancais-jerusalem.org\/institutuus-2\/?page_id=2171"},"modified":"2020-12-20T09:43:24","modified_gmt":"2020-12-20T08:43:24","slug":"culturetheque","status":"publish","type":"page","link":"https:\/\/www.institutfrancais-jerusalem.org\/ramallah\/ar\/nos-mediatheques\/culturetheque\/","title":{"rendered":"\u0627\u0644\u0645\u0643\u062a\u0628\u0629 \u0627\u0644\u0631\u0642\u0645\u064a\u0651\u0629 \u0639\u0644\u0649 \u0627\u0644\u0627\u0646\u062a\u0631\u0646\u062a"},"content":{"rendered":"<p><iframe loading=\"lazy\" title=\"Cultureth\u00e8que votre biblioth\u00e8que num\u00e9rique HD\" width=\"618\" height=\"348\" src=\"https:\/\/www.youtube.com\/embed\/5C5RykDocK0?feature=oembed\" frameborder=\"0\" allow=\"accelerometer; autoplay; clipboard-write; encrypted-media; gyroscope; picture-in-picture; web-share\" referrerpolicy=\"strict-origin-when-cross-origin\" allowfullscreen><\/iframe><\/p>\n<p dir=\"rtl\"><b>\u0645\u0627 \u0647\u064a \u0643\u0648\u0644\u062a\u0648\u0631\u062a\u064a\u0643 \u061f<\/b><\/p>\n<p dir=\"rtl\">\u0643\u0648\u0644\u062a\u0648\u0631\u062a\u064a\u0643 \u0647\u064a \u0645\u0643\u062a\u0628\u0629 \u0631\u0642\u0645\u064a\u0629 \u062a\u062d\u062a\u0648\u064a \u0639\u0644\u0649 \u0645\u0635\u0627\u062f\u0631 \u0645\u062a\u0646\u0648\u0639\u0629 \u062a\u0633\u062a\u0637\u064a\u0639\u0648\u0646 \u062a\u062d\u0645\u064a\u0644\u0647\u0627 \u0627\u0648 \u0645\u0634\u0627\u0647\u062f\u062a\u0647\u0627 \u0639\u0644\u0649 \u0627\u0644\u0627\u0646\u062a\u0631\u0646\u062a.<span class=\"Apple-converted-space\">\u00a0<\/span><\/p>\n<p dir=\"rtl\">\u0633\u0648\u0641 \u062a\u0643\u0648\u0646 \u0642\u0627\u062f\u0631\u064b\u0627 \u0639\u0644\u0649 \u0627\u0644\u0627\u0636\u0637\u0644\u0627\u0639 \u0648\u0627\u0633\u062a\u0639\u0627\u0631\u0629 \u0627\u0644\u0623\u0639\u0645\u0627\u0644 \u0627\u0644\u0623\u062f\u0628\u064a\u0629 \u0627\u0644\u0643\u0644\u0627\u0633\u064a\u0643\u064a\u0629\u060c \u0648\u0633\u062a\u062c\u062f \u0647\u0646\u0627\u0643 \u0645\u062c\u0645\u0648\u0639\u0629 \u0643\u0628\u064a\u0631\u0629 \u0645\u0646 \u0627\u0644\u0623\u0639\u0645\u0627\u0644 \u0633\u0648\u0641 \u062a\u0643\u062a\u0634\u0641 \u0642\u0627\u0626\u0645\u0629 \u0645\u062a\u0646\u0648\u0639\u0629 \u0645\u0646 \u0627\u0644\u0623\u062f\u0628 \u0627\u0644\u0641\u0631\u0646\u0633\u064a. \u0628\u0627\u0644\u0625\u0636\u0627\u0641\u0629 \u0625\u0644\u0649 \u0630\u0644\u0643 \u060c \u0633\u062a\u062c\u062f \u0627\u0644\u0635\u062d\u0627\u0641\u0629 \u0627\u0644\u0641\u0631\u0646\u0633\u064a\u0629 \u0648\u0627\u0644\u0645\u0648\u0633\u064a\u0642\u0649 \u0648\u0627\u0644\u062d\u0641\u0644\u0627\u062a \u0627\u0644\u0645\u0648\u0633\u064a\u0642\u064a\u0629 \u0639\u0644\u0649 \u0627\u0644\u0625\u0646\u062a\u0631\u0646\u062a \u0648\u0627\u0644\u0645\u0624\u062a\u0645\u0631\u0627\u062a \u0648\u0627\u0644\u0623\u0641\u0644\u0627\u0645 \u0627\u0644\u0648\u062b\u0627\u0626\u0642\u064a\u0629 \u0648\u0627\u0644\u0642\u0635\u0635 \u0627\u0644\u0645\u0635\u0648\u0631\u0629 \u0648\u0623\u062f\u0628 \u0627\u0644\u0623\u0637\u0641\u0627\u0644 \u0648\u0637\u0631\u0642 \u062a\u0639\u0644\u0645 \u0627\u0644\u0644\u063a\u0629 \u0627\u0644\u0641\u0631\u0646\u0633\u064a\u0629 \u0648\u0627\u0644\u0623\u0644\u0639\u0627\u0628 \u0627\u0644\u062c\u0627\u062f\u0629 \u0648\u063a\u064a\u0631\u0647\u0627 \u0627\u0644\u0643\u062b\u064a\u0631 \u0645\u0646 \u0627\u0644\u0645\u0648\u0627\u0631\u062f.<span class=\"Apple-converted-space\">\u00a0<\/span><\/p>\n<p dir=\"rtl\">\u0633\u0648\u0641 \u0646\u062a\u0631\u0643 \u0627\u0644\u0623\u0645\u0631 \u0644\u0643 \u0644\u062a\u0633\u062a\u0643\u0634\u0641\u0647 \u0628\u0646\u0641\u0633\u0643\u00a0!<span class=\"Apple-converted-space\">\u00a0<\/span><\/p>\n<p dir=\"rtl\"><span class=\"Apple-converted-space\">\u00a0<\/span><b>\u0643\u064a\u0641 \u0627\u0633\u062a\u0637\u064a\u0639 \u0627\u0644\u062a\u0633\u062c\u064a\u0644 \u061f<\/b><\/p>\n<p dir=\"rtl\">\u0627\u0644\u062a\u0633\u062c\u064a\u0644 \u0648\u0627\u0644\u0648\u0635\u0648\u0644 \u0644\u0645\u062d\u062a\u0648\u0649 \u0643\u0648\u0644\u062a\u0648\u0631\u062a\u064a\u0643 \u0639\u0644\u0649 \u0627\u0644\u0627\u0646\u062a\u0631\u0646\u062a, \u0628\u0633\u064a\u0637 \u062c\u062f\u0627 !<\/p>\n<p dir=\"rtl\">\u0623\u0645\u0631 \u0636\u0631\u0648\u0631\u064a \u0627\u0646 \u062a\u0643\u0648\u0646 \u0637\u0627\u0644\u0628 \u0644\u062f\u0649 \u0627\u0644\u0645\u0639\u0647\u062f \u0627\u0644\u0641\u0631\u0646\u0633\u064a \u0627\u0648 \u0623\u0644\u064a\u0627\u0646\u0633 \u0641\u0631\u0627\u0646\u0633\u064a\u0632.<\/p>\n<p dir=\"rtl\">\u064a\u0643\u0641\u064a \u0627\u0644\u0630\u0647\u0627\u0628 \u0627\u0644\u0649 \u0627\u0644\u0645\u0639\u0647\u062f \u0627\u0644\u0641\u0631\u0646\u0633\u064a \u0627\u0648 \u0627\u0644\u0627\u0644\u064a\u0627\u0646\u0633 \u0641\u0631\u0627\u0646\u0633\u064a\u0632 \u0627\u0644\u0627\u0642\u0631\u0628<span class=\"Apple-converted-space\">\u00a0 <\/span>\u0644\u0645\u0646\u0637\u0642\u062a\u0643 \u0644\u0644\u062a\u0633\u062c\u064a\u0644, \u0628\u0639\u062f \u0627\u0644\u062a\u0633\u062c\u064a\u0644 \u0633\u064a\u062a\u0645 \u062a\u0632\u0648\u064a\u062f\u0643<span class=\"Apple-converted-space\">\u00a0 <\/span>\u0628\u0623\u0633\u0645 \u0648\u0645\u0633\u062a\u062e\u062f\u0645 \u0648\u0643\u0644\u0645\u0629 \u0645\u0631\u0648\u0631 \u062a\u0633\u0637\u064a\u0639 \u0645\u0646 \u062e\u0644\u0627\u0644\u0647\u0645 \u0627\u0644\u0648\u0635\u0648\u0644 \u0627\u0644\u0649 \u0627\u0644\u0645\u062d\u062a\u0648\u0649 \u0627\u0644\u0631\u0642\u0645\u064a \u0627\u0644\u062e\u0627\u0635 \u0628\u0643\u0648\u0644\u062a\u0648\u0631\u062a\u064a\u0643.<\/p>\n<p dir=\"rtl\">\u0645\u062a\u0627\u062d \u0641\u064a \u0627\u064a \u0648\u0642\u062a \u0648\u0639\u0644\u0649 \u0645\u062f\u0627\u0631 \u0627\u0644\u0633\u0627\u0639\u0629, \u0633\u0648\u0641 \u062a\u062a\u0645\u0643\u0646\u0648\u0646 \u0645\u0646 \u0627\u0644\u062f\u062e\u0648\u0644 \u0627\u0644\u0649 \u062d\u0633\u0627\u0628\u0643\u0645 \u0627\u0644\u062e\u0627\u0635 \u0628\u0643\u0648\u0644\u062a\u0648\u0631\u062a\u064a\u0643 \u0645\u0646 \u062c\u0647\u0627\u0632 \u0627\u0644\u0643\u0645\u0628\u064a\u0648\u062a\u0631 \u0627\u0644\u062e\u0627\u0635 \u0628\u0643\u0645, \u0627\u062c\u0647\u0632\u0629 \u0627\u0644\u062d\u0648\u0627\u0633\u064a\u0628 \u0627\u0644\u0644\u0648\u062d\u064a\u0629 (\u0627\u0644\u062a\u0627\u0628\u0644\u062a), \u0627\u062c\u0647\u0632\u0629 \u0627\u0644\u0647\u0627\u062a\u0641 \u0627\u0644\u0630\u0643\u064a\u0629 \u0623\u0648 \u0645\u0646 \u062c\u0647\u0627\u0632 \u0643\u0645\u0628\u064a\u0648\u062a\u0631 \u0641\u064a \u0627\u0644\u0645\u0639\u0647\u062f \u0627\u0644\u0641\u0631\u0646\u0633\u064a \u0627\u0648 \u0641\u064a \u0627\u0644\u0627\u0644\u064a\u0627\u0646\u0633 \u0641\u0631\u0627\u0646\u0633\u064a\u0632.<\/p>\n<p dir=\"rtl\"><b>\u0627\u0633\u062a\u0639\u0627\u0631\u0629 \u0627\u0644\u0643\u062a\u0628 \u0627\u0644\u0631\u0642\u0645\u064a\u0629<\/b><\/p>\n<p dir=\"rtl\">\u064a\u0645\u0643\u0646\u0643\u0645 \u0627\u0633\u062a\u0639\u0627\u0631\u0629 \u062d\u062a\u0649 3 \u0643\u062a\u0628 \u0641\u064a \u0648\u0642\u062a \u0648\u0627\u062d\u062f, \u0644\u0645\u062f\u0629 30 \u064a\u0648\u0645 \u0643\u062d\u062f \u0623\u0642\u0635\u0649, \u0641\u064a \u0646\u0647\u0627\u064a\u0629 \u0647\u0630\u0647 \u0627\u0644\u062b\u0644\u0627\u062b\u064a\u0646 \u064a\u0648\u0645\u064b\u0627 \u060c \u0644\u0646 \u064a\u0643\u0648\u0646 \u0628\u0645\u0642\u062f\u0648\u0631\u0643 \u0627\u0644\u0648\u0635\u0648\u0644 \u0625\u0644\u0649<span class=\"Apple-converted-space\">\u00a0 <\/span>\u0647\u0630\u0647 \u0627\u0644\u0643\u062a\u0628.<\/p>\n<p dir=\"rtl\">\u064a\u0645\u0643\u0646\u0643 \u0627\u0633\u062a\u0639\u0627\u0631\u0629 3 \u0643\u062a\u0628 \u0641\u064a \u0646\u0641\u0633 \u0627\u0644\u0648\u0642\u062a<\/p>\n<p dir=\"rtl\">\u064a\u0645\u0643\u0646\u0643 \u0627\u0633\u062a\u0639\u0627\u0631\u0629 \u062d\u062a\u0649 5 \u0643\u062a\u0628 \u0643\u062d\u062f \u0623\u0642\u0635\u0649 \u0641\u064a \u0627\u0644\u0634\u0647\u0631 \u0627\u0644\u0648\u0627\u062d\u062f<\/p>\n<p dir=\"rtl\">\u0645\u062f\u0629 \u0627\u0644\u0627\u0633\u062a\u0639\u0627\u0631\u0629: 30 \u064a\u0648\u0645<span class=\"Apple-converted-space\">\u00a0<\/span><\/p>\n<p dir=\"rtl\">\u0628\u0645\u0642\u062f\u0648\u0631\u0643 \u062a\u0646\u0632\u064a\u0644 \u0643\u0644 \u0643\u062a\u0627\u0628 \u0639\u0644\u0649 5 \u0627\u062c\u0647\u0632\u0629 \u0645\u062e\u062a\u0644\u0641\u0629 \u062d\u0627\u0633\u0648\u0628, \u062d\u0627\u0633\u0648\u0628 \u0644\u0648\u062d\u064a, \u062c\u0647\u0627\u0632 \u0627\u0644\u0642\u0631\u0627\u0621\u0629 \u0627\u0644\u0627\u0644\u0643\u062a\u0631\u0648\u0646\u064a \u0623\u0648 \u0647\u0627\u062a\u0641 \u0630\u0643\u064a.<\/p>\n<p dir=\"rtl\">\u064a\u0648\u062c\u062f \u0627\u0645\u0643\u0627\u0646\u064a\u0629 \u0644\u0627\u0637\u0627\u0644\u0629 \u0641\u062a\u0631\u0629 \u0627\u0644\u0627\u0633\u062a\u0639\u0627\u0631\u0629 \u0639\u0644\u0649 \u0627\u0644\u0645\u0648\u0642\u0639 \u0627\u0644\u0627\u0644\u0643\u062a\u0631\u0648\u0646\u064a \u0641\u064a \u062e\u0627\u0646\u0629<span class=\"Apple-converted-space\">\u00a0<\/span><\/p>\n<p>&#8220;Mon compte&#8221; (&#8220;Pr\u00eats num\u00e9riques en biblioth\u00e8que&#8221;).<span class=\"Apple-converted-space\">\u00a0<\/span><\/p>\n<p dir=\"rtl\"><b>\u0627\u0644\u062f\u062e\u0648\u0644 \u0627\u0644\u0649 \u0627\u0644\u0645\u0648\u0642\u0639 :<\/b><\/p>\n<p><a href=\"https:\/\/www.culturetheque.com\/PS\/\">https:\/\/www.culturetheque.com\/PS\/<\/a><\/p>\n","protected":false},"excerpt":{"rendered":"<p>\u0645\u0627 \u0647\u064a \u0643\u0648\u0644\u062a\u0648\u0631\u062a\u064a\u0643 \u061f \u0643\u0648\u0644\u062a\u0648\u0631\u062a\u064a\u0643 \u0647\u064a \u0645\u0643\u062a\u0628\u0629 \u0631\u0642\u0645\u064a\u0629 \u062a\u062d\u062a\u0648\u064a \u0639\u0644\u0649 \u0645\u0635\u0627\u062f\u0631 \u0645\u062a\u0646\u0648\u0639\u0629 \u062a\u0633\u062a\u0637\u064a\u0639\u0648\u0646 \u062a\u062d\u0645\u064a\u0644\u0647\u0627 \u0627\u0648 \u0645\u0634\u0627\u0647\u062f\u062a\u0647\u0627 \u0639\u0644\u0649 \u0627\u0644\u0627\u0646\u062a\u0631\u0646\u062a.\u00a0 \u0633\u0648\u0641 \u062a\u0643\u0648\u0646 \u0642\u0627\u062f\u0631\u064b\u0627 \u0639\u0644\u0649 \u0627\u0644\u0627\u0636\u0637\u0644\u0627\u0639 \u0648\u0627\u0633\u062a\u0639\u0627\u0631\u0629 \u0627\u0644\u0623\u0639\u0645\u0627\u0644 \u0627\u0644\u0623\u062f\u0628\u064a\u0629 \u0627\u0644\u0643\u0644\u0627\u0633\u064a\u0643\u064a\u0629\u060c \u0648\u0633\u062a\u062c\u062f \u0647\u0646\u0627\u0643 \u0645\u062c\u0645\u0648\u0639\u0629 \u0643\u0628\u064a\u0631\u0629 \u0645\u0646 \u0627\u0644\u0623\u0639\u0645\u0627\u0644 \u0633\u0648\u0641 \u062a\u0643\u062a\u0634\u0641 \u0642\u0627\u0626\u0645\u0629 \u0645\u062a\u0646\u0648\u0639\u0629 \u0645\u0646 \u0627\u0644\u0623\u062f\u0628 \u0627\u0644\u0641\u0631\u0646\u0633\u064a. \u0628\u0627\u0644\u0625\u0636\u0627\u0641\u0629 \u0625\u0644\u0649 \u0630\u0644\u0643 \u060c \u0633\u062a\u062c\u062f \u0627\u0644\u0635\u062d\u0627\u0641\u0629 \u0627\u0644\u0641\u0631\u0646\u0633\u064a\u0629 \u0648\u0627\u0644\u0645\u0648\u0633\u064a\u0642\u0649 \u0648\u0627\u0644\u062d\u0641\u0644\u0627\u062a \u0627\u0644\u0645\u0648\u0633\u064a\u0642\u064a\u0629 \u0639\u0644\u0649 \u0627\u0644\u0625\u0646\u062a\u0631\u0646\u062a \u0648\u0627\u0644\u0645\u0624\u062a\u0645\u0631\u0627\u062a \u0648\u0627\u0644\u0623\u0641\u0644\u0627\u0645 \u0627\u0644\u0648\u062b\u0627\u0626\u0642\u064a\u0629 &hellip;<\/p>\n","protected":false},"author":1,"featured_media":0,"parent":2165,"menu_order":0,"comment_status":"closed","ping_status":"closed","template":"","meta":{"footnotes":""},"class_list":["post-2171","page","type-page","status-publish",""],"yoast_head":"<!-- This site is optimized with the Yoast SEO plugin v27.5 - https:\/\/yoast.com\/product\/yoast-seo-wordpress\/ -->\n<title>\u0627\u0644\u0645\u0643\u062a\u0628\u0629 \u0627\u0644\u0631\u0642\u0645\u064a\u0651\u0629 \u0639\u0644\u0649 \u0627\u0644\u0627\u0646\u062a\u0631\u0646\u062a - Institut Fran\u00e7ais de J\u00e9rusalem - Ramallah<\/title>\n<meta name=\"robots\" content=\"index, follow, max-snippet:-1, max-image-preview:large, max-video-preview:-1\" \/>\n<link rel=\"canonical\" href=\"https:\/\/www.institutfrancais-jerusalem.org\/ramallah\/ar\/nos-mediatheques\/culturetheque\/\" \/>\n<meta property=\"og:locale\" content=\"ar_AR\" \/>\n<meta property=\"og:type\" content=\"article\" \/>\n<meta property=\"og:title\" content=\"\u0627\u0644\u0645\u0643\u062a\u0628\u0629 \u0627\u0644\u0631\u0642\u0645\u064a\u0651\u0629 \u0639\u0644\u0649 \u0627\u0644\u0627\u0646\u062a\u0631\u0646\u062a - Institut Fran\u00e7ais de J\u00e9rusalem - Ramallah\" \/>\n<meta property=\"og:description\" content=\"\u0645\u0627 \u0647\u064a \u0643\u0648\u0644\u062a\u0648\u0631\u062a\u064a\u0643 \u061f \u0643\u0648\u0644\u062a\u0648\u0631\u062a\u064a\u0643 \u0647\u064a \u0645\u0643\u062a\u0628\u0629 \u0631\u0642\u0645\u064a\u0629 \u062a\u062d\u062a\u0648\u064a \u0639\u0644\u0649 \u0645\u0635\u0627\u062f\u0631 \u0645\u062a\u0646\u0648\u0639\u0629 \u062a\u0633\u062a\u0637\u064a\u0639\u0648\u0646 \u062a\u062d\u0645\u064a\u0644\u0647\u0627 \u0627\u0648 \u0645\u0634\u0627\u0647\u062f\u062a\u0647\u0627 \u0639\u0644\u0649 \u0627\u0644\u0627\u0646\u062a\u0631\u0646\u062a.\u00a0 \u0633\u0648\u0641 \u062a\u0643\u0648\u0646 \u0642\u0627\u062f\u0631\u064b\u0627 \u0639\u0644\u0649 \u0627\u0644\u0627\u0636\u0637\u0644\u0627\u0639 \u0648\u0627\u0633\u062a\u0639\u0627\u0631\u0629 \u0627\u0644\u0623\u0639\u0645\u0627\u0644 \u0627\u0644\u0623\u062f\u0628\u064a\u0629 \u0627\u0644\u0643\u0644\u0627\u0633\u064a\u0643\u064a\u0629\u060c \u0648\u0633\u062a\u062c\u062f \u0647\u0646\u0627\u0643 \u0645\u062c\u0645\u0648\u0639\u0629 \u0643\u0628\u064a\u0631\u0629 \u0645\u0646 \u0627\u0644\u0623\u0639\u0645\u0627\u0644 \u0633\u0648\u0641 \u062a\u0643\u062a\u0634\u0641 \u0642\u0627\u0626\u0645\u0629 \u0645\u062a\u0646\u0648\u0639\u0629 \u0645\u0646 \u0627\u0644\u0623\u062f\u0628 \u0627\u0644\u0641\u0631\u0646\u0633\u064a. \u0628\u0627\u0644\u0625\u0636\u0627\u0641\u0629 \u0625\u0644\u0649 \u0630\u0644\u0643 \u060c \u0633\u062a\u062c\u062f \u0627\u0644\u0635\u062d\u0627\u0641\u0629 \u0627\u0644\u0641\u0631\u0646\u0633\u064a\u0629 \u0648\u0627\u0644\u0645\u0648\u0633\u064a\u0642\u0649 \u0648\u0627\u0644\u062d\u0641\u0644\u0627\u062a \u0627\u0644\u0645\u0648\u0633\u064a\u0642\u064a\u0629 \u0639\u0644\u0649 \u0627\u0644\u0625\u0646\u062a\u0631\u0646\u062a \u0648\u0627\u0644\u0645\u0624\u062a\u0645\u0631\u0627\u062a \u0648\u0627\u0644\u0623\u0641\u0644\u0627\u0645 \u0627\u0644\u0648\u062b\u0627\u0626\u0642\u064a\u0629 &hellip;\" \/>\n<meta property=\"og:url\" content=\"https:\/\/www.institutfrancais-jerusalem.org\/ramallah\/ar\/nos-mediatheques\/culturetheque\/\" \/>\n<meta property=\"og:site_name\" content=\"Institut Fran\u00e7ais de J\u00e9rusalem - Ramallah\" \/>\n<meta property=\"article:modified_time\" content=\"2020-12-20T08:43:24+00:00\" \/>\n<meta name=\"twitter:card\" content=\"summary_large_image\" \/>\n<script type=\"application\/ld+json\" class=\"yoast-schema-graph\">{\"@context\":\"https:\\\/\\\/schema.org\",\"@graph\":[{\"@type\":\"WebPage\",\"@id\":\"https:\\\/\\\/www.institutfrancais-jerusalem.org\\\/ramallah\\\/ar\\\/nos-mediatheques\\\/culturetheque\\\/\",\"url\":\"https:\\\/\\\/www.institutfrancais-jerusalem.org\\\/ramallah\\\/ar\\\/nos-mediatheques\\\/culturetheque\\\/\",\"name\":\"\u0627\u0644\u0645\u0643\u062a\u0628\u0629 \u0627\u0644\u0631\u0642\u0645\u064a\u0651\u0629 \u0639\u0644\u0649 \u0627\u0644\u0627\u0646\u062a\u0631\u0646\u062a - Institut Fran\u00e7ais de J\u00e9rusalem - Ramallah\",\"isPartOf\":{\"@id\":\"https:\\\/\\\/www.institutfrancais-jerusalem.org\\\/ramallah\\\/ar\\\/#website\"},\"datePublished\":\"2017-08-24T06:03:36+00:00\",\"dateModified\":\"2020-12-20T08:43:24+00:00\",\"breadcrumb\":{\"@id\":\"https:\\\/\\\/www.institutfrancais-jerusalem.org\\\/ramallah\\\/ar\\\/nos-mediatheques\\\/culturetheque\\\/#breadcrumb\"},\"inLanguage\":\"ar\",\"potentialAction\":[{\"@type\":\"ReadAction\",\"target\":[\"https:\\\/\\\/www.institutfrancais-jerusalem.org\\\/ramallah\\\/ar\\\/nos-mediatheques\\\/culturetheque\\\/\"]}]},{\"@type\":\"BreadcrumbList\",\"@id\":\"https:\\\/\\\/www.institutfrancais-jerusalem.org\\\/ramallah\\\/ar\\\/nos-mediatheques\\\/culturetheque\\\/#breadcrumb\",\"itemListElement\":[{\"@type\":\"ListItem\",\"position\":1,\"name\":\"Accueil\",\"item\":\"https:\\\/\\\/www.institutfrancais-jerusalem.org\\\/ramallah\\\/ar\\\/\"},{\"@type\":\"ListItem\",\"position\":2,\"name\":\"\u0645\u0643\u062a\u0628\u0627\u062a\u0646\u0627 \u0627\u0644\u0631\u0642\u0645\u064a\u0651\u0629\",\"item\":\"https:\\\/\\\/www.institutfrancais-jerusalem.org\\\/ramallah\\\/ar\\\/nos-mediatheques\\\/\"},{\"@type\":\"ListItem\",\"position\":3,\"name\":\"\u0627\u0644\u0645\u0643\u062a\u0628\u0629 \u0627\u0644\u0631\u0642\u0645\u064a\u0651\u0629 \u0639\u0644\u0649 \u0627\u0644\u0627\u0646\u062a\u0631\u0646\u062a\"}]},{\"@type\":\"WebSite\",\"@id\":\"https:\\\/\\\/www.institutfrancais-jerusalem.org\\\/ramallah\\\/ar\\\/#website\",\"url\":\"https:\\\/\\\/www.institutfrancais-jerusalem.org\\\/ramallah\\\/ar\\\/\",\"name\":\"Institut Fran\u00e7ais de J\u00e9rusalem - Ramallah\",\"description\":\"Chateaubriand\",\"potentialAction\":[{\"@type\":\"SearchAction\",\"target\":{\"@type\":\"EntryPoint\",\"urlTemplate\":\"https:\\\/\\\/www.institutfrancais-jerusalem.org\\\/ramallah\\\/ar\\\/?s={search_term_string}\"},\"query-input\":{\"@type\":\"PropertyValueSpecification\",\"valueRequired\":true,\"valueName\":\"search_term_string\"}}],\"inLanguage\":\"ar\"}]}<\/script>\n<!-- \/ Yoast SEO plugin. -->","yoast_head_json":{"title":"\u0627\u0644\u0645\u0643\u062a\u0628\u0629 \u0627\u0644\u0631\u0642\u0645\u064a\u0651\u0629 \u0639\u0644\u0649 \u0627\u0644\u0627\u0646\u062a\u0631\u0646\u062a - Institut Fran\u00e7ais de J\u00e9rusalem - Ramallah","robots":{"index":"index","follow":"follow","max-snippet":"max-snippet:-1","max-image-preview":"max-image-preview:large","max-video-preview":"max-video-preview:-1"},"canonical":"https:\/\/www.institutfrancais-jerusalem.org\/ramallah\/ar\/nos-mediatheques\/culturetheque\/","og_locale":"ar_AR","og_type":"article","og_title":"\u0627\u0644\u0645\u0643\u062a\u0628\u0629 \u0627\u0644\u0631\u0642\u0645\u064a\u0651\u0629 \u0639\u0644\u0649 \u0627\u0644\u0627\u0646\u062a\u0631\u0646\u062a - Institut Fran\u00e7ais de J\u00e9rusalem - Ramallah","og_description":"\u0645\u0627 \u0647\u064a \u0643\u0648\u0644\u062a\u0648\u0631\u062a\u064a\u0643 \u061f \u0643\u0648\u0644\u062a\u0648\u0631\u062a\u064a\u0643 \u0647\u064a \u0645\u0643\u062a\u0628\u0629 \u0631\u0642\u0645\u064a\u0629 \u062a\u062d\u062a\u0648\u064a \u0639\u0644\u0649 \u0645\u0635\u0627\u062f\u0631 \u0645\u062a\u0646\u0648\u0639\u0629 \u062a\u0633\u062a\u0637\u064a\u0639\u0648\u0646 \u062a\u062d\u0645\u064a\u0644\u0647\u0627 \u0627\u0648 \u0645\u0634\u0627\u0647\u062f\u062a\u0647\u0627 \u0639\u0644\u0649 \u0627\u0644\u0627\u0646\u062a\u0631\u0646\u062a.\u00a0 \u0633\u0648\u0641 \u062a\u0643\u0648\u0646 \u0642\u0627\u062f\u0631\u064b\u0627 \u0639\u0644\u0649 \u0627\u0644\u0627\u0636\u0637\u0644\u0627\u0639 \u0648\u0627\u0633\u062a\u0639\u0627\u0631\u0629 \u0627\u0644\u0623\u0639\u0645\u0627\u0644 \u0627\u0644\u0623\u062f\u0628\u064a\u0629 \u0627\u0644\u0643\u0644\u0627\u0633\u064a\u0643\u064a\u0629\u060c \u0648\u0633\u062a\u062c\u062f \u0647\u0646\u0627\u0643 \u0645\u062c\u0645\u0648\u0639\u0629 \u0643\u0628\u064a\u0631\u0629 \u0645\u0646 \u0627\u0644\u0623\u0639\u0645\u0627\u0644 \u0633\u0648\u0641 \u062a\u0643\u062a\u0634\u0641 \u0642\u0627\u0626\u0645\u0629 \u0645\u062a\u0646\u0648\u0639\u0629 \u0645\u0646 \u0627\u0644\u0623\u062f\u0628 \u0627\u0644\u0641\u0631\u0646\u0633\u064a. \u0628\u0627\u0644\u0625\u0636\u0627\u0641\u0629 \u0625\u0644\u0649 \u0630\u0644\u0643 \u060c \u0633\u062a\u062c\u062f \u0627\u0644\u0635\u062d\u0627\u0641\u0629 \u0627\u0644\u0641\u0631\u0646\u0633\u064a\u0629 \u0648\u0627\u0644\u0645\u0648\u0633\u064a\u0642\u0649 \u0648\u0627\u0644\u062d\u0641\u0644\u0627\u062a \u0627\u0644\u0645\u0648\u0633\u064a\u0642\u064a\u0629 \u0639\u0644\u0649 \u0627\u0644\u0625\u0646\u062a\u0631\u0646\u062a \u0648\u0627\u0644\u0645\u0624\u062a\u0645\u0631\u0627\u062a \u0648\u0627\u0644\u0623\u0641\u0644\u0627\u0645 \u0627\u0644\u0648\u062b\u0627\u0626\u0642\u064a\u0629 &hellip;","og_url":"https:\/\/www.institutfrancais-jerusalem.org\/ramallah\/ar\/nos-mediatheques\/culturetheque\/","og_site_name":"Institut Fran\u00e7ais de J\u00e9rusalem - Ramallah","article_modified_time":"2020-12-20T08:43:24+00:00","twitter_card":"summary_large_image","schema":{"@context":"https:\/\/schema.org","@graph":[{"@type":"WebPage","@id":"https:\/\/www.institutfrancais-jerusalem.org\/ramallah\/ar\/nos-mediatheques\/culturetheque\/","url":"https:\/\/www.institutfrancais-jerusalem.org\/ramallah\/ar\/nos-mediatheques\/culturetheque\/","name":"\u0627\u0644\u0645\u0643\u062a\u0628\u0629 \u0627\u0644\u0631\u0642\u0645\u064a\u0651\u0629 \u0639\u0644\u0649 \u0627\u0644\u0627\u0646\u062a\u0631\u0646\u062a - Institut Fran\u00e7ais de J\u00e9rusalem - Ramallah","isPartOf":{"@id":"https:\/\/www.institutfrancais-jerusalem.org\/ramallah\/ar\/#website"},"datePublished":"2017-08-24T06:03:36+00:00","dateModified":"2020-12-20T08:43:24+00:00","breadcrumb":{"@id":"https:\/\/www.institutfrancais-jerusalem.org\/ramallah\/ar\/nos-mediatheques\/culturetheque\/#breadcrumb"},"inLanguage":"ar","potentialAction":[{"@type":"ReadAction","target":["https:\/\/www.institutfrancais-jerusalem.org\/ramallah\/ar\/nos-mediatheques\/culturetheque\/"]}]},{"@type":"BreadcrumbList","@id":"https:\/\/www.institutfrancais-jerusalem.org\/ramallah\/ar\/nos-mediatheques\/culturetheque\/#breadcrumb","itemListElement":[{"@type":"ListItem","position":1,"name":"Accueil","item":"https:\/\/www.institutfrancais-jerusalem.org\/ramallah\/ar\/"},{"@type":"ListItem","position":2,"name":"\u0645\u0643\u062a\u0628\u0627\u062a\u0646\u0627 \u0627\u0644\u0631\u0642\u0645\u064a\u0651\u0629","item":"https:\/\/www.institutfrancais-jerusalem.org\/ramallah\/ar\/nos-mediatheques\/"},{"@type":"ListItem","position":3,"name":"\u0627\u0644\u0645\u0643\u062a\u0628\u0629 \u0627\u0644\u0631\u0642\u0645\u064a\u0651\u0629 \u0639\u0644\u0649 \u0627\u0644\u0627\u0646\u062a\u0631\u0646\u062a"}]},{"@type":"WebSite","@id":"https:\/\/www.institutfrancais-jerusalem.org\/ramallah\/ar\/#website","url":"https:\/\/www.institutfrancais-jerusalem.org\/ramallah\/ar\/","name":"Institut Fran\u00e7ais de J\u00e9rusalem - Ramallah","description":"Chateaubriand","potentialAction":[{"@type":"SearchAction","target":{"@type":"EntryPoint","urlTemplate":"https:\/\/www.institutfrancais-jerusalem.org\/ramallah\/ar\/?s={search_term_string}"},"query-input":{"@type":"PropertyValueSpecification","valueRequired":true,"valueName":"search_term_string"}}],"inLanguage":"ar"}]}},"_links":{"self":[{"href":"https:\/\/www.institutfrancais-jerusalem.org\/ramallah\/ar\/wp-json\/wp\/v2\/pages\/2171","targetHints":{"allow":["GET"]}}],"collection":[{"href":"https:\/\/www.institutfrancais-jerusalem.org\/ramallah\/ar\/wp-json\/wp\/v2\/pages"}],"about":[{"href":"https:\/\/www.institutfrancais-jerusalem.org\/ramallah\/ar\/wp-json\/wp\/v2\/types\/page"}],"author":[{"embeddable":true,"href":"https:\/\/www.institutfrancais-jerusalem.org\/ramallah\/ar\/wp-json\/wp\/v2\/users\/1"}],"replies":[{"embeddable":true,"href":"https:\/\/www.institutfrancais-jerusalem.org\/ramallah\/ar\/wp-json\/wp\/v2\/comments?post=2171"}],"version-history":[{"count":8,"href":"https:\/\/www.institutfrancais-jerusalem.org\/ramallah\/ar\/wp-json\/wp\/v2\/pages\/2171\/revisions"}],"predecessor-version":[{"id":5336,"href":"https:\/\/www.institutfrancais-jerusalem.org\/ramallah\/ar\/wp-json\/wp\/v2\/pages\/2171\/revisions\/5336"}],"up":[{"embeddable":true,"href":"https:\/\/www.institutfrancais-jerusalem.org\/ramallah\/ar\/wp-json\/wp\/v2\/pages\/2165"}],"wp:attachment":[{"href":"https:\/\/www.institutfrancais-jerusalem.org\/ramallah\/ar\/wp-json\/wp\/v2\/media?parent=2171"}],"curies":[{"name":"wp","href":"https:\/\/api.w.org\/{rel}","templated":true}]}}