{"id":2142,"date":"2017-08-07T19:53:23","date_gmt":"2017-08-07T17:53:23","guid":{"rendered":"http:\/\/www.institutfrancais-jerusalem.org\/institutuus-2\/?page_id=2142"},"modified":"2025-02-21T13:22:38","modified_gmt":"2025-02-21T12:22:38","slug":"cours-adultes","status":"publish","type":"page","link":"https:\/\/www.institutfrancais-jerusalem.org\/ramallah\/ar\/cours-de-francais\/cours-adultes\/","title":{"rendered":"\u062f\u0631\u0648\u0633 \u0644\u0644\u0643\u0628\u0627\u0631"},"content":{"rendered":"<p>\u0646\u062d\u0646 \u0646\u0642\u062f\u0645 \u062f\u0631\u0648\u0633\u064b\u0627 \u0644\u0644\u0637\u0644\u0627\u0628 \u0648\u0627\u0644\u0645\u0647\u0646\u064a\u064a\u0646 \u0627\u0644\u0631\u0627\u063a\u0628\u064a\u0646 \u0641\u064a \u062a\u0648\u0633\u064a\u0639 \u0645\u062c\u0645\u0648\u0639\u0629 \u0645\u0647\u0627\u0631\u0627\u062a\u0647\u0645 \u0627\u0644\u0645\u0647\u0646\u064a\u0629 \u0623\u0648 \u0627\u0644\u062f\u0631\u0627\u0633\u0629 \u0648\u0627\u0644\u0639\u0645\u0644 \u0641\u064a \u062f\u0648\u0644\u0629 \u0646\u0627\u0637\u0642\u0629 \u0628\u0627\u0644\u0641\u0631\u0646\u0633\u064a\u0629. \u0627\u0646\u0642\u0631 \u0641\u0648\u0642 \u0627\u0644\u0631\u0627\u0628\u0637 \u0623\u062f\u0646\u0627\u0647 \u0644\u0644\u062d\u0635\u0648\u0644 \u0639\u0644\u0649 \u0645\u0632\u064a\u062f \u0645\u0646 \u0627\u0644\u062a\u0641\u0627\u0635\u064a\u0644 \u062d\u0648\u0644 \u062f\u0648\u0631\u0627\u062a \u0627\u0644\u0628\u0627\u0644\u063a\u064a\u0646:<strong><a href=\"https:\/\/linktr.ee\/languagecoursesramallah\" data-stringify-link=\"https:\/\/linktr.ee\/languagecoursesramallah\" data-sk=\"tooltip_parent\">https:\/\/linktr.ee\/languagecoursesramallah<\/a><\/strong><\/p>\n<p>&nbsp;<\/p>\n<p>\u0644\u0645\u0632\u064a\u062f \u0645\u0646 \u0627\u0644\u0645\u0639\u0644\u0648\u0645\u0627\u062a \u064a\u0645\u0643\u0646\u0643\u0645 \u0627\u0644\u0627\u062a\u0635\u0627\u0644 \u0628\u0640:<\/p>\n<p>(WA) 059999 7476\/ <strong>cours@iframallah.org<\/strong> \u0645\u0633\u0624\u0644\/\u0629 \u0642\u0633\u0645 \u0627\u0644\u0644\u063a\u0629 (\u0641\u0631\u0646\u0633\u064a \/ \u0625\u0646\u062c\u0644\u064a\u0632\u064a):<\/p>\n<p>(WA) 059590 0890 \/ <strong>info@iframallah.org<\/strong> \u0642\u0633\u0645 \u0627\u0644\u0627\u0633\u062a\u0642\u0628\u0627\u0644 (\u0641\u0631\u0646\u0633\u064a \/ \u0625\u0646\u062c\u0644\u064a\u0632\u064a \/ \u0639\u0631\u0628\u064a):<\/p>\n","protected":false},"excerpt":{"rendered":"<p>\u0646\u062d\u0646 \u0646\u0642\u062f\u0645 \u062f\u0631\u0648\u0633\u064b\u0627 \u0644\u0644\u0637\u0644\u0627\u0628 \u0648\u0627\u0644\u0645\u0647\u0646\u064a\u064a\u0646 \u0627\u0644\u0631\u0627\u063a\u0628\u064a\u0646 \u0641\u064a \u062a\u0648\u0633\u064a\u0639 \u0645\u062c\u0645\u0648\u0639\u0629 \u0645\u0647\u0627\u0631\u0627\u062a\u0647\u0645 \u0627\u0644\u0645\u0647\u0646\u064a\u0629 \u0623\u0648 \u0627\u0644\u062f\u0631\u0627\u0633\u0629 \u0648\u0627\u0644\u0639\u0645\u0644 \u0641\u064a \u062f\u0648\u0644\u0629 \u0646\u0627\u0637\u0642\u0629 \u0628\u0627\u0644\u0641\u0631\u0646\u0633\u064a\u0629. \u0627\u0646\u0642\u0631 \u0641\u0648\u0642 \u0627\u0644\u0631\u0627\u0628\u0637 \u0623\u062f\u0646\u0627\u0647 \u0644\u0644\u062d\u0635\u0648\u0644 \u0639\u0644\u0649 \u0645\u0632\u064a\u062f \u0645\u0646 \u0627\u0644\u062a\u0641\u0627\u0635\u064a\u0644 \u062d\u0648\u0644 \u062f\u0648\u0631\u0627\u062a \u0627\u0644\u0628\u0627\u0644\u063a\u064a\u0646:https:\/\/linktr.ee\/languagecoursesramallah &nbsp; \u0644\u0645\u0632\u064a\u062f \u0645\u0646 \u0627\u0644\u0645\u0639\u0644\u0648\u0645\u0627\u062a \u064a\u0645\u0643\u0646\u0643\u0645 \u0627\u0644\u0627\u062a\u0635\u0627\u0644 \u0628\u0640: (WA) 059999 7476\/ cours@iframallah.org \u0645\u0633\u0624\u0644\/\u0629 \u0642\u0633\u0645 \u0627\u0644\u0644\u063a\u0629 (\u0641\u0631\u0646\u0633\u064a \/ \u0625\u0646\u062c\u0644\u064a\u0632\u064a): (WA) 059590 0890 \/ info@iframallah.org \u0642\u0633\u0645 \u0627\u0644\u0627\u0633\u062a\u0642\u0628\u0627\u0644 (\u0641\u0631\u0646\u0633\u064a &hellip;<\/p>\n","protected":false},"author":1,"featured_media":5887,"parent":2136,"menu_order":0,"comment_status":"closed","ping_status":"closed","template":"","meta":{"footnotes":""},"class_list":["post-2142","page","type-page","status-publish","has-post-thumbnail",""],"yoast_head":"<!-- This site is optimized with the Yoast SEO plugin v27.6 - https:\/\/yoast.com\/product\/yoast-seo-wordpress\/ -->\n<title>\u062f\u0631\u0648\u0633 \u0644\u0644\u0643\u0628\u0627\u0631 - Institut Fran\u00e7ais de J\u00e9rusalem - Ramallah<\/title>\n<meta name=\"description\" content=\"Cours de fran\u00e7ais 2022 \u00e0 l&#039;Institut fran\u00e7ais de Ramallah\" \/>\n<meta name=\"robots\" content=\"index, follow, max-snippet:-1, max-image-preview:large, max-video-preview:-1\" \/>\n<link rel=\"canonical\" href=\"https:\/\/www.institutfrancais-jerusalem.org\/ramallah\/ar\/cours-de-francais\/cours-adultes\/\" \/>\n<meta property=\"og:locale\" content=\"ar_AR\" \/>\n<meta property=\"og:type\" content=\"article\" \/>\n<meta property=\"og:title\" content=\"\u062f\u0631\u0648\u0633 \u0644\u0644\u0643\u0628\u0627\u0631 - Institut Fran\u00e7ais de J\u00e9rusalem - Ramallah\" \/>\n<meta property=\"og:description\" content=\"Cours de fran\u00e7ais 2022 \u00e0 l&#039;Institut fran\u00e7ais de Ramallah\" \/>\n<meta property=\"og:url\" content=\"https:\/\/www.institutfrancais-jerusalem.org\/ramallah\/ar\/cours-de-francais\/cours-adultes\/\" \/>\n<meta property=\"og:site_name\" content=\"Institut Fran\u00e7ais de J\u00e9rusalem - Ramallah\" \/>\n<meta property=\"article:modified_time\" content=\"2025-02-21T12:22:38+00:00\" \/>\n<meta property=\"og:image\" content=\"https:\/\/www.institutfrancais-jerusalem.org\/ramallah\/wp-content\/uploads\/sites\/11\/2022\/09\/adultes.jpg\" \/>\n\t<meta property=\"og:image:width\" content=\"1920\" \/>\n\t<meta property=\"og:image:height\" content=\"1080\" \/>\n\t<meta property=\"og:image:type\" content=\"image\/jpeg\" \/>\n<meta name=\"twitter:card\" content=\"summary_large_image\" \/>\n<meta name=\"twitter:label1\" content=\"\u0648\u0642\u062a \u0627\u0644\u0642\u0631\u0627\u0621\u0629 \u0627\u0644\u0645\u064f\u0642\u062f\u0651\u0631\" \/>\n\t<meta name=\"twitter:data1\" content=\"1 \u062f\u0642\u064a\u0642\u0629\" \/>\n<script type=\"application\/ld+json\" class=\"yoast-schema-graph\">{\"@context\":\"https:\\\/\\\/schema.org\",\"@graph\":[{\"@type\":\"WebPage\",\"@id\":\"https:\\\/\\\/www.institutfrancais-jerusalem.org\\\/ramallah\\\/ar\\\/cours-de-francais\\\/cours-adultes\\\/\",\"url\":\"https:\\\/\\\/www.institutfrancais-jerusalem.org\\\/ramallah\\\/ar\\\/cours-de-francais\\\/cours-adultes\\\/\",\"name\":\"\u062f\u0631\u0648\u0633 \u0644\u0644\u0643\u0628\u0627\u0631 - Institut Fran\u00e7ais de J\u00e9rusalem - Ramallah\",\"isPartOf\":{\"@id\":\"https:\\\/\\\/www.institutfrancais-jerusalem.org\\\/ramallah\\\/ar\\\/#website\"},\"primaryImageOfPage\":{\"@id\":\"https:\\\/\\\/www.institutfrancais-jerusalem.org\\\/ramallah\\\/ar\\\/cours-de-francais\\\/cours-adultes\\\/#primaryimage\"},\"image\":{\"@id\":\"https:\\\/\\\/www.institutfrancais-jerusalem.org\\\/ramallah\\\/ar\\\/cours-de-francais\\\/cours-adultes\\\/#primaryimage\"},\"thumbnailUrl\":\"https:\\\/\\\/www.institutfrancais-jerusalem.org\\\/ramallah\\\/wp-content\\\/uploads\\\/sites\\\/11\\\/2022\\\/09\\\/adultes.jpg\",\"datePublished\":\"2017-08-07T17:53:23+00:00\",\"dateModified\":\"2025-02-21T12:22:38+00:00\",\"description\":\"Cours de fran\u00e7ais 2022 \u00e0 l'Institut fran\u00e7ais de Ramallah\",\"breadcrumb\":{\"@id\":\"https:\\\/\\\/www.institutfrancais-jerusalem.org\\\/ramallah\\\/ar\\\/cours-de-francais\\\/cours-adultes\\\/#breadcrumb\"},\"inLanguage\":\"ar\",\"potentialAction\":[{\"@type\":\"ReadAction\",\"target\":[\"https:\\\/\\\/www.institutfrancais-jerusalem.org\\\/ramallah\\\/ar\\\/cours-de-francais\\\/cours-adultes\\\/\"]}]},{\"@type\":\"ImageObject\",\"inLanguage\":\"ar\",\"@id\":\"https:\\\/\\\/www.institutfrancais-jerusalem.org\\\/ramallah\\\/ar\\\/cours-de-francais\\\/cours-adultes\\\/#primaryimage\",\"url\":\"https:\\\/\\\/www.institutfrancais-jerusalem.org\\\/ramallah\\\/wp-content\\\/uploads\\\/sites\\\/11\\\/2022\\\/09\\\/adultes.jpg\",\"contentUrl\":\"https:\\\/\\\/www.institutfrancais-jerusalem.org\\\/ramallah\\\/wp-content\\\/uploads\\\/sites\\\/11\\\/2022\\\/09\\\/adultes.jpg\",\"width\":1920,\"height\":1080},{\"@type\":\"BreadcrumbList\",\"@id\":\"https:\\\/\\\/www.institutfrancais-jerusalem.org\\\/ramallah\\\/ar\\\/cours-de-francais\\\/cours-adultes\\\/#breadcrumb\",\"itemListElement\":[{\"@type\":\"ListItem\",\"position\":1,\"name\":\"Accueil\",\"item\":\"https:\\\/\\\/www.institutfrancais-jerusalem.org\\\/ramallah\\\/ar\\\/\"},{\"@type\":\"ListItem\",\"position\":2,\"name\":\"\u062f\u0631\u0648\u0633 \u0644\u063a\u0629 \u0641\u0631\u0646\u0633\u064a\u0651\u0629\",\"item\":\"https:\\\/\\\/www.institutfrancais-jerusalem.org\\\/ramallah\\\/ar\\\/cours-de-francais\\\/\"},{\"@type\":\"ListItem\",\"position\":3,\"name\":\"\u062f\u0631\u0648\u0633 \u0644\u0644\u0643\u0628\u0627\u0631\"}]},{\"@type\":\"WebSite\",\"@id\":\"https:\\\/\\\/www.institutfrancais-jerusalem.org\\\/ramallah\\\/ar\\\/#website\",\"url\":\"https:\\\/\\\/www.institutfrancais-jerusalem.org\\\/ramallah\\\/ar\\\/\",\"name\":\"Institut Fran\u00e7ais de J\u00e9rusalem - Ramallah\",\"description\":\"Chateaubriand\",\"potentialAction\":[{\"@type\":\"SearchAction\",\"target\":{\"@type\":\"EntryPoint\",\"urlTemplate\":\"https:\\\/\\\/www.institutfrancais-jerusalem.org\\\/ramallah\\\/ar\\\/?s={search_term_string}\"},\"query-input\":{\"@type\":\"PropertyValueSpecification\",\"valueRequired\":true,\"valueName\":\"search_term_string\"}}],\"inLanguage\":\"ar\"}]}<\/script>\n<!-- \/ Yoast SEO plugin. -->","yoast_head_json":{"title":"\u062f\u0631\u0648\u0633 \u0644\u0644\u0643\u0628\u0627\u0631 - Institut Fran\u00e7ais de J\u00e9rusalem - Ramallah","description":"Cours de fran\u00e7ais 2022 \u00e0 l'Institut fran\u00e7ais de Ramallah","robots":{"index":"index","follow":"follow","max-snippet":"max-snippet:-1","max-image-preview":"max-image-preview:large","max-video-preview":"max-video-preview:-1"},"canonical":"https:\/\/www.institutfrancais-jerusalem.org\/ramallah\/ar\/cours-de-francais\/cours-adultes\/","og_locale":"ar_AR","og_type":"article","og_title":"\u062f\u0631\u0648\u0633 \u0644\u0644\u0643\u0628\u0627\u0631 - Institut Fran\u00e7ais de J\u00e9rusalem - Ramallah","og_description":"Cours de fran\u00e7ais 2022 \u00e0 l'Institut fran\u00e7ais de Ramallah","og_url":"https:\/\/www.institutfrancais-jerusalem.org\/ramallah\/ar\/cours-de-francais\/cours-adultes\/","og_site_name":"Institut Fran\u00e7ais de J\u00e9rusalem - Ramallah","article_modified_time":"2025-02-21T12:22:38+00:00","og_image":[{"width":1920,"height":1080,"url":"https:\/\/www.institutfrancais-jerusalem.org\/ramallah\/wp-content\/uploads\/sites\/11\/2022\/09\/adultes.jpg","type":"image\/jpeg"}],"twitter_card":"summary_large_image","twitter_misc":{"\u0648\u0642\u062a \u0627\u0644\u0642\u0631\u0627\u0621\u0629 \u0627\u0644\u0645\u064f\u0642\u062f\u0651\u0631":"1 \u062f\u0642\u064a\u0642\u0629"},"schema":{"@context":"https:\/\/schema.org","@graph":[{"@type":"WebPage","@id":"https:\/\/www.institutfrancais-jerusalem.org\/ramallah\/ar\/cours-de-francais\/cours-adultes\/","url":"https:\/\/www.institutfrancais-jerusalem.org\/ramallah\/ar\/cours-de-francais\/cours-adultes\/","name":"\u062f\u0631\u0648\u0633 \u0644\u0644\u0643\u0628\u0627\u0631 - Institut Fran\u00e7ais de J\u00e9rusalem - Ramallah","isPartOf":{"@id":"https:\/\/www.institutfrancais-jerusalem.org\/ramallah\/ar\/#website"},"primaryImageOfPage":{"@id":"https:\/\/www.institutfrancais-jerusalem.org\/ramallah\/ar\/cours-de-francais\/cours-adultes\/#primaryimage"},"image":{"@id":"https:\/\/www.institutfrancais-jerusalem.org\/ramallah\/ar\/cours-de-francais\/cours-adultes\/#primaryimage"},"thumbnailUrl":"https:\/\/www.institutfrancais-jerusalem.org\/ramallah\/wp-content\/uploads\/sites\/11\/2022\/09\/adultes.jpg","datePublished":"2017-08-07T17:53:23+00:00","dateModified":"2025-02-21T12:22:38+00:00","description":"Cours de fran\u00e7ais 2022 \u00e0 l'Institut fran\u00e7ais de Ramallah","breadcrumb":{"@id":"https:\/\/www.institutfrancais-jerusalem.org\/ramallah\/ar\/cours-de-francais\/cours-adultes\/#breadcrumb"},"inLanguage":"ar","potentialAction":[{"@type":"ReadAction","target":["https:\/\/www.institutfrancais-jerusalem.org\/ramallah\/ar\/cours-de-francais\/cours-adultes\/"]}]},{"@type":"ImageObject","inLanguage":"ar","@id":"https:\/\/www.institutfrancais-jerusalem.org\/ramallah\/ar\/cours-de-francais\/cours-adultes\/#primaryimage","url":"https:\/\/www.institutfrancais-jerusalem.org\/ramallah\/wp-content\/uploads\/sites\/11\/2022\/09\/adultes.jpg","contentUrl":"https:\/\/www.institutfrancais-jerusalem.org\/ramallah\/wp-content\/uploads\/sites\/11\/2022\/09\/adultes.jpg","width":1920,"height":1080},{"@type":"BreadcrumbList","@id":"https:\/\/www.institutfrancais-jerusalem.org\/ramallah\/ar\/cours-de-francais\/cours-adultes\/#breadcrumb","itemListElement":[{"@type":"ListItem","position":1,"name":"Accueil","item":"https:\/\/www.institutfrancais-jerusalem.org\/ramallah\/ar\/"},{"@type":"ListItem","position":2,"name":"\u062f\u0631\u0648\u0633 \u0644\u063a\u0629 \u0641\u0631\u0646\u0633\u064a\u0651\u0629","item":"https:\/\/www.institutfrancais-jerusalem.org\/ramallah\/ar\/cours-de-francais\/"},{"@type":"ListItem","position":3,"name":"\u062f\u0631\u0648\u0633 \u0644\u0644\u0643\u0628\u0627\u0631"}]},{"@type":"WebSite","@id":"https:\/\/www.institutfrancais-jerusalem.org\/ramallah\/ar\/#website","url":"https:\/\/www.institutfrancais-jerusalem.org\/ramallah\/ar\/","name":"Institut Fran\u00e7ais de J\u00e9rusalem - Ramallah","description":"Chateaubriand","potentialAction":[{"@type":"SearchAction","target":{"@type":"EntryPoint","urlTemplate":"https:\/\/www.institutfrancais-jerusalem.org\/ramallah\/ar\/?s={search_term_string}"},"query-input":{"@type":"PropertyValueSpecification","valueRequired":true,"valueName":"search_term_string"}}],"inLanguage":"ar"}]}},"_links":{"self":[{"href":"https:\/\/www.institutfrancais-jerusalem.org\/ramallah\/ar\/wp-json\/wp\/v2\/pages\/2142","targetHints":{"allow":["GET"]}}],"collection":[{"href":"https:\/\/www.institutfrancais-jerusalem.org\/ramallah\/ar\/wp-json\/wp\/v2\/pages"}],"about":[{"href":"https:\/\/www.institutfrancais-jerusalem.org\/ramallah\/ar\/wp-json\/wp\/v2\/types\/page"}],"author":[{"embeddable":true,"href":"https:\/\/www.institutfrancais-jerusalem.org\/ramallah\/ar\/wp-json\/wp\/v2\/users\/1"}],"replies":[{"embeddable":true,"href":"https:\/\/www.institutfrancais-jerusalem.org\/ramallah\/ar\/wp-json\/wp\/v2\/comments?post=2142"}],"version-history":[{"count":35,"href":"https:\/\/www.institutfrancais-jerusalem.org\/ramallah\/ar\/wp-json\/wp\/v2\/pages\/2142\/revisions"}],"predecessor-version":[{"id":6182,"href":"https:\/\/www.institutfrancais-jerusalem.org\/ramallah\/ar\/wp-json\/wp\/v2\/pages\/2142\/revisions\/6182"}],"up":[{"embeddable":true,"href":"https:\/\/www.institutfrancais-jerusalem.org\/ramallah\/ar\/wp-json\/wp\/v2\/pages\/2136"}],"wp:featuredmedia":[{"embeddable":true,"href":"https:\/\/www.institutfrancais-jerusalem.org\/ramallah\/ar\/wp-json\/wp\/v2\/media\/5887"}],"wp:attachment":[{"href":"https:\/\/www.institutfrancais-jerusalem.org\/ramallah\/ar\/wp-json\/wp\/v2\/media?parent=2142"}],"curies":[{"name":"wp","href":"https:\/\/api.w.org\/{rel}","templated":true}]}}