{"id":2515,"date":"2018-03-15T09:45:19","date_gmt":"2018-03-15T08:45:19","guid":{"rendered":"https:\/\/www.institutfrancais-jerusalem.org\/naplouse\/?page_id=2515"},"modified":"2018-03-15T09:45:47","modified_gmt":"2018-03-15T08:45:47","slug":"campus-france","status":"publish","type":"page","link":"https:\/\/www.institutfrancais-jerusalem.org\/naplouse\/campus-france\/","title":{"rendered":"CAMPUS FRANCE"},"content":{"rendered":"<p><iframe loading=\"lazy\" title=\"Bienvenue en France !\" width=\"618\" height=\"348\" src=\"https:\/\/www.youtube.com\/embed\/OqBHc9RBz3k?feature=oembed\" frameborder=\"0\" allow=\"accelerometer; autoplay; clipboard-write; encrypted-media; gyroscope; picture-in-picture; web-share\" referrerpolicy=\"strict-origin-when-cross-origin\" allowfullscreen><\/iframe><\/p>\n<p>Campus France est un \u00e9tablissement public charg\u00e9 de la promotion de l\u2019enseignement sup\u00e9rieur fran\u00e7ais \u00e0 l\u2019\u00e9tranger et de l\u2019accueil des \u00e9tudiants et des chercheurs \u00e9trangers en France. Il encourage la mobilit\u00e9 internationale, g\u00e8re des programmes de bourses et anime le r\u00e9seau des alumni.<\/p>\n<ul>\n<li>Promouvoir l\u2019enseignement sup\u00e9rieur fran\u00e7ais<\/li>\n<li>Mettre en oeuvre des programmes de bourses et de mobilit\u00e9<\/li>\n<li>Accueillir les \u00e9tudiants et les chercheurs \u00e9trangers en France<\/li>\n<li>Faciliter la mobilit\u00e9 internationale des \u00e9tudiants fran\u00e7ais<\/li>\n<\/ul>\n","protected":false},"excerpt":{"rendered":"<p>Campus France est un \u00e9tablissement public charg\u00e9 de la promotion de l\u2019enseignement sup\u00e9rieur fran\u00e7ais \u00e0 l\u2019\u00e9tranger et de l\u2019accueil des \u00e9tudiants et des chercheurs \u00e9trangers en France. Il encourage la mobilit\u00e9 internationale, g\u00e8re des programmes de bourses et anime le r\u00e9seau des alumni. Promouvoir l\u2019enseignement sup\u00e9rieur fran\u00e7ais Mettre en oeuvre des programmes de bourses et &hellip;<\/p>\n","protected":false},"author":1,"featured_media":0,"parent":0,"menu_order":0,"comment_status":"closed","ping_status":"closed","template":"","meta":{"footnotes":""},"class_list":["post-2515","page","type-page","status-publish",""],"yoast_head":"<!-- This site is optimized with the Yoast SEO plugin v27.5 - https:\/\/yoast.com\/product\/yoast-seo-wordpress\/ -->\n<title>CAMPUS FRANCE - Institut Fran\u00e7ais de J\u00e9rusalem - Naplouse<\/title>\n<meta name=\"robots\" content=\"index, follow, max-snippet:-1, max-image-preview:large, max-video-preview:-1\" \/>\n<link rel=\"canonical\" href=\"https:\/\/www.institutfrancais-jerusalem.org\/naplouse\/campus-france\/\" \/>\n<meta property=\"og:locale\" content=\"fr_FR\" \/>\n<meta property=\"og:type\" content=\"article\" \/>\n<meta property=\"og:title\" content=\"CAMPUS FRANCE - Institut Fran\u00e7ais de J\u00e9rusalem - Naplouse\" \/>\n<meta property=\"og:description\" content=\"Campus France est un \u00e9tablissement public charg\u00e9 de la promotion de l\u2019enseignement sup\u00e9rieur fran\u00e7ais \u00e0 l\u2019\u00e9tranger et de l\u2019accueil des \u00e9tudiants et des chercheurs \u00e9trangers en France. Il encourage la mobilit\u00e9 internationale, g\u00e8re des programmes de bourses et anime le r\u00e9seau des alumni. Promouvoir l\u2019enseignement sup\u00e9rieur fran\u00e7ais Mettre en oeuvre des programmes de bourses et &hellip;\" \/>\n<meta property=\"og:url\" content=\"https:\/\/www.institutfrancais-jerusalem.org\/naplouse\/campus-france\/\" \/>\n<meta property=\"og:site_name\" content=\"Institut Fran\u00e7ais de J\u00e9rusalem - Naplouse\" \/>\n<meta property=\"article:modified_time\" content=\"2018-03-15T08:45:47+00:00\" \/>\n<meta name=\"twitter:card\" content=\"summary_large_image\" \/>\n<script type=\"application\/ld+json\" class=\"yoast-schema-graph\">{\"@context\":\"https:\\\/\\\/schema.org\",\"@graph\":[{\"@type\":\"WebPage\",\"@id\":\"https:\\\/\\\/www.institutfrancais-jerusalem.org\\\/naplouse\\\/campus-france\\\/\",\"url\":\"https:\\\/\\\/www.institutfrancais-jerusalem.org\\\/naplouse\\\/campus-france\\\/\",\"name\":\"CAMPUS FRANCE - Institut Fran\u00e7ais de J\u00e9rusalem - Naplouse\",\"isPartOf\":{\"@id\":\"https:\\\/\\\/www.institutfrancais-jerusalem.org\\\/naplouse\\\/#website\"},\"datePublished\":\"2018-03-15T08:45:19+00:00\",\"dateModified\":\"2018-03-15T08:45:47+00:00\",\"breadcrumb\":{\"@id\":\"https:\\\/\\\/www.institutfrancais-jerusalem.org\\\/naplouse\\\/campus-france\\\/#breadcrumb\"},\"inLanguage\":\"fr-FR\",\"potentialAction\":[{\"@type\":\"ReadAction\",\"target\":[\"https:\\\/\\\/www.institutfrancais-jerusalem.org\\\/naplouse\\\/campus-france\\\/\"]}]},{\"@type\":\"BreadcrumbList\",\"@id\":\"https:\\\/\\\/www.institutfrancais-jerusalem.org\\\/naplouse\\\/campus-france\\\/#breadcrumb\",\"itemListElement\":[{\"@type\":\"ListItem\",\"position\":1,\"name\":\"Accueil\",\"item\":\"https:\\\/\\\/www.institutfrancais-jerusalem.org\\\/naplouse\\\/\"},{\"@type\":\"ListItem\",\"position\":2,\"name\":\"CAMPUS FRANCE\"}]},{\"@type\":\"WebSite\",\"@id\":\"https:\\\/\\\/www.institutfrancais-jerusalem.org\\\/naplouse\\\/#website\",\"url\":\"https:\\\/\\\/www.institutfrancais-jerusalem.org\\\/naplouse\\\/\",\"name\":\"Institut Fran\u00e7ais de J\u00e9rusalem - Naplouse\",\"description\":\"\",\"potentialAction\":[{\"@type\":\"SearchAction\",\"target\":{\"@type\":\"EntryPoint\",\"urlTemplate\":\"https:\\\/\\\/www.institutfrancais-jerusalem.org\\\/naplouse\\\/?s={search_term_string}\"},\"query-input\":{\"@type\":\"PropertyValueSpecification\",\"valueRequired\":true,\"valueName\":\"search_term_string\"}}],\"inLanguage\":\"fr-FR\"}]}<\/script>\n<!-- \/ Yoast SEO plugin. -->","yoast_head_json":{"title":"CAMPUS FRANCE - Institut Fran\u00e7ais de J\u00e9rusalem - Naplouse","robots":{"index":"index","follow":"follow","max-snippet":"max-snippet:-1","max-image-preview":"max-image-preview:large","max-video-preview":"max-video-preview:-1"},"canonical":"https:\/\/www.institutfrancais-jerusalem.org\/naplouse\/campus-france\/","og_locale":"fr_FR","og_type":"article","og_title":"CAMPUS FRANCE - Institut Fran\u00e7ais de J\u00e9rusalem - Naplouse","og_description":"Campus France est un \u00e9tablissement public charg\u00e9 de la promotion de l\u2019enseignement sup\u00e9rieur fran\u00e7ais \u00e0 l\u2019\u00e9tranger et de l\u2019accueil des \u00e9tudiants et des chercheurs \u00e9trangers en France. Il encourage la mobilit\u00e9 internationale, g\u00e8re des programmes de bourses et anime le r\u00e9seau des alumni. Promouvoir l\u2019enseignement sup\u00e9rieur fran\u00e7ais Mettre en oeuvre des programmes de bourses et &hellip;","og_url":"https:\/\/www.institutfrancais-jerusalem.org\/naplouse\/campus-france\/","og_site_name":"Institut Fran\u00e7ais de J\u00e9rusalem - Naplouse","article_modified_time":"2018-03-15T08:45:47+00:00","twitter_card":"summary_large_image","schema":{"@context":"https:\/\/schema.org","@graph":[{"@type":"WebPage","@id":"https:\/\/www.institutfrancais-jerusalem.org\/naplouse\/campus-france\/","url":"https:\/\/www.institutfrancais-jerusalem.org\/naplouse\/campus-france\/","name":"CAMPUS FRANCE - Institut Fran\u00e7ais de J\u00e9rusalem - Naplouse","isPartOf":{"@id":"https:\/\/www.institutfrancais-jerusalem.org\/naplouse\/#website"},"datePublished":"2018-03-15T08:45:19+00:00","dateModified":"2018-03-15T08:45:47+00:00","breadcrumb":{"@id":"https:\/\/www.institutfrancais-jerusalem.org\/naplouse\/campus-france\/#breadcrumb"},"inLanguage":"fr-FR","potentialAction":[{"@type":"ReadAction","target":["https:\/\/www.institutfrancais-jerusalem.org\/naplouse\/campus-france\/"]}]},{"@type":"BreadcrumbList","@id":"https:\/\/www.institutfrancais-jerusalem.org\/naplouse\/campus-france\/#breadcrumb","itemListElement":[{"@type":"ListItem","position":1,"name":"Accueil","item":"https:\/\/www.institutfrancais-jerusalem.org\/naplouse\/"},{"@type":"ListItem","position":2,"name":"CAMPUS FRANCE"}]},{"@type":"WebSite","@id":"https:\/\/www.institutfrancais-jerusalem.org\/naplouse\/#website","url":"https:\/\/www.institutfrancais-jerusalem.org\/naplouse\/","name":"Institut Fran\u00e7ais de J\u00e9rusalem - Naplouse","description":"","potentialAction":[{"@type":"SearchAction","target":{"@type":"EntryPoint","urlTemplate":"https:\/\/www.institutfrancais-jerusalem.org\/naplouse\/?s={search_term_string}"},"query-input":{"@type":"PropertyValueSpecification","valueRequired":true,"valueName":"search_term_string"}}],"inLanguage":"fr-FR"}]}},"_links":{"self":[{"href":"https:\/\/www.institutfrancais-jerusalem.org\/naplouse\/wp-json\/wp\/v2\/pages\/2515","targetHints":{"allow":["GET"]}}],"collection":[{"href":"https:\/\/www.institutfrancais-jerusalem.org\/naplouse\/wp-json\/wp\/v2\/pages"}],"about":[{"href":"https:\/\/www.institutfrancais-jerusalem.org\/naplouse\/wp-json\/wp\/v2\/types\/page"}],"author":[{"embeddable":true,"href":"https:\/\/www.institutfrancais-jerusalem.org\/naplouse\/wp-json\/wp\/v2\/users\/1"}],"replies":[{"embeddable":true,"href":"https:\/\/www.institutfrancais-jerusalem.org\/naplouse\/wp-json\/wp\/v2\/comments?post=2515"}],"version-history":[{"count":1,"href":"https:\/\/www.institutfrancais-jerusalem.org\/naplouse\/wp-json\/wp\/v2\/pages\/2515\/revisions"}],"predecessor-version":[{"id":2516,"href":"https:\/\/www.institutfrancais-jerusalem.org\/naplouse\/wp-json\/wp\/v2\/pages\/2515\/revisions\/2516"}],"wp:attachment":[{"href":"https:\/\/www.institutfrancais-jerusalem.org\/naplouse\/wp-json\/wp\/v2\/media?parent=2515"}],"curies":[{"name":"wp","href":"https:\/\/api.w.org\/{rel}","templated":true}]}}