{"id":2047,"date":"2017-08-07T22:20:16","date_gmt":"2017-08-07T20:20:16","guid":{"rendered":"http:\/\/www.institutfrancais-jerusalem.org\/institutuus-2\/?page_id=2047"},"modified":"2018-01-08T10:49:53","modified_gmt":"2018-01-08T09:49:53","slug":"etudier-en-france","status":"publish","type":"page","link":"https:\/\/www.institutfrancais-jerusalem.org\/naplouse\/etudier-en-france\/","title":{"rendered":"ETUDIER EN FRANCE"},"content":{"rendered":"<p class=\"p7\"><span class=\"s5\"><a href=\"mailto:universitaire@consulfrance-jerusalem.org\"><span class=\"s2\"><img loading=\"lazy\" decoding=\"async\" class=\"size-large wp-image-2441 alignnone\" src=\"https:\/\/www.institutfrancais-jerusalem.org\/naplouse\/wp-content\/uploads\/sites\/10\/2017\/08\/green-chameleon-21532-1024x683.jpg\" alt=\"\" width=\"618\" height=\"412\" srcset=\"https:\/\/www.institutfrancais-jerusalem.org\/naplouse\/wp-content\/uploads\/sites\/10\/2017\/08\/green-chameleon-21532-1024x683.jpg 1024w, https:\/\/www.institutfrancais-jerusalem.org\/naplouse\/wp-content\/uploads\/sites\/10\/2017\/08\/green-chameleon-21532-300x200.jpg 300w, https:\/\/www.institutfrancais-jerusalem.org\/naplouse\/wp-content\/uploads\/sites\/10\/2017\/08\/green-chameleon-21532-768x512.jpg 768w\" sizes=\"auto, (max-width: 618px) 100vw, 618px\" \/><\/span><\/a><\/span><\/p>\n<p class=\"p1\"><span class=\"s1\">4\u00e8me pays d\u2019accueil des \u00e9tudiants \u00e9trangers, 3\u00e8me pays le plus innovant au monde, la France offre une qualit\u00e9 exceptionnelle de formation, qui s\u2019appuie sur un r\u00e9seau d\u2019universit\u00e9s publiques, de grandes \u00e9coles et d\u2019\u00e9tablissements priv\u00e9s de renomm\u00e9e internationale.<\/span><\/p>\n<p class=\"p1\"><span class=\"s1\">La France offre l\u2019un des co\u00fbts de frais d\u2019inscription universitaire les moins \u00e9lev\u00e9s au monde.<\/span><\/p>\n<p class=\"p1\"><span class=\"s1\">Si vous souhaitez vous renseigner pour entreprendre vos d\u00e9marches, conna\u00eetre l\u2019offre universitaire fran\u00e7aises et les modalit\u00e9s d\u2019admission, vous trouverez toutes ces informations sur le <a href=\"http:\/\/www.campusfrance.org\/fr\/rubrique\/etudier-en-france\" target=\"_blank\" rel=\"noopener\">site Campus France<\/a><\/span><\/p>\n<p class=\"p4\"><span class=\"s1\"><b>Pourquoi \u00e9tudier en France\u00a0?<\/b><\/span><\/p>\n<h4 class=\"p4\"><b>DES FORMATIONS FINANC\u00c9ES ET GARANTIES PAR L\u2019\u00c9TAT<\/b><\/h4>\n<p class=\"p5\"><span class=\"s1\">La France finance une part tr\u00e8s importante du co\u00fbt r\u00e9el des \u00e9tudes de chaque \u00e9tudiant (14 000 euros par \u00e9tudiant par an).<\/span><\/p>\n<h4 class=\"p5\"><b>UN ENSEIGNEMENT SUP\u00c9RIEUR D\u2019EXCELLENCE ADAPT\u00c9 \u00c0 TOUS LES BESOINS<\/b><\/h4>\n<p class=\"p5\"><span class=\"s1\">Le syst\u00e8me d\u2019enseignement sup\u00e9rieur fran\u00e7ais s\u2019appuie sur un r\u00e9seau de 3 500 \u00e9tablissements publics et priv\u00e9s.<\/span><\/p>\n<h4 class=\"p5\"><b>UNE RECHERCHE DE HAUT NIVEAU<\/b><\/h4>\n<p class=\"p5\"><span class=\"s1\">La France occupe la 6<\/span><span class=\"s4\">e <\/span><span class=\"s1\">place au monde en termes de d\u00e9pense int\u00e9rieure de Recherche et D\u00e9veloppement. 16 des 55 m\u00e9dailles Fields ont \u00e9t\u00e9 attribu\u00e9es \u00e0 des Fran\u00e7ais. 41,1 % des doctorants inscrits en France sont des \u00e9tudiants internationaux.<\/span><\/p>\n<h4 class=\"p5\"><b>UNE PUISSANCE \u00c9CONOMIQUE DE RANG MONDIAL<\/b><\/h4>\n<p class=\"p5\"><span class=\"s1\">La France est la 6<\/span><span class=\"s4\">e <\/span><span class=\"s1\">puissance \u00e9conomique mondiale, la 2<\/span><span class=\"s4\">e <\/span><span class=\"s1\">puissance europ\u00e9enne en termes de PIB et le 2<\/span><span class=\"s4\">e <\/span><span class=\"s1\">march\u00e9 d\u2019Europe (FMI 2014, Eurostat 2014).<\/span><\/p>\n<h4 class=\"p5\"><b>UNE DESTINATION ATTRACTIVE POUR LES \u00c9TUDIANTS INTERNATIONAUX<\/b><\/h4>\n<p class=\"p5\"><span class=\"s1\">La France est le 4<\/span><span class=\"s4\">e <\/span><span class=\"s1\">pays d\u2019accueil au monde des \u00e9tudiants internationaux, apr\u00e8s les \u00c9tats-Unis, le Royaume-Uni et l\u2019Australie (Unesco, 2014).<\/span><\/p>\n<h4 class=\"p5\"><b>UN ENVIRONNEMENT FAVORABLE \u00c0 L\u2019INNOVATION ET AUX JEUNES ENTREPRENEURS<\/b><\/h4>\n<p class=\"p5\"><span class=\"s1\">La France est le 1<\/span><span class=\"s4\">er <\/span><span class=\"s1\">pays d\u2019Europe repr\u00e9sent\u00e9 dans le top 100 des entreprises les plus innovantes (Thomson Reuters, 2016). Elle occupe le 6<\/span><span class=\"s4\">e <\/span><span class=\"s1\">rang mondial pour le d\u00e9p\u00f4t de brevets internationaux (OMPI, 2013).<\/span><\/p>\n<h4 class=\"p5\"><b>UN CADRE DE VIE AGR\u00c9ABLE ET \u00c9PANOUISSANT AU C\u0152UR DE L\u2019EUROPE<\/b><\/h4>\n<p class=\"p5\"><span class=\"s1\">Int\u00e9gr\u00e9e au c\u0153ur de l\u2019Europe, la France est la 1<\/span><span class=\"s4\">re <\/span><span class=\"s1\">destination touristique mondiale en nombre de visiteurs \u00e9trangers (OMT, 2014). Paris arrive en 2<\/span><span class=\"s4\">e <\/span><span class=\"s1\">position du classement des meilleures villes o\u00f9 il fait bon \u00e9tudier (QS Best Student Cities, 2017).<\/span><\/p>\n<h4 class=\"p5\"><b>UN ART DE VIVRE \u00ab \u00c0 LA FRAN\u00c7AISE \u00bb<\/b><\/h4>\n<p class=\"p5\"><span class=\"s1\">Plus de 40 000 monuments et sites prot\u00e9g\u00e9s, 41 sites culturels class\u00e9s au Patrimoine mondial de l\u2019Unesco, 8 000 mus\u00e9es, 2 000 cin\u00e9mas et pr\u00e8s de 500 festivals.<\/span><\/p>\n<h4 class=\"p5\"><b>LE FRAN\u00c7AIS, UNE LANGUE INTERNATIONALE<\/b><\/h4>\n<p class=\"p5\"><span class=\"s1\">5<\/span><span class=\"s4\">e <\/span><span class=\"s1\">langue la plus parl\u00e9e avec 274 millions de locuteurs. Le fran\u00e7ais est, apr\u00e8s l\u2019anglais, la langue la plus apprise au monde. Le fran\u00e7ais est la 3<\/span><span class=\"s4\">e <\/span><span class=\"s1\">langue des affaires et la 2<\/span><span class=\"s4\">e <\/span><span class=\"s1\">langue d\u2019information internationale (OIF, 2014).<\/span><\/p>\n<h4 class=\"p5\"><b>UNE INDUSTRIE DE POINTE, DES ENTREPRISES LEADER \u00c0 L\u2019INTERNATIONAL<\/b><\/h4>\n<p class=\"p5\"><span class=\"s1\">La France compte 31 entreprises parmi les 500 premi\u00e8res au monde (Fortune Global 500, 2014).\u00a0<\/span><\/p>\n<p class=\"p6\"><span class=\"s1\">Vous souhaitez poursuivre vos \u00e9tudes en France\u00a0? <\/span><\/p>\n<p class=\"p7\"><span class=\"s5\">Contactez-nous \u00e0 cette adresse\u00a0: <a href=\"mailto:universitaire@consulfrance-jerusalem.org\"><span class=\"s2\">universitaire@consulfrance-jerusalem.org<\/span><\/a><\/span><\/p>\n","protected":false},"excerpt":{"rendered":"<p>4\u00e8me pays d\u2019accueil des \u00e9tudiants \u00e9trangers, 3\u00e8me pays le plus innovant au monde, la France offre une qualit\u00e9 exceptionnelle de formation, qui s\u2019appuie sur un r\u00e9seau d\u2019universit\u00e9s publiques, de grandes \u00e9coles et d\u2019\u00e9tablissements priv\u00e9s de renomm\u00e9e internationale. La France offre l\u2019un des co\u00fbts de frais d\u2019inscription universitaire les moins \u00e9lev\u00e9s au monde. Si vous souhaitez &hellip;<\/p>\n","protected":false},"author":1,"featured_media":0,"parent":0,"menu_order":0,"comment_status":"closed","ping_status":"closed","template":"","meta":{"footnotes":""},"class_list":["post-2047","page","type-page","status-publish",""],"yoast_head":"<!-- This site is optimized with the Yoast SEO plugin v27.5 - https:\/\/yoast.com\/product\/yoast-seo-wordpress\/ -->\n<title>ETUDIER EN FRANCE - Institut Fran\u00e7ais de J\u00e9rusalem - Naplouse<\/title>\n<meta name=\"robots\" content=\"index, follow, max-snippet:-1, max-image-preview:large, max-video-preview:-1\" \/>\n<link rel=\"canonical\" href=\"https:\/\/www.institutfrancais-jerusalem.org\/naplouse\/etudier-en-france\/\" \/>\n<meta property=\"og:locale\" content=\"fr_FR\" \/>\n<meta property=\"og:type\" content=\"article\" \/>\n<meta property=\"og:title\" content=\"ETUDIER EN FRANCE - Institut Fran\u00e7ais de J\u00e9rusalem - Naplouse\" \/>\n<meta property=\"og:description\" content=\"4\u00e8me pays d\u2019accueil des \u00e9tudiants \u00e9trangers, 3\u00e8me pays le plus innovant au monde, la France offre une qualit\u00e9 exceptionnelle de formation, qui s\u2019appuie sur un r\u00e9seau d\u2019universit\u00e9s publiques, de grandes \u00e9coles et d\u2019\u00e9tablissements priv\u00e9s de renomm\u00e9e internationale. La France offre l\u2019un des co\u00fbts de frais d\u2019inscription universitaire les moins \u00e9lev\u00e9s au monde. Si vous souhaitez &hellip;\" \/>\n<meta property=\"og:url\" content=\"https:\/\/www.institutfrancais-jerusalem.org\/naplouse\/etudier-en-france\/\" \/>\n<meta property=\"og:site_name\" content=\"Institut Fran\u00e7ais de J\u00e9rusalem - Naplouse\" \/>\n<meta property=\"article:modified_time\" content=\"2018-01-08T09:49:53+00:00\" \/>\n<meta property=\"og:image\" content=\"https:\/\/www.institutfrancais-jerusalem.org\/naplouse\/wp-content\/uploads\/sites\/10\/2017\/08\/green-chameleon-21532-1024x683.jpg\" \/>\n<meta name=\"twitter:card\" content=\"summary_large_image\" \/>\n<meta name=\"twitter:label1\" content=\"Dur\u00e9e de lecture estim\u00e9e\" \/>\n\t<meta name=\"twitter:data1\" content=\"2 minutes\" \/>\n<script type=\"application\/ld+json\" class=\"yoast-schema-graph\">{\"@context\":\"https:\\\/\\\/schema.org\",\"@graph\":[{\"@type\":\"WebPage\",\"@id\":\"https:\\\/\\\/www.institutfrancais-jerusalem.org\\\/naplouse\\\/etudier-en-france\\\/\",\"url\":\"https:\\\/\\\/www.institutfrancais-jerusalem.org\\\/naplouse\\\/etudier-en-france\\\/\",\"name\":\"ETUDIER EN FRANCE - Institut Fran\u00e7ais de J\u00e9rusalem - Naplouse\",\"isPartOf\":{\"@id\":\"https:\\\/\\\/www.institutfrancais-jerusalem.org\\\/naplouse\\\/#website\"},\"primaryImageOfPage\":{\"@id\":\"https:\\\/\\\/www.institutfrancais-jerusalem.org\\\/naplouse\\\/etudier-en-france\\\/#primaryimage\"},\"image\":{\"@id\":\"https:\\\/\\\/www.institutfrancais-jerusalem.org\\\/naplouse\\\/etudier-en-france\\\/#primaryimage\"},\"thumbnailUrl\":\"https:\\\/\\\/www.institutfrancais-jerusalem.org\\\/naplouse\\\/wp-content\\\/uploads\\\/sites\\\/10\\\/2017\\\/08\\\/green-chameleon-21532-1024x683.jpg\",\"datePublished\":\"2017-08-07T20:20:16+00:00\",\"dateModified\":\"2018-01-08T09:49:53+00:00\",\"breadcrumb\":{\"@id\":\"https:\\\/\\\/www.institutfrancais-jerusalem.org\\\/naplouse\\\/etudier-en-france\\\/#breadcrumb\"},\"inLanguage\":\"fr-FR\",\"potentialAction\":[{\"@type\":\"ReadAction\",\"target\":[\"https:\\\/\\\/www.institutfrancais-jerusalem.org\\\/naplouse\\\/etudier-en-france\\\/\"]}]},{\"@type\":\"ImageObject\",\"inLanguage\":\"fr-FR\",\"@id\":\"https:\\\/\\\/www.institutfrancais-jerusalem.org\\\/naplouse\\\/etudier-en-france\\\/#primaryimage\",\"url\":\"https:\\\/\\\/www.institutfrancais-jerusalem.org\\\/naplouse\\\/wp-content\\\/uploads\\\/sites\\\/10\\\/2017\\\/08\\\/green-chameleon-21532.jpg\",\"contentUrl\":\"https:\\\/\\\/www.institutfrancais-jerusalem.org\\\/naplouse\\\/wp-content\\\/uploads\\\/sites\\\/10\\\/2017\\\/08\\\/green-chameleon-21532.jpg\",\"width\":3200,\"height\":2133},{\"@type\":\"BreadcrumbList\",\"@id\":\"https:\\\/\\\/www.institutfrancais-jerusalem.org\\\/naplouse\\\/etudier-en-france\\\/#breadcrumb\",\"itemListElement\":[{\"@type\":\"ListItem\",\"position\":1,\"name\":\"Accueil\",\"item\":\"https:\\\/\\\/www.institutfrancais-jerusalem.org\\\/naplouse\\\/\"},{\"@type\":\"ListItem\",\"position\":2,\"name\":\"ETUDIER EN FRANCE\"}]},{\"@type\":\"WebSite\",\"@id\":\"https:\\\/\\\/www.institutfrancais-jerusalem.org\\\/naplouse\\\/#website\",\"url\":\"https:\\\/\\\/www.institutfrancais-jerusalem.org\\\/naplouse\\\/\",\"name\":\"Institut Fran\u00e7ais de J\u00e9rusalem - Naplouse\",\"description\":\"\",\"potentialAction\":[{\"@type\":\"SearchAction\",\"target\":{\"@type\":\"EntryPoint\",\"urlTemplate\":\"https:\\\/\\\/www.institutfrancais-jerusalem.org\\\/naplouse\\\/?s={search_term_string}\"},\"query-input\":{\"@type\":\"PropertyValueSpecification\",\"valueRequired\":true,\"valueName\":\"search_term_string\"}}],\"inLanguage\":\"fr-FR\"}]}<\/script>\n<!-- \/ Yoast SEO plugin. -->","yoast_head_json":{"title":"ETUDIER EN FRANCE - Institut Fran\u00e7ais de J\u00e9rusalem - Naplouse","robots":{"index":"index","follow":"follow","max-snippet":"max-snippet:-1","max-image-preview":"max-image-preview:large","max-video-preview":"max-video-preview:-1"},"canonical":"https:\/\/www.institutfrancais-jerusalem.org\/naplouse\/etudier-en-france\/","og_locale":"fr_FR","og_type":"article","og_title":"ETUDIER EN FRANCE - Institut Fran\u00e7ais de J\u00e9rusalem - Naplouse","og_description":"4\u00e8me pays d\u2019accueil des \u00e9tudiants \u00e9trangers, 3\u00e8me pays le plus innovant au monde, la France offre une qualit\u00e9 exceptionnelle de formation, qui s\u2019appuie sur un r\u00e9seau d\u2019universit\u00e9s publiques, de grandes \u00e9coles et d\u2019\u00e9tablissements priv\u00e9s de renomm\u00e9e internationale. La France offre l\u2019un des co\u00fbts de frais d\u2019inscription universitaire les moins \u00e9lev\u00e9s au monde. Si vous souhaitez &hellip;","og_url":"https:\/\/www.institutfrancais-jerusalem.org\/naplouse\/etudier-en-france\/","og_site_name":"Institut Fran\u00e7ais de J\u00e9rusalem - Naplouse","article_modified_time":"2018-01-08T09:49:53+00:00","og_image":[{"url":"https:\/\/www.institutfrancais-jerusalem.org\/naplouse\/wp-content\/uploads\/sites\/10\/2017\/08\/green-chameleon-21532-1024x683.jpg","type":"","width":"","height":""}],"twitter_card":"summary_large_image","twitter_misc":{"Dur\u00e9e de lecture estim\u00e9e":"2 minutes"},"schema":{"@context":"https:\/\/schema.org","@graph":[{"@type":"WebPage","@id":"https:\/\/www.institutfrancais-jerusalem.org\/naplouse\/etudier-en-france\/","url":"https:\/\/www.institutfrancais-jerusalem.org\/naplouse\/etudier-en-france\/","name":"ETUDIER EN FRANCE - Institut Fran\u00e7ais de J\u00e9rusalem - Naplouse","isPartOf":{"@id":"https:\/\/www.institutfrancais-jerusalem.org\/naplouse\/#website"},"primaryImageOfPage":{"@id":"https:\/\/www.institutfrancais-jerusalem.org\/naplouse\/etudier-en-france\/#primaryimage"},"image":{"@id":"https:\/\/www.institutfrancais-jerusalem.org\/naplouse\/etudier-en-france\/#primaryimage"},"thumbnailUrl":"https:\/\/www.institutfrancais-jerusalem.org\/naplouse\/wp-content\/uploads\/sites\/10\/2017\/08\/green-chameleon-21532-1024x683.jpg","datePublished":"2017-08-07T20:20:16+00:00","dateModified":"2018-01-08T09:49:53+00:00","breadcrumb":{"@id":"https:\/\/www.institutfrancais-jerusalem.org\/naplouse\/etudier-en-france\/#breadcrumb"},"inLanguage":"fr-FR","potentialAction":[{"@type":"ReadAction","target":["https:\/\/www.institutfrancais-jerusalem.org\/naplouse\/etudier-en-france\/"]}]},{"@type":"ImageObject","inLanguage":"fr-FR","@id":"https:\/\/www.institutfrancais-jerusalem.org\/naplouse\/etudier-en-france\/#primaryimage","url":"https:\/\/www.institutfrancais-jerusalem.org\/naplouse\/wp-content\/uploads\/sites\/10\/2017\/08\/green-chameleon-21532.jpg","contentUrl":"https:\/\/www.institutfrancais-jerusalem.org\/naplouse\/wp-content\/uploads\/sites\/10\/2017\/08\/green-chameleon-21532.jpg","width":3200,"height":2133},{"@type":"BreadcrumbList","@id":"https:\/\/www.institutfrancais-jerusalem.org\/naplouse\/etudier-en-france\/#breadcrumb","itemListElement":[{"@type":"ListItem","position":1,"name":"Accueil","item":"https:\/\/www.institutfrancais-jerusalem.org\/naplouse\/"},{"@type":"ListItem","position":2,"name":"ETUDIER EN FRANCE"}]},{"@type":"WebSite","@id":"https:\/\/www.institutfrancais-jerusalem.org\/naplouse\/#website","url":"https:\/\/www.institutfrancais-jerusalem.org\/naplouse\/","name":"Institut Fran\u00e7ais de J\u00e9rusalem - Naplouse","description":"","potentialAction":[{"@type":"SearchAction","target":{"@type":"EntryPoint","urlTemplate":"https:\/\/www.institutfrancais-jerusalem.org\/naplouse\/?s={search_term_string}"},"query-input":{"@type":"PropertyValueSpecification","valueRequired":true,"valueName":"search_term_string"}}],"inLanguage":"fr-FR"}]}},"_links":{"self":[{"href":"https:\/\/www.institutfrancais-jerusalem.org\/naplouse\/wp-json\/wp\/v2\/pages\/2047","targetHints":{"allow":["GET"]}}],"collection":[{"href":"https:\/\/www.institutfrancais-jerusalem.org\/naplouse\/wp-json\/wp\/v2\/pages"}],"about":[{"href":"https:\/\/www.institutfrancais-jerusalem.org\/naplouse\/wp-json\/wp\/v2\/types\/page"}],"author":[{"embeddable":true,"href":"https:\/\/www.institutfrancais-jerusalem.org\/naplouse\/wp-json\/wp\/v2\/users\/1"}],"replies":[{"embeddable":true,"href":"https:\/\/www.institutfrancais-jerusalem.org\/naplouse\/wp-json\/wp\/v2\/comments?post=2047"}],"version-history":[{"count":4,"href":"https:\/\/www.institutfrancais-jerusalem.org\/naplouse\/wp-json\/wp\/v2\/pages\/2047\/revisions"}],"predecessor-version":[{"id":2444,"href":"https:\/\/www.institutfrancais-jerusalem.org\/naplouse\/wp-json\/wp\/v2\/pages\/2047\/revisions\/2444"}],"wp:attachment":[{"href":"https:\/\/www.institutfrancais-jerusalem.org\/naplouse\/wp-json\/wp\/v2\/media?parent=2047"}],"curies":[{"name":"wp","href":"https:\/\/api.w.org\/{rel}","templated":true}]}}