{"id":1563,"date":"2017-08-07T19:54:47","date_gmt":"2017-08-07T17:54:47","guid":{"rendered":"http:\/\/ifjerusalem-romaingary.org\/?page_id=1563"},"modified":"2018-03-21T13:14:45","modified_gmt":"2018-03-21T12:14:45","slug":"diplomes-et-certifications","status":"publish","type":"page","link":"https:\/\/www.institutfrancais-jerusalem.org\/naplouse\/cours-de-francais\/diplomes-et-certifications\/","title":{"rendered":"DIPLOMES ET CERTIFICATIONS"},"content":{"rendered":"<h4 class=\"p2\"><span class=\"s1\">Pourquoi certifier son niveau de fran\u00e7ais ?<\/span><\/h4>\n<p>&#8211; Pour attester officiellement de votre niveau de langue, valeur ajout\u00e9e dans votre parcours et dans votre CV<br \/>\n&#8211; Pour compl\u00e9ter un dossier de mobilit\u00e9 vers les pays francophones<\/p>\n<h4 class=\"p2\"><span class=\"s3\"><b>Le DELF et le DALF<\/b><\/span><\/h4>\n<p><img loading=\"lazy\" decoding=\"async\" class=\"size-full wp-image-2474 alignnone\" src=\"https:\/\/www.institutfrancais-jerusalem.org\/wp-content\/uploads\/2017\/08\/DELF-DALF.jpg\" alt=\"\" width=\"800\" height=\"484\" \/><\/p>\n<p class=\"p2\"><span class=\"s1\">Le DELF (dipl\u00f4me d\u2019\u00e9tudes en langue fran\u00e7aise) et le DALF (dipl\u00f4me approfondi de langue fran\u00e7aise) sont des dipl\u00f4mes des minist\u00e8res fran\u00e7ais de l\u2019Education nationale et de l\u2019Enseignement sup\u00e9rieur. Ils se d\u00e9clinent en 6 niveaux : A1, A2, B1, B2, C1 et C2.<\/span><\/p>\n<p class=\"p2\"><span class=\"s1\">Diff\u00e9rentes d\u00e9clinaisons existent :<\/span><\/p>\n<p>&#8211; <strong>DELF\/DALF tout public : <\/strong>pour tout adulte de plus de 18 ans<br \/>\n&#8211; <strong>DELF PRO<\/strong>\u00a0: pour tout adulte de plus de 18 ans<br \/>\n&#8211; <strong>DELF PRIM<\/strong> : pour les enfants de 8 \u00e0 12 ans<br \/>\n&#8211; <strong>DELF JUNIOR<\/strong> : pour les adolescents de 12 \u00e0 18 ans.<\/p>\n<p class=\"p2\"><span class=\"s1\">Ils sont tous valables \u00e0 vie.<\/span><\/p>\n<h4 class=\"p2\"><span class=\"s3\"><b>TCF \/TEF<\/b><\/span><\/h4>\n<p><img loading=\"lazy\" decoding=\"async\" class=\"size-full wp-image-2476 alignnone\" src=\"https:\/\/www.institutfrancais-jerusalem.org\/wp-content\/uploads\/2017\/08\/tef-test-evaluation-francais-preparation.png\" alt=\"\" width=\"742\" height=\"539\" \/><\/p>\n<p class=\"p2\"><span class=\"s1\">Le test de connaissance du fran\u00e7ais(TCF) et le test d\u2019\u00e9valuation du fran\u00e7ais (TEF) vous permettront de vous positionner sur l\u2019\u00e9chelle de niveaux du cadre europ\u00e9en. Ils pourront vous \u00eatre demand\u00e9s dans le cadre d\u2019une mobilit\u00e9 vers des pays francophones ou anglophones.<\/span><\/p>\n<p class=\"p2\"><span class=\"s1\">Ils sont valables 2 ans.<\/span><\/p>\n<p>&nbsp;<\/p>\n<p><img loading=\"lazy\" decoding=\"async\" class=\"alignnone size-full wp-image-2536\" src=\"https:\/\/www.institutfrancais-jerusalem.org\/naplouse\/wp-content\/uploads\/sites\/10\/2018\/03\/Untitled-4.jpg\" alt=\"\" width=\"1111\" height=\"394\" srcset=\"https:\/\/www.institutfrancais-jerusalem.org\/naplouse\/wp-content\/uploads\/sites\/10\/2018\/03\/Untitled-4.jpg 1111w, https:\/\/www.institutfrancais-jerusalem.org\/naplouse\/wp-content\/uploads\/sites\/10\/2018\/03\/Untitled-4-300x106.jpg 300w, https:\/\/www.institutfrancais-jerusalem.org\/naplouse\/wp-content\/uploads\/sites\/10\/2018\/03\/Untitled-4-768x272.jpg 768w, https:\/\/www.institutfrancais-jerusalem.org\/naplouse\/wp-content\/uploads\/sites\/10\/2018\/03\/Untitled-4-1024x363.jpg 1024w\" sizes=\"auto, (max-width: 1111px) 100vw, 1111px\" \/><\/p>\n<p>&nbsp;<\/p>\n","protected":false},"excerpt":{"rendered":"<p>Pourquoi certifier son niveau de fran\u00e7ais ? &#8211; Pour attester officiellement de votre niveau de langue, valeur ajout\u00e9e dans votre parcours et dans votre CV &#8211; Pour compl\u00e9ter un dossier de mobilit\u00e9 vers les pays francophones Le DELF et le DALF Le DELF (dipl\u00f4me d\u2019\u00e9tudes en langue fran\u00e7aise) et le DALF (dipl\u00f4me approfondi de langue &hellip;<\/p>\n","protected":false},"author":1,"featured_media":0,"parent":1326,"menu_order":0,"comment_status":"closed","ping_status":"closed","template":"","meta":{"footnotes":""},"class_list":["post-1563","page","type-page","status-publish",""],"yoast_head":"<!-- This site is optimized with the Yoast SEO plugin v27.5 - https:\/\/yoast.com\/product\/yoast-seo-wordpress\/ -->\n<title>DIPLOMES ET CERTIFICATIONS - Institut Fran\u00e7ais de J\u00e9rusalem - Naplouse<\/title>\n<meta name=\"robots\" content=\"index, follow, max-snippet:-1, max-image-preview:large, max-video-preview:-1\" \/>\n<link rel=\"canonical\" href=\"https:\/\/www.institutfrancais-jerusalem.org\/naplouse\/cours-de-francais\/diplomes-et-certifications\/\" \/>\n<meta property=\"og:locale\" content=\"fr_FR\" \/>\n<meta property=\"og:type\" content=\"article\" \/>\n<meta property=\"og:title\" content=\"DIPLOMES ET CERTIFICATIONS - Institut Fran\u00e7ais de J\u00e9rusalem - Naplouse\" \/>\n<meta property=\"og:description\" content=\"Pourquoi certifier son niveau de fran\u00e7ais ? &#8211; Pour attester officiellement de votre niveau de langue, valeur ajout\u00e9e dans votre parcours et dans votre CV &#8211; Pour compl\u00e9ter un dossier de mobilit\u00e9 vers les pays francophones Le DELF et le DALF Le DELF (dipl\u00f4me d\u2019\u00e9tudes en langue fran\u00e7aise) et le DALF (dipl\u00f4me approfondi de langue &hellip;\" \/>\n<meta property=\"og:url\" content=\"https:\/\/www.institutfrancais-jerusalem.org\/naplouse\/cours-de-francais\/diplomes-et-certifications\/\" \/>\n<meta property=\"og:site_name\" content=\"Institut Fran\u00e7ais de J\u00e9rusalem - Naplouse\" \/>\n<meta property=\"article:modified_time\" content=\"2018-03-21T12:14:45+00:00\" \/>\n<meta property=\"og:image\" content=\"https:\/\/www.institutfrancais-jerusalem.org\/wp-content\/uploads\/2017\/08\/DELF-DALF.jpg\" \/>\n<meta name=\"twitter:card\" content=\"summary_large_image\" \/>\n<meta name=\"twitter:label1\" content=\"Dur\u00e9e de lecture estim\u00e9e\" \/>\n\t<meta name=\"twitter:data1\" content=\"1 minute\" \/>\n<script type=\"application\/ld+json\" class=\"yoast-schema-graph\">{\"@context\":\"https:\\\/\\\/schema.org\",\"@graph\":[{\"@type\":\"WebPage\",\"@id\":\"https:\\\/\\\/www.institutfrancais-jerusalem.org\\\/naplouse\\\/cours-de-francais\\\/diplomes-et-certifications\\\/\",\"url\":\"https:\\\/\\\/www.institutfrancais-jerusalem.org\\\/naplouse\\\/cours-de-francais\\\/diplomes-et-certifications\\\/\",\"name\":\"DIPLOMES ET CERTIFICATIONS - Institut Fran\u00e7ais de J\u00e9rusalem - Naplouse\",\"isPartOf\":{\"@id\":\"https:\\\/\\\/www.institutfrancais-jerusalem.org\\\/naplouse\\\/#website\"},\"primaryImageOfPage\":{\"@id\":\"https:\\\/\\\/www.institutfrancais-jerusalem.org\\\/naplouse\\\/cours-de-francais\\\/diplomes-et-certifications\\\/#primaryimage\"},\"image\":{\"@id\":\"https:\\\/\\\/www.institutfrancais-jerusalem.org\\\/naplouse\\\/cours-de-francais\\\/diplomes-et-certifications\\\/#primaryimage\"},\"thumbnailUrl\":\"https:\\\/\\\/www.institutfrancais-jerusalem.org\\\/wp-content\\\/uploads\\\/2017\\\/08\\\/DELF-DALF.jpg\",\"datePublished\":\"2017-08-07T17:54:47+00:00\",\"dateModified\":\"2018-03-21T12:14:45+00:00\",\"breadcrumb\":{\"@id\":\"https:\\\/\\\/www.institutfrancais-jerusalem.org\\\/naplouse\\\/cours-de-francais\\\/diplomes-et-certifications\\\/#breadcrumb\"},\"inLanguage\":\"fr-FR\",\"potentialAction\":[{\"@type\":\"ReadAction\",\"target\":[\"https:\\\/\\\/www.institutfrancais-jerusalem.org\\\/naplouse\\\/cours-de-francais\\\/diplomes-et-certifications\\\/\"]}]},{\"@type\":\"ImageObject\",\"inLanguage\":\"fr-FR\",\"@id\":\"https:\\\/\\\/www.institutfrancais-jerusalem.org\\\/naplouse\\\/cours-de-francais\\\/diplomes-et-certifications\\\/#primaryimage\",\"url\":\"https:\\\/\\\/www.institutfrancais-jerusalem.org\\\/wp-content\\\/uploads\\\/2017\\\/08\\\/DELF-DALF.jpg\",\"contentUrl\":\"https:\\\/\\\/www.institutfrancais-jerusalem.org\\\/wp-content\\\/uploads\\\/2017\\\/08\\\/DELF-DALF.jpg\"},{\"@type\":\"BreadcrumbList\",\"@id\":\"https:\\\/\\\/www.institutfrancais-jerusalem.org\\\/naplouse\\\/cours-de-francais\\\/diplomes-et-certifications\\\/#breadcrumb\",\"itemListElement\":[{\"@type\":\"ListItem\",\"position\":1,\"name\":\"Accueil\",\"item\":\"https:\\\/\\\/www.institutfrancais-jerusalem.org\\\/naplouse\\\/\"},{\"@type\":\"ListItem\",\"position\":2,\"name\":\"COURS DE FRANCAIS\",\"item\":\"https:\\\/\\\/www.institutfrancais-jerusalem.org\\\/naplouse\\\/cours-de-francais\\\/\"},{\"@type\":\"ListItem\",\"position\":3,\"name\":\"DIPLOMES ET CERTIFICATIONS\"}]},{\"@type\":\"WebSite\",\"@id\":\"https:\\\/\\\/www.institutfrancais-jerusalem.org\\\/naplouse\\\/#website\",\"url\":\"https:\\\/\\\/www.institutfrancais-jerusalem.org\\\/naplouse\\\/\",\"name\":\"Institut Fran\u00e7ais de J\u00e9rusalem - Naplouse\",\"description\":\"\",\"potentialAction\":[{\"@type\":\"SearchAction\",\"target\":{\"@type\":\"EntryPoint\",\"urlTemplate\":\"https:\\\/\\\/www.institutfrancais-jerusalem.org\\\/naplouse\\\/?s={search_term_string}\"},\"query-input\":{\"@type\":\"PropertyValueSpecification\",\"valueRequired\":true,\"valueName\":\"search_term_string\"}}],\"inLanguage\":\"fr-FR\"}]}<\/script>\n<!-- \/ Yoast SEO plugin. -->","yoast_head_json":{"title":"DIPLOMES ET CERTIFICATIONS - Institut Fran\u00e7ais de J\u00e9rusalem - Naplouse","robots":{"index":"index","follow":"follow","max-snippet":"max-snippet:-1","max-image-preview":"max-image-preview:large","max-video-preview":"max-video-preview:-1"},"canonical":"https:\/\/www.institutfrancais-jerusalem.org\/naplouse\/cours-de-francais\/diplomes-et-certifications\/","og_locale":"fr_FR","og_type":"article","og_title":"DIPLOMES ET CERTIFICATIONS - Institut Fran\u00e7ais de J\u00e9rusalem - Naplouse","og_description":"Pourquoi certifier son niveau de fran\u00e7ais ? &#8211; Pour attester officiellement de votre niveau de langue, valeur ajout\u00e9e dans votre parcours et dans votre CV &#8211; Pour compl\u00e9ter un dossier de mobilit\u00e9 vers les pays francophones Le DELF et le DALF Le DELF (dipl\u00f4me d\u2019\u00e9tudes en langue fran\u00e7aise) et le DALF (dipl\u00f4me approfondi de langue &hellip;","og_url":"https:\/\/www.institutfrancais-jerusalem.org\/naplouse\/cours-de-francais\/diplomes-et-certifications\/","og_site_name":"Institut Fran\u00e7ais de J\u00e9rusalem - Naplouse","article_modified_time":"2018-03-21T12:14:45+00:00","og_image":[{"url":"https:\/\/www.institutfrancais-jerusalem.org\/wp-content\/uploads\/2017\/08\/DELF-DALF.jpg","type":"","width":"","height":""}],"twitter_card":"summary_large_image","twitter_misc":{"Dur\u00e9e de lecture estim\u00e9e":"1 minute"},"schema":{"@context":"https:\/\/schema.org","@graph":[{"@type":"WebPage","@id":"https:\/\/www.institutfrancais-jerusalem.org\/naplouse\/cours-de-francais\/diplomes-et-certifications\/","url":"https:\/\/www.institutfrancais-jerusalem.org\/naplouse\/cours-de-francais\/diplomes-et-certifications\/","name":"DIPLOMES ET CERTIFICATIONS - Institut Fran\u00e7ais de J\u00e9rusalem - Naplouse","isPartOf":{"@id":"https:\/\/www.institutfrancais-jerusalem.org\/naplouse\/#website"},"primaryImageOfPage":{"@id":"https:\/\/www.institutfrancais-jerusalem.org\/naplouse\/cours-de-francais\/diplomes-et-certifications\/#primaryimage"},"image":{"@id":"https:\/\/www.institutfrancais-jerusalem.org\/naplouse\/cours-de-francais\/diplomes-et-certifications\/#primaryimage"},"thumbnailUrl":"https:\/\/www.institutfrancais-jerusalem.org\/wp-content\/uploads\/2017\/08\/DELF-DALF.jpg","datePublished":"2017-08-07T17:54:47+00:00","dateModified":"2018-03-21T12:14:45+00:00","breadcrumb":{"@id":"https:\/\/www.institutfrancais-jerusalem.org\/naplouse\/cours-de-francais\/diplomes-et-certifications\/#breadcrumb"},"inLanguage":"fr-FR","potentialAction":[{"@type":"ReadAction","target":["https:\/\/www.institutfrancais-jerusalem.org\/naplouse\/cours-de-francais\/diplomes-et-certifications\/"]}]},{"@type":"ImageObject","inLanguage":"fr-FR","@id":"https:\/\/www.institutfrancais-jerusalem.org\/naplouse\/cours-de-francais\/diplomes-et-certifications\/#primaryimage","url":"https:\/\/www.institutfrancais-jerusalem.org\/wp-content\/uploads\/2017\/08\/DELF-DALF.jpg","contentUrl":"https:\/\/www.institutfrancais-jerusalem.org\/wp-content\/uploads\/2017\/08\/DELF-DALF.jpg"},{"@type":"BreadcrumbList","@id":"https:\/\/www.institutfrancais-jerusalem.org\/naplouse\/cours-de-francais\/diplomes-et-certifications\/#breadcrumb","itemListElement":[{"@type":"ListItem","position":1,"name":"Accueil","item":"https:\/\/www.institutfrancais-jerusalem.org\/naplouse\/"},{"@type":"ListItem","position":2,"name":"COURS DE FRANCAIS","item":"https:\/\/www.institutfrancais-jerusalem.org\/naplouse\/cours-de-francais\/"},{"@type":"ListItem","position":3,"name":"DIPLOMES ET CERTIFICATIONS"}]},{"@type":"WebSite","@id":"https:\/\/www.institutfrancais-jerusalem.org\/naplouse\/#website","url":"https:\/\/www.institutfrancais-jerusalem.org\/naplouse\/","name":"Institut Fran\u00e7ais de J\u00e9rusalem - Naplouse","description":"","potentialAction":[{"@type":"SearchAction","target":{"@type":"EntryPoint","urlTemplate":"https:\/\/www.institutfrancais-jerusalem.org\/naplouse\/?s={search_term_string}"},"query-input":{"@type":"PropertyValueSpecification","valueRequired":true,"valueName":"search_term_string"}}],"inLanguage":"fr-FR"}]}},"_links":{"self":[{"href":"https:\/\/www.institutfrancais-jerusalem.org\/naplouse\/wp-json\/wp\/v2\/pages\/1563","targetHints":{"allow":["GET"]}}],"collection":[{"href":"https:\/\/www.institutfrancais-jerusalem.org\/naplouse\/wp-json\/wp\/v2\/pages"}],"about":[{"href":"https:\/\/www.institutfrancais-jerusalem.org\/naplouse\/wp-json\/wp\/v2\/types\/page"}],"author":[{"embeddable":true,"href":"https:\/\/www.institutfrancais-jerusalem.org\/naplouse\/wp-json\/wp\/v2\/users\/1"}],"replies":[{"embeddable":true,"href":"https:\/\/www.institutfrancais-jerusalem.org\/naplouse\/wp-json\/wp\/v2\/comments?post=1563"}],"version-history":[{"count":5,"href":"https:\/\/www.institutfrancais-jerusalem.org\/naplouse\/wp-json\/wp\/v2\/pages\/1563\/revisions"}],"predecessor-version":[{"id":2538,"href":"https:\/\/www.institutfrancais-jerusalem.org\/naplouse\/wp-json\/wp\/v2\/pages\/1563\/revisions\/2538"}],"up":[{"embeddable":true,"href":"https:\/\/www.institutfrancais-jerusalem.org\/naplouse\/wp-json\/wp\/v2\/pages\/1326"}],"wp:attachment":[{"href":"https:\/\/www.institutfrancais-jerusalem.org\/naplouse\/wp-json\/wp\/v2\/media?parent=1563"}],"curies":[{"name":"wp","href":"https:\/\/api.w.org\/{rel}","templated":true}]}}