{"id":1559,"date":"2017-08-07T19:53:54","date_gmt":"2017-08-07T17:53:54","guid":{"rendered":"http:\/\/ifjerusalem-romaingary.org\/?page_id=1559"},"modified":"2017-09-21T16:21:12","modified_gmt":"2017-09-21T14:21:12","slug":"cours-enfants","status":"publish","type":"page","link":"https:\/\/www.institutfrancais-jerusalem.org\/naplouse\/cours-de-francais\/cours-enfants\/","title":{"rendered":"COURS ENFANTS"},"content":{"rendered":"<p class=\"p1\"><span class=\"s1\">Une approche ludique et interactive de l\u2019apprentissage du fran\u00e7ais est propos\u00e9e dans les antennes de l\u2019Institut fran\u00e7ais de J\u00e9rusalem lors de sessions de cours durant l\u2019ann\u00e9e scolaire. Nous proposons aussi des camps de vacances qui m\u00e9langent apprentissage du fran\u00e7ais et activit\u00e9s\u00a0: jeux, activit\u00e9s manuelles, ateliers.<\/span><\/p>\n<p class=\"p1\"><span class=\"s1\">Consultez les calendriers des antennes de l\u2019Institut fran\u00e7ais de J\u00e9rusalem pour vous inscrire\u00a0:<\/span><\/p>\n<ul>\n<li class=\"li1\"><span class=\"s1\">Lien CHATEAUBRIAND<\/span><\/li>\n<li class=\"li1\"><span class=\"s1\">Lien RAMALLAH<\/span><\/li>\n<li class=\"li1\"><span class=\"s1\">Lien NAPLOUSE<\/span><\/li>\n<li class=\"li1\"><span class=\"s1\">Lien GAZA<\/span><\/li>\n<\/ul>\n","protected":false},"excerpt":{"rendered":"<p>Une approche ludique et interactive de l\u2019apprentissage du fran\u00e7ais est propos\u00e9e dans les antennes de l\u2019Institut fran\u00e7ais de J\u00e9rusalem lors de sessions de cours durant l\u2019ann\u00e9e scolaire. Nous proposons aussi des camps de vacances qui m\u00e9langent apprentissage du fran\u00e7ais et activit\u00e9s\u00a0: jeux, activit\u00e9s manuelles, ateliers. Consultez les calendriers des antennes de l\u2019Institut fran\u00e7ais de J\u00e9rusalem &hellip;<\/p>\n","protected":false},"author":1,"featured_media":0,"parent":1326,"menu_order":0,"comment_status":"closed","ping_status":"closed","template":"","meta":{"footnotes":""},"class_list":["post-1559","page","type-page","status-publish",""],"yoast_head":"<!-- This site is optimized with the Yoast SEO plugin v27.5 - https:\/\/yoast.com\/product\/yoast-seo-wordpress\/ -->\n<title>COURS ENFANTS - Institut Fran\u00e7ais de J\u00e9rusalem - Naplouse<\/title>\n<meta name=\"robots\" content=\"index, follow, max-snippet:-1, max-image-preview:large, max-video-preview:-1\" \/>\n<link rel=\"canonical\" href=\"https:\/\/www.institutfrancais-jerusalem.org\/naplouse\/cours-de-francais\/cours-enfants\/\" \/>\n<meta property=\"og:locale\" content=\"fr_FR\" \/>\n<meta property=\"og:type\" content=\"article\" \/>\n<meta property=\"og:title\" content=\"COURS ENFANTS - Institut Fran\u00e7ais de J\u00e9rusalem - Naplouse\" \/>\n<meta property=\"og:description\" content=\"Une approche ludique et interactive de l\u2019apprentissage du fran\u00e7ais est propos\u00e9e dans les antennes de l\u2019Institut fran\u00e7ais de J\u00e9rusalem lors de sessions de cours durant l\u2019ann\u00e9e scolaire. Nous proposons aussi des camps de vacances qui m\u00e9langent apprentissage du fran\u00e7ais et activit\u00e9s\u00a0: jeux, activit\u00e9s manuelles, ateliers. Consultez les calendriers des antennes de l\u2019Institut fran\u00e7ais de J\u00e9rusalem &hellip;\" \/>\n<meta property=\"og:url\" content=\"https:\/\/www.institutfrancais-jerusalem.org\/naplouse\/cours-de-francais\/cours-enfants\/\" \/>\n<meta property=\"og:site_name\" content=\"Institut Fran\u00e7ais de J\u00e9rusalem - Naplouse\" \/>\n<meta property=\"article:modified_time\" content=\"2017-09-21T14:21:12+00:00\" \/>\n<meta name=\"twitter:card\" content=\"summary_large_image\" \/>\n<script type=\"application\/ld+json\" class=\"yoast-schema-graph\">{\"@context\":\"https:\\\/\\\/schema.org\",\"@graph\":[{\"@type\":\"WebPage\",\"@id\":\"https:\\\/\\\/www.institutfrancais-jerusalem.org\\\/naplouse\\\/cours-de-francais\\\/cours-enfants\\\/\",\"url\":\"https:\\\/\\\/www.institutfrancais-jerusalem.org\\\/naplouse\\\/cours-de-francais\\\/cours-enfants\\\/\",\"name\":\"COURS ENFANTS - Institut Fran\u00e7ais de J\u00e9rusalem - Naplouse\",\"isPartOf\":{\"@id\":\"https:\\\/\\\/www.institutfrancais-jerusalem.org\\\/naplouse\\\/#website\"},\"datePublished\":\"2017-08-07T17:53:54+00:00\",\"dateModified\":\"2017-09-21T14:21:12+00:00\",\"breadcrumb\":{\"@id\":\"https:\\\/\\\/www.institutfrancais-jerusalem.org\\\/naplouse\\\/cours-de-francais\\\/cours-enfants\\\/#breadcrumb\"},\"inLanguage\":\"fr-FR\",\"potentialAction\":[{\"@type\":\"ReadAction\",\"target\":[\"https:\\\/\\\/www.institutfrancais-jerusalem.org\\\/naplouse\\\/cours-de-francais\\\/cours-enfants\\\/\"]}]},{\"@type\":\"BreadcrumbList\",\"@id\":\"https:\\\/\\\/www.institutfrancais-jerusalem.org\\\/naplouse\\\/cours-de-francais\\\/cours-enfants\\\/#breadcrumb\",\"itemListElement\":[{\"@type\":\"ListItem\",\"position\":1,\"name\":\"Accueil\",\"item\":\"https:\\\/\\\/www.institutfrancais-jerusalem.org\\\/naplouse\\\/\"},{\"@type\":\"ListItem\",\"position\":2,\"name\":\"COURS DE FRANCAIS\",\"item\":\"https:\\\/\\\/www.institutfrancais-jerusalem.org\\\/naplouse\\\/cours-de-francais\\\/\"},{\"@type\":\"ListItem\",\"position\":3,\"name\":\"COURS ENFANTS\"}]},{\"@type\":\"WebSite\",\"@id\":\"https:\\\/\\\/www.institutfrancais-jerusalem.org\\\/naplouse\\\/#website\",\"url\":\"https:\\\/\\\/www.institutfrancais-jerusalem.org\\\/naplouse\\\/\",\"name\":\"Institut Fran\u00e7ais de J\u00e9rusalem - Naplouse\",\"description\":\"\",\"potentialAction\":[{\"@type\":\"SearchAction\",\"target\":{\"@type\":\"EntryPoint\",\"urlTemplate\":\"https:\\\/\\\/www.institutfrancais-jerusalem.org\\\/naplouse\\\/?s={search_term_string}\"},\"query-input\":{\"@type\":\"PropertyValueSpecification\",\"valueRequired\":true,\"valueName\":\"search_term_string\"}}],\"inLanguage\":\"fr-FR\"}]}<\/script>\n<!-- \/ Yoast SEO plugin. -->","yoast_head_json":{"title":"COURS ENFANTS - Institut Fran\u00e7ais de J\u00e9rusalem - Naplouse","robots":{"index":"index","follow":"follow","max-snippet":"max-snippet:-1","max-image-preview":"max-image-preview:large","max-video-preview":"max-video-preview:-1"},"canonical":"https:\/\/www.institutfrancais-jerusalem.org\/naplouse\/cours-de-francais\/cours-enfants\/","og_locale":"fr_FR","og_type":"article","og_title":"COURS ENFANTS - Institut Fran\u00e7ais de J\u00e9rusalem - Naplouse","og_description":"Une approche ludique et interactive de l\u2019apprentissage du fran\u00e7ais est propos\u00e9e dans les antennes de l\u2019Institut fran\u00e7ais de J\u00e9rusalem lors de sessions de cours durant l\u2019ann\u00e9e scolaire. Nous proposons aussi des camps de vacances qui m\u00e9langent apprentissage du fran\u00e7ais et activit\u00e9s\u00a0: jeux, activit\u00e9s manuelles, ateliers. Consultez les calendriers des antennes de l\u2019Institut fran\u00e7ais de J\u00e9rusalem &hellip;","og_url":"https:\/\/www.institutfrancais-jerusalem.org\/naplouse\/cours-de-francais\/cours-enfants\/","og_site_name":"Institut Fran\u00e7ais de J\u00e9rusalem - Naplouse","article_modified_time":"2017-09-21T14:21:12+00:00","twitter_card":"summary_large_image","schema":{"@context":"https:\/\/schema.org","@graph":[{"@type":"WebPage","@id":"https:\/\/www.institutfrancais-jerusalem.org\/naplouse\/cours-de-francais\/cours-enfants\/","url":"https:\/\/www.institutfrancais-jerusalem.org\/naplouse\/cours-de-francais\/cours-enfants\/","name":"COURS ENFANTS - Institut Fran\u00e7ais de J\u00e9rusalem - Naplouse","isPartOf":{"@id":"https:\/\/www.institutfrancais-jerusalem.org\/naplouse\/#website"},"datePublished":"2017-08-07T17:53:54+00:00","dateModified":"2017-09-21T14:21:12+00:00","breadcrumb":{"@id":"https:\/\/www.institutfrancais-jerusalem.org\/naplouse\/cours-de-francais\/cours-enfants\/#breadcrumb"},"inLanguage":"fr-FR","potentialAction":[{"@type":"ReadAction","target":["https:\/\/www.institutfrancais-jerusalem.org\/naplouse\/cours-de-francais\/cours-enfants\/"]}]},{"@type":"BreadcrumbList","@id":"https:\/\/www.institutfrancais-jerusalem.org\/naplouse\/cours-de-francais\/cours-enfants\/#breadcrumb","itemListElement":[{"@type":"ListItem","position":1,"name":"Accueil","item":"https:\/\/www.institutfrancais-jerusalem.org\/naplouse\/"},{"@type":"ListItem","position":2,"name":"COURS DE FRANCAIS","item":"https:\/\/www.institutfrancais-jerusalem.org\/naplouse\/cours-de-francais\/"},{"@type":"ListItem","position":3,"name":"COURS ENFANTS"}]},{"@type":"WebSite","@id":"https:\/\/www.institutfrancais-jerusalem.org\/naplouse\/#website","url":"https:\/\/www.institutfrancais-jerusalem.org\/naplouse\/","name":"Institut Fran\u00e7ais de J\u00e9rusalem - Naplouse","description":"","potentialAction":[{"@type":"SearchAction","target":{"@type":"EntryPoint","urlTemplate":"https:\/\/www.institutfrancais-jerusalem.org\/naplouse\/?s={search_term_string}"},"query-input":{"@type":"PropertyValueSpecification","valueRequired":true,"valueName":"search_term_string"}}],"inLanguage":"fr-FR"}]}},"_links":{"self":[{"href":"https:\/\/www.institutfrancais-jerusalem.org\/naplouse\/wp-json\/wp\/v2\/pages\/1559","targetHints":{"allow":["GET"]}}],"collection":[{"href":"https:\/\/www.institutfrancais-jerusalem.org\/naplouse\/wp-json\/wp\/v2\/pages"}],"about":[{"href":"https:\/\/www.institutfrancais-jerusalem.org\/naplouse\/wp-json\/wp\/v2\/types\/page"}],"author":[{"embeddable":true,"href":"https:\/\/www.institutfrancais-jerusalem.org\/naplouse\/wp-json\/wp\/v2\/users\/1"}],"replies":[{"embeddable":true,"href":"https:\/\/www.institutfrancais-jerusalem.org\/naplouse\/wp-json\/wp\/v2\/comments?post=1559"}],"version-history":[{"count":2,"href":"https:\/\/www.institutfrancais-jerusalem.org\/naplouse\/wp-json\/wp\/v2\/pages\/1559\/revisions"}],"predecessor-version":[{"id":2338,"href":"https:\/\/www.institutfrancais-jerusalem.org\/naplouse\/wp-json\/wp\/v2\/pages\/1559\/revisions\/2338"}],"up":[{"embeddable":true,"href":"https:\/\/www.institutfrancais-jerusalem.org\/naplouse\/wp-json\/wp\/v2\/pages\/1326"}],"wp:attachment":[{"href":"https:\/\/www.institutfrancais-jerusalem.org\/naplouse\/wp-json\/wp\/v2\/media?parent=1559"}],"curies":[{"name":"wp","href":"https:\/\/api.w.org\/{rel}","templated":true}]}}