{"id":1409,"date":"2017-08-07T15:57:56","date_gmt":"2017-08-07T13:57:56","guid":{"rendered":"http:\/\/ifjerusalem-romaingary.org\/?page_id=1409"},"modified":"2018-01-17T10:19:22","modified_gmt":"2018-01-17T09:19:22","slug":"culturetheque","status":"publish","type":"page","link":"https:\/\/www.institutfrancais-jerusalem.org\/naplouse\/nos-mediatheques\/culturetheque\/","title":{"rendered":"CULTURETHEQUE"},"content":{"rendered":"<p><iframe loading=\"lazy\" title=\"Cultureth\u00e8que votre biblioth\u00e8que num\u00e9rique HD\" width=\"618\" height=\"348\" src=\"https:\/\/www.youtube.com\/embed\/5C5RykDocK0?feature=oembed\" frameborder=\"0\" allow=\"accelerometer; autoplay; clipboard-write; encrypted-media; gyroscope; picture-in-picture; web-share\" referrerpolicy=\"strict-origin-when-cross-origin\" allowfullscreen><\/iframe><\/p>\n<p class=\"p1\"><em><span class=\"s1\">Cultureth\u00e8que est la m\u00e9diath\u00e8que num\u00e9rique fran\u00e7aise.<\/span><\/em><\/p>\n<h4 class=\"p2\"><span class=\"s1\"><b>Les ressources disponibles sur Cultureth\u00e8que<\/b><\/span><\/h4>\n<p class=\"p2\"><span class=\"s1\">Cultureth\u00e8que propose des grands titres de la presse fran\u00e7aise, des bandes dessin\u00e9es, des romans, des ouvrages sur des th\u00e9matiques d&rsquo;actualit\u00e9 (comme la Premi\u00e8re Guerre mondiale ou le climat), des modules d&rsquo;autoformation, des livres pour les apprenants de fran\u00e7ais et notamment des lectures en fran\u00e7ais facile, des articles de sciences humaines, des captations de concerts, des webdocumentaires&#8230;<\/span><\/p>\n<p class=\"p2\"><span class=\"s1\">\u00a0<\/span><span class=\"s1\">Les ressources sont disponibles en streaming ou en t\u00e9l\u00e9chargement (pour un pr\u00eat de 21 jours, \u00e0 raison de 2 livres simultan\u00e9ment et 5 livres par mois maximum, avec la possibilit\u00e9 de consulter le livre via une tablette, liseuse ou smartphone).<br \/>\n<\/span><\/p>\n<h4 class=\"p2\"><span class=\"s1\"><b>Vous parlez fran\u00e7ais ou apprenez le fran\u00e7ais\u00a0?<\/b><\/span><\/h4>\n<p class=\"p2\"><span class=\"s1\">D\u00e9couvrez l\u2019\u00e9tendue des ressources disponibles gr\u00e2ce \u00e0 l\u2019<b>offre d\u00e9couverte<\/b> propos\u00e9e par la Cultureth\u00e8que dans votre pays. Vous pourrez ensuite vous inscrire dans la m\u00e9diath\u00e8que la plus proche de chez vous pour continuer \u00e0 acc\u00e9der \u00e0 ces ressources.<\/span><\/p>\n<p class=\"p2\"><span class=\"s1\">Quel que soit votre pays, connectez-vous sur <span style=\"text-decoration: underline;\"><a href=\"http:\/\/www.culturetheque.com\"><span class=\"s2\"><b>www.culturetheque.com<\/b><\/span><\/a><\/span><\/span><\/p>\n","protected":false},"excerpt":{"rendered":"<p>Cultureth\u00e8que est la m\u00e9diath\u00e8que num\u00e9rique fran\u00e7aise. Les ressources disponibles sur Cultureth\u00e8que Cultureth\u00e8que propose des grands titres de la presse fran\u00e7aise, des bandes dessin\u00e9es, des romans, des ouvrages sur des th\u00e9matiques d&rsquo;actualit\u00e9 (comme la Premi\u00e8re Guerre mondiale ou le climat), des modules d&rsquo;autoformation, des livres pour les apprenants de fran\u00e7ais et notamment des lectures en fran\u00e7ais &hellip;<\/p>\n","protected":false},"author":1,"featured_media":0,"parent":1331,"menu_order":0,"comment_status":"closed","ping_status":"closed","template":"","meta":{"footnotes":""},"class_list":["post-1409","page","type-page","status-publish",""],"yoast_head":"<!-- This site is optimized with the Yoast SEO plugin v27.3 - https:\/\/yoast.com\/product\/yoast-seo-wordpress\/ -->\n<title>CULTURETHEQUE - Institut Fran\u00e7ais de J\u00e9rusalem - Naplouse<\/title>\n<meta name=\"robots\" content=\"index, follow, max-snippet:-1, max-image-preview:large, max-video-preview:-1\" \/>\n<link rel=\"canonical\" href=\"https:\/\/www.institutfrancais-jerusalem.org\/naplouse\/nos-mediatheques\/culturetheque\/\" \/>\n<meta property=\"og:locale\" content=\"fr_FR\" \/>\n<meta property=\"og:type\" content=\"article\" \/>\n<meta property=\"og:title\" content=\"CULTURETHEQUE - Institut Fran\u00e7ais de J\u00e9rusalem - Naplouse\" \/>\n<meta property=\"og:description\" content=\"Cultureth\u00e8que est la m\u00e9diath\u00e8que num\u00e9rique fran\u00e7aise. Les ressources disponibles sur Cultureth\u00e8que Cultureth\u00e8que propose des grands titres de la presse fran\u00e7aise, des bandes dessin\u00e9es, des romans, des ouvrages sur des th\u00e9matiques d&rsquo;actualit\u00e9 (comme la Premi\u00e8re Guerre mondiale ou le climat), des modules d&rsquo;autoformation, des livres pour les apprenants de fran\u00e7ais et notamment des lectures en fran\u00e7ais &hellip;\" \/>\n<meta property=\"og:url\" content=\"https:\/\/www.institutfrancais-jerusalem.org\/naplouse\/nos-mediatheques\/culturetheque\/\" \/>\n<meta property=\"og:site_name\" content=\"Institut Fran\u00e7ais de J\u00e9rusalem - Naplouse\" \/>\n<meta property=\"article:modified_time\" content=\"2018-01-17T09:19:22+00:00\" \/>\n<meta name=\"twitter:card\" content=\"summary_large_image\" \/>\n<meta name=\"twitter:label1\" content=\"Dur\u00e9e de lecture estim\u00e9e\" \/>\n\t<meta name=\"twitter:data1\" content=\"1 minute\" \/>\n<script type=\"application\/ld+json\" class=\"yoast-schema-graph\">{\"@context\":\"https:\\\/\\\/schema.org\",\"@graph\":[{\"@type\":\"WebPage\",\"@id\":\"https:\\\/\\\/www.institutfrancais-jerusalem.org\\\/naplouse\\\/nos-mediatheques\\\/culturetheque\\\/\",\"url\":\"https:\\\/\\\/www.institutfrancais-jerusalem.org\\\/naplouse\\\/nos-mediatheques\\\/culturetheque\\\/\",\"name\":\"CULTURETHEQUE - Institut Fran\u00e7ais de J\u00e9rusalem - Naplouse\",\"isPartOf\":{\"@id\":\"https:\\\/\\\/www.institutfrancais-jerusalem.org\\\/naplouse\\\/#website\"},\"datePublished\":\"2017-08-07T13:57:56+00:00\",\"dateModified\":\"2018-01-17T09:19:22+00:00\",\"breadcrumb\":{\"@id\":\"https:\\\/\\\/www.institutfrancais-jerusalem.org\\\/naplouse\\\/nos-mediatheques\\\/culturetheque\\\/#breadcrumb\"},\"inLanguage\":\"fr-FR\",\"potentialAction\":[{\"@type\":\"ReadAction\",\"target\":[\"https:\\\/\\\/www.institutfrancais-jerusalem.org\\\/naplouse\\\/nos-mediatheques\\\/culturetheque\\\/\"]}]},{\"@type\":\"BreadcrumbList\",\"@id\":\"https:\\\/\\\/www.institutfrancais-jerusalem.org\\\/naplouse\\\/nos-mediatheques\\\/culturetheque\\\/#breadcrumb\",\"itemListElement\":[{\"@type\":\"ListItem\",\"position\":1,\"name\":\"Accueil\",\"item\":\"https:\\\/\\\/www.institutfrancais-jerusalem.org\\\/naplouse\\\/\"},{\"@type\":\"ListItem\",\"position\":2,\"name\":\"NOS M\u00c9DIATH\u00c8QUES\",\"item\":\"https:\\\/\\\/www.institutfrancais-jerusalem.org\\\/naplouse\\\/nos-mediatheques\\\/\"},{\"@type\":\"ListItem\",\"position\":3,\"name\":\"CULTURETHEQUE\"}]},{\"@type\":\"WebSite\",\"@id\":\"https:\\\/\\\/www.institutfrancais-jerusalem.org\\\/naplouse\\\/#website\",\"url\":\"https:\\\/\\\/www.institutfrancais-jerusalem.org\\\/naplouse\\\/\",\"name\":\"Institut Fran\u00e7ais de J\u00e9rusalem - Naplouse\",\"description\":\"\",\"potentialAction\":[{\"@type\":\"SearchAction\",\"target\":{\"@type\":\"EntryPoint\",\"urlTemplate\":\"https:\\\/\\\/www.institutfrancais-jerusalem.org\\\/naplouse\\\/?s={search_term_string}\"},\"query-input\":{\"@type\":\"PropertyValueSpecification\",\"valueRequired\":true,\"valueName\":\"search_term_string\"}}],\"inLanguage\":\"fr-FR\"}]}<\/script>\n<!-- \/ Yoast SEO plugin. -->","yoast_head_json":{"title":"CULTURETHEQUE - Institut Fran\u00e7ais de J\u00e9rusalem - Naplouse","robots":{"index":"index","follow":"follow","max-snippet":"max-snippet:-1","max-image-preview":"max-image-preview:large","max-video-preview":"max-video-preview:-1"},"canonical":"https:\/\/www.institutfrancais-jerusalem.org\/naplouse\/nos-mediatheques\/culturetheque\/","og_locale":"fr_FR","og_type":"article","og_title":"CULTURETHEQUE - Institut Fran\u00e7ais de J\u00e9rusalem - Naplouse","og_description":"Cultureth\u00e8que est la m\u00e9diath\u00e8que num\u00e9rique fran\u00e7aise. Les ressources disponibles sur Cultureth\u00e8que Cultureth\u00e8que propose des grands titres de la presse fran\u00e7aise, des bandes dessin\u00e9es, des romans, des ouvrages sur des th\u00e9matiques d&rsquo;actualit\u00e9 (comme la Premi\u00e8re Guerre mondiale ou le climat), des modules d&rsquo;autoformation, des livres pour les apprenants de fran\u00e7ais et notamment des lectures en fran\u00e7ais &hellip;","og_url":"https:\/\/www.institutfrancais-jerusalem.org\/naplouse\/nos-mediatheques\/culturetheque\/","og_site_name":"Institut Fran\u00e7ais de J\u00e9rusalem - Naplouse","article_modified_time":"2018-01-17T09:19:22+00:00","twitter_card":"summary_large_image","twitter_misc":{"Dur\u00e9e de lecture estim\u00e9e":"1 minute"},"schema":{"@context":"https:\/\/schema.org","@graph":[{"@type":"WebPage","@id":"https:\/\/www.institutfrancais-jerusalem.org\/naplouse\/nos-mediatheques\/culturetheque\/","url":"https:\/\/www.institutfrancais-jerusalem.org\/naplouse\/nos-mediatheques\/culturetheque\/","name":"CULTURETHEQUE - Institut Fran\u00e7ais de J\u00e9rusalem - Naplouse","isPartOf":{"@id":"https:\/\/www.institutfrancais-jerusalem.org\/naplouse\/#website"},"datePublished":"2017-08-07T13:57:56+00:00","dateModified":"2018-01-17T09:19:22+00:00","breadcrumb":{"@id":"https:\/\/www.institutfrancais-jerusalem.org\/naplouse\/nos-mediatheques\/culturetheque\/#breadcrumb"},"inLanguage":"fr-FR","potentialAction":[{"@type":"ReadAction","target":["https:\/\/www.institutfrancais-jerusalem.org\/naplouse\/nos-mediatheques\/culturetheque\/"]}]},{"@type":"BreadcrumbList","@id":"https:\/\/www.institutfrancais-jerusalem.org\/naplouse\/nos-mediatheques\/culturetheque\/#breadcrumb","itemListElement":[{"@type":"ListItem","position":1,"name":"Accueil","item":"https:\/\/www.institutfrancais-jerusalem.org\/naplouse\/"},{"@type":"ListItem","position":2,"name":"NOS M\u00c9DIATH\u00c8QUES","item":"https:\/\/www.institutfrancais-jerusalem.org\/naplouse\/nos-mediatheques\/"},{"@type":"ListItem","position":3,"name":"CULTURETHEQUE"}]},{"@type":"WebSite","@id":"https:\/\/www.institutfrancais-jerusalem.org\/naplouse\/#website","url":"https:\/\/www.institutfrancais-jerusalem.org\/naplouse\/","name":"Institut Fran\u00e7ais de J\u00e9rusalem - Naplouse","description":"","potentialAction":[{"@type":"SearchAction","target":{"@type":"EntryPoint","urlTemplate":"https:\/\/www.institutfrancais-jerusalem.org\/naplouse\/?s={search_term_string}"},"query-input":{"@type":"PropertyValueSpecification","valueRequired":true,"valueName":"search_term_string"}}],"inLanguage":"fr-FR"}]}},"_links":{"self":[{"href":"https:\/\/www.institutfrancais-jerusalem.org\/naplouse\/wp-json\/wp\/v2\/pages\/1409","targetHints":{"allow":["GET"]}}],"collection":[{"href":"https:\/\/www.institutfrancais-jerusalem.org\/naplouse\/wp-json\/wp\/v2\/pages"}],"about":[{"href":"https:\/\/www.institutfrancais-jerusalem.org\/naplouse\/wp-json\/wp\/v2\/types\/page"}],"author":[{"embeddable":true,"href":"https:\/\/www.institutfrancais-jerusalem.org\/naplouse\/wp-json\/wp\/v2\/users\/1"}],"replies":[{"embeddable":true,"href":"https:\/\/www.institutfrancais-jerusalem.org\/naplouse\/wp-json\/wp\/v2\/comments?post=1409"}],"version-history":[{"count":4,"href":"https:\/\/www.institutfrancais-jerusalem.org\/naplouse\/wp-json\/wp\/v2\/pages\/1409\/revisions"}],"predecessor-version":[{"id":2485,"href":"https:\/\/www.institutfrancais-jerusalem.org\/naplouse\/wp-json\/wp\/v2\/pages\/1409\/revisions\/2485"}],"up":[{"embeddable":true,"href":"https:\/\/www.institutfrancais-jerusalem.org\/naplouse\/wp-json\/wp\/v2\/pages\/1331"}],"wp:attachment":[{"href":"https:\/\/www.institutfrancais-jerusalem.org\/naplouse\/wp-json\/wp\/v2\/media?parent=1409"}],"curies":[{"name":"wp","href":"https:\/\/api.w.org\/{rel}","templated":true}]}}