{"id":1331,"date":"2017-08-07T21:27:00","date_gmt":"2017-08-07T19:27:00","guid":{"rendered":"http:\/\/ifjerusalem-romaingary.org\/?page_id=1331"},"modified":"2018-01-17T10:14:17","modified_gmt":"2018-01-17T09:14:17","slug":"nos-mediatheques","status":"publish","type":"page","link":"https:\/\/www.institutfrancais-jerusalem.org\/naplouse\/nos-mediatheques\/","title":{"rendered":"NOS M\u00c9DIATH\u00c8QUES"},"content":{"rendered":"<p><img loading=\"lazy\" decoding=\"async\" class=\"alignleft size-large wp-image-2480\" src=\"https:\/\/www.institutfrancais-jerusalem.org\/naplouse\/wp-content\/uploads\/sites\/10\/2017\/08\/eugenio-mazzone-190204-1024x650.jpg\" alt=\"\" width=\"618\" height=\"392\" srcset=\"https:\/\/www.institutfrancais-jerusalem.org\/naplouse\/wp-content\/uploads\/sites\/10\/2017\/08\/eugenio-mazzone-190204-1024x650.jpg 1024w, https:\/\/www.institutfrancais-jerusalem.org\/naplouse\/wp-content\/uploads\/sites\/10\/2017\/08\/eugenio-mazzone-190204-300x190.jpg 300w, https:\/\/www.institutfrancais-jerusalem.org\/naplouse\/wp-content\/uploads\/sites\/10\/2017\/08\/eugenio-mazzone-190204-768x487.jpg 768w, https:\/\/www.institutfrancais-jerusalem.org\/naplouse\/wp-content\/uploads\/sites\/10\/2017\/08\/eugenio-mazzone-190204.jpg 1850w\" sizes=\"auto, (max-width: 618px) 100vw, 618px\" \/><\/p>\n<p class=\"p1\"><span class=\"s1\">R\u00e9nov\u00e9e et \u00e9quip\u00e9e d\u2019une nouvelle offre num\u00e9rique en 2016, la m\u00e9diath\u00e8que de l\u2019Institut fran\u00e7ais de Naplouse propose \u00e0 ce jour pr\u00e8s de 5000 r\u00e9f\u00e9rences dans tous les domaines\u00a0: livres, BD, manuels d\u2019apprentissage, magazines, DVD, CD, jeux p\u00e9dagogiques et\/ou num\u00e9riques, puzzles&#8230; <\/span><\/p>\n<h4 class=\"p1\"><span class=\"s1\"><b>La m\u00e9diath\u00e8que de l\u2019Institut est ainsi un v\u00e9ritable centre de ressources sur la France contemporaine pour les apprenants de fran\u00e7ais ainsi que pour les enseignants, le tout public et la jeunesse.<\/b><\/span><\/h4>\n<p class=\"p2\"><span class=\"s1\">Parall\u00e8lement, elle propose un\u00a0fonds de litt\u00e9rature classique tout public\u00a0ainsi qu\u2019un fonds d\u00e9di\u00e9 sp\u00e9cialement \u00e0 la jeunesse.<\/span><\/p>\n<p class=\"p2\"><span class=\"s1\">Un premier espace, situ\u00e9 au rez-de-chauss\u00e9e, est d\u00e9di\u00e9 en priorit\u00e9 au public adolescent et adulte, qu\u2019il soit francophone, arabophone ou anglophone et propose \u00e0 tous\u00a0:<\/span><\/p>\n<ol class=\"ol1\">\n<li class=\"li1\"><span class=\"s1\">Un fond vari\u00e9 de livres (<b>documentaires, romans, essais, m\u00e9thodes de fran\u00e7ais, bandes-dessin\u00e9es<\/b>, etc.), des\u00a0<b>films en fran\u00e7ais, en arabe et en anglais<\/b>\u00a0avec des sous titrages, des <b>CD de musique fran\u00e7aise<\/b>, des\u00a0<b>jeux de soci\u00e9t\u00e9<\/b>\u00a0p\u00e9dagogiques en fran\u00e7ais pour am\u00e9liorer ses comp\u00e9tences linguistiques tout en s\u2019amusant entre amis\u00a0;<\/span><\/li>\n<li class=\"li1\"><span class=\"s1\"><b>2 bornes informatiques avec un acc\u00e8s internet (dont une \u00e9quip\u00e9e de la plateforme de jeux en ligne \u00ab\u00a0steam\u00a0\u00bb)<\/b>, plus un catalogue de la m\u00e9diath\u00e8que en ligne\u00a0;<\/span><\/li>\n<li class=\"li1\"><span class=\"s1\"><b>2<\/b>\u00a0<b>I Pads avec diverses applications p\u00e9dagogiques<\/b>\u00a0(infos, livres, histoires, jeux de dict\u00e9e, jeux d\u2019apprentissage\u2026)\u00a0;<\/span><\/li>\n<li class=\"li1\"><span class=\"s1\">Salle de lecture\/ de travail\u00a0;<\/span><\/li>\n<li class=\"li2\"><span class=\"s1\"><b>Une\u00a0cafeteria<\/b>\/<b>salon<\/b>\u00a0\u00e9quip\u00e9e d\u2019une Xbox (plus de 140 jeux accessibles) et proposant des\u00a0<b>magazines consultables<\/b>\u00a0sur place par tous les visiteurs.<\/span><\/li>\n<\/ol>\n<h4 class=\"p2\"><span class=\"s1\">Un deuxi\u00e8me espace est <b> la ludoth\u00e8que <\/b>(situ\u00e9e \u00e0 l\u2019\u00e9tage)<b>, <\/b>con\u00e7ue sp\u00e9cialement pour les enfants. Elle met \u00e0 disposition\u00a0:<\/span><\/h4>\n<ol class=\"ol1\">\n<li class=\"li1\"><span class=\"s1\">Un ensemble de pr\u00e8s de 700 livres et magazines class\u00e9s par niveau (d\u00e9butant\/ interm\u00e9diaire\/ avanc\u00e9)\u00a0;<\/span><\/li>\n<li class=\"li1\"><span class=\"s1\">Une salle de cours avec du mobilier adapt\u00e9 aux plus jeunes\u00a0;<\/span><\/li>\n<li class=\"li1\"><span class=\"s1\">Des jeux p\u00e9dagogiques, pour les cours\u00a0 et du mat\u00e9riel pour les activit\u00e9s (peinture, dessin, p\u00e2te \u00e0 modeler, collage\u2026)<\/span><\/li>\n<li class=\"li2\"><span class=\"s1\">Un \u00e9cran TV et un lecteur DVD.<\/span><\/li>\n<\/ol>\n<h4 class=\"p1\"><\/h4>\n","protected":false},"excerpt":{"rendered":"<p>R\u00e9nov\u00e9e et \u00e9quip\u00e9e d\u2019une nouvelle offre num\u00e9rique en 2016, la m\u00e9diath\u00e8que de l\u2019Institut fran\u00e7ais de Naplouse propose \u00e0 ce jour pr\u00e8s de 5000 r\u00e9f\u00e9rences dans tous les domaines\u00a0: livres, BD, manuels d\u2019apprentissage, magazines, DVD, CD, jeux p\u00e9dagogiques et\/ou num\u00e9riques, puzzles&#8230; La m\u00e9diath\u00e8que de l\u2019Institut est ainsi un v\u00e9ritable centre de ressources sur la France contemporaine &hellip;<\/p>\n","protected":false},"author":1,"featured_media":0,"parent":0,"menu_order":0,"comment_status":"closed","ping_status":"closed","template":"","meta":{"footnotes":""},"class_list":["post-1331","page","type-page","status-publish",""],"yoast_head":"<!-- This site is optimized with the Yoast SEO plugin v27.3 - https:\/\/yoast.com\/product\/yoast-seo-wordpress\/ -->\n<title>NOS M\u00c9DIATH\u00c8QUES - Institut Fran\u00e7ais de J\u00e9rusalem - Naplouse<\/title>\n<meta name=\"robots\" content=\"index, follow, max-snippet:-1, max-image-preview:large, max-video-preview:-1\" \/>\n<link rel=\"canonical\" href=\"https:\/\/www.institutfrancais-jerusalem.org\/naplouse\/nos-mediatheques\/\" \/>\n<meta property=\"og:locale\" content=\"fr_FR\" \/>\n<meta property=\"og:type\" content=\"article\" \/>\n<meta property=\"og:title\" content=\"NOS M\u00c9DIATH\u00c8QUES - Institut Fran\u00e7ais de J\u00e9rusalem - Naplouse\" \/>\n<meta property=\"og:description\" content=\"R\u00e9nov\u00e9e et \u00e9quip\u00e9e d\u2019une nouvelle offre num\u00e9rique en 2016, la m\u00e9diath\u00e8que de l\u2019Institut fran\u00e7ais de Naplouse propose \u00e0 ce jour pr\u00e8s de 5000 r\u00e9f\u00e9rences dans tous les domaines\u00a0: livres, BD, manuels d\u2019apprentissage, magazines, DVD, CD, jeux p\u00e9dagogiques et\/ou num\u00e9riques, puzzles&#8230; La m\u00e9diath\u00e8que de l\u2019Institut est ainsi un v\u00e9ritable centre de ressources sur la France contemporaine &hellip;\" \/>\n<meta property=\"og:url\" content=\"https:\/\/www.institutfrancais-jerusalem.org\/naplouse\/nos-mediatheques\/\" \/>\n<meta property=\"og:site_name\" content=\"Institut Fran\u00e7ais de J\u00e9rusalem - Naplouse\" \/>\n<meta property=\"article:modified_time\" content=\"2018-01-17T09:14:17+00:00\" \/>\n<meta property=\"og:image\" content=\"https:\/\/www.institutfrancais-jerusalem.org\/naplouse\/wp-content\/uploads\/sites\/10\/2017\/08\/eugenio-mazzone-190204-1024x650.jpg\" \/>\n<meta name=\"twitter:card\" content=\"summary_large_image\" \/>\n<meta name=\"twitter:label1\" content=\"Dur\u00e9e de lecture estim\u00e9e\" \/>\n\t<meta name=\"twitter:data1\" content=\"2 minutes\" \/>\n<script type=\"application\/ld+json\" class=\"yoast-schema-graph\">{\"@context\":\"https:\\\/\\\/schema.org\",\"@graph\":[{\"@type\":\"WebPage\",\"@id\":\"https:\\\/\\\/www.institutfrancais-jerusalem.org\\\/naplouse\\\/nos-mediatheques\\\/\",\"url\":\"https:\\\/\\\/www.institutfrancais-jerusalem.org\\\/naplouse\\\/nos-mediatheques\\\/\",\"name\":\"NOS M\u00c9DIATH\u00c8QUES - Institut Fran\u00e7ais de J\u00e9rusalem - Naplouse\",\"isPartOf\":{\"@id\":\"https:\\\/\\\/www.institutfrancais-jerusalem.org\\\/naplouse\\\/#website\"},\"primaryImageOfPage\":{\"@id\":\"https:\\\/\\\/www.institutfrancais-jerusalem.org\\\/naplouse\\\/nos-mediatheques\\\/#primaryimage\"},\"image\":{\"@id\":\"https:\\\/\\\/www.institutfrancais-jerusalem.org\\\/naplouse\\\/nos-mediatheques\\\/#primaryimage\"},\"thumbnailUrl\":\"https:\\\/\\\/www.institutfrancais-jerusalem.org\\\/naplouse\\\/wp-content\\\/uploads\\\/sites\\\/10\\\/2017\\\/08\\\/eugenio-mazzone-190204-1024x650.jpg\",\"datePublished\":\"2017-08-07T19:27:00+00:00\",\"dateModified\":\"2018-01-17T09:14:17+00:00\",\"breadcrumb\":{\"@id\":\"https:\\\/\\\/www.institutfrancais-jerusalem.org\\\/naplouse\\\/nos-mediatheques\\\/#breadcrumb\"},\"inLanguage\":\"fr-FR\",\"potentialAction\":[{\"@type\":\"ReadAction\",\"target\":[\"https:\\\/\\\/www.institutfrancais-jerusalem.org\\\/naplouse\\\/nos-mediatheques\\\/\"]}]},{\"@type\":\"ImageObject\",\"inLanguage\":\"fr-FR\",\"@id\":\"https:\\\/\\\/www.institutfrancais-jerusalem.org\\\/naplouse\\\/nos-mediatheques\\\/#primaryimage\",\"url\":\"https:\\\/\\\/www.institutfrancais-jerusalem.org\\\/naplouse\\\/wp-content\\\/uploads\\\/sites\\\/10\\\/2017\\\/08\\\/eugenio-mazzone-190204.jpg\",\"contentUrl\":\"https:\\\/\\\/www.institutfrancais-jerusalem.org\\\/naplouse\\\/wp-content\\\/uploads\\\/sites\\\/10\\\/2017\\\/08\\\/eugenio-mazzone-190204.jpg\",\"width\":1850,\"height\":1174},{\"@type\":\"BreadcrumbList\",\"@id\":\"https:\\\/\\\/www.institutfrancais-jerusalem.org\\\/naplouse\\\/nos-mediatheques\\\/#breadcrumb\",\"itemListElement\":[{\"@type\":\"ListItem\",\"position\":1,\"name\":\"Accueil\",\"item\":\"https:\\\/\\\/www.institutfrancais-jerusalem.org\\\/naplouse\\\/\"},{\"@type\":\"ListItem\",\"position\":2,\"name\":\"NOS M\u00c9DIATH\u00c8QUES\"}]},{\"@type\":\"WebSite\",\"@id\":\"https:\\\/\\\/www.institutfrancais-jerusalem.org\\\/naplouse\\\/#website\",\"url\":\"https:\\\/\\\/www.institutfrancais-jerusalem.org\\\/naplouse\\\/\",\"name\":\"Institut Fran\u00e7ais de J\u00e9rusalem - Naplouse\",\"description\":\"\",\"potentialAction\":[{\"@type\":\"SearchAction\",\"target\":{\"@type\":\"EntryPoint\",\"urlTemplate\":\"https:\\\/\\\/www.institutfrancais-jerusalem.org\\\/naplouse\\\/?s={search_term_string}\"},\"query-input\":{\"@type\":\"PropertyValueSpecification\",\"valueRequired\":true,\"valueName\":\"search_term_string\"}}],\"inLanguage\":\"fr-FR\"}]}<\/script>\n<!-- \/ Yoast SEO plugin. -->","yoast_head_json":{"title":"NOS M\u00c9DIATH\u00c8QUES - Institut Fran\u00e7ais de J\u00e9rusalem - Naplouse","robots":{"index":"index","follow":"follow","max-snippet":"max-snippet:-1","max-image-preview":"max-image-preview:large","max-video-preview":"max-video-preview:-1"},"canonical":"https:\/\/www.institutfrancais-jerusalem.org\/naplouse\/nos-mediatheques\/","og_locale":"fr_FR","og_type":"article","og_title":"NOS M\u00c9DIATH\u00c8QUES - Institut Fran\u00e7ais de J\u00e9rusalem - Naplouse","og_description":"R\u00e9nov\u00e9e et \u00e9quip\u00e9e d\u2019une nouvelle offre num\u00e9rique en 2016, la m\u00e9diath\u00e8que de l\u2019Institut fran\u00e7ais de Naplouse propose \u00e0 ce jour pr\u00e8s de 5000 r\u00e9f\u00e9rences dans tous les domaines\u00a0: livres, BD, manuels d\u2019apprentissage, magazines, DVD, CD, jeux p\u00e9dagogiques et\/ou num\u00e9riques, puzzles&#8230; La m\u00e9diath\u00e8que de l\u2019Institut est ainsi un v\u00e9ritable centre de ressources sur la France contemporaine &hellip;","og_url":"https:\/\/www.institutfrancais-jerusalem.org\/naplouse\/nos-mediatheques\/","og_site_name":"Institut Fran\u00e7ais de J\u00e9rusalem - Naplouse","article_modified_time":"2018-01-17T09:14:17+00:00","og_image":[{"url":"https:\/\/www.institutfrancais-jerusalem.org\/naplouse\/wp-content\/uploads\/sites\/10\/2017\/08\/eugenio-mazzone-190204-1024x650.jpg","type":"","width":"","height":""}],"twitter_card":"summary_large_image","twitter_misc":{"Dur\u00e9e de lecture estim\u00e9e":"2 minutes"},"schema":{"@context":"https:\/\/schema.org","@graph":[{"@type":"WebPage","@id":"https:\/\/www.institutfrancais-jerusalem.org\/naplouse\/nos-mediatheques\/","url":"https:\/\/www.institutfrancais-jerusalem.org\/naplouse\/nos-mediatheques\/","name":"NOS M\u00c9DIATH\u00c8QUES - Institut Fran\u00e7ais de J\u00e9rusalem - Naplouse","isPartOf":{"@id":"https:\/\/www.institutfrancais-jerusalem.org\/naplouse\/#website"},"primaryImageOfPage":{"@id":"https:\/\/www.institutfrancais-jerusalem.org\/naplouse\/nos-mediatheques\/#primaryimage"},"image":{"@id":"https:\/\/www.institutfrancais-jerusalem.org\/naplouse\/nos-mediatheques\/#primaryimage"},"thumbnailUrl":"https:\/\/www.institutfrancais-jerusalem.org\/naplouse\/wp-content\/uploads\/sites\/10\/2017\/08\/eugenio-mazzone-190204-1024x650.jpg","datePublished":"2017-08-07T19:27:00+00:00","dateModified":"2018-01-17T09:14:17+00:00","breadcrumb":{"@id":"https:\/\/www.institutfrancais-jerusalem.org\/naplouse\/nos-mediatheques\/#breadcrumb"},"inLanguage":"fr-FR","potentialAction":[{"@type":"ReadAction","target":["https:\/\/www.institutfrancais-jerusalem.org\/naplouse\/nos-mediatheques\/"]}]},{"@type":"ImageObject","inLanguage":"fr-FR","@id":"https:\/\/www.institutfrancais-jerusalem.org\/naplouse\/nos-mediatheques\/#primaryimage","url":"https:\/\/www.institutfrancais-jerusalem.org\/naplouse\/wp-content\/uploads\/sites\/10\/2017\/08\/eugenio-mazzone-190204.jpg","contentUrl":"https:\/\/www.institutfrancais-jerusalem.org\/naplouse\/wp-content\/uploads\/sites\/10\/2017\/08\/eugenio-mazzone-190204.jpg","width":1850,"height":1174},{"@type":"BreadcrumbList","@id":"https:\/\/www.institutfrancais-jerusalem.org\/naplouse\/nos-mediatheques\/#breadcrumb","itemListElement":[{"@type":"ListItem","position":1,"name":"Accueil","item":"https:\/\/www.institutfrancais-jerusalem.org\/naplouse\/"},{"@type":"ListItem","position":2,"name":"NOS M\u00c9DIATH\u00c8QUES"}]},{"@type":"WebSite","@id":"https:\/\/www.institutfrancais-jerusalem.org\/naplouse\/#website","url":"https:\/\/www.institutfrancais-jerusalem.org\/naplouse\/","name":"Institut Fran\u00e7ais de J\u00e9rusalem - Naplouse","description":"","potentialAction":[{"@type":"SearchAction","target":{"@type":"EntryPoint","urlTemplate":"https:\/\/www.institutfrancais-jerusalem.org\/naplouse\/?s={search_term_string}"},"query-input":{"@type":"PropertyValueSpecification","valueRequired":true,"valueName":"search_term_string"}}],"inLanguage":"fr-FR"}]}},"_links":{"self":[{"href":"https:\/\/www.institutfrancais-jerusalem.org\/naplouse\/wp-json\/wp\/v2\/pages\/1331","targetHints":{"allow":["GET"]}}],"collection":[{"href":"https:\/\/www.institutfrancais-jerusalem.org\/naplouse\/wp-json\/wp\/v2\/pages"}],"about":[{"href":"https:\/\/www.institutfrancais-jerusalem.org\/naplouse\/wp-json\/wp\/v2\/types\/page"}],"author":[{"embeddable":true,"href":"https:\/\/www.institutfrancais-jerusalem.org\/naplouse\/wp-json\/wp\/v2\/users\/1"}],"replies":[{"embeddable":true,"href":"https:\/\/www.institutfrancais-jerusalem.org\/naplouse\/wp-json\/wp\/v2\/comments?post=1331"}],"version-history":[{"count":6,"href":"https:\/\/www.institutfrancais-jerusalem.org\/naplouse\/wp-json\/wp\/v2\/pages\/1331\/revisions"}],"predecessor-version":[{"id":2482,"href":"https:\/\/www.institutfrancais-jerusalem.org\/naplouse\/wp-json\/wp\/v2\/pages\/1331\/revisions\/2482"}],"wp:attachment":[{"href":"https:\/\/www.institutfrancais-jerusalem.org\/naplouse\/wp-json\/wp\/v2\/media?parent=1331"}],"curies":[{"name":"wp","href":"https:\/\/api.w.org\/{rel}","templated":true}]}}