{"id":1326,"date":"2017-08-07T21:24:22","date_gmt":"2017-08-07T19:24:22","guid":{"rendered":"http:\/\/ifjerusalem-romaingary.org\/?page_id=1326"},"modified":"2018-01-17T09:31:37","modified_gmt":"2018-01-17T08:31:37","slug":"cours-de-francais","status":"publish","type":"page","link":"https:\/\/www.institutfrancais-jerusalem.org\/naplouse\/cours-de-francais\/","title":{"rendered":"COURS DE FRANCAIS"},"content":{"rendered":"<p class=\"p1\"><span class=\"s1\">Les cours des antennes de l\u2019Institut fran\u00e7ais de J\u00e9rusalem vous permettront d\u2019apprendre et de perfectionner votre fran\u00e7ais dans votre quotidien, dans le cadre de vos \u00e9tudes ou de votre travail. La p\u00e9dagogie actionnelle, proposant \u00e0 l\u2019apprenant d\u2019\u00eatre acteur de son apprentissage pr\u00e9conise des cours motivants, interactifs et ludiques. Les cours correspondent aux six niveaux du Cadre europ\u00e9en commun de r\u00e9f\u00e9rence pour les langues du A1 au C2.<\/span><\/p>\n<p class=\"p1\"><span class=\"s1\">Les enseignants qui composent notre \u00e9quipe p\u00e9dagogique sont tous titulaires de dipl\u00f4mes de fran\u00e7ais langue \u00e9trang\u00e8re (FLE) et la plupart ont suivi une partie de leurs \u00e9tudes ou de leur formation professionnelle en France.<\/span><\/p>\n<p class=\"p1\"><span class=\"s1\">La m\u00e9thode employ\u00e9e est la collection de manuels <b>Totem<\/b>, enrichie de nombreux exercices interactifs faisant appel aux fonctions du dispositif TBI, pour les niveaux A1, A2 et B1, et la m\u00e9thode <b>\u00c9dito<\/b> \u00e0 partir du niveau B2.\u00a0<a href=\"https:\/\/www.institutfrancais-jerusalem.org\/category\/gaza\/francais\/examens\/\">Ces m\u00e9thodes pr\u00e9parent aux examens du DELF et du DALF, organis\u00e9s chaque ann\u00e9e au printemps.<\/a><\/span><\/p>\n<p class=\"p3\"><span class=\"s1\"><b>Avant de vous lancer voil\u00e0 10 bonnes raisons d\u2019apprendre le fran\u00e7ais\u00a0!<\/b><\/span><\/p>\n<h4 class=\"p4\"><span class=\"s1\"><b>1. Une langue parl\u00e9e dans le monde entier<\/b><\/span><\/h4>\n<p><img loading=\"lazy\" decoding=\"async\" class=\"alignnone size-large wp-image-2449\" src=\"https:\/\/www.institutfrancais-jerusalem.org\/wp-content\/uploads\/2017\/08\/slava-bowman-Monde-Entier-1024x699.jpg\" alt=\"\" width=\"618\" height=\"422\" \/><\/p>\n<p class=\"p4\"><span class=\"s1\">Plus de 200 millions de personnes parlent fran\u00e7ais sur les 5 continents. La Francophonie regroupe 70 \u00c9tats et gouvernements. Le fran\u00e7ais est la langue \u00e9trang\u00e8re la plus largement apprise apr\u00e8s l\u2019anglais et la neuvi\u00e8me langue la plus parl\u00e9e dans le monde.<\/span><\/p>\n<p class=\"p4\"><span class=\"s1\">C\u2019est \u00e9galement la seule langue avec l\u2019anglais que l\u2019on peut apprendre dans tous les pays du monde. La France dispose du plus grand r\u00e9seau d\u2019\u00e9tablissements culturels \u00e0 l\u2019\u00e9tranger o\u00f9 sont dispens\u00e9s des cours de fran\u00e7ais \u00e0 plus de 750\u00a0000 personnes.<\/span><\/p>\n<h4 class=\"p4\"><span class=\"s1\"><b>2. Une langue pour trouver un emploi<\/b><\/span><\/h4>\n<p><img loading=\"lazy\" decoding=\"async\" class=\"size-large wp-image-2451 alignnone\" src=\"https:\/\/www.institutfrancais-jerusalem.org\/wp-content\/uploads\/2017\/08\/brooke-lark-trouver-emploi-1024x683.jpg\" alt=\"\" width=\"618\" height=\"412\" \/><\/p>\n<p class=\"p4\"><span class=\"s1\">Parler fran\u00e7ais et anglais est un atout pour multiplier ses chances sur le march\u00e9 international de l\u2019emploi. La connaissance du fran\u00e7ais ouvre les portes des entreprises fran\u00e7aises en France comme \u00e0 l\u2019\u00e9tranger dans tous les pays francophones (Canada, Suisse, Belgique et continent africain). La France, cinqui\u00e8me puissance commerciale et troisi\u00e8me terre d\u2019accueil pour les investissements \u00e9trangers, est un partenaire \u00e9conomique de premier plan.<\/span><\/p>\n<h4 class=\"p4\"><span class=\"s1\"><b>3. La langue de la culture<\/b><\/span><\/h4>\n<p><img loading=\"lazy\" decoding=\"async\" class=\"size-large wp-image-2453 alignnone\" src=\"https:\/\/www.institutfrancais-jerusalem.org\/wp-content\/uploads\/2017\/08\/chris-karidis-langue-culture-1024x576.jpg\" alt=\"\" width=\"618\" height=\"348\" \/><\/p>\n<p class=\"p4\"><span class=\"s1\">Le fran\u00e7ais est la langue internationale pour la cuisine, la mode, le th\u00e9\u00e2tre, les arts visuels, la danse et l\u2019architecture. Conna\u00eetre le fran\u00e7ais, c\u2019est avoir acc\u00e8s en version originale aux grands textes de la litt\u00e9rature fran\u00e7aise et francophone mais \u00e9galement au cin\u00e9ma et \u00e0 la chanson. <\/span><\/p>\n<p class=\"p4\"><span class=\"s1\">Le fran\u00e7ais est la langue de Victor Hugo, de Moli\u00e8re, de L\u00e9opold Sendar Senghor, d\u2019\u00c9dith Piaf, de Jean-Paul Sartre, d\u2019Alain Delon ou de Zinedine Zidane.<\/span><\/p>\n<h4 class=\"p4\"><span class=\"s1\"><b>4. Une langue pour voyager<\/b><\/span><\/h4>\n<p><img loading=\"lazy\" decoding=\"async\" class=\"size-large wp-image-2455 alignnone\" src=\"https:\/\/www.institutfrancais-jerusalem.org\/wp-content\/uploads\/2017\/08\/rawpixel-com-travel-1024x668.jpg\" alt=\"\" width=\"618\" height=\"403\" \/><\/p>\n<p class=\"p4\"><span class=\"s1\">La France est le pays le plus visit\u00e9 au monde avec plus de 70 millions de visiteurs par an. Avec des notions de fran\u00e7ais, il est tellement plus agr\u00e9able de visiter Paris et toutes les r\u00e9gions de France (de la douceur de la C\u00f4te d\u2019Azur aux sommets enneig\u00e9s des Alpes en passant les c\u00f4tes sauvages de la Bretagne) mais aussi de comprendre la culture, les mentalit\u00e9s et l\u2019art de vivre \u00e0 la fran\u00e7aise. Le fran\u00e7ais est tout aussi utile lorsqu\u2019on visite l\u2019Afrique, la Suisse, le Canada, Monaco, les Seychelles\u2026<\/span><\/p>\n<h4 class=\"p4\"><span class=\"s1\"><b>5. Une langue pour \u00e9tudier dans les universit\u00e9s fran\u00e7aises<\/b><\/span><\/h4>\n<figure id=\"attachment_2457\" aria-describedby=\"caption-attachment-2457\" style=\"width: 630px\" class=\"wp-caption alignnone\"><img loading=\"lazy\" decoding=\"async\" class=\"size-full wp-image-2457\" src=\"https:\/\/www.institutfrancais-jerusalem.org\/wp-content\/uploads\/2017\/08\/toits_de_la_chapelle_de_la_sorbonne.jpg\" alt=\"\" width=\"630\" height=\"380\" \/><figcaption id=\"caption-attachment-2457\" class=\"wp-caption-text\">Vue sur la chapelle de la Sorbonne depuis l&rsquo;observatoire<\/figcaption><\/figure>\n<p class=\"p4\"><span class=\"s1\">Parler fran\u00e7ais permet notamment de poursuivre ses \u00e9tudes en France dans des universit\u00e9s r\u00e9put\u00e9es ou dans les grandes \u00e9coles de commerce et d\u2019ing\u00e9nieur, class\u00e9es parmi les meilleurs \u00e9tablissements sup\u00e9rieurs en Europe et dans le monde. Les \u00e9l\u00e8ves ma\u00eetrisant le fran\u00e7ais peuvent b\u00e9n\u00e9ficier de bourses du gouvernement fran\u00e7ais pour suivre un troisi\u00e8me cycle d\u2019\u00e9tudes en France dans toutes les disciplines et obtenir un dipl\u00f4me internationalement reconnu.<\/span><\/p>\n<h4 class=\"p4\"><span class=\"s1\"><b>6. L\u2019autre langue des relations internationales<\/b><\/span><\/h4>\n<p><img loading=\"lazy\" decoding=\"async\" class=\"size-full wp-image-2459 alignnone\" src=\"https:\/\/www.institutfrancais-jerusalem.org\/wp-content\/uploads\/2017\/08\/Relations-internationales.jpg\" alt=\"\" width=\"612\" height=\"408\" \/><\/p>\n<p class=\"p4\"><span class=\"s1\">Le fran\u00e7ais est \u00e0 la fois langue de travail et langue officielle \u00e0 l\u2019ONU, dans l\u2019Union europ\u00e9enne, \u00e0 l\u2019UNESCO, \u00e0 l\u2019OTAN, au Comit\u00e9 International Olympique, \u00e0 la Croix Rouge Internationale\u2026 et de plusieurs instances juridiques internationales. Le fran\u00e7ais est la langue des trois villes si\u00e8ges des institutions europ\u00e9ennes\u00a0: Strasbourg, Bruxelles et Luxembourg.<\/span><\/p>\n<h4 class=\"p4\"><span class=\"s1\"><b>7. Une langue pour s\u2019ouvrir sur le monde<\/b><\/span><\/h4>\n<p><img loading=\"lazy\" decoding=\"async\" class=\"size-large wp-image-2461 alignnone\" src=\"https:\/\/www.institutfrancais-jerusalem.org\/wp-content\/uploads\/2017\/08\/matt-lamers-de\u0301couvrir-le-monde-1024x684.jpg\" alt=\"\" width=\"618\" height=\"413\" \/><\/p>\n<p class=\"p4\"><span class=\"s1\">Apr\u00e8s l\u2019anglais et l\u2019allemand, le fran\u00e7ais est la troisi\u00e8me langue sur Internet devant l\u2019espagnol. Comprendre le fran\u00e7ais permet de poser un autre regard sur le monde en communiquant avec les francophones sur tous les continents et en s\u2019informant gr\u00e2ce aux grands m\u00e9dias internationaux en langue fran\u00e7aise (TV5, France 24, Radio France Internationale).<\/span><\/p>\n<h4 class=\"p4\"><span class=\"s1\"><b>8. Une langue agr\u00e9able \u00e0 apprendre<\/b><\/span><\/h4>\n<p><img loading=\"lazy\" decoding=\"async\" class=\"size-full wp-image-2463 alignnone\" src=\"https:\/\/www.institutfrancais-jerusalem.org\/wp-content\/uploads\/2017\/08\/smiling-primary-students-easy-learning.jpg\" alt=\"\" width=\"626\" height=\"417\" \/><\/p>\n<p class=\"p4\"><span class=\"s1\">Le fran\u00e7ais est une langue facile \u00e0 apprendre. De nombreuses m\u00e9thodes existent pour apprendre le fran\u00e7ais en s\u2019amusant qu\u2019on soit un enfant ou un adulte. On peut aussi tr\u00e8s vite atteindre un niveau permettant de communiquer en fran\u00e7ais.<\/span><\/p>\n<h4 class=\"p4\"><span class=\"s1\"><b>9. Une langue pour apprendre d\u2019autres langues<\/b><\/span><\/h4>\n<p><img loading=\"lazy\" decoding=\"async\" class=\"size-large wp-image-2467 alignnone\" src=\"https:\/\/www.institutfrancais-jerusalem.org\/wp-content\/uploads\/2017\/08\/patrick-tomasso-learn-langue-1024x683.jpg\" alt=\"\" width=\"618\" height=\"412\" \/><\/p>\n<p class=\"p4\"><span class=\"s1\">Apprendre le fran\u00e7ais aide \u00e0 apprendre d\u2019autres langues, notamment les langues latines (l\u2019espagnol, l\u2019italien, le portugais ou le roumain) mais aussi l\u2019anglais puisque le fran\u00e7ais a fourni plus de 50% du vocabulaire anglais actuel.<\/span><\/p>\n<h4 class=\"p4\"><span class=\"s1\"><b>10. La langue de l\u2019amour et de l\u2019esprit<\/b><\/span><\/h4>\n<p><img loading=\"lazy\" decoding=\"async\" class=\"size-large wp-image-2465 alignnone\" src=\"https:\/\/www.institutfrancais-jerusalem.org\/wp-content\/uploads\/2017\/08\/matheus-ferrero-langue-amour-1024x683.jpg\" alt=\"\" width=\"618\" height=\"412\" \/><\/p>\n<p class=\"p4\"><span class=\"s1\">Apprendre le fran\u00e7ais, c\u2019est d\u2019abord le plaisir d\u2019apprendre une belle langue, riche et m\u00e9lodieuse qu\u2019on appelle souvent la langue de l\u2019amour. Le fran\u00e7ais est aussi une langue analytique qui structure la pens\u00e9e et d\u00e9veloppe l\u2019esprit critique ce qui est tr\u00e8s utile dans les discussions ou des n\u00e9gociations.<\/span><\/p>\n","protected":false},"excerpt":{"rendered":"<p>Les cours des antennes de l\u2019Institut fran\u00e7ais de J\u00e9rusalem vous permettront d\u2019apprendre et de perfectionner votre fran\u00e7ais dans votre quotidien, dans le cadre de vos \u00e9tudes ou de votre travail. La p\u00e9dagogie actionnelle, proposant \u00e0 l\u2019apprenant d\u2019\u00eatre acteur de son apprentissage pr\u00e9conise des cours motivants, interactifs et ludiques. Les cours correspondent aux six niveaux du &hellip;<\/p>\n","protected":false},"author":1,"featured_media":0,"parent":0,"menu_order":0,"comment_status":"closed","ping_status":"closed","template":"","meta":{"footnotes":""},"class_list":["post-1326","page","type-page","status-publish",""],"yoast_head":"<!-- This site is optimized with the Yoast SEO plugin v27.5 - https:\/\/yoast.com\/product\/yoast-seo-wordpress\/ -->\n<title>COURS DE FRANCAIS - Institut Fran\u00e7ais de J\u00e9rusalem - Naplouse<\/title>\n<meta name=\"robots\" content=\"index, follow, max-snippet:-1, max-image-preview:large, max-video-preview:-1\" \/>\n<link rel=\"canonical\" href=\"https:\/\/www.institutfrancais-jerusalem.org\/naplouse\/cours-de-francais\/\" \/>\n<meta property=\"og:locale\" content=\"fr_FR\" \/>\n<meta property=\"og:type\" content=\"article\" \/>\n<meta property=\"og:title\" content=\"COURS DE FRANCAIS - Institut Fran\u00e7ais de J\u00e9rusalem - Naplouse\" \/>\n<meta property=\"og:description\" content=\"Les cours des antennes de l\u2019Institut fran\u00e7ais de J\u00e9rusalem vous permettront d\u2019apprendre et de perfectionner votre fran\u00e7ais dans votre quotidien, dans le cadre de vos \u00e9tudes ou de votre travail. La p\u00e9dagogie actionnelle, proposant \u00e0 l\u2019apprenant d\u2019\u00eatre acteur de son apprentissage pr\u00e9conise des cours motivants, interactifs et ludiques. Les cours correspondent aux six niveaux du &hellip;\" \/>\n<meta property=\"og:url\" content=\"https:\/\/www.institutfrancais-jerusalem.org\/naplouse\/cours-de-francais\/\" \/>\n<meta property=\"og:site_name\" content=\"Institut Fran\u00e7ais de J\u00e9rusalem - Naplouse\" \/>\n<meta property=\"article:modified_time\" content=\"2018-01-17T08:31:37+00:00\" \/>\n<meta property=\"og:image\" content=\"https:\/\/www.institutfrancais-jerusalem.org\/wp-content\/uploads\/2017\/08\/slava-bowman-Monde-Entier-1024x699.jpg\" \/>\n<meta name=\"twitter:card\" content=\"summary_large_image\" \/>\n<meta name=\"twitter:label1\" content=\"Dur\u00e9e de lecture estim\u00e9e\" \/>\n\t<meta name=\"twitter:data1\" content=\"5 minutes\" \/>\n<script type=\"application\/ld+json\" class=\"yoast-schema-graph\">{\"@context\":\"https:\\\/\\\/schema.org\",\"@graph\":[{\"@type\":\"WebPage\",\"@id\":\"https:\\\/\\\/www.institutfrancais-jerusalem.org\\\/naplouse\\\/cours-de-francais\\\/\",\"url\":\"https:\\\/\\\/www.institutfrancais-jerusalem.org\\\/naplouse\\\/cours-de-francais\\\/\",\"name\":\"COURS DE FRANCAIS - Institut Fran\u00e7ais de J\u00e9rusalem - Naplouse\",\"isPartOf\":{\"@id\":\"https:\\\/\\\/www.institutfrancais-jerusalem.org\\\/naplouse\\\/#website\"},\"primaryImageOfPage\":{\"@id\":\"https:\\\/\\\/www.institutfrancais-jerusalem.org\\\/naplouse\\\/cours-de-francais\\\/#primaryimage\"},\"image\":{\"@id\":\"https:\\\/\\\/www.institutfrancais-jerusalem.org\\\/naplouse\\\/cours-de-francais\\\/#primaryimage\"},\"thumbnailUrl\":\"https:\\\/\\\/www.institutfrancais-jerusalem.org\\\/wp-content\\\/uploads\\\/2017\\\/08\\\/slava-bowman-Monde-Entier-1024x699.jpg\",\"datePublished\":\"2017-08-07T19:24:22+00:00\",\"dateModified\":\"2018-01-17T08:31:37+00:00\",\"breadcrumb\":{\"@id\":\"https:\\\/\\\/www.institutfrancais-jerusalem.org\\\/naplouse\\\/cours-de-francais\\\/#breadcrumb\"},\"inLanguage\":\"fr-FR\",\"potentialAction\":[{\"@type\":\"ReadAction\",\"target\":[\"https:\\\/\\\/www.institutfrancais-jerusalem.org\\\/naplouse\\\/cours-de-francais\\\/\"]}]},{\"@type\":\"ImageObject\",\"inLanguage\":\"fr-FR\",\"@id\":\"https:\\\/\\\/www.institutfrancais-jerusalem.org\\\/naplouse\\\/cours-de-francais\\\/#primaryimage\",\"url\":\"https:\\\/\\\/www.institutfrancais-jerusalem.org\\\/wp-content\\\/uploads\\\/2017\\\/08\\\/slava-bowman-Monde-Entier-1024x699.jpg\",\"contentUrl\":\"https:\\\/\\\/www.institutfrancais-jerusalem.org\\\/wp-content\\\/uploads\\\/2017\\\/08\\\/slava-bowman-Monde-Entier-1024x699.jpg\"},{\"@type\":\"BreadcrumbList\",\"@id\":\"https:\\\/\\\/www.institutfrancais-jerusalem.org\\\/naplouse\\\/cours-de-francais\\\/#breadcrumb\",\"itemListElement\":[{\"@type\":\"ListItem\",\"position\":1,\"name\":\"Accueil\",\"item\":\"https:\\\/\\\/www.institutfrancais-jerusalem.org\\\/naplouse\\\/\"},{\"@type\":\"ListItem\",\"position\":2,\"name\":\"COURS DE FRANCAIS\"}]},{\"@type\":\"WebSite\",\"@id\":\"https:\\\/\\\/www.institutfrancais-jerusalem.org\\\/naplouse\\\/#website\",\"url\":\"https:\\\/\\\/www.institutfrancais-jerusalem.org\\\/naplouse\\\/\",\"name\":\"Institut Fran\u00e7ais de J\u00e9rusalem - Naplouse\",\"description\":\"\",\"potentialAction\":[{\"@type\":\"SearchAction\",\"target\":{\"@type\":\"EntryPoint\",\"urlTemplate\":\"https:\\\/\\\/www.institutfrancais-jerusalem.org\\\/naplouse\\\/?s={search_term_string}\"},\"query-input\":{\"@type\":\"PropertyValueSpecification\",\"valueRequired\":true,\"valueName\":\"search_term_string\"}}],\"inLanguage\":\"fr-FR\"}]}<\/script>\n<!-- \/ Yoast SEO plugin. -->","yoast_head_json":{"title":"COURS DE FRANCAIS - Institut Fran\u00e7ais de J\u00e9rusalem - Naplouse","robots":{"index":"index","follow":"follow","max-snippet":"max-snippet:-1","max-image-preview":"max-image-preview:large","max-video-preview":"max-video-preview:-1"},"canonical":"https:\/\/www.institutfrancais-jerusalem.org\/naplouse\/cours-de-francais\/","og_locale":"fr_FR","og_type":"article","og_title":"COURS DE FRANCAIS - Institut Fran\u00e7ais de J\u00e9rusalem - Naplouse","og_description":"Les cours des antennes de l\u2019Institut fran\u00e7ais de J\u00e9rusalem vous permettront d\u2019apprendre et de perfectionner votre fran\u00e7ais dans votre quotidien, dans le cadre de vos \u00e9tudes ou de votre travail. La p\u00e9dagogie actionnelle, proposant \u00e0 l\u2019apprenant d\u2019\u00eatre acteur de son apprentissage pr\u00e9conise des cours motivants, interactifs et ludiques. Les cours correspondent aux six niveaux du &hellip;","og_url":"https:\/\/www.institutfrancais-jerusalem.org\/naplouse\/cours-de-francais\/","og_site_name":"Institut Fran\u00e7ais de J\u00e9rusalem - Naplouse","article_modified_time":"2018-01-17T08:31:37+00:00","og_image":[{"url":"https:\/\/www.institutfrancais-jerusalem.org\/wp-content\/uploads\/2017\/08\/slava-bowman-Monde-Entier-1024x699.jpg","type":"","width":"","height":""}],"twitter_card":"summary_large_image","twitter_misc":{"Dur\u00e9e de lecture estim\u00e9e":"5 minutes"},"schema":{"@context":"https:\/\/schema.org","@graph":[{"@type":"WebPage","@id":"https:\/\/www.institutfrancais-jerusalem.org\/naplouse\/cours-de-francais\/","url":"https:\/\/www.institutfrancais-jerusalem.org\/naplouse\/cours-de-francais\/","name":"COURS DE FRANCAIS - Institut Fran\u00e7ais de J\u00e9rusalem - Naplouse","isPartOf":{"@id":"https:\/\/www.institutfrancais-jerusalem.org\/naplouse\/#website"},"primaryImageOfPage":{"@id":"https:\/\/www.institutfrancais-jerusalem.org\/naplouse\/cours-de-francais\/#primaryimage"},"image":{"@id":"https:\/\/www.institutfrancais-jerusalem.org\/naplouse\/cours-de-francais\/#primaryimage"},"thumbnailUrl":"https:\/\/www.institutfrancais-jerusalem.org\/wp-content\/uploads\/2017\/08\/slava-bowman-Monde-Entier-1024x699.jpg","datePublished":"2017-08-07T19:24:22+00:00","dateModified":"2018-01-17T08:31:37+00:00","breadcrumb":{"@id":"https:\/\/www.institutfrancais-jerusalem.org\/naplouse\/cours-de-francais\/#breadcrumb"},"inLanguage":"fr-FR","potentialAction":[{"@type":"ReadAction","target":["https:\/\/www.institutfrancais-jerusalem.org\/naplouse\/cours-de-francais\/"]}]},{"@type":"ImageObject","inLanguage":"fr-FR","@id":"https:\/\/www.institutfrancais-jerusalem.org\/naplouse\/cours-de-francais\/#primaryimage","url":"https:\/\/www.institutfrancais-jerusalem.org\/wp-content\/uploads\/2017\/08\/slava-bowman-Monde-Entier-1024x699.jpg","contentUrl":"https:\/\/www.institutfrancais-jerusalem.org\/wp-content\/uploads\/2017\/08\/slava-bowman-Monde-Entier-1024x699.jpg"},{"@type":"BreadcrumbList","@id":"https:\/\/www.institutfrancais-jerusalem.org\/naplouse\/cours-de-francais\/#breadcrumb","itemListElement":[{"@type":"ListItem","position":1,"name":"Accueil","item":"https:\/\/www.institutfrancais-jerusalem.org\/naplouse\/"},{"@type":"ListItem","position":2,"name":"COURS DE FRANCAIS"}]},{"@type":"WebSite","@id":"https:\/\/www.institutfrancais-jerusalem.org\/naplouse\/#website","url":"https:\/\/www.institutfrancais-jerusalem.org\/naplouse\/","name":"Institut Fran\u00e7ais de J\u00e9rusalem - Naplouse","description":"","potentialAction":[{"@type":"SearchAction","target":{"@type":"EntryPoint","urlTemplate":"https:\/\/www.institutfrancais-jerusalem.org\/naplouse\/?s={search_term_string}"},"query-input":{"@type":"PropertyValueSpecification","valueRequired":true,"valueName":"search_term_string"}}],"inLanguage":"fr-FR"}]}},"_links":{"self":[{"href":"https:\/\/www.institutfrancais-jerusalem.org\/naplouse\/wp-json\/wp\/v2\/pages\/1326","targetHints":{"allow":["GET"]}}],"collection":[{"href":"https:\/\/www.institutfrancais-jerusalem.org\/naplouse\/wp-json\/wp\/v2\/pages"}],"about":[{"href":"https:\/\/www.institutfrancais-jerusalem.org\/naplouse\/wp-json\/wp\/v2\/types\/page"}],"author":[{"embeddable":true,"href":"https:\/\/www.institutfrancais-jerusalem.org\/naplouse\/wp-json\/wp\/v2\/users\/1"}],"replies":[{"embeddable":true,"href":"https:\/\/www.institutfrancais-jerusalem.org\/naplouse\/wp-json\/wp\/v2\/comments?post=1326"}],"version-history":[{"count":3,"href":"https:\/\/www.institutfrancais-jerusalem.org\/naplouse\/wp-json\/wp\/v2\/pages\/1326\/revisions"}],"predecessor-version":[{"id":2473,"href":"https:\/\/www.institutfrancais-jerusalem.org\/naplouse\/wp-json\/wp\/v2\/pages\/1326\/revisions\/2473"}],"wp:attachment":[{"href":"https:\/\/www.institutfrancais-jerusalem.org\/naplouse\/wp-json\/wp\/v2\/media?parent=1326"}],"curies":[{"name":"wp","href":"https:\/\/api.w.org\/{rel}","templated":true}]}}