{"id":4411,"date":"2021-11-25T14:14:09","date_gmt":"2021-11-25T13:14:09","guid":{"rendered":"https:\/\/www.institutfrancais-jerusalem.org\/gaza\/?page_id=4411"},"modified":"2021-12-13T17:24:57","modified_gmt":"2021-12-13T16:24:57","slug":"les-ateliers-de-la-mediatheque","status":"publish","type":"page","link":"https:\/\/www.institutfrancais-jerusalem.org\/gaza\/nos-mediatheques\/les-ateliers-de-la-mediatheque\/","title":{"rendered":"Les ateliers de la m\u00e9diath\u00e8que"},"content":{"rendered":"<p><img loading=\"lazy\" decoding=\"async\" class=\"wp-image-4414 alignnone\" src=\"https:\/\/www.institutfrancais-jerusalem.org\/gaza\/wp-content\/uploads\/sites\/9\/2021\/11\/0b75c0ca-2273-4c32-907d-3b4e42fb957d-300x225.jpg\" alt=\"\" width=\"764\" height=\"573\" srcset=\"https:\/\/www.institutfrancais-jerusalem.org\/gaza\/wp-content\/uploads\/sites\/9\/2021\/11\/0b75c0ca-2273-4c32-907d-3b4e42fb957d-300x225.jpg 300w, https:\/\/www.institutfrancais-jerusalem.org\/gaza\/wp-content\/uploads\/sites\/9\/2021\/11\/0b75c0ca-2273-4c32-907d-3b4e42fb957d-768x576.jpg 768w, https:\/\/www.institutfrancais-jerusalem.org\/gaza\/wp-content\/uploads\/sites\/9\/2021\/11\/0b75c0ca-2273-4c32-907d-3b4e42fb957d.jpg 1024w\" sizes=\"auto, (max-width: 764px) 100vw, 764px\" \/><\/p>\n<p>R\u00e9guli\u00e8rement, des ateliers pour enfants et jeunes sont organis\u00e9s \u00e0 l&rsquo;Institut fran\u00e7ais de Gaza !<\/p>\n<p><strong><span lang=\"FR\">SAMEDI<\/span><\/strong><\/p>\n<p><span lang=\"FR\">15h-16h : Atelier de conversation sur le th\u00e9\u00e2tre contemporain avec le metteur en sc\u00e8ne Herv\u00e9 Loichemol (gratuit)<\/span><\/p>\n<p><strong><span lang=\"FR\">DIMANCHE \u2013 JEUDI<\/span><\/strong><\/p>\n<p><span lang=\"FR\">11h-12h : Atelier th\u00e9\u00e2tre pour adultes 18-20 ans (gratuit)<\/span><\/p>\n<p><span lang=\"FR\">12h13h : L\u2019heure du conte\u00a0pour enfants 6-10 ans (gratuit)<\/span><\/p>\n<p><strong><span lang=\"FR\">LUNDI<\/span><\/strong><\/p>\n<p><span lang=\"FR\">13h-15h : Atelier cuisine \u00ab\u00a0Les p\u2019tits chefs\u00a0\u00bb pour enfants 10-12 enfants (40 NIS pour 14h d\u2019atelier)<\/span><\/p>\n<p><img loading=\"lazy\" decoding=\"async\" class=\" wp-image-4446 alignleft\" src=\"https:\/\/www.institutfrancais-jerusalem.org\/gaza\/wp-content\/uploads\/sites\/9\/2021\/12\/Capture-de\u0301cran-2021-12-13-a\u0300-18.15.34-300x157.png\" alt=\"\" width=\"845\" height=\"442\" srcset=\"https:\/\/www.institutfrancais-jerusalem.org\/gaza\/wp-content\/uploads\/sites\/9\/2021\/12\/Capture-de\u0301cran-2021-12-13-a\u0300-18.15.34-300x157.png 300w, https:\/\/www.institutfrancais-jerusalem.org\/gaza\/wp-content\/uploads\/sites\/9\/2021\/12\/Capture-de\u0301cran-2021-12-13-a\u0300-18.15.34-768x403.png 768w, https:\/\/www.institutfrancais-jerusalem.org\/gaza\/wp-content\/uploads\/sites\/9\/2021\/12\/Capture-de\u0301cran-2021-12-13-a\u0300-18.15.34.png 1014w\" sizes=\"auto, (max-width: 845px) 100vw, 845px\" \/><\/p>\n<p>&nbsp;<\/p>\n<p>&nbsp;<\/p>\n<p>&nbsp;<\/p>\n<p>&nbsp;<\/p>\n<p>&nbsp;<\/p>\n<p>&nbsp;<\/p>\n<p>&nbsp;<\/p>\n<p>&nbsp;<\/p>\n<p>&nbsp;<\/p>\n<p>&nbsp;<\/p>\n<p>&nbsp;<\/p>\n<p>&nbsp;<\/p>\n<p><strong><span lang=\"FR\">DIMANCHE \u2013 MARDI \u2013 JEUDI<\/span><\/strong><\/p>\n<p><span lang=\"FR\">14h30-16h : Ateliers num\u00e9riques pour enfants 10-12 ans : atelier de programmation avec SCRATCH (40 NIS pour 14h d\u2019atelier)<\/span><\/p>\n<p><img loading=\"lazy\" decoding=\"async\" class=\" wp-image-4450 alignnone\" src=\"https:\/\/www.institutfrancais-jerusalem.org\/gaza\/wp-content\/uploads\/sites\/9\/2021\/12\/Capture-de\u0301cran-2021-12-13-a\u0300-18.15.12-300x158.png\" alt=\"\" width=\"883\" height=\"465\" srcset=\"https:\/\/www.institutfrancais-jerusalem.org\/gaza\/wp-content\/uploads\/sites\/9\/2021\/12\/Capture-de\u0301cran-2021-12-13-a\u0300-18.15.12-300x158.png 300w, https:\/\/www.institutfrancais-jerusalem.org\/gaza\/wp-content\/uploads\/sites\/9\/2021\/12\/Capture-de\u0301cran-2021-12-13-a\u0300-18.15.12-768x404.png 768w, https:\/\/www.institutfrancais-jerusalem.org\/gaza\/wp-content\/uploads\/sites\/9\/2021\/12\/Capture-de\u0301cran-2021-12-13-a\u0300-18.15.12.png 1009w\" sizes=\"auto, (max-width: 883px) 100vw, 883px\" \/><\/p>\n<p><strong><span lang=\"FR\">LUNDI \u2013 MERCREDI<\/span><\/strong><\/p>\n<p><span lang=\"FR\">14h30-16h : Ateliers num\u00e9riques pour adolescents 14-16 ans avec: atelier de programmation avec INVENTOR (40 NIS pour 14h d\u2019atelier)<\/span><\/p>\n<p><img loading=\"lazy\" decoding=\"async\" class=\" wp-image-4448 alignnone\" src=\"https:\/\/www.institutfrancais-jerusalem.org\/gaza\/wp-content\/uploads\/sites\/9\/2021\/12\/Capture-de\u0301cran-2021-12-13-a\u0300-18.15.24-300x158.png\" alt=\"\" width=\"898\" height=\"473\" srcset=\"https:\/\/www.institutfrancais-jerusalem.org\/gaza\/wp-content\/uploads\/sites\/9\/2021\/12\/Capture-de\u0301cran-2021-12-13-a\u0300-18.15.24-300x158.png 300w, https:\/\/www.institutfrancais-jerusalem.org\/gaza\/wp-content\/uploads\/sites\/9\/2021\/12\/Capture-de\u0301cran-2021-12-13-a\u0300-18.15.24-768x405.png 768w, https:\/\/www.institutfrancais-jerusalem.org\/gaza\/wp-content\/uploads\/sites\/9\/2021\/12\/Capture-de\u0301cran-2021-12-13-a\u0300-18.15.24.png 1008w\" sizes=\"auto, (max-width: 898px) 100vw, 898px\" \/><\/p>\n<p><strong><span lang=\"FR\">JOUR FLEXIBLE<\/span><\/strong><\/p>\n<p><span lang=\"FR\">14h-16h : Le Troquet : groupe de conversation pour adultes (gratuit)<\/span><\/p>\n<p><span lang=\"FR\">La prochaine session des ateliers de la m\u00e9diath\u00e8que d\u00e9butera en janvier 2022.<\/span><\/p>\n<p><span lang=\"FR\">Renseignements\u00a0et inscriptions : <a href=\"mailto:ifj-gaza@consulfrance-jerusalem.org\">ifj-gaza@consulfrance-jerusalem.org<\/a> \/ <\/span><span lang=\"FR\">08 \u2013 2867883 \/ <a href=\"https:\/\/www.facebook.com\/InstitutFrancaisGaza\/\"><span style=\"color: #0000ff;\"><strong>https:\/\/www.facebook.com\/InstitutFrancaisGaza\/<\/strong><\/span><\/a><\/span><\/p>\n<p>&nbsp;<\/p>\n","protected":false},"excerpt":{"rendered":"<p>R\u00e9guli\u00e8rement, des ateliers pour enfants et jeunes sont organis\u00e9s \u00e0 l&rsquo;Institut fran\u00e7ais de Gaza ! SAMEDI 15h-16h : Atelier de conversation sur le th\u00e9\u00e2tre contemporain avec le metteur en sc\u00e8ne Herv\u00e9 Loichemol (gratuit) DIMANCHE \u2013 JEUDI 11h-12h : Atelier th\u00e9\u00e2tre pour adultes 18-20 ans (gratuit) 12h13h : L\u2019heure du conte\u00a0pour enfants 6-10 ans (gratuit) LUNDI &hellip;<\/p>\n","protected":false},"author":1,"featured_media":0,"parent":1331,"menu_order":0,"comment_status":"closed","ping_status":"closed","template":"","meta":{"footnotes":""},"class_list":["post-4411","page","type-page","status-publish",""],"yoast_head":"<!-- This site is optimized with the Yoast SEO plugin v27.5 - https:\/\/yoast.com\/product\/yoast-seo-wordpress\/ -->\n<title>Les ateliers de la m\u00e9diath\u00e8que - Institut Fran\u00e7ais de J\u00e9rusalem - Gaza<\/title>\n<meta name=\"robots\" content=\"index, follow, max-snippet:-1, max-image-preview:large, max-video-preview:-1\" \/>\n<link rel=\"canonical\" href=\"https:\/\/www.institutfrancais-jerusalem.org\/gaza\/nos-mediatheques\/les-ateliers-de-la-mediatheque\/\" \/>\n<meta property=\"og:locale\" content=\"fr_FR\" \/>\n<meta property=\"og:type\" content=\"article\" \/>\n<meta property=\"og:title\" content=\"Les ateliers de la m\u00e9diath\u00e8que - Institut Fran\u00e7ais de J\u00e9rusalem - Gaza\" \/>\n<meta property=\"og:description\" content=\"R\u00e9guli\u00e8rement, des ateliers pour enfants et jeunes sont organis\u00e9s \u00e0 l&rsquo;Institut fran\u00e7ais de Gaza ! SAMEDI 15h-16h : Atelier de conversation sur le th\u00e9\u00e2tre contemporain avec le metteur en sc\u00e8ne Herv\u00e9 Loichemol (gratuit) DIMANCHE \u2013 JEUDI 11h-12h : Atelier th\u00e9\u00e2tre pour adultes 18-20 ans (gratuit) 12h13h : L\u2019heure du conte\u00a0pour enfants 6-10 ans (gratuit) LUNDI &hellip;\" \/>\n<meta property=\"og:url\" content=\"https:\/\/www.institutfrancais-jerusalem.org\/gaza\/nos-mediatheques\/les-ateliers-de-la-mediatheque\/\" \/>\n<meta property=\"og:site_name\" content=\"Institut Fran\u00e7ais de J\u00e9rusalem - Gaza\" \/>\n<meta property=\"article:modified_time\" content=\"2021-12-13T16:24:57+00:00\" \/>\n<meta property=\"og:image\" content=\"https:\/\/www.institutfrancais-jerusalem.org\/gaza\/wp-content\/uploads\/sites\/9\/2021\/11\/0b75c0ca-2273-4c32-907d-3b4e42fb957d-300x225.jpg\" \/>\n<meta name=\"twitter:card\" content=\"summary_large_image\" \/>\n<meta name=\"twitter:label1\" content=\"Dur\u00e9e de lecture estim\u00e9e\" \/>\n\t<meta name=\"twitter:data1\" content=\"2 minutes\" \/>\n<script type=\"application\/ld+json\" class=\"yoast-schema-graph\">{\"@context\":\"https:\\\/\\\/schema.org\",\"@graph\":[{\"@type\":\"WebPage\",\"@id\":\"https:\\\/\\\/www.institutfrancais-jerusalem.org\\\/gaza\\\/nos-mediatheques\\\/les-ateliers-de-la-mediatheque\\\/\",\"url\":\"https:\\\/\\\/www.institutfrancais-jerusalem.org\\\/gaza\\\/nos-mediatheques\\\/les-ateliers-de-la-mediatheque\\\/\",\"name\":\"Les ateliers de la m\u00e9diath\u00e8que - Institut Fran\u00e7ais de J\u00e9rusalem - Gaza\",\"isPartOf\":{\"@id\":\"https:\\\/\\\/www.institutfrancais-jerusalem.org\\\/gaza\\\/#website\"},\"primaryImageOfPage\":{\"@id\":\"https:\\\/\\\/www.institutfrancais-jerusalem.org\\\/gaza\\\/nos-mediatheques\\\/les-ateliers-de-la-mediatheque\\\/#primaryimage\"},\"image\":{\"@id\":\"https:\\\/\\\/www.institutfrancais-jerusalem.org\\\/gaza\\\/nos-mediatheques\\\/les-ateliers-de-la-mediatheque\\\/#primaryimage\"},\"thumbnailUrl\":\"https:\\\/\\\/www.institutfrancais-jerusalem.org\\\/gaza\\\/wp-content\\\/uploads\\\/sites\\\/9\\\/2021\\\/11\\\/0b75c0ca-2273-4c32-907d-3b4e42fb957d-300x225.jpg\",\"datePublished\":\"2021-11-25T13:14:09+00:00\",\"dateModified\":\"2021-12-13T16:24:57+00:00\",\"breadcrumb\":{\"@id\":\"https:\\\/\\\/www.institutfrancais-jerusalem.org\\\/gaza\\\/nos-mediatheques\\\/les-ateliers-de-la-mediatheque\\\/#breadcrumb\"},\"inLanguage\":\"fr-FR\",\"potentialAction\":[{\"@type\":\"ReadAction\",\"target\":[\"https:\\\/\\\/www.institutfrancais-jerusalem.org\\\/gaza\\\/nos-mediatheques\\\/les-ateliers-de-la-mediatheque\\\/\"]}]},{\"@type\":\"ImageObject\",\"inLanguage\":\"fr-FR\",\"@id\":\"https:\\\/\\\/www.institutfrancais-jerusalem.org\\\/gaza\\\/nos-mediatheques\\\/les-ateliers-de-la-mediatheque\\\/#primaryimage\",\"url\":\"https:\\\/\\\/www.institutfrancais-jerusalem.org\\\/gaza\\\/wp-content\\\/uploads\\\/sites\\\/9\\\/2021\\\/11\\\/0b75c0ca-2273-4c32-907d-3b4e42fb957d.jpg\",\"contentUrl\":\"https:\\\/\\\/www.institutfrancais-jerusalem.org\\\/gaza\\\/wp-content\\\/uploads\\\/sites\\\/9\\\/2021\\\/11\\\/0b75c0ca-2273-4c32-907d-3b4e42fb957d.jpg\",\"width\":1024,\"height\":768},{\"@type\":\"BreadcrumbList\",\"@id\":\"https:\\\/\\\/www.institutfrancais-jerusalem.org\\\/gaza\\\/nos-mediatheques\\\/les-ateliers-de-la-mediatheque\\\/#breadcrumb\",\"itemListElement\":[{\"@type\":\"ListItem\",\"position\":1,\"name\":\"Accueil\",\"item\":\"https:\\\/\\\/www.institutfrancais-jerusalem.org\\\/gaza\\\/\"},{\"@type\":\"ListItem\",\"position\":2,\"name\":\"NOTRE M\u00c9DIATH\u00c8QUE\",\"item\":\"https:\\\/\\\/www.institutfrancais-jerusalem.org\\\/gaza\\\/nos-mediatheques\\\/\"},{\"@type\":\"ListItem\",\"position\":3,\"name\":\"Les ateliers de la m\u00e9diath\u00e8que\"}]},{\"@type\":\"WebSite\",\"@id\":\"https:\\\/\\\/www.institutfrancais-jerusalem.org\\\/gaza\\\/#website\",\"url\":\"https:\\\/\\\/www.institutfrancais-jerusalem.org\\\/gaza\\\/\",\"name\":\"Institut Fran\u00e7ais de J\u00e9rusalem - Gaza\",\"description\":\"\",\"potentialAction\":[{\"@type\":\"SearchAction\",\"target\":{\"@type\":\"EntryPoint\",\"urlTemplate\":\"https:\\\/\\\/www.institutfrancais-jerusalem.org\\\/gaza\\\/?s={search_term_string}\"},\"query-input\":{\"@type\":\"PropertyValueSpecification\",\"valueRequired\":true,\"valueName\":\"search_term_string\"}}],\"inLanguage\":\"fr-FR\"}]}<\/script>\n<!-- \/ Yoast SEO plugin. -->","yoast_head_json":{"title":"Les ateliers de la m\u00e9diath\u00e8que - Institut Fran\u00e7ais de J\u00e9rusalem - Gaza","robots":{"index":"index","follow":"follow","max-snippet":"max-snippet:-1","max-image-preview":"max-image-preview:large","max-video-preview":"max-video-preview:-1"},"canonical":"https:\/\/www.institutfrancais-jerusalem.org\/gaza\/nos-mediatheques\/les-ateliers-de-la-mediatheque\/","og_locale":"fr_FR","og_type":"article","og_title":"Les ateliers de la m\u00e9diath\u00e8que - Institut Fran\u00e7ais de J\u00e9rusalem - Gaza","og_description":"R\u00e9guli\u00e8rement, des ateliers pour enfants et jeunes sont organis\u00e9s \u00e0 l&rsquo;Institut fran\u00e7ais de Gaza ! SAMEDI 15h-16h : Atelier de conversation sur le th\u00e9\u00e2tre contemporain avec le metteur en sc\u00e8ne Herv\u00e9 Loichemol (gratuit) DIMANCHE \u2013 JEUDI 11h-12h : Atelier th\u00e9\u00e2tre pour adultes 18-20 ans (gratuit) 12h13h : L\u2019heure du conte\u00a0pour enfants 6-10 ans (gratuit) LUNDI &hellip;","og_url":"https:\/\/www.institutfrancais-jerusalem.org\/gaza\/nos-mediatheques\/les-ateliers-de-la-mediatheque\/","og_site_name":"Institut Fran\u00e7ais de J\u00e9rusalem - Gaza","article_modified_time":"2021-12-13T16:24:57+00:00","og_image":[{"url":"https:\/\/www.institutfrancais-jerusalem.org\/gaza\/wp-content\/uploads\/sites\/9\/2021\/11\/0b75c0ca-2273-4c32-907d-3b4e42fb957d-300x225.jpg","type":"","width":"","height":""}],"twitter_card":"summary_large_image","twitter_misc":{"Dur\u00e9e de lecture estim\u00e9e":"2 minutes"},"schema":{"@context":"https:\/\/schema.org","@graph":[{"@type":"WebPage","@id":"https:\/\/www.institutfrancais-jerusalem.org\/gaza\/nos-mediatheques\/les-ateliers-de-la-mediatheque\/","url":"https:\/\/www.institutfrancais-jerusalem.org\/gaza\/nos-mediatheques\/les-ateliers-de-la-mediatheque\/","name":"Les ateliers de la m\u00e9diath\u00e8que - Institut Fran\u00e7ais de J\u00e9rusalem - Gaza","isPartOf":{"@id":"https:\/\/www.institutfrancais-jerusalem.org\/gaza\/#website"},"primaryImageOfPage":{"@id":"https:\/\/www.institutfrancais-jerusalem.org\/gaza\/nos-mediatheques\/les-ateliers-de-la-mediatheque\/#primaryimage"},"image":{"@id":"https:\/\/www.institutfrancais-jerusalem.org\/gaza\/nos-mediatheques\/les-ateliers-de-la-mediatheque\/#primaryimage"},"thumbnailUrl":"https:\/\/www.institutfrancais-jerusalem.org\/gaza\/wp-content\/uploads\/sites\/9\/2021\/11\/0b75c0ca-2273-4c32-907d-3b4e42fb957d-300x225.jpg","datePublished":"2021-11-25T13:14:09+00:00","dateModified":"2021-12-13T16:24:57+00:00","breadcrumb":{"@id":"https:\/\/www.institutfrancais-jerusalem.org\/gaza\/nos-mediatheques\/les-ateliers-de-la-mediatheque\/#breadcrumb"},"inLanguage":"fr-FR","potentialAction":[{"@type":"ReadAction","target":["https:\/\/www.institutfrancais-jerusalem.org\/gaza\/nos-mediatheques\/les-ateliers-de-la-mediatheque\/"]}]},{"@type":"ImageObject","inLanguage":"fr-FR","@id":"https:\/\/www.institutfrancais-jerusalem.org\/gaza\/nos-mediatheques\/les-ateliers-de-la-mediatheque\/#primaryimage","url":"https:\/\/www.institutfrancais-jerusalem.org\/gaza\/wp-content\/uploads\/sites\/9\/2021\/11\/0b75c0ca-2273-4c32-907d-3b4e42fb957d.jpg","contentUrl":"https:\/\/www.institutfrancais-jerusalem.org\/gaza\/wp-content\/uploads\/sites\/9\/2021\/11\/0b75c0ca-2273-4c32-907d-3b4e42fb957d.jpg","width":1024,"height":768},{"@type":"BreadcrumbList","@id":"https:\/\/www.institutfrancais-jerusalem.org\/gaza\/nos-mediatheques\/les-ateliers-de-la-mediatheque\/#breadcrumb","itemListElement":[{"@type":"ListItem","position":1,"name":"Accueil","item":"https:\/\/www.institutfrancais-jerusalem.org\/gaza\/"},{"@type":"ListItem","position":2,"name":"NOTRE M\u00c9DIATH\u00c8QUE","item":"https:\/\/www.institutfrancais-jerusalem.org\/gaza\/nos-mediatheques\/"},{"@type":"ListItem","position":3,"name":"Les ateliers de la m\u00e9diath\u00e8que"}]},{"@type":"WebSite","@id":"https:\/\/www.institutfrancais-jerusalem.org\/gaza\/#website","url":"https:\/\/www.institutfrancais-jerusalem.org\/gaza\/","name":"Institut Fran\u00e7ais de J\u00e9rusalem - Gaza","description":"","potentialAction":[{"@type":"SearchAction","target":{"@type":"EntryPoint","urlTemplate":"https:\/\/www.institutfrancais-jerusalem.org\/gaza\/?s={search_term_string}"},"query-input":{"@type":"PropertyValueSpecification","valueRequired":true,"valueName":"search_term_string"}}],"inLanguage":"fr-FR"}]}},"_links":{"self":[{"href":"https:\/\/www.institutfrancais-jerusalem.org\/gaza\/wp-json\/wp\/v2\/pages\/4411","targetHints":{"allow":["GET"]}}],"collection":[{"href":"https:\/\/www.institutfrancais-jerusalem.org\/gaza\/wp-json\/wp\/v2\/pages"}],"about":[{"href":"https:\/\/www.institutfrancais-jerusalem.org\/gaza\/wp-json\/wp\/v2\/types\/page"}],"author":[{"embeddable":true,"href":"https:\/\/www.institutfrancais-jerusalem.org\/gaza\/wp-json\/wp\/v2\/users\/1"}],"replies":[{"embeddable":true,"href":"https:\/\/www.institutfrancais-jerusalem.org\/gaza\/wp-json\/wp\/v2\/comments?post=4411"}],"version-history":[{"count":11,"href":"https:\/\/www.institutfrancais-jerusalem.org\/gaza\/wp-json\/wp\/v2\/pages\/4411\/revisions"}],"predecessor-version":[{"id":4454,"href":"https:\/\/www.institutfrancais-jerusalem.org\/gaza\/wp-json\/wp\/v2\/pages\/4411\/revisions\/4454"}],"up":[{"embeddable":true,"href":"https:\/\/www.institutfrancais-jerusalem.org\/gaza\/wp-json\/wp\/v2\/pages\/1331"}],"wp:attachment":[{"href":"https:\/\/www.institutfrancais-jerusalem.org\/gaza\/wp-json\/wp\/v2\/media?parent=4411"}],"curies":[{"name":"wp","href":"https:\/\/api.w.org\/{rel}","templated":true}]}}