{"id":377,"date":"2017-08-07T20:49:59","date_gmt":"2017-08-07T18:49:59","guid":{"rendered":"http:\/\/themes.tielabs.com\/sahifa5\/?page_id=377"},"modified":"2022-03-28T12:05:15","modified_gmt":"2022-03-28T10:05:15","slug":"qui-sommes-nous","status":"publish","type":"page","link":"https:\/\/www.institutfrancais-jerusalem.org\/gaza\/qui-sommes-nous\/","title":{"rendered":"QUI SOMMES-NOUS ?"},"content":{"rendered":"<p><img loading=\"lazy\" decoding=\"async\" class=\"alignleft size-full wp-image-2500\" src=\"https:\/\/www.institutfrancais-jerusalem.org\/gaza\/wp-content\/uploads\/sites\/9\/2018\/02\/IFJ-GAZA-.jpg\" alt=\"\" width=\"630\" height=\"290\" srcset=\"https:\/\/www.institutfrancais-jerusalem.org\/gaza\/wp-content\/uploads\/sites\/9\/2018\/02\/IFJ-GAZA-.jpg 630w, https:\/\/www.institutfrancais-jerusalem.org\/gaza\/wp-content\/uploads\/sites\/9\/2018\/02\/IFJ-GAZA--300x138.jpg 300w\" sizes=\"auto, (max-width: 630px) 100vw, 630px\" \/><\/p>\n<p>&nbsp;<\/p>\n<p class=\"p1\"><span class=\"s1\">L&rsquo;IFJ Gaza appartient \u00e0 un r\u00e9seau de plus de\u00a0<b>150 \u00e9tablissements culturels\u00a0<\/b>dans le monde relevant du\u00a0<b>Minist\u00e8re fran\u00e7ais de l&rsquo;Europe et des Affaires \u00e9trang\u00e8res.<\/b><\/span><\/p>\n<p class=\"p1\"><span class=\"s1\"><b>C<\/b>harg\u00e9 de promouvoir la coop\u00e9ration culturelle, intellectuelle et audiovisuelle, de\u00a0<\/span>valoriser la cr\u00e9ation contemporaine fran\u00e7aise et francophone, de pr\u00e9senter l\u2019enseignement sup\u00e9rieur fran\u00e7ais aupr\u00e8s des \u00e9tudiants et enseignants \u00e9trangers; il propose une offre compl\u00e8te d\u2019enseignement de la langue fran\u00e7aise.<\/p>\n<h4 class=\"p7\"><span class=\"s1\"><b>Institut fran\u00e7ais de J\u00e9rusalem \u2013 antenne de Gaza<\/b><\/span><\/h4>\n<p class=\"p7\"><span class=\"s1\"> Rue Charles de Gaulle \u2013 Gaza.<\/span><span class=\"s1\"><br \/>\n<strong>T\u00e9l<\/strong> : 08 28 67 883 \/ 08 28 28 251<br \/>\n<\/span><span class=\"s4\"><strong>Mail <\/strong>: <span style=\"text-decoration: underline;\"><a href=\"mailto:ifj-gaza@consulfrance-jerusalem.org\"><span class=\"s6\">ifj-gaza@consulfrance-jerusalem.org<\/span><\/a><\/span><\/span><span class=\"s1\"><br \/>\n<strong>Facebook :\u00a0<\/strong><span style=\"color: #0000ff;\"><strong><a style=\"color: #0000ff;\" href=\"https:\/\/www.facebook.com\/InstitutFrancaisGaza\/\">https:\/\/www.facebook.com\/InstitutFrancaisGaza\/<\/a><\/strong><\/span><span style=\"text-decoration: underline;\"><br \/>\n<\/span><strong>Instagram<\/strong> : <span style=\"color: #0000ff;\"><strong><a style=\"color: #0000ff;\" href=\"https:\/\/www.instagram.com\/ifgaza\/\">https:\/\/www.instagram.com\/ifgaza\/<\/a><\/strong><\/span><br \/>\n<strong>Twitter<\/strong> : <span style=\"color: #0000ff;\"><strong><a style=\"color: #0000ff;\" href=\"https:\/\/twitter.com\/ifgaza\">https:\/\/twitter.com\/ifgaza<\/a><\/strong><\/span>\u00a0<\/span><\/p>\n<h4 class=\"p5\"><span class=\"s1\"><b>Horaires d\u2019ouverture\u00a0:<\/b><\/span><\/h4>\n<h4 class=\"p5\"><span class=\"s1\"><b> R\u00e9ception :<\/b><\/span><\/h4>\n<p class=\"p5\"><span class=\"s1\"> Du dimanche au mercredi : 9:00 \u2013 16:30<\/span><span class=\"s1\"><br \/>\nJeudi : 9:00 \u2013 15:00\u00a0<\/span><\/p>\n<h4 class=\"p5\"><span class=\"s1\"><b>Coordination p\u00e9dagogique<\/b><\/span><\/h4>\n<p class=\"p5\"><span class=\"s1\"> Du dimanche au jeudi: 10:00 \u2013 16:00<\/span><\/p>\n<h4 class=\"p5\"><span class=\"s1\"><b>M\u00e9diath\u00e8que\u00a0<\/b><\/span><\/h4>\n<p class=\"p5\"><span class=\"s1\"> Du dimanche au jeudi: 9:00 \u2013 16:00<\/span><\/p>\n","protected":false},"excerpt":{"rendered":"<p>&nbsp; L&rsquo;IFJ Gaza appartient \u00e0 un r\u00e9seau de plus de\u00a0150 \u00e9tablissements culturels\u00a0dans le monde relevant du\u00a0Minist\u00e8re fran\u00e7ais de l&rsquo;Europe et des Affaires \u00e9trang\u00e8res. Charg\u00e9 de promouvoir la coop\u00e9ration culturelle, intellectuelle et audiovisuelle, de\u00a0valoriser la cr\u00e9ation contemporaine fran\u00e7aise et francophone, de pr\u00e9senter l\u2019enseignement sup\u00e9rieur fran\u00e7ais aupr\u00e8s des \u00e9tudiants et enseignants \u00e9trangers; il propose une offre compl\u00e8te &hellip;<\/p>\n","protected":false},"author":1,"featured_media":0,"parent":0,"menu_order":0,"comment_status":"closed","ping_status":"closed","template":"","meta":{"footnotes":""},"class_list":["post-377","page","type-page","status-publish",""],"yoast_head":"<!-- This site is optimized with the Yoast SEO plugin v27.6 - https:\/\/yoast.com\/product\/yoast-seo-wordpress\/ -->\n<title>QUI SOMMES-NOUS ? - Institut Fran\u00e7ais de J\u00e9rusalem - Gaza<\/title>\n<meta name=\"robots\" content=\"index, follow, max-snippet:-1, max-image-preview:large, max-video-preview:-1\" \/>\n<link rel=\"canonical\" href=\"https:\/\/www.institutfrancais-jerusalem.org\/gaza\/qui-sommes-nous\/\" \/>\n<meta property=\"og:locale\" content=\"fr_FR\" \/>\n<meta property=\"og:type\" content=\"article\" \/>\n<meta property=\"og:title\" content=\"QUI SOMMES-NOUS ? - Institut Fran\u00e7ais de J\u00e9rusalem - Gaza\" \/>\n<meta property=\"og:description\" content=\"&nbsp; L&rsquo;IFJ Gaza appartient \u00e0 un r\u00e9seau de plus de\u00a0150 \u00e9tablissements culturels\u00a0dans le monde relevant du\u00a0Minist\u00e8re fran\u00e7ais de l&rsquo;Europe et des Affaires \u00e9trang\u00e8res. Charg\u00e9 de promouvoir la coop\u00e9ration culturelle, intellectuelle et audiovisuelle, de\u00a0valoriser la cr\u00e9ation contemporaine fran\u00e7aise et francophone, de pr\u00e9senter l\u2019enseignement sup\u00e9rieur fran\u00e7ais aupr\u00e8s des \u00e9tudiants et enseignants \u00e9trangers; il propose une offre compl\u00e8te &hellip;\" \/>\n<meta property=\"og:url\" content=\"https:\/\/www.institutfrancais-jerusalem.org\/gaza\/qui-sommes-nous\/\" \/>\n<meta property=\"og:site_name\" content=\"Institut Fran\u00e7ais de J\u00e9rusalem - Gaza\" \/>\n<meta property=\"article:modified_time\" content=\"2022-03-28T10:05:15+00:00\" \/>\n<meta property=\"og:image\" content=\"https:\/\/www.institutfrancais-jerusalem.org\/gaza\/wp-content\/uploads\/sites\/9\/2018\/02\/IFJ-GAZA-.jpg\" \/>\n<meta name=\"twitter:card\" content=\"summary_large_image\" \/>\n<meta name=\"twitter:label1\" content=\"Dur\u00e9e de lecture estim\u00e9e\" \/>\n\t<meta name=\"twitter:data1\" content=\"1 minute\" \/>\n<script type=\"application\/ld+json\" class=\"yoast-schema-graph\">{\"@context\":\"https:\\\/\\\/schema.org\",\"@graph\":[{\"@type\":\"WebPage\",\"@id\":\"https:\\\/\\\/www.institutfrancais-jerusalem.org\\\/gaza\\\/qui-sommes-nous\\\/\",\"url\":\"https:\\\/\\\/www.institutfrancais-jerusalem.org\\\/gaza\\\/qui-sommes-nous\\\/\",\"name\":\"QUI SOMMES-NOUS ? - Institut Fran\u00e7ais de J\u00e9rusalem - Gaza\",\"isPartOf\":{\"@id\":\"https:\\\/\\\/www.institutfrancais-jerusalem.org\\\/gaza\\\/#website\"},\"primaryImageOfPage\":{\"@id\":\"https:\\\/\\\/www.institutfrancais-jerusalem.org\\\/gaza\\\/qui-sommes-nous\\\/#primaryimage\"},\"image\":{\"@id\":\"https:\\\/\\\/www.institutfrancais-jerusalem.org\\\/gaza\\\/qui-sommes-nous\\\/#primaryimage\"},\"thumbnailUrl\":\"https:\\\/\\\/www.institutfrancais-jerusalem.org\\\/gaza\\\/wp-content\\\/uploads\\\/sites\\\/9\\\/2018\\\/02\\\/IFJ-GAZA-.jpg\",\"datePublished\":\"2017-08-07T18:49:59+00:00\",\"dateModified\":\"2022-03-28T10:05:15+00:00\",\"breadcrumb\":{\"@id\":\"https:\\\/\\\/www.institutfrancais-jerusalem.org\\\/gaza\\\/qui-sommes-nous\\\/#breadcrumb\"},\"inLanguage\":\"fr-FR\",\"potentialAction\":[{\"@type\":\"ReadAction\",\"target\":[\"https:\\\/\\\/www.institutfrancais-jerusalem.org\\\/gaza\\\/qui-sommes-nous\\\/\"]}]},{\"@type\":\"ImageObject\",\"inLanguage\":\"fr-FR\",\"@id\":\"https:\\\/\\\/www.institutfrancais-jerusalem.org\\\/gaza\\\/qui-sommes-nous\\\/#primaryimage\",\"url\":\"https:\\\/\\\/www.institutfrancais-jerusalem.org\\\/gaza\\\/wp-content\\\/uploads\\\/sites\\\/9\\\/2018\\\/02\\\/IFJ-GAZA-.jpg\",\"contentUrl\":\"https:\\\/\\\/www.institutfrancais-jerusalem.org\\\/gaza\\\/wp-content\\\/uploads\\\/sites\\\/9\\\/2018\\\/02\\\/IFJ-GAZA-.jpg\",\"width\":\"630\",\"height\":\"290\"},{\"@type\":\"BreadcrumbList\",\"@id\":\"https:\\\/\\\/www.institutfrancais-jerusalem.org\\\/gaza\\\/qui-sommes-nous\\\/#breadcrumb\",\"itemListElement\":[{\"@type\":\"ListItem\",\"position\":1,\"name\":\"Accueil\",\"item\":\"https:\\\/\\\/www.institutfrancais-jerusalem.org\\\/gaza\\\/\"},{\"@type\":\"ListItem\",\"position\":2,\"name\":\"QUI SOMMES-NOUS ?\"}]},{\"@type\":\"WebSite\",\"@id\":\"https:\\\/\\\/www.institutfrancais-jerusalem.org\\\/gaza\\\/#website\",\"url\":\"https:\\\/\\\/www.institutfrancais-jerusalem.org\\\/gaza\\\/\",\"name\":\"Institut Fran\u00e7ais de J\u00e9rusalem - Gaza\",\"description\":\"\",\"potentialAction\":[{\"@type\":\"SearchAction\",\"target\":{\"@type\":\"EntryPoint\",\"urlTemplate\":\"https:\\\/\\\/www.institutfrancais-jerusalem.org\\\/gaza\\\/?s={search_term_string}\"},\"query-input\":{\"@type\":\"PropertyValueSpecification\",\"valueRequired\":true,\"valueName\":\"search_term_string\"}}],\"inLanguage\":\"fr-FR\"}]}<\/script>\n<!-- \/ Yoast SEO plugin. -->","yoast_head_json":{"title":"QUI SOMMES-NOUS ? - Institut Fran\u00e7ais de J\u00e9rusalem - Gaza","robots":{"index":"index","follow":"follow","max-snippet":"max-snippet:-1","max-image-preview":"max-image-preview:large","max-video-preview":"max-video-preview:-1"},"canonical":"https:\/\/www.institutfrancais-jerusalem.org\/gaza\/qui-sommes-nous\/","og_locale":"fr_FR","og_type":"article","og_title":"QUI SOMMES-NOUS ? - Institut Fran\u00e7ais de J\u00e9rusalem - Gaza","og_description":"&nbsp; L&rsquo;IFJ Gaza appartient \u00e0 un r\u00e9seau de plus de\u00a0150 \u00e9tablissements culturels\u00a0dans le monde relevant du\u00a0Minist\u00e8re fran\u00e7ais de l&rsquo;Europe et des Affaires \u00e9trang\u00e8res. Charg\u00e9 de promouvoir la coop\u00e9ration culturelle, intellectuelle et audiovisuelle, de\u00a0valoriser la cr\u00e9ation contemporaine fran\u00e7aise et francophone, de pr\u00e9senter l\u2019enseignement sup\u00e9rieur fran\u00e7ais aupr\u00e8s des \u00e9tudiants et enseignants \u00e9trangers; il propose une offre compl\u00e8te &hellip;","og_url":"https:\/\/www.institutfrancais-jerusalem.org\/gaza\/qui-sommes-nous\/","og_site_name":"Institut Fran\u00e7ais de J\u00e9rusalem - Gaza","article_modified_time":"2022-03-28T10:05:15+00:00","og_image":[{"url":"https:\/\/www.institutfrancais-jerusalem.org\/gaza\/wp-content\/uploads\/sites\/9\/2018\/02\/IFJ-GAZA-.jpg","type":"","width":"","height":""}],"twitter_card":"summary_large_image","twitter_misc":{"Dur\u00e9e de lecture estim\u00e9e":"1 minute"},"schema":{"@context":"https:\/\/schema.org","@graph":[{"@type":"WebPage","@id":"https:\/\/www.institutfrancais-jerusalem.org\/gaza\/qui-sommes-nous\/","url":"https:\/\/www.institutfrancais-jerusalem.org\/gaza\/qui-sommes-nous\/","name":"QUI SOMMES-NOUS ? - Institut Fran\u00e7ais de J\u00e9rusalem - Gaza","isPartOf":{"@id":"https:\/\/www.institutfrancais-jerusalem.org\/gaza\/#website"},"primaryImageOfPage":{"@id":"https:\/\/www.institutfrancais-jerusalem.org\/gaza\/qui-sommes-nous\/#primaryimage"},"image":{"@id":"https:\/\/www.institutfrancais-jerusalem.org\/gaza\/qui-sommes-nous\/#primaryimage"},"thumbnailUrl":"https:\/\/www.institutfrancais-jerusalem.org\/gaza\/wp-content\/uploads\/sites\/9\/2018\/02\/IFJ-GAZA-.jpg","datePublished":"2017-08-07T18:49:59+00:00","dateModified":"2022-03-28T10:05:15+00:00","breadcrumb":{"@id":"https:\/\/www.institutfrancais-jerusalem.org\/gaza\/qui-sommes-nous\/#breadcrumb"},"inLanguage":"fr-FR","potentialAction":[{"@type":"ReadAction","target":["https:\/\/www.institutfrancais-jerusalem.org\/gaza\/qui-sommes-nous\/"]}]},{"@type":"ImageObject","inLanguage":"fr-FR","@id":"https:\/\/www.institutfrancais-jerusalem.org\/gaza\/qui-sommes-nous\/#primaryimage","url":"https:\/\/www.institutfrancais-jerusalem.org\/gaza\/wp-content\/uploads\/sites\/9\/2018\/02\/IFJ-GAZA-.jpg","contentUrl":"https:\/\/www.institutfrancais-jerusalem.org\/gaza\/wp-content\/uploads\/sites\/9\/2018\/02\/IFJ-GAZA-.jpg","width":"630","height":"290"},{"@type":"BreadcrumbList","@id":"https:\/\/www.institutfrancais-jerusalem.org\/gaza\/qui-sommes-nous\/#breadcrumb","itemListElement":[{"@type":"ListItem","position":1,"name":"Accueil","item":"https:\/\/www.institutfrancais-jerusalem.org\/gaza\/"},{"@type":"ListItem","position":2,"name":"QUI SOMMES-NOUS ?"}]},{"@type":"WebSite","@id":"https:\/\/www.institutfrancais-jerusalem.org\/gaza\/#website","url":"https:\/\/www.institutfrancais-jerusalem.org\/gaza\/","name":"Institut Fran\u00e7ais de J\u00e9rusalem - Gaza","description":"","potentialAction":[{"@type":"SearchAction","target":{"@type":"EntryPoint","urlTemplate":"https:\/\/www.institutfrancais-jerusalem.org\/gaza\/?s={search_term_string}"},"query-input":{"@type":"PropertyValueSpecification","valueRequired":true,"valueName":"search_term_string"}}],"inLanguage":"fr-FR"}]}},"_links":{"self":[{"href":"https:\/\/www.institutfrancais-jerusalem.org\/gaza\/wp-json\/wp\/v2\/pages\/377","targetHints":{"allow":["GET"]}}],"collection":[{"href":"https:\/\/www.institutfrancais-jerusalem.org\/gaza\/wp-json\/wp\/v2\/pages"}],"about":[{"href":"https:\/\/www.institutfrancais-jerusalem.org\/gaza\/wp-json\/wp\/v2\/types\/page"}],"author":[{"embeddable":true,"href":"https:\/\/www.institutfrancais-jerusalem.org\/gaza\/wp-json\/wp\/v2\/users\/1"}],"replies":[{"embeddable":true,"href":"https:\/\/www.institutfrancais-jerusalem.org\/gaza\/wp-json\/wp\/v2\/comments?post=377"}],"version-history":[{"count":15,"href":"https:\/\/www.institutfrancais-jerusalem.org\/gaza\/wp-json\/wp\/v2\/pages\/377\/revisions"}],"predecessor-version":[{"id":4594,"href":"https:\/\/www.institutfrancais-jerusalem.org\/gaza\/wp-json\/wp\/v2\/pages\/377\/revisions\/4594"}],"wp:attachment":[{"href":"https:\/\/www.institutfrancais-jerusalem.org\/gaza\/wp-json\/wp\/v2\/media?parent=377"}],"curies":[{"name":"wp","href":"https:\/\/api.w.org\/{rel}","templated":true}]}}