{"id":2635,"date":"2018-03-15T09:42:47","date_gmt":"2018-03-15T08:42:47","guid":{"rendered":"https:\/\/www.institutfrancais-jerusalem.org\/gaza\/?page_id=2635"},"modified":"2025-02-21T09:20:05","modified_gmt":"2025-02-21T08:20:05","slug":"campus-france","status":"publish","type":"page","link":"https:\/\/www.institutfrancais-jerusalem.org\/gaza\/campus-france\/","title":{"rendered":"CAMPUS FRANCE"},"content":{"rendered":"<div class=\"su-youtube su-u-responsive-media-yes\"><iframe loading=\"lazy\" width=\"560\" height=\"300\" src=\"https:\/\/www.youtube.com\/embed\/bKD-POdphqs?\" frameborder=\"0\" allowfullscreen allow=\"autoplay; encrypted-media; picture-in-picture\" title=\"\"><\/iframe><\/div>\n<p class=\"p4\">Campus France est un \u00e9tablissement public charg\u00e9 de la promotion de l\u2019enseignement sup\u00e9rieur fran\u00e7ais \u00e0 l\u2019\u00e9tranger et de l\u2019accueil des \u00e9tudiants et des chercheurs \u00e9trangers en France. Il encourage la mobilit\u00e9 internationale, g\u00e8re des programmes de bourses et anime le r\u00e9seau des alumni.<\/p>\n<p class=\"p4\">Les missions de Campus France s\u2019articulent autour de ces 4 actions\u00a0:<\/p>\n<ul class=\"ul1\">\n<li class=\"li4\">Promouvoir l\u2019enseignement sup\u00e9rieur fran\u00e7ais<\/li>\n<li class=\"li4\">Mettre en \u0153uvre des programmes de bourses et de mobilit\u00e9<\/li>\n<li class=\"li4\">Accueillir les \u00e9tudiants et les chercheurs \u00e9trangers en France<\/li>\n<li class=\"li4\">Faciliter la mobilit\u00e9 internationale des \u00e9tudiants fran\u00e7ais<\/li>\n<\/ul>\n<h6 class=\"p4\"><span class=\"s5\"><b>Appel \u00e0 candidatures pour les bourses d\u2019\u00e9tudes France Excellence du Consulat g\u00e9n\u00e9ral de France \u00e0 J\u00e9rusalem<\/b><\/span><\/h6>\n<p>La campagne d\u2019attribution de bourses d\u2019\u00e9tudes du Consulat g\u00e9n\u00e9ral de France \u00e0 J\u00e9rusalem pour l\u2019ann\u00e9e universitaire 2025-2026 est ferm\u00e9e.<br \/>\nVous pourrez candidater pour l\u2019ann\u00e9e universitaire 2026-2027 \u00e0 partir d\u2019octobre 2025.<\/p>\n<p>Abonnez-vous au <a href=\"https:\/\/linktr.ee\/campus_francejerusalem\">Linktree de Campus France J\u00e9rusalem<\/a> pour ne rater aucune nouvelle opportunit\u00e9 de bourses et retrouvez tous les appels \u00e0 candidature sur <a href=\"https:\/\/jerusalem.consulfrance.org\/-Universitaire-et-administrative-596-\">le site du Consulat g\u00e9n\u00e9ral de France \u00e0 J\u00e9rusalem<\/a>.<\/p>\n<h6 class=\"p4\"><b>R\u00e9unions d\u2019information<\/b><\/h6>\n<p class=\"p4\">L\u2019ensemble des r\u00e9unions d\u2019information seront annonc\u00e9es au fur et \u00e0 mesure sur la page Facebook : <a href=\"https:\/\/www.facebook.com\/campusfrancejerusalem\/\"><span class=\"s2\">Campus France J\u00e9rusalem<\/span><\/a><\/p>\n<p><strong>France Alumni<\/strong><\/p>\n<p>Depuis 2014, Campus France anime la <a href=\"https:\/\/www.campusfrance.org\/fr\/reseau-France-Alumni\">plateforme France Alumni<\/a> dans plus de 137 pays. Le site permet aux anciens \u00e9tudiants et chercheurs \u00e9trangers pass\u00e9s par l\u2019enseignement sup\u00e9rieur fran\u00e7ais de maintenir un contact avec la France, d\u2019\u00e9changer entre eux et d\u2019acc\u00e9der \u00e0 de nombreuses offres de stage ou d\u2019emploi.<\/p>\n<p><a href=\"https:\/\/www.francealumni.fr\/fr\">France Alumni<\/a> favorise aussi les \u00e9changes entre les anciens \u00e9tudiants et chercheurs et le monde de l\u2019entreprise. Le r\u00e9seau compte <strong>527\u00a0327<\/strong> inscrits dans le monde entier.<\/p>\n<p><strong>Programme Al Maqsidi<\/strong><\/p>\n<p>Al Maqdisi est le Partenariat Hubert Curien franco-palestinien. Il est mis en \u0153uvre en France par le minist\u00e8re de l\u2019Europe et des affaires \u00e9trang\u00e8res et le minist\u00e8re de l\u2019enseignement sup\u00e9rieur et de la recherche et dans les Territoires palestiniens par le Consulat G\u00e9n\u00e9ral de France \u00e0 J\u00e9rusalem, en partenariat avec le Minist\u00e8re de l\u2019\u00e9ducation et de l\u2019enseignement sup\u00e9rieur de Palestine.<\/p>\n<p><strong><u>Types de projets concern\u00e9s<\/u><\/strong><\/p>\n<p>L\u2019objectif de ce programme est de d\u00e9velopper les \u00e9changes scientifiques et technologiques d\u2019excellence entre \u00e9tablissements d\u2019enseignement sup\u00e9rieur ou organismes de recherche des deux pays, \u00e0 travers la mobilit\u00e9 des chercheurs palestiniens et fran\u00e7ais impliqu\u00e9s, et en favorisant les nouvelles coop\u00e9rations structurantes, le lien avec le secteur priv\u00e9, et la participation de jeunes chercheurs et doctorants. Tous les domaines scientifiques sont concern\u00e9s par ce programme.<\/p>\n<p>Le lien du programme : <a href=\"https:\/\/www.campusfrance.org\/fr\/al-maqdisi\">https:\/\/www.campusfrance.org\/fr\/al-maqdisi<\/a><\/p>\n<p>&nbsp;<\/p>\n<p><strong>La brochure<\/strong><\/p>\n<p class=\"p4\"><b><a href=\"https:\/\/www.institutfrancais-jerusalem.org\/wp-content\/uploads\/2019\/05\/Al-Maqdisi_Programme_FR.pdf\"><img loading=\"lazy\" decoding=\"async\" class=\"wp-image-4072 size-medium aligncenter\" src=\"https:\/\/www.institutfrancais-jerusalem.org\/wp-content\/uploads\/2019\/05\/Illus-Al-Maqdisi_Programme_FR-162x300.png\" alt=\"\" width=\"162\" height=\"300\" \/><\/a><br \/>\n<\/b><\/p>\n<h6 class=\"p4\"><b>Ressources<\/b><\/h6>\n<ul class=\"ul1\">\n<li class=\"li4\"><a href=\"https:\/\/ressources.campusfrance.org\/pratique\/flyers\/fr\/flyer_choisir_fr.pdf\">Choisir la France (en <span class=\"s2\">fran\u00e7ais<\/span> et en arabe)<\/a><\/li>\n<li class=\"li3\"><span class=\"s1\"><a href=\"https:\/\/ressources.campusfrance.org\/esr\/bonnes_raisons\/fr\/10_bonnes_raisons_fr.pdf\"><span class=\"s2\">10 bonnes raisons de choisir la France (en fran\u00e7ais)<\/span><\/a><\/span><\/li>\n<li class=\"li3\"><span class=\"s1\"><a href=\"https:\/\/ressources.campusfrance.org\/esr\/catalogues\/fr\/flyer_LM_fr.pdf\"><span class=\"s2\">Choisir sa formation au niveau Licence ou Master (en fran\u00e7ais)<\/span><\/a><\/span><\/li>\n<li class=\"li3\"><span class=\"s1\"><a href=\"https:\/\/ressources.campusfrance.org\/esr\/bonnes_raisons\/fr\/recherche_innovation_fr.pdf\"><span class=\"s2\">10 bonnes raisons de faire de la recherche en France (en fran\u00e7ais)<\/span><\/a><\/span><\/li>\n<li class=\"li4\"><a href=\"https:\/\/www.institutfrancais-jerusalem.org\/wp-content\/uploads\/2019\/05\/Al-Maqdisi_Programme_FR.pdf\">Brochure Al Maqdisi (en <span class=\"s2\">fran\u00e7ais<\/span> et en <span class=\"s2\">arabe<\/span>)<\/a><\/li>\n<\/ul>\n","protected":false},"excerpt":{"rendered":"<p>Campus France est un \u00e9tablissement public charg\u00e9 de la promotion de l\u2019enseignement sup\u00e9rieur fran\u00e7ais \u00e0 l\u2019\u00e9tranger et de l\u2019accueil des \u00e9tudiants et des chercheurs \u00e9trangers en France. Il encourage la mobilit\u00e9 internationale, g\u00e8re des programmes de bourses et anime le r\u00e9seau des alumni. Les missions de Campus France s\u2019articulent autour de ces 4 actions\u00a0: Promouvoir &hellip;<\/p>\n","protected":false},"author":1,"featured_media":4202,"parent":0,"menu_order":0,"comment_status":"closed","ping_status":"closed","template":"","meta":{"footnotes":""},"class_list":["post-2635","page","type-page","status-publish","has-post-thumbnail",""],"yoast_head":"<!-- This site is optimized with the Yoast SEO plugin v27.3 - https:\/\/yoast.com\/product\/yoast-seo-wordpress\/ -->\n<title>CAMPUS FRANCE - Institut Fran\u00e7ais de J\u00e9rusalem - Gaza<\/title>\n<meta name=\"description\" content=\"Campus France est un \u00e9tablissement public charg\u00e9 de la promotion de l\u2019enseignement sup\u00e9rieur fran\u00e7ais \u00e0 l\u2019\u00e9tranger et de l\u2019accueil des \u00e9tudiants et des chercheurs \u00e9trangers en France. Il encourage la mobilit\u00e9 internationale, g\u00e8re des programmes de bourses et anime le r\u00e9seau des alumni.\" \/>\n<meta name=\"robots\" content=\"index, follow, max-snippet:-1, max-image-preview:large, max-video-preview:-1\" \/>\n<link rel=\"canonical\" href=\"https:\/\/www.institutfrancais-jerusalem.org\/gaza\/campus-france\/\" \/>\n<meta property=\"og:locale\" content=\"fr_FR\" \/>\n<meta property=\"og:type\" content=\"article\" \/>\n<meta property=\"og:title\" content=\"CAMPUS FRANCE - Institut Fran\u00e7ais de J\u00e9rusalem - Gaza\" \/>\n<meta property=\"og:description\" content=\"Campus France est un \u00e9tablissement public charg\u00e9 de la promotion de l\u2019enseignement sup\u00e9rieur fran\u00e7ais \u00e0 l\u2019\u00e9tranger et de l\u2019accueil des \u00e9tudiants et des chercheurs \u00e9trangers en France. Il encourage la mobilit\u00e9 internationale, g\u00e8re des programmes de bourses et anime le r\u00e9seau des alumni.\" \/>\n<meta property=\"og:url\" content=\"https:\/\/www.institutfrancais-jerusalem.org\/gaza\/campus-france\/\" \/>\n<meta property=\"og:site_name\" content=\"Institut Fran\u00e7ais de J\u00e9rusalem - Gaza\" \/>\n<meta property=\"article:modified_time\" content=\"2025-02-21T08:20:05+00:00\" \/>\n<meta property=\"og:image\" content=\"https:\/\/www.institutfrancais-jerusalem.org\/gaza\/wp-content\/uploads\/sites\/9\/2021\/01\/Campus-France-Photo-Alumni-1-scaled.jpg\" \/>\n\t<meta property=\"og:image:width\" content=\"2560\" \/>\n\t<meta property=\"og:image:height\" content=\"1344\" \/>\n\t<meta property=\"og:image:type\" content=\"image\/jpeg\" \/>\n<meta name=\"twitter:card\" content=\"summary_large_image\" \/>\n<meta name=\"twitter:label1\" content=\"Dur\u00e9e de lecture estim\u00e9e\" \/>\n\t<meta name=\"twitter:data1\" content=\"3 minutes\" \/>\n<script type=\"application\/ld+json\" class=\"yoast-schema-graph\">{\"@context\":\"https:\\\/\\\/schema.org\",\"@graph\":[{\"@type\":\"WebPage\",\"@id\":\"https:\\\/\\\/www.institutfrancais-jerusalem.org\\\/gaza\\\/campus-france\\\/\",\"url\":\"https:\\\/\\\/www.institutfrancais-jerusalem.org\\\/gaza\\\/campus-france\\\/\",\"name\":\"CAMPUS FRANCE - Institut Fran\u00e7ais de J\u00e9rusalem - Gaza\",\"isPartOf\":{\"@id\":\"https:\\\/\\\/www.institutfrancais-jerusalem.org\\\/gaza\\\/#website\"},\"primaryImageOfPage\":{\"@id\":\"https:\\\/\\\/www.institutfrancais-jerusalem.org\\\/gaza\\\/campus-france\\\/#primaryimage\"},\"image\":{\"@id\":\"https:\\\/\\\/www.institutfrancais-jerusalem.org\\\/gaza\\\/campus-france\\\/#primaryimage\"},\"thumbnailUrl\":\"https:\\\/\\\/www.institutfrancais-jerusalem.org\\\/gaza\\\/wp-content\\\/uploads\\\/sites\\\/9\\\/2021\\\/01\\\/Campus-France-Photo-Alumni-1-scaled.jpg\",\"datePublished\":\"2018-03-15T08:42:47+00:00\",\"dateModified\":\"2025-02-21T08:20:05+00:00\",\"description\":\"Campus France est un \u00e9tablissement public charg\u00e9 de la promotion de l\u2019enseignement sup\u00e9rieur fran\u00e7ais \u00e0 l\u2019\u00e9tranger et de l\u2019accueil des \u00e9tudiants et des chercheurs \u00e9trangers en France. Il encourage la mobilit\u00e9 internationale, g\u00e8re des programmes de bourses et anime le r\u00e9seau des alumni.\",\"breadcrumb\":{\"@id\":\"https:\\\/\\\/www.institutfrancais-jerusalem.org\\\/gaza\\\/campus-france\\\/#breadcrumb\"},\"inLanguage\":\"fr-FR\",\"potentialAction\":[{\"@type\":\"ReadAction\",\"target\":[\"https:\\\/\\\/www.institutfrancais-jerusalem.org\\\/gaza\\\/campus-france\\\/\"]}]},{\"@type\":\"ImageObject\",\"inLanguage\":\"fr-FR\",\"@id\":\"https:\\\/\\\/www.institutfrancais-jerusalem.org\\\/gaza\\\/campus-france\\\/#primaryimage\",\"url\":\"https:\\\/\\\/www.institutfrancais-jerusalem.org\\\/gaza\\\/wp-content\\\/uploads\\\/sites\\\/9\\\/2021\\\/01\\\/Campus-France-Photo-Alumni-1-scaled.jpg\",\"contentUrl\":\"https:\\\/\\\/www.institutfrancais-jerusalem.org\\\/gaza\\\/wp-content\\\/uploads\\\/sites\\\/9\\\/2021\\\/01\\\/Campus-France-Photo-Alumni-1-scaled.jpg\",\"width\":2560,\"height\":1344},{\"@type\":\"BreadcrumbList\",\"@id\":\"https:\\\/\\\/www.institutfrancais-jerusalem.org\\\/gaza\\\/campus-france\\\/#breadcrumb\",\"itemListElement\":[{\"@type\":\"ListItem\",\"position\":1,\"name\":\"Accueil\",\"item\":\"https:\\\/\\\/www.institutfrancais-jerusalem.org\\\/gaza\\\/\"},{\"@type\":\"ListItem\",\"position\":2,\"name\":\"CAMPUS FRANCE\"}]},{\"@type\":\"WebSite\",\"@id\":\"https:\\\/\\\/www.institutfrancais-jerusalem.org\\\/gaza\\\/#website\",\"url\":\"https:\\\/\\\/www.institutfrancais-jerusalem.org\\\/gaza\\\/\",\"name\":\"Institut Fran\u00e7ais de J\u00e9rusalem - Gaza\",\"description\":\"\",\"potentialAction\":[{\"@type\":\"SearchAction\",\"target\":{\"@type\":\"EntryPoint\",\"urlTemplate\":\"https:\\\/\\\/www.institutfrancais-jerusalem.org\\\/gaza\\\/?s={search_term_string}\"},\"query-input\":{\"@type\":\"PropertyValueSpecification\",\"valueRequired\":true,\"valueName\":\"search_term_string\"}}],\"inLanguage\":\"fr-FR\"}]}<\/script>\n<!-- \/ Yoast SEO plugin. -->","yoast_head_json":{"title":"CAMPUS FRANCE - Institut Fran\u00e7ais de J\u00e9rusalem - Gaza","description":"Campus France est un \u00e9tablissement public charg\u00e9 de la promotion de l\u2019enseignement sup\u00e9rieur fran\u00e7ais \u00e0 l\u2019\u00e9tranger et de l\u2019accueil des \u00e9tudiants et des chercheurs \u00e9trangers en France. Il encourage la mobilit\u00e9 internationale, g\u00e8re des programmes de bourses et anime le r\u00e9seau des alumni.","robots":{"index":"index","follow":"follow","max-snippet":"max-snippet:-1","max-image-preview":"max-image-preview:large","max-video-preview":"max-video-preview:-1"},"canonical":"https:\/\/www.institutfrancais-jerusalem.org\/gaza\/campus-france\/","og_locale":"fr_FR","og_type":"article","og_title":"CAMPUS FRANCE - Institut Fran\u00e7ais de J\u00e9rusalem - Gaza","og_description":"Campus France est un \u00e9tablissement public charg\u00e9 de la promotion de l\u2019enseignement sup\u00e9rieur fran\u00e7ais \u00e0 l\u2019\u00e9tranger et de l\u2019accueil des \u00e9tudiants et des chercheurs \u00e9trangers en France. Il encourage la mobilit\u00e9 internationale, g\u00e8re des programmes de bourses et anime le r\u00e9seau des alumni.","og_url":"https:\/\/www.institutfrancais-jerusalem.org\/gaza\/campus-france\/","og_site_name":"Institut Fran\u00e7ais de J\u00e9rusalem - Gaza","article_modified_time":"2025-02-21T08:20:05+00:00","og_image":[{"width":2560,"height":1344,"url":"https:\/\/www.institutfrancais-jerusalem.org\/gaza\/wp-content\/uploads\/sites\/9\/2021\/01\/Campus-France-Photo-Alumni-1-scaled.jpg","type":"image\/jpeg"}],"twitter_card":"summary_large_image","twitter_misc":{"Dur\u00e9e de lecture estim\u00e9e":"3 minutes"},"schema":{"@context":"https:\/\/schema.org","@graph":[{"@type":"WebPage","@id":"https:\/\/www.institutfrancais-jerusalem.org\/gaza\/campus-france\/","url":"https:\/\/www.institutfrancais-jerusalem.org\/gaza\/campus-france\/","name":"CAMPUS FRANCE - Institut Fran\u00e7ais de J\u00e9rusalem - Gaza","isPartOf":{"@id":"https:\/\/www.institutfrancais-jerusalem.org\/gaza\/#website"},"primaryImageOfPage":{"@id":"https:\/\/www.institutfrancais-jerusalem.org\/gaza\/campus-france\/#primaryimage"},"image":{"@id":"https:\/\/www.institutfrancais-jerusalem.org\/gaza\/campus-france\/#primaryimage"},"thumbnailUrl":"https:\/\/www.institutfrancais-jerusalem.org\/gaza\/wp-content\/uploads\/sites\/9\/2021\/01\/Campus-France-Photo-Alumni-1-scaled.jpg","datePublished":"2018-03-15T08:42:47+00:00","dateModified":"2025-02-21T08:20:05+00:00","description":"Campus France est un \u00e9tablissement public charg\u00e9 de la promotion de l\u2019enseignement sup\u00e9rieur fran\u00e7ais \u00e0 l\u2019\u00e9tranger et de l\u2019accueil des \u00e9tudiants et des chercheurs \u00e9trangers en France. Il encourage la mobilit\u00e9 internationale, g\u00e8re des programmes de bourses et anime le r\u00e9seau des alumni.","breadcrumb":{"@id":"https:\/\/www.institutfrancais-jerusalem.org\/gaza\/campus-france\/#breadcrumb"},"inLanguage":"fr-FR","potentialAction":[{"@type":"ReadAction","target":["https:\/\/www.institutfrancais-jerusalem.org\/gaza\/campus-france\/"]}]},{"@type":"ImageObject","inLanguage":"fr-FR","@id":"https:\/\/www.institutfrancais-jerusalem.org\/gaza\/campus-france\/#primaryimage","url":"https:\/\/www.institutfrancais-jerusalem.org\/gaza\/wp-content\/uploads\/sites\/9\/2021\/01\/Campus-France-Photo-Alumni-1-scaled.jpg","contentUrl":"https:\/\/www.institutfrancais-jerusalem.org\/gaza\/wp-content\/uploads\/sites\/9\/2021\/01\/Campus-France-Photo-Alumni-1-scaled.jpg","width":2560,"height":1344},{"@type":"BreadcrumbList","@id":"https:\/\/www.institutfrancais-jerusalem.org\/gaza\/campus-france\/#breadcrumb","itemListElement":[{"@type":"ListItem","position":1,"name":"Accueil","item":"https:\/\/www.institutfrancais-jerusalem.org\/gaza\/"},{"@type":"ListItem","position":2,"name":"CAMPUS FRANCE"}]},{"@type":"WebSite","@id":"https:\/\/www.institutfrancais-jerusalem.org\/gaza\/#website","url":"https:\/\/www.institutfrancais-jerusalem.org\/gaza\/","name":"Institut Fran\u00e7ais de J\u00e9rusalem - Gaza","description":"","potentialAction":[{"@type":"SearchAction","target":{"@type":"EntryPoint","urlTemplate":"https:\/\/www.institutfrancais-jerusalem.org\/gaza\/?s={search_term_string}"},"query-input":{"@type":"PropertyValueSpecification","valueRequired":true,"valueName":"search_term_string"}}],"inLanguage":"fr-FR"}]}},"_links":{"self":[{"href":"https:\/\/www.institutfrancais-jerusalem.org\/gaza\/wp-json\/wp\/v2\/pages\/2635","targetHints":{"allow":["GET"]}}],"collection":[{"href":"https:\/\/www.institutfrancais-jerusalem.org\/gaza\/wp-json\/wp\/v2\/pages"}],"about":[{"href":"https:\/\/www.institutfrancais-jerusalem.org\/gaza\/wp-json\/wp\/v2\/types\/page"}],"author":[{"embeddable":true,"href":"https:\/\/www.institutfrancais-jerusalem.org\/gaza\/wp-json\/wp\/v2\/users\/1"}],"replies":[{"embeddable":true,"href":"https:\/\/www.institutfrancais-jerusalem.org\/gaza\/wp-json\/wp\/v2\/comments?post=2635"}],"version-history":[{"count":11,"href":"https:\/\/www.institutfrancais-jerusalem.org\/gaza\/wp-json\/wp\/v2\/pages\/2635\/revisions"}],"predecessor-version":[{"id":4804,"href":"https:\/\/www.institutfrancais-jerusalem.org\/gaza\/wp-json\/wp\/v2\/pages\/2635\/revisions\/4804"}],"wp:featuredmedia":[{"embeddable":true,"href":"https:\/\/www.institutfrancais-jerusalem.org\/gaza\/wp-json\/wp\/v2\/media\/4202"}],"wp:attachment":[{"href":"https:\/\/www.institutfrancais-jerusalem.org\/gaza\/wp-json\/wp\/v2\/media?parent=2635"}],"curies":[{"name":"wp","href":"https:\/\/api.w.org\/{rel}","templated":true}]}}