{"id":1561,"date":"2017-08-07T19:54:26","date_gmt":"2017-08-07T17:54:26","guid":{"rendered":"http:\/\/ifjerusalem-romaingary.org\/?page_id=1561"},"modified":"2020-10-02T16:26:00","modified_gmt":"2020-10-02T14:26:00","slug":"cours-a-la-carte","status":"publish","type":"page","link":"https:\/\/www.institutfrancais-jerusalem.org\/gaza\/cours-de-francais\/cours-a-la-carte\/","title":{"rendered":"COURS A LA CARTE"},"content":{"rendered":"<p class=\"p1\"><span class=\"s1\">Vous \u00eates un acteur institutionnel, une ONG ou une organisation internationale, une soci\u00e9t\u00e9 du secteur priv\u00e9\u00a0?<\/span><\/p>\n<p class=\"p1\"><span class=\"s1\">Pour un groupe d\u2019apprenants minimum, l\u2019Institut fran\u00e7ais vous propose des offres personnalis\u00e9es, adapt\u00e9es \u00e0 vos besoins, \u00e0 vos contraintes et \u00e0 celles de vos collaborateurs, avec des cours dispens\u00e9s dans les antennes de l\u2019Institut fran\u00e7ais de J\u00e9rusalem<span class=\"Apple-converted-space\">\u00a0 <\/span>ou directement dans vos locaux.<\/span><\/p>\n<h4 class=\"p2\"><span class=\"s1\"><b>Contactez-nous pour plus d\u2019informations : <a href=\"mailto:institut-francais@consulfrance-jerusalem.org\">institut-francais@consulfrance-jerusalem.org<\/a><\/b><\/span><\/h4>\n<p>&nbsp;<\/p>\n","protected":false},"excerpt":{"rendered":"<p>Vous \u00eates un acteur institutionnel, une ONG ou une organisation internationale, une soci\u00e9t\u00e9 du secteur priv\u00e9\u00a0? Pour un groupe d\u2019apprenants minimum, l\u2019Institut fran\u00e7ais vous propose des offres personnalis\u00e9es, adapt\u00e9es \u00e0 vos besoins, \u00e0 vos contraintes et \u00e0 celles de vos collaborateurs, avec des cours dispens\u00e9s dans les antennes de l\u2019Institut fran\u00e7ais de J\u00e9rusalem\u00a0 ou directement &hellip;<\/p>\n","protected":false},"author":1,"featured_media":4027,"parent":1326,"menu_order":0,"comment_status":"closed","ping_status":"closed","template":"","meta":{"footnotes":""},"class_list":["post-1561","page","type-page","status-publish","has-post-thumbnail",""],"yoast_head":"<!-- This site is optimized with the Yoast SEO plugin v27.5 - https:\/\/yoast.com\/product\/yoast-seo-wordpress\/ -->\n<title>COURS A LA CARTE - Institut Fran\u00e7ais de J\u00e9rusalem - Gaza<\/title>\n<meta name=\"robots\" content=\"index, follow, max-snippet:-1, max-image-preview:large, max-video-preview:-1\" \/>\n<link rel=\"canonical\" href=\"https:\/\/www.institutfrancais-jerusalem.org\/gaza\/cours-de-francais\/cours-a-la-carte\/\" \/>\n<meta property=\"og:locale\" content=\"fr_FR\" \/>\n<meta property=\"og:type\" content=\"article\" \/>\n<meta property=\"og:title\" content=\"COURS A LA CARTE - Institut Fran\u00e7ais de J\u00e9rusalem - Gaza\" \/>\n<meta property=\"og:description\" content=\"Vous \u00eates un acteur institutionnel, une ONG ou une organisation internationale, une soci\u00e9t\u00e9 du secteur priv\u00e9\u00a0? Pour un groupe d\u2019apprenants minimum, l\u2019Institut fran\u00e7ais vous propose des offres personnalis\u00e9es, adapt\u00e9es \u00e0 vos besoins, \u00e0 vos contraintes et \u00e0 celles de vos collaborateurs, avec des cours dispens\u00e9s dans les antennes de l\u2019Institut fran\u00e7ais de J\u00e9rusalem\u00a0 ou directement &hellip;\" \/>\n<meta property=\"og:url\" content=\"https:\/\/www.institutfrancais-jerusalem.org\/gaza\/cours-de-francais\/cours-a-la-carte\/\" \/>\n<meta property=\"og:site_name\" content=\"Institut Fran\u00e7ais de J\u00e9rusalem - Gaza\" \/>\n<meta property=\"article:modified_time\" content=\"2020-10-02T14:26:00+00:00\" \/>\n<meta property=\"og:image\" content=\"https:\/\/www.institutfrancais-jerusalem.org\/gaza\/wp-content\/uploads\/sites\/9\/2020\/10\/admin-ajax.jpeg\" \/>\n\t<meta property=\"og:image:width\" content=\"400\" \/>\n\t<meta property=\"og:image:height\" content=\"267\" \/>\n\t<meta property=\"og:image:type\" content=\"image\/jpeg\" \/>\n<meta name=\"twitter:card\" content=\"summary_large_image\" \/>\n<script type=\"application\/ld+json\" class=\"yoast-schema-graph\">{\"@context\":\"https:\\\/\\\/schema.org\",\"@graph\":[{\"@type\":\"WebPage\",\"@id\":\"https:\\\/\\\/www.institutfrancais-jerusalem.org\\\/gaza\\\/cours-de-francais\\\/cours-a-la-carte\\\/\",\"url\":\"https:\\\/\\\/www.institutfrancais-jerusalem.org\\\/gaza\\\/cours-de-francais\\\/cours-a-la-carte\\\/\",\"name\":\"COURS A LA CARTE - Institut Fran\u00e7ais de J\u00e9rusalem - Gaza\",\"isPartOf\":{\"@id\":\"https:\\\/\\\/www.institutfrancais-jerusalem.org\\\/gaza\\\/#website\"},\"primaryImageOfPage\":{\"@id\":\"https:\\\/\\\/www.institutfrancais-jerusalem.org\\\/gaza\\\/cours-de-francais\\\/cours-a-la-carte\\\/#primaryimage\"},\"image\":{\"@id\":\"https:\\\/\\\/www.institutfrancais-jerusalem.org\\\/gaza\\\/cours-de-francais\\\/cours-a-la-carte\\\/#primaryimage\"},\"thumbnailUrl\":\"https:\\\/\\\/www.institutfrancais-jerusalem.org\\\/gaza\\\/wp-content\\\/uploads\\\/sites\\\/9\\\/2020\\\/10\\\/admin-ajax.jpeg\",\"datePublished\":\"2017-08-07T17:54:26+00:00\",\"dateModified\":\"2020-10-02T14:26:00+00:00\",\"breadcrumb\":{\"@id\":\"https:\\\/\\\/www.institutfrancais-jerusalem.org\\\/gaza\\\/cours-de-francais\\\/cours-a-la-carte\\\/#breadcrumb\"},\"inLanguage\":\"fr-FR\",\"potentialAction\":[{\"@type\":\"ReadAction\",\"target\":[\"https:\\\/\\\/www.institutfrancais-jerusalem.org\\\/gaza\\\/cours-de-francais\\\/cours-a-la-carte\\\/\"]}]},{\"@type\":\"ImageObject\",\"inLanguage\":\"fr-FR\",\"@id\":\"https:\\\/\\\/www.institutfrancais-jerusalem.org\\\/gaza\\\/cours-de-francais\\\/cours-a-la-carte\\\/#primaryimage\",\"url\":\"https:\\\/\\\/www.institutfrancais-jerusalem.org\\\/gaza\\\/wp-content\\\/uploads\\\/sites\\\/9\\\/2020\\\/10\\\/admin-ajax.jpeg\",\"contentUrl\":\"https:\\\/\\\/www.institutfrancais-jerusalem.org\\\/gaza\\\/wp-content\\\/uploads\\\/sites\\\/9\\\/2020\\\/10\\\/admin-ajax.jpeg\",\"width\":400,\"height\":267},{\"@type\":\"BreadcrumbList\",\"@id\":\"https:\\\/\\\/www.institutfrancais-jerusalem.org\\\/gaza\\\/cours-de-francais\\\/cours-a-la-carte\\\/#breadcrumb\",\"itemListElement\":[{\"@type\":\"ListItem\",\"position\":1,\"name\":\"Accueil\",\"item\":\"https:\\\/\\\/www.institutfrancais-jerusalem.org\\\/gaza\\\/\"},{\"@type\":\"ListItem\",\"position\":2,\"name\":\"COURS DE FRANCAIS\",\"item\":\"https:\\\/\\\/www.institutfrancais-jerusalem.org\\\/gaza\\\/cours-de-francais\\\/\"},{\"@type\":\"ListItem\",\"position\":3,\"name\":\"COURS A LA CARTE\"}]},{\"@type\":\"WebSite\",\"@id\":\"https:\\\/\\\/www.institutfrancais-jerusalem.org\\\/gaza\\\/#website\",\"url\":\"https:\\\/\\\/www.institutfrancais-jerusalem.org\\\/gaza\\\/\",\"name\":\"Institut Fran\u00e7ais de J\u00e9rusalem - Gaza\",\"description\":\"\",\"potentialAction\":[{\"@type\":\"SearchAction\",\"target\":{\"@type\":\"EntryPoint\",\"urlTemplate\":\"https:\\\/\\\/www.institutfrancais-jerusalem.org\\\/gaza\\\/?s={search_term_string}\"},\"query-input\":{\"@type\":\"PropertyValueSpecification\",\"valueRequired\":true,\"valueName\":\"search_term_string\"}}],\"inLanguage\":\"fr-FR\"}]}<\/script>\n<!-- \/ Yoast SEO plugin. -->","yoast_head_json":{"title":"COURS A LA CARTE - Institut Fran\u00e7ais de J\u00e9rusalem - Gaza","robots":{"index":"index","follow":"follow","max-snippet":"max-snippet:-1","max-image-preview":"max-image-preview:large","max-video-preview":"max-video-preview:-1"},"canonical":"https:\/\/www.institutfrancais-jerusalem.org\/gaza\/cours-de-francais\/cours-a-la-carte\/","og_locale":"fr_FR","og_type":"article","og_title":"COURS A LA CARTE - Institut Fran\u00e7ais de J\u00e9rusalem - Gaza","og_description":"Vous \u00eates un acteur institutionnel, une ONG ou une organisation internationale, une soci\u00e9t\u00e9 du secteur priv\u00e9\u00a0? Pour un groupe d\u2019apprenants minimum, l\u2019Institut fran\u00e7ais vous propose des offres personnalis\u00e9es, adapt\u00e9es \u00e0 vos besoins, \u00e0 vos contraintes et \u00e0 celles de vos collaborateurs, avec des cours dispens\u00e9s dans les antennes de l\u2019Institut fran\u00e7ais de J\u00e9rusalem\u00a0 ou directement &hellip;","og_url":"https:\/\/www.institutfrancais-jerusalem.org\/gaza\/cours-de-francais\/cours-a-la-carte\/","og_site_name":"Institut Fran\u00e7ais de J\u00e9rusalem - Gaza","article_modified_time":"2020-10-02T14:26:00+00:00","og_image":[{"width":400,"height":267,"url":"https:\/\/www.institutfrancais-jerusalem.org\/gaza\/wp-content\/uploads\/sites\/9\/2020\/10\/admin-ajax.jpeg","type":"image\/jpeg"}],"twitter_card":"summary_large_image","schema":{"@context":"https:\/\/schema.org","@graph":[{"@type":"WebPage","@id":"https:\/\/www.institutfrancais-jerusalem.org\/gaza\/cours-de-francais\/cours-a-la-carte\/","url":"https:\/\/www.institutfrancais-jerusalem.org\/gaza\/cours-de-francais\/cours-a-la-carte\/","name":"COURS A LA CARTE - Institut Fran\u00e7ais de J\u00e9rusalem - Gaza","isPartOf":{"@id":"https:\/\/www.institutfrancais-jerusalem.org\/gaza\/#website"},"primaryImageOfPage":{"@id":"https:\/\/www.institutfrancais-jerusalem.org\/gaza\/cours-de-francais\/cours-a-la-carte\/#primaryimage"},"image":{"@id":"https:\/\/www.institutfrancais-jerusalem.org\/gaza\/cours-de-francais\/cours-a-la-carte\/#primaryimage"},"thumbnailUrl":"https:\/\/www.institutfrancais-jerusalem.org\/gaza\/wp-content\/uploads\/sites\/9\/2020\/10\/admin-ajax.jpeg","datePublished":"2017-08-07T17:54:26+00:00","dateModified":"2020-10-02T14:26:00+00:00","breadcrumb":{"@id":"https:\/\/www.institutfrancais-jerusalem.org\/gaza\/cours-de-francais\/cours-a-la-carte\/#breadcrumb"},"inLanguage":"fr-FR","potentialAction":[{"@type":"ReadAction","target":["https:\/\/www.institutfrancais-jerusalem.org\/gaza\/cours-de-francais\/cours-a-la-carte\/"]}]},{"@type":"ImageObject","inLanguage":"fr-FR","@id":"https:\/\/www.institutfrancais-jerusalem.org\/gaza\/cours-de-francais\/cours-a-la-carte\/#primaryimage","url":"https:\/\/www.institutfrancais-jerusalem.org\/gaza\/wp-content\/uploads\/sites\/9\/2020\/10\/admin-ajax.jpeg","contentUrl":"https:\/\/www.institutfrancais-jerusalem.org\/gaza\/wp-content\/uploads\/sites\/9\/2020\/10\/admin-ajax.jpeg","width":400,"height":267},{"@type":"BreadcrumbList","@id":"https:\/\/www.institutfrancais-jerusalem.org\/gaza\/cours-de-francais\/cours-a-la-carte\/#breadcrumb","itemListElement":[{"@type":"ListItem","position":1,"name":"Accueil","item":"https:\/\/www.institutfrancais-jerusalem.org\/gaza\/"},{"@type":"ListItem","position":2,"name":"COURS DE FRANCAIS","item":"https:\/\/www.institutfrancais-jerusalem.org\/gaza\/cours-de-francais\/"},{"@type":"ListItem","position":3,"name":"COURS A LA CARTE"}]},{"@type":"WebSite","@id":"https:\/\/www.institutfrancais-jerusalem.org\/gaza\/#website","url":"https:\/\/www.institutfrancais-jerusalem.org\/gaza\/","name":"Institut Fran\u00e7ais de J\u00e9rusalem - Gaza","description":"","potentialAction":[{"@type":"SearchAction","target":{"@type":"EntryPoint","urlTemplate":"https:\/\/www.institutfrancais-jerusalem.org\/gaza\/?s={search_term_string}"},"query-input":{"@type":"PropertyValueSpecification","valueRequired":true,"valueName":"search_term_string"}}],"inLanguage":"fr-FR"}]}},"_links":{"self":[{"href":"https:\/\/www.institutfrancais-jerusalem.org\/gaza\/wp-json\/wp\/v2\/pages\/1561","targetHints":{"allow":["GET"]}}],"collection":[{"href":"https:\/\/www.institutfrancais-jerusalem.org\/gaza\/wp-json\/wp\/v2\/pages"}],"about":[{"href":"https:\/\/www.institutfrancais-jerusalem.org\/gaza\/wp-json\/wp\/v2\/types\/page"}],"author":[{"embeddable":true,"href":"https:\/\/www.institutfrancais-jerusalem.org\/gaza\/wp-json\/wp\/v2\/users\/1"}],"replies":[{"embeddable":true,"href":"https:\/\/www.institutfrancais-jerusalem.org\/gaza\/wp-json\/wp\/v2\/comments?post=1561"}],"version-history":[{"count":6,"href":"https:\/\/www.institutfrancais-jerusalem.org\/gaza\/wp-json\/wp\/v2\/pages\/1561\/revisions"}],"predecessor-version":[{"id":4029,"href":"https:\/\/www.institutfrancais-jerusalem.org\/gaza\/wp-json\/wp\/v2\/pages\/1561\/revisions\/4029"}],"up":[{"embeddable":true,"href":"https:\/\/www.institutfrancais-jerusalem.org\/gaza\/wp-json\/wp\/v2\/pages\/1326"}],"wp:featuredmedia":[{"embeddable":true,"href":"https:\/\/www.institutfrancais-jerusalem.org\/gaza\/wp-json\/wp\/v2\/media\/4027"}],"wp:attachment":[{"href":"https:\/\/www.institutfrancais-jerusalem.org\/gaza\/wp-json\/wp\/v2\/media?parent=1561"}],"curies":[{"name":"wp","href":"https:\/\/api.w.org\/{rel}","templated":true}]}}