{"id":1557,"date":"2017-08-07T19:53:23","date_gmt":"2017-08-07T17:53:23","guid":{"rendered":"http:\/\/ifjerusalem-romaingary.org\/?page_id=1557"},"modified":"2022-02-04T14:54:10","modified_gmt":"2022-02-04T13:54:10","slug":"cours-adultes","status":"publish","type":"page","link":"https:\/\/www.institutfrancais-jerusalem.org\/gaza\/cours-de-francais\/cours-adultes\/","title":{"rendered":"COURS ADULTES"},"content":{"rendered":"<p><strong>Pour les cours adultes :<br \/>\n<\/strong>Tous niveaux<br \/>\n40 heures : 3 s\u00e9ances de 2h par semaine (mardi, jeudi et dimanche)<br \/>\nTarif : 200 NIS<br \/>\nCours en petit groupe pour une p\u00e9dagogie efficace !<\/p>\n<p><strong>Les inscriptions se font aux coordonn\u00e9es suivantes :<\/strong><br \/>\n08 2828 251 \/ 08 2867 883<br \/>\nEn nous envoyant un mail : <span style=\"color: #0000ff;\"><strong><a style=\"color: #0000ff;\" href=\"mailto:Ifj-gaza@consulfrance-jertusalem.org\">ifj-gaza@consulfrance-jerusalem.org<\/a><br \/>\n<\/strong><\/span>Ou en nous envoyant un message sur notre page <span style=\"color: #0000ff;\"><strong><a style=\"color: #0000ff;\" href=\"https:\/\/fr-fr.facebook.com\/InstitutFrancaisGaza\/\">Facebook<\/a><\/strong><\/span><\/p>\n<p>&nbsp;<\/p>\n","protected":false},"excerpt":{"rendered":"<p>Pour les cours adultes : Tous niveaux 40 heures : 3 s\u00e9ances de 2h par semaine (mardi, jeudi et dimanche) Tarif : 200 NIS Cours en petit groupe pour une p\u00e9dagogie efficace ! Les inscriptions se font aux coordonn\u00e9es suivantes : 08 2828 251 \/ 08 2867 883 En nous envoyant un mail : ifj-gaza@consulfrance-jerusalem.org &hellip;<\/p>\n","protected":false},"author":1,"featured_media":4515,"parent":1326,"menu_order":0,"comment_status":"closed","ping_status":"closed","template":"","meta":{"footnotes":""},"class_list":["post-1557","page","type-page","status-publish","has-post-thumbnail",""],"yoast_head":"<!-- This site is optimized with the Yoast SEO plugin v27.3 - https:\/\/yoast.com\/product\/yoast-seo-wordpress\/ -->\n<title>COURS ADULTES - Institut Fran\u00e7ais de J\u00e9rusalem - Gaza<\/title>\n<meta name=\"description\" content=\"Cours de fran\u00e7ais pour les adultes \u00e0 l&#039;Institut fran\u00e7ais de Gaza\" \/>\n<meta name=\"robots\" content=\"index, follow, max-snippet:-1, max-image-preview:large, max-video-preview:-1\" \/>\n<link rel=\"canonical\" href=\"https:\/\/www.institutfrancais-jerusalem.org\/gaza\/cours-de-francais\/cours-adultes\/\" \/>\n<meta property=\"og:locale\" content=\"fr_FR\" \/>\n<meta property=\"og:type\" content=\"article\" \/>\n<meta property=\"og:title\" content=\"COURS ADULTES - Institut Fran\u00e7ais de J\u00e9rusalem - Gaza\" \/>\n<meta property=\"og:description\" content=\"Cours de fran\u00e7ais pour les adultes \u00e0 l&#039;Institut fran\u00e7ais de Gaza\" \/>\n<meta property=\"og:url\" content=\"https:\/\/www.institutfrancais-jerusalem.org\/gaza\/cours-de-francais\/cours-adultes\/\" \/>\n<meta property=\"og:site_name\" content=\"Institut Fran\u00e7ais de J\u00e9rusalem - Gaza\" \/>\n<meta property=\"article:modified_time\" content=\"2022-02-04T13:54:10+00:00\" \/>\n<meta property=\"og:image\" content=\"https:\/\/www.institutfrancais-jerusalem.org\/gaza\/wp-content\/uploads\/sites\/9\/2022\/02\/2022.01.12-Session-cours-adultes-fe\u0301vrier-2022-scaled.jpg\" \/>\n\t<meta property=\"og:image:width\" content=\"2560\" \/>\n\t<meta property=\"og:image:height\" content=\"1344\" \/>\n\t<meta property=\"og:image:type\" content=\"image\/jpeg\" \/>\n<meta name=\"twitter:card\" content=\"summary_large_image\" \/>\n<meta name=\"twitter:label1\" content=\"Dur\u00e9e de lecture estim\u00e9e\" \/>\n\t<meta name=\"twitter:data1\" content=\"1 minute\" \/>\n<script type=\"application\/ld+json\" class=\"yoast-schema-graph\">{\"@context\":\"https:\\\/\\\/schema.org\",\"@graph\":[{\"@type\":\"WebPage\",\"@id\":\"https:\\\/\\\/www.institutfrancais-jerusalem.org\\\/gaza\\\/cours-de-francais\\\/cours-adultes\\\/\",\"url\":\"https:\\\/\\\/www.institutfrancais-jerusalem.org\\\/gaza\\\/cours-de-francais\\\/cours-adultes\\\/\",\"name\":\"COURS ADULTES - Institut Fran\u00e7ais de J\u00e9rusalem - Gaza\",\"isPartOf\":{\"@id\":\"https:\\\/\\\/www.institutfrancais-jerusalem.org\\\/gaza\\\/#website\"},\"primaryImageOfPage\":{\"@id\":\"https:\\\/\\\/www.institutfrancais-jerusalem.org\\\/gaza\\\/cours-de-francais\\\/cours-adultes\\\/#primaryimage\"},\"image\":{\"@id\":\"https:\\\/\\\/www.institutfrancais-jerusalem.org\\\/gaza\\\/cours-de-francais\\\/cours-adultes\\\/#primaryimage\"},\"thumbnailUrl\":\"https:\\\/\\\/www.institutfrancais-jerusalem.org\\\/gaza\\\/wp-content\\\/uploads\\\/sites\\\/9\\\/2022\\\/02\\\/2022.01.12-Session-cours-adultes-fe\u0301vrier-2022-scaled.jpg\",\"datePublished\":\"2017-08-07T17:53:23+00:00\",\"dateModified\":\"2022-02-04T13:54:10+00:00\",\"description\":\"Cours de fran\u00e7ais pour les adultes \u00e0 l'Institut fran\u00e7ais de Gaza\",\"breadcrumb\":{\"@id\":\"https:\\\/\\\/www.institutfrancais-jerusalem.org\\\/gaza\\\/cours-de-francais\\\/cours-adultes\\\/#breadcrumb\"},\"inLanguage\":\"fr-FR\",\"potentialAction\":[{\"@type\":\"ReadAction\",\"target\":[\"https:\\\/\\\/www.institutfrancais-jerusalem.org\\\/gaza\\\/cours-de-francais\\\/cours-adultes\\\/\"]}]},{\"@type\":\"ImageObject\",\"inLanguage\":\"fr-FR\",\"@id\":\"https:\\\/\\\/www.institutfrancais-jerusalem.org\\\/gaza\\\/cours-de-francais\\\/cours-adultes\\\/#primaryimage\",\"url\":\"https:\\\/\\\/www.institutfrancais-jerusalem.org\\\/gaza\\\/wp-content\\\/uploads\\\/sites\\\/9\\\/2022\\\/02\\\/2022.01.12-Session-cours-adultes-fe\u0301vrier-2022-scaled.jpg\",\"contentUrl\":\"https:\\\/\\\/www.institutfrancais-jerusalem.org\\\/gaza\\\/wp-content\\\/uploads\\\/sites\\\/9\\\/2022\\\/02\\\/2022.01.12-Session-cours-adultes-fe\u0301vrier-2022-scaled.jpg\",\"width\":2560,\"height\":1344},{\"@type\":\"BreadcrumbList\",\"@id\":\"https:\\\/\\\/www.institutfrancais-jerusalem.org\\\/gaza\\\/cours-de-francais\\\/cours-adultes\\\/#breadcrumb\",\"itemListElement\":[{\"@type\":\"ListItem\",\"position\":1,\"name\":\"Accueil\",\"item\":\"https:\\\/\\\/www.institutfrancais-jerusalem.org\\\/gaza\\\/\"},{\"@type\":\"ListItem\",\"position\":2,\"name\":\"COURS DE FRANCAIS\",\"item\":\"https:\\\/\\\/www.institutfrancais-jerusalem.org\\\/gaza\\\/cours-de-francais\\\/\"},{\"@type\":\"ListItem\",\"position\":3,\"name\":\"COURS ADULTES\"}]},{\"@type\":\"WebSite\",\"@id\":\"https:\\\/\\\/www.institutfrancais-jerusalem.org\\\/gaza\\\/#website\",\"url\":\"https:\\\/\\\/www.institutfrancais-jerusalem.org\\\/gaza\\\/\",\"name\":\"Institut Fran\u00e7ais de J\u00e9rusalem - Gaza\",\"description\":\"\",\"potentialAction\":[{\"@type\":\"SearchAction\",\"target\":{\"@type\":\"EntryPoint\",\"urlTemplate\":\"https:\\\/\\\/www.institutfrancais-jerusalem.org\\\/gaza\\\/?s={search_term_string}\"},\"query-input\":{\"@type\":\"PropertyValueSpecification\",\"valueRequired\":true,\"valueName\":\"search_term_string\"}}],\"inLanguage\":\"fr-FR\"}]}<\/script>\n<!-- \/ Yoast SEO plugin. -->","yoast_head_json":{"title":"COURS ADULTES - Institut Fran\u00e7ais de J\u00e9rusalem - Gaza","description":"Cours de fran\u00e7ais pour les adultes \u00e0 l'Institut fran\u00e7ais de Gaza","robots":{"index":"index","follow":"follow","max-snippet":"max-snippet:-1","max-image-preview":"max-image-preview:large","max-video-preview":"max-video-preview:-1"},"canonical":"https:\/\/www.institutfrancais-jerusalem.org\/gaza\/cours-de-francais\/cours-adultes\/","og_locale":"fr_FR","og_type":"article","og_title":"COURS ADULTES - Institut Fran\u00e7ais de J\u00e9rusalem - Gaza","og_description":"Cours de fran\u00e7ais pour les adultes \u00e0 l'Institut fran\u00e7ais de Gaza","og_url":"https:\/\/www.institutfrancais-jerusalem.org\/gaza\/cours-de-francais\/cours-adultes\/","og_site_name":"Institut Fran\u00e7ais de J\u00e9rusalem - Gaza","article_modified_time":"2022-02-04T13:54:10+00:00","og_image":[{"width":2560,"height":1344,"url":"https:\/\/www.institutfrancais-jerusalem.org\/gaza\/wp-content\/uploads\/sites\/9\/2022\/02\/2022.01.12-Session-cours-adultes-fe\u0301vrier-2022-scaled.jpg","type":"image\/jpeg"}],"twitter_card":"summary_large_image","twitter_misc":{"Dur\u00e9e de lecture estim\u00e9e":"1 minute"},"schema":{"@context":"https:\/\/schema.org","@graph":[{"@type":"WebPage","@id":"https:\/\/www.institutfrancais-jerusalem.org\/gaza\/cours-de-francais\/cours-adultes\/","url":"https:\/\/www.institutfrancais-jerusalem.org\/gaza\/cours-de-francais\/cours-adultes\/","name":"COURS ADULTES - Institut Fran\u00e7ais de J\u00e9rusalem - Gaza","isPartOf":{"@id":"https:\/\/www.institutfrancais-jerusalem.org\/gaza\/#website"},"primaryImageOfPage":{"@id":"https:\/\/www.institutfrancais-jerusalem.org\/gaza\/cours-de-francais\/cours-adultes\/#primaryimage"},"image":{"@id":"https:\/\/www.institutfrancais-jerusalem.org\/gaza\/cours-de-francais\/cours-adultes\/#primaryimage"},"thumbnailUrl":"https:\/\/www.institutfrancais-jerusalem.org\/gaza\/wp-content\/uploads\/sites\/9\/2022\/02\/2022.01.12-Session-cours-adultes-fe\u0301vrier-2022-scaled.jpg","datePublished":"2017-08-07T17:53:23+00:00","dateModified":"2022-02-04T13:54:10+00:00","description":"Cours de fran\u00e7ais pour les adultes \u00e0 l'Institut fran\u00e7ais de Gaza","breadcrumb":{"@id":"https:\/\/www.institutfrancais-jerusalem.org\/gaza\/cours-de-francais\/cours-adultes\/#breadcrumb"},"inLanguage":"fr-FR","potentialAction":[{"@type":"ReadAction","target":["https:\/\/www.institutfrancais-jerusalem.org\/gaza\/cours-de-francais\/cours-adultes\/"]}]},{"@type":"ImageObject","inLanguage":"fr-FR","@id":"https:\/\/www.institutfrancais-jerusalem.org\/gaza\/cours-de-francais\/cours-adultes\/#primaryimage","url":"https:\/\/www.institutfrancais-jerusalem.org\/gaza\/wp-content\/uploads\/sites\/9\/2022\/02\/2022.01.12-Session-cours-adultes-fe\u0301vrier-2022-scaled.jpg","contentUrl":"https:\/\/www.institutfrancais-jerusalem.org\/gaza\/wp-content\/uploads\/sites\/9\/2022\/02\/2022.01.12-Session-cours-adultes-fe\u0301vrier-2022-scaled.jpg","width":2560,"height":1344},{"@type":"BreadcrumbList","@id":"https:\/\/www.institutfrancais-jerusalem.org\/gaza\/cours-de-francais\/cours-adultes\/#breadcrumb","itemListElement":[{"@type":"ListItem","position":1,"name":"Accueil","item":"https:\/\/www.institutfrancais-jerusalem.org\/gaza\/"},{"@type":"ListItem","position":2,"name":"COURS DE FRANCAIS","item":"https:\/\/www.institutfrancais-jerusalem.org\/gaza\/cours-de-francais\/"},{"@type":"ListItem","position":3,"name":"COURS ADULTES"}]},{"@type":"WebSite","@id":"https:\/\/www.institutfrancais-jerusalem.org\/gaza\/#website","url":"https:\/\/www.institutfrancais-jerusalem.org\/gaza\/","name":"Institut Fran\u00e7ais de J\u00e9rusalem - Gaza","description":"","potentialAction":[{"@type":"SearchAction","target":{"@type":"EntryPoint","urlTemplate":"https:\/\/www.institutfrancais-jerusalem.org\/gaza\/?s={search_term_string}"},"query-input":{"@type":"PropertyValueSpecification","valueRequired":true,"valueName":"search_term_string"}}],"inLanguage":"fr-FR"}]}},"_links":{"self":[{"href":"https:\/\/www.institutfrancais-jerusalem.org\/gaza\/wp-json\/wp\/v2\/pages\/1557","targetHints":{"allow":["GET"]}}],"collection":[{"href":"https:\/\/www.institutfrancais-jerusalem.org\/gaza\/wp-json\/wp\/v2\/pages"}],"about":[{"href":"https:\/\/www.institutfrancais-jerusalem.org\/gaza\/wp-json\/wp\/v2\/types\/page"}],"author":[{"embeddable":true,"href":"https:\/\/www.institutfrancais-jerusalem.org\/gaza\/wp-json\/wp\/v2\/users\/1"}],"replies":[{"embeddable":true,"href":"https:\/\/www.institutfrancais-jerusalem.org\/gaza\/wp-json\/wp\/v2\/comments?post=1557"}],"version-history":[{"count":15,"href":"https:\/\/www.institutfrancais-jerusalem.org\/gaza\/wp-json\/wp\/v2\/pages\/1557\/revisions"}],"predecessor-version":[{"id":3295,"href":"https:\/\/www.institutfrancais-jerusalem.org\/gaza\/wp-json\/wp\/v2\/pages\/1557\/revisions\/3295"}],"up":[{"embeddable":true,"href":"https:\/\/www.institutfrancais-jerusalem.org\/gaza\/wp-json\/wp\/v2\/pages\/1326"}],"wp:featuredmedia":[{"embeddable":true,"href":"https:\/\/www.institutfrancais-jerusalem.org\/gaza\/wp-json\/wp\/v2\/media\/4515"}],"wp:attachment":[{"href":"https:\/\/www.institutfrancais-jerusalem.org\/gaza\/wp-json\/wp\/v2\/media?parent=1557"}],"curies":[{"name":"wp","href":"https:\/\/api.w.org\/{rel}","templated":true}]}}