{"id":1413,"date":"2017-08-07T15:58:49","date_gmt":"2017-08-07T13:58:49","guid":{"rendered":"http:\/\/ifjerusalem-romaingary.org\/?page_id=1413"},"modified":"2018-02-12T10:02:10","modified_gmt":"2018-02-12T09:02:10","slug":"adherer","status":"publish","type":"page","link":"https:\/\/www.institutfrancais-jerusalem.org\/gaza\/nos-mediatheques\/adherer\/","title":{"rendered":"ADH\u00c9RER"},"content":{"rendered":"<h4 class=\"p3\"><span class=\"s1\"><b>Inscription :<\/b><\/span><\/h4>\n<p class=\"p6\"><span class=\"s5\">&#8211; remplir le\u00a0<a href=\"https:\/\/www.institutfrancais-jerusalem.org\/wp-content\/uploads\/2014\/03\/inscription.pdf\"><span class=\"s6\">formulaire d\u2019inscription<\/span><\/a>\u00a0\u00a0<\/span><\/p>\n<p class=\"p7\"><span class=\"s1\">&#8211; joindre 2 photos d\u2019identit\u00e9 \u2013 fond blanc<\/span><\/p>\n<p class=\"p7\"><span class=\"s1\">&#8211; joindre le re\u00e7u du r\u00e8glement des frais<\/span><\/p>\n<h4 class=\"p3\"><span class=\"s1\"><b>Tarifs :<\/b><\/span><\/h4>\n<p class=\"p7\"><span class=\"s1\">&#8211; 50 NIS par an pour le public<\/span><\/p>\n<p class=\"p8\"><span class=\"s1\">&#8211; 30 NIS par an pour les \u00e9tudiants de fran\u00e7ais des universit\u00e9s partenaires et les enfants<\/span><\/p>\n","protected":false},"excerpt":{"rendered":"<p>Inscription : &#8211; remplir le\u00a0formulaire d\u2019inscription\u00a0\u00a0 &#8211; joindre 2 photos d\u2019identit\u00e9 \u2013 fond blanc &#8211; joindre le re\u00e7u du r\u00e8glement des frais Tarifs : &#8211; 50 NIS par an pour le public &#8211; 30 NIS par an pour les \u00e9tudiants de fran\u00e7ais des universit\u00e9s partenaires et les enfants<\/p>\n","protected":false},"author":1,"featured_media":0,"parent":1331,"menu_order":0,"comment_status":"closed","ping_status":"closed","template":"","meta":{"footnotes":""},"class_list":["post-1413","page","type-page","status-publish",""],"yoast_head":"<!-- This site is optimized with the Yoast SEO plugin v27.5 - https:\/\/yoast.com\/product\/yoast-seo-wordpress\/ -->\n<title>ADH\u00c9RER - Institut Fran\u00e7ais de J\u00e9rusalem - Gaza<\/title>\n<meta name=\"robots\" content=\"index, follow, max-snippet:-1, max-image-preview:large, max-video-preview:-1\" \/>\n<link rel=\"canonical\" href=\"https:\/\/www.institutfrancais-jerusalem.org\/gaza\/nos-mediatheques\/adherer\/\" \/>\n<meta property=\"og:locale\" content=\"fr_FR\" \/>\n<meta property=\"og:type\" content=\"article\" \/>\n<meta property=\"og:title\" content=\"ADH\u00c9RER - Institut Fran\u00e7ais de J\u00e9rusalem - Gaza\" \/>\n<meta property=\"og:description\" content=\"Inscription : &#8211; remplir le\u00a0formulaire d\u2019inscription\u00a0\u00a0 &#8211; joindre 2 photos d\u2019identit\u00e9 \u2013 fond blanc &#8211; joindre le re\u00e7u du r\u00e8glement des frais Tarifs : &#8211; 50 NIS par an pour le public &#8211; 30 NIS par an pour les \u00e9tudiants de fran\u00e7ais des universit\u00e9s partenaires et les enfants\" \/>\n<meta property=\"og:url\" content=\"https:\/\/www.institutfrancais-jerusalem.org\/gaza\/nos-mediatheques\/adherer\/\" \/>\n<meta property=\"og:site_name\" content=\"Institut Fran\u00e7ais de J\u00e9rusalem - Gaza\" \/>\n<meta property=\"article:modified_time\" content=\"2018-02-12T09:02:10+00:00\" \/>\n<meta name=\"twitter:card\" content=\"summary_large_image\" \/>\n<script type=\"application\/ld+json\" class=\"yoast-schema-graph\">{\"@context\":\"https:\\\/\\\/schema.org\",\"@graph\":[{\"@type\":\"WebPage\",\"@id\":\"https:\\\/\\\/www.institutfrancais-jerusalem.org\\\/gaza\\\/nos-mediatheques\\\/adherer\\\/\",\"url\":\"https:\\\/\\\/www.institutfrancais-jerusalem.org\\\/gaza\\\/nos-mediatheques\\\/adherer\\\/\",\"name\":\"ADH\u00c9RER - Institut Fran\u00e7ais de J\u00e9rusalem - Gaza\",\"isPartOf\":{\"@id\":\"https:\\\/\\\/www.institutfrancais-jerusalem.org\\\/gaza\\\/#website\"},\"datePublished\":\"2017-08-07T13:58:49+00:00\",\"dateModified\":\"2018-02-12T09:02:10+00:00\",\"breadcrumb\":{\"@id\":\"https:\\\/\\\/www.institutfrancais-jerusalem.org\\\/gaza\\\/nos-mediatheques\\\/adherer\\\/#breadcrumb\"},\"inLanguage\":\"fr-FR\",\"potentialAction\":[{\"@type\":\"ReadAction\",\"target\":[\"https:\\\/\\\/www.institutfrancais-jerusalem.org\\\/gaza\\\/nos-mediatheques\\\/adherer\\\/\"]}]},{\"@type\":\"BreadcrumbList\",\"@id\":\"https:\\\/\\\/www.institutfrancais-jerusalem.org\\\/gaza\\\/nos-mediatheques\\\/adherer\\\/#breadcrumb\",\"itemListElement\":[{\"@type\":\"ListItem\",\"position\":1,\"name\":\"Accueil\",\"item\":\"https:\\\/\\\/www.institutfrancais-jerusalem.org\\\/gaza\\\/\"},{\"@type\":\"ListItem\",\"position\":2,\"name\":\"NOTRE M\u00c9DIATH\u00c8QUE\",\"item\":\"https:\\\/\\\/www.institutfrancais-jerusalem.org\\\/gaza\\\/nos-mediatheques\\\/\"},{\"@type\":\"ListItem\",\"position\":3,\"name\":\"ADH\u00c9RER\"}]},{\"@type\":\"WebSite\",\"@id\":\"https:\\\/\\\/www.institutfrancais-jerusalem.org\\\/gaza\\\/#website\",\"url\":\"https:\\\/\\\/www.institutfrancais-jerusalem.org\\\/gaza\\\/\",\"name\":\"Institut Fran\u00e7ais de J\u00e9rusalem - Gaza\",\"description\":\"\",\"potentialAction\":[{\"@type\":\"SearchAction\",\"target\":{\"@type\":\"EntryPoint\",\"urlTemplate\":\"https:\\\/\\\/www.institutfrancais-jerusalem.org\\\/gaza\\\/?s={search_term_string}\"},\"query-input\":{\"@type\":\"PropertyValueSpecification\",\"valueRequired\":true,\"valueName\":\"search_term_string\"}}],\"inLanguage\":\"fr-FR\"}]}<\/script>\n<!-- \/ Yoast SEO plugin. -->","yoast_head_json":{"title":"ADH\u00c9RER - Institut Fran\u00e7ais de J\u00e9rusalem - Gaza","robots":{"index":"index","follow":"follow","max-snippet":"max-snippet:-1","max-image-preview":"max-image-preview:large","max-video-preview":"max-video-preview:-1"},"canonical":"https:\/\/www.institutfrancais-jerusalem.org\/gaza\/nos-mediatheques\/adherer\/","og_locale":"fr_FR","og_type":"article","og_title":"ADH\u00c9RER - Institut Fran\u00e7ais de J\u00e9rusalem - Gaza","og_description":"Inscription : &#8211; remplir le\u00a0formulaire d\u2019inscription\u00a0\u00a0 &#8211; joindre 2 photos d\u2019identit\u00e9 \u2013 fond blanc &#8211; joindre le re\u00e7u du r\u00e8glement des frais Tarifs : &#8211; 50 NIS par an pour le public &#8211; 30 NIS par an pour les \u00e9tudiants de fran\u00e7ais des universit\u00e9s partenaires et les enfants","og_url":"https:\/\/www.institutfrancais-jerusalem.org\/gaza\/nos-mediatheques\/adherer\/","og_site_name":"Institut Fran\u00e7ais de J\u00e9rusalem - Gaza","article_modified_time":"2018-02-12T09:02:10+00:00","twitter_card":"summary_large_image","schema":{"@context":"https:\/\/schema.org","@graph":[{"@type":"WebPage","@id":"https:\/\/www.institutfrancais-jerusalem.org\/gaza\/nos-mediatheques\/adherer\/","url":"https:\/\/www.institutfrancais-jerusalem.org\/gaza\/nos-mediatheques\/adherer\/","name":"ADH\u00c9RER - Institut Fran\u00e7ais de J\u00e9rusalem - Gaza","isPartOf":{"@id":"https:\/\/www.institutfrancais-jerusalem.org\/gaza\/#website"},"datePublished":"2017-08-07T13:58:49+00:00","dateModified":"2018-02-12T09:02:10+00:00","breadcrumb":{"@id":"https:\/\/www.institutfrancais-jerusalem.org\/gaza\/nos-mediatheques\/adherer\/#breadcrumb"},"inLanguage":"fr-FR","potentialAction":[{"@type":"ReadAction","target":["https:\/\/www.institutfrancais-jerusalem.org\/gaza\/nos-mediatheques\/adherer\/"]}]},{"@type":"BreadcrumbList","@id":"https:\/\/www.institutfrancais-jerusalem.org\/gaza\/nos-mediatheques\/adherer\/#breadcrumb","itemListElement":[{"@type":"ListItem","position":1,"name":"Accueil","item":"https:\/\/www.institutfrancais-jerusalem.org\/gaza\/"},{"@type":"ListItem","position":2,"name":"NOTRE M\u00c9DIATH\u00c8QUE","item":"https:\/\/www.institutfrancais-jerusalem.org\/gaza\/nos-mediatheques\/"},{"@type":"ListItem","position":3,"name":"ADH\u00c9RER"}]},{"@type":"WebSite","@id":"https:\/\/www.institutfrancais-jerusalem.org\/gaza\/#website","url":"https:\/\/www.institutfrancais-jerusalem.org\/gaza\/","name":"Institut Fran\u00e7ais de J\u00e9rusalem - Gaza","description":"","potentialAction":[{"@type":"SearchAction","target":{"@type":"EntryPoint","urlTemplate":"https:\/\/www.institutfrancais-jerusalem.org\/gaza\/?s={search_term_string}"},"query-input":{"@type":"PropertyValueSpecification","valueRequired":true,"valueName":"search_term_string"}}],"inLanguage":"fr-FR"}]}},"_links":{"self":[{"href":"https:\/\/www.institutfrancais-jerusalem.org\/gaza\/wp-json\/wp\/v2\/pages\/1413","targetHints":{"allow":["GET"]}}],"collection":[{"href":"https:\/\/www.institutfrancais-jerusalem.org\/gaza\/wp-json\/wp\/v2\/pages"}],"about":[{"href":"https:\/\/www.institutfrancais-jerusalem.org\/gaza\/wp-json\/wp\/v2\/types\/page"}],"author":[{"embeddable":true,"href":"https:\/\/www.institutfrancais-jerusalem.org\/gaza\/wp-json\/wp\/v2\/users\/1"}],"replies":[{"embeddable":true,"href":"https:\/\/www.institutfrancais-jerusalem.org\/gaza\/wp-json\/wp\/v2\/comments?post=1413"}],"version-history":[{"count":4,"href":"https:\/\/www.institutfrancais-jerusalem.org\/gaza\/wp-json\/wp\/v2\/pages\/1413\/revisions"}],"predecessor-version":[{"id":2511,"href":"https:\/\/www.institutfrancais-jerusalem.org\/gaza\/wp-json\/wp\/v2\/pages\/1413\/revisions\/2511"}],"up":[{"embeddable":true,"href":"https:\/\/www.institutfrancais-jerusalem.org\/gaza\/wp-json\/wp\/v2\/pages\/1331"}],"wp:attachment":[{"href":"https:\/\/www.institutfrancais-jerusalem.org\/gaza\/wp-json\/wp\/v2\/media?parent=1413"}],"curies":[{"name":"wp","href":"https:\/\/api.w.org\/{rel}","templated":true}]}}