{"id":1407,"date":"2017-08-07T15:57:31","date_gmt":"2017-08-07T13:57:31","guid":{"rendered":"http:\/\/ifjerusalem-romaingary.org\/?page_id=1407"},"modified":"2022-06-16T09:18:19","modified_gmt":"2022-06-16T07:18:19","slug":"nous-rejoindre","status":"publish","type":"page","link":"https:\/\/www.institutfrancais-jerusalem.org\/gaza\/qui-sommes-nous\/nous-rejoindre\/","title":{"rendered":"NOUS REJOINDRE \/ WORK WITH US"},"content":{"rendered":"<p><img loading=\"lazy\" decoding=\"async\" class=\"alignnone wp-image-2404\" src=\"https:\/\/www.institutfrancais-jerusalem.org\/gaza\/wp-content\/uploads\/sites\/9\/2017\/08\/Capture-d\u2019e\u0301cran-2017-09-27-a\u0300-16.25.30.png\" alt=\"\" width=\"680\" height=\"572\" srcset=\"https:\/\/www.institutfrancais-jerusalem.org\/gaza\/wp-content\/uploads\/sites\/9\/2017\/08\/Capture-d\u2019e\u0301cran-2017-09-27-a\u0300-16.25.30.png 857w, https:\/\/www.institutfrancais-jerusalem.org\/gaza\/wp-content\/uploads\/sites\/9\/2017\/08\/Capture-d\u2019e\u0301cran-2017-09-27-a\u0300-16.25.30-300x252.png 300w, https:\/\/www.institutfrancais-jerusalem.org\/gaza\/wp-content\/uploads\/sites\/9\/2017\/08\/Capture-d\u2019e\u0301cran-2017-09-27-a\u0300-16.25.30-768x646.png 768w\" sizes=\"auto, (max-width: 680px) 100vw, 680px\" \/><\/p>\n<p>&nbsp;<\/p>\n<h4><span style=\"color: #009bdf;\"><strong><em>A new job opportunity to work with the French General Consulate \/ Nouveau poste \u00e0 pourvoir au Consulat g\u00e9n\u00e9ral de France<\/em><\/strong><\/span><\/h4>\n<p><em>The French Cultural Institute in Gaza and the French General Consulate are recruiting a new security guard starting August 1st. Everything you need to know is enclosed in both job descriptions (FR\/ENG) that you can download below.\u00a0<\/em><\/p>\n<p><strong><em>Applications<\/em><\/strong><em> (including r\u00e9sum\u00e9 and cover letter) can be submitted in two ways <strong>before Friday, July 8th :<\/strong><\/em><\/p>\n<p><em>&#8211; By email, sent to <\/em><em><a href=\"mailto:affaires-administratives.jerusalem-cslt@diplomatie.gouv.fr\">affaires-administratives.jerusalem-cslt@diplomatie.gouv.fr<\/a> \u00a0<\/em><\/p>\n<p><em>&#8211; By handing over the documents at the French Institute of Gaza, in a sealed envelope. Please indicate \u00ab\u00a0Application for security guard\u2019s position\u00a0\u00bb as a the subject.<\/em><\/p>\n<p>&gt;&gt;&gt; <em><span style=\"color: #000080;\"><strong><a style=\"color: #000080;\" href=\"https:\/\/www.institutfrancais-jerusalem.org\/gaza\/wp-content\/uploads\/sites\/9\/2022\/06\/CGF-FICHE-DE-POSTE-ADL-vigile-angl.doc\">DOWNLOAD IN ENGLISH<\/a><\/strong><\/span> &lt;&lt;&lt;<\/em><\/p>\n<p><em>\u00a0&#8212;<\/em><\/p>\n<p><em>L\u2019Institut fran\u00e7ais \u2013 antenne de Gaza et le Consulat g\u00e9n\u00e9ral de France recrutent un nouveau vigile pour rejoindre l\u2019\u00e9quipe locale \u00e0 Gaza \u00e0 partir du 1<sup>er<\/sup> ao\u00fbt. Toutes les informations se trouvent dans les fiches de poste (FR\/ANG) que vous pouvez t\u00e9l\u00e9charger ci-dessous.<\/em><\/p>\n<p><strong><em>Les candidatures <\/em><\/strong><em>(comprenant obligatoirement un CV et une lettre de motivation) pourront \u00eatre d\u00e9pos\u00e9es selon deux modalit\u00e9s<strong> avant le vendredi 08 juillet : <\/strong><\/em><\/p>\n<p><em>&#8211; par courriel, envoy\u00e9 \u00e0 <a href=\"mailto:affaires-administratives.jerusalem-cslt@diplomatie.gouv.fr\">affaires-administratives.jerusalem-cslt@diplomatie.gouv.fr<\/a> \u00a0\u00a0<\/em><\/p>\n<p><em>&#8211; par d\u00e9p\u00f4t \u00e0 l\u2019Institut fran\u00e7ais de Gaza, sous enveloppe ferm\u00e9e et adress\u00e9e selon la formule suivante \u00ab Candidature poste de vigile \u00bb.<\/em><\/p>\n<p>&gt;&gt;&gt;<em> <span style=\"color: #000080;\"><strong><a style=\"color: #000080;\" href=\"https:\/\/www.institutfrancais-jerusalem.org\/gaza\/wp-content\/uploads\/sites\/9\/2022\/06\/CGF-FICHE-DE-POSTE-ADL-vigile.doc\">TELECHARGER EN FRANCAIS<\/a><\/strong><\/span> &lt;&lt;&lt;<\/em><\/p>\n","protected":false},"excerpt":{"rendered":"<p>&nbsp; A new job opportunity to work with the French General Consulate \/ Nouveau poste \u00e0 pourvoir au Consulat g\u00e9n\u00e9ral de France The French Cultural Institute in Gaza and the French General Consulate are recruiting a new security guard starting August 1st. Everything you need to know is enclosed in both job descriptions (FR\/ENG) that &hellip;<\/p>\n","protected":false},"author":1,"featured_media":0,"parent":377,"menu_order":0,"comment_status":"closed","ping_status":"closed","template":"","meta":{"footnotes":""},"class_list":["post-1407","page","type-page","status-publish",""],"yoast_head":"<!-- This site is optimized with the Yoast SEO plugin v27.5 - https:\/\/yoast.com\/product\/yoast-seo-wordpress\/ -->\n<title>NOUS REJOINDRE \/ WORK WITH US - Institut Fran\u00e7ais de J\u00e9rusalem - Gaza<\/title>\n<meta name=\"robots\" content=\"index, follow, max-snippet:-1, max-image-preview:large, max-video-preview:-1\" \/>\n<link rel=\"canonical\" href=\"https:\/\/www.institutfrancais-jerusalem.org\/gaza\/qui-sommes-nous\/nous-rejoindre\/\" \/>\n<meta property=\"og:locale\" content=\"fr_FR\" \/>\n<meta property=\"og:type\" content=\"article\" \/>\n<meta property=\"og:title\" content=\"NOUS REJOINDRE \/ WORK WITH US - Institut Fran\u00e7ais de J\u00e9rusalem - Gaza\" \/>\n<meta property=\"og:description\" content=\"&nbsp; A new job opportunity to work with the French General Consulate \/ Nouveau poste \u00e0 pourvoir au Consulat g\u00e9n\u00e9ral de France The French Cultural Institute in Gaza and the French General Consulate are recruiting a new security guard starting August 1st. Everything you need to know is enclosed in both job descriptions (FR\/ENG) that &hellip;\" \/>\n<meta property=\"og:url\" content=\"https:\/\/www.institutfrancais-jerusalem.org\/gaza\/qui-sommes-nous\/nous-rejoindre\/\" \/>\n<meta property=\"og:site_name\" content=\"Institut Fran\u00e7ais de J\u00e9rusalem - Gaza\" \/>\n<meta property=\"article:modified_time\" content=\"2022-06-16T07:18:19+00:00\" \/>\n<meta name=\"twitter:card\" content=\"summary_large_image\" \/>\n<meta name=\"twitter:label1\" content=\"Dur\u00e9e de lecture estim\u00e9e\" \/>\n\t<meta name=\"twitter:data1\" content=\"2 minutes\" \/>\n<script type=\"application\/ld+json\" class=\"yoast-schema-graph\">{\"@context\":\"https:\\\/\\\/schema.org\",\"@graph\":[{\"@type\":\"WebPage\",\"@id\":\"https:\\\/\\\/www.institutfrancais-jerusalem.org\\\/gaza\\\/qui-sommes-nous\\\/nous-rejoindre\\\/\",\"url\":\"https:\\\/\\\/www.institutfrancais-jerusalem.org\\\/gaza\\\/qui-sommes-nous\\\/nous-rejoindre\\\/\",\"name\":\"NOUS REJOINDRE \\\/ WORK WITH US - Institut Fran\u00e7ais de J\u00e9rusalem - Gaza\",\"isPartOf\":{\"@id\":\"https:\\\/\\\/www.institutfrancais-jerusalem.org\\\/gaza\\\/#website\"},\"datePublished\":\"2017-08-07T13:57:31+00:00\",\"dateModified\":\"2022-06-16T07:18:19+00:00\",\"breadcrumb\":{\"@id\":\"https:\\\/\\\/www.institutfrancais-jerusalem.org\\\/gaza\\\/qui-sommes-nous\\\/nous-rejoindre\\\/#breadcrumb\"},\"inLanguage\":\"fr-FR\",\"potentialAction\":[{\"@type\":\"ReadAction\",\"target\":[\"https:\\\/\\\/www.institutfrancais-jerusalem.org\\\/gaza\\\/qui-sommes-nous\\\/nous-rejoindre\\\/\"]}]},{\"@type\":\"BreadcrumbList\",\"@id\":\"https:\\\/\\\/www.institutfrancais-jerusalem.org\\\/gaza\\\/qui-sommes-nous\\\/nous-rejoindre\\\/#breadcrumb\",\"itemListElement\":[{\"@type\":\"ListItem\",\"position\":1,\"name\":\"Accueil\",\"item\":\"https:\\\/\\\/www.institutfrancais-jerusalem.org\\\/gaza\\\/\"},{\"@type\":\"ListItem\",\"position\":2,\"name\":\"QUI SOMMES-NOUS ?\",\"item\":\"https:\\\/\\\/www.institutfrancais-jerusalem.org\\\/gaza\\\/qui-sommes-nous\\\/\"},{\"@type\":\"ListItem\",\"position\":3,\"name\":\"NOUS REJOINDRE \\\/ WORK WITH US\"}]},{\"@type\":\"WebSite\",\"@id\":\"https:\\\/\\\/www.institutfrancais-jerusalem.org\\\/gaza\\\/#website\",\"url\":\"https:\\\/\\\/www.institutfrancais-jerusalem.org\\\/gaza\\\/\",\"name\":\"Institut Fran\u00e7ais de J\u00e9rusalem - Gaza\",\"description\":\"\",\"potentialAction\":[{\"@type\":\"SearchAction\",\"target\":{\"@type\":\"EntryPoint\",\"urlTemplate\":\"https:\\\/\\\/www.institutfrancais-jerusalem.org\\\/gaza\\\/?s={search_term_string}\"},\"query-input\":{\"@type\":\"PropertyValueSpecification\",\"valueRequired\":true,\"valueName\":\"search_term_string\"}}],\"inLanguage\":\"fr-FR\"}]}<\/script>\n<!-- \/ Yoast SEO plugin. -->","yoast_head_json":{"title":"NOUS REJOINDRE \/ WORK WITH US - Institut Fran\u00e7ais de J\u00e9rusalem - Gaza","robots":{"index":"index","follow":"follow","max-snippet":"max-snippet:-1","max-image-preview":"max-image-preview:large","max-video-preview":"max-video-preview:-1"},"canonical":"https:\/\/www.institutfrancais-jerusalem.org\/gaza\/qui-sommes-nous\/nous-rejoindre\/","og_locale":"fr_FR","og_type":"article","og_title":"NOUS REJOINDRE \/ WORK WITH US - Institut Fran\u00e7ais de J\u00e9rusalem - Gaza","og_description":"&nbsp; A new job opportunity to work with the French General Consulate \/ Nouveau poste \u00e0 pourvoir au Consulat g\u00e9n\u00e9ral de France The French Cultural Institute in Gaza and the French General Consulate are recruiting a new security guard starting August 1st. Everything you need to know is enclosed in both job descriptions (FR\/ENG) that &hellip;","og_url":"https:\/\/www.institutfrancais-jerusalem.org\/gaza\/qui-sommes-nous\/nous-rejoindre\/","og_site_name":"Institut Fran\u00e7ais de J\u00e9rusalem - Gaza","article_modified_time":"2022-06-16T07:18:19+00:00","twitter_card":"summary_large_image","twitter_misc":{"Dur\u00e9e de lecture estim\u00e9e":"2 minutes"},"schema":{"@context":"https:\/\/schema.org","@graph":[{"@type":"WebPage","@id":"https:\/\/www.institutfrancais-jerusalem.org\/gaza\/qui-sommes-nous\/nous-rejoindre\/","url":"https:\/\/www.institutfrancais-jerusalem.org\/gaza\/qui-sommes-nous\/nous-rejoindre\/","name":"NOUS REJOINDRE \/ WORK WITH US - Institut Fran\u00e7ais de J\u00e9rusalem - Gaza","isPartOf":{"@id":"https:\/\/www.institutfrancais-jerusalem.org\/gaza\/#website"},"datePublished":"2017-08-07T13:57:31+00:00","dateModified":"2022-06-16T07:18:19+00:00","breadcrumb":{"@id":"https:\/\/www.institutfrancais-jerusalem.org\/gaza\/qui-sommes-nous\/nous-rejoindre\/#breadcrumb"},"inLanguage":"fr-FR","potentialAction":[{"@type":"ReadAction","target":["https:\/\/www.institutfrancais-jerusalem.org\/gaza\/qui-sommes-nous\/nous-rejoindre\/"]}]},{"@type":"BreadcrumbList","@id":"https:\/\/www.institutfrancais-jerusalem.org\/gaza\/qui-sommes-nous\/nous-rejoindre\/#breadcrumb","itemListElement":[{"@type":"ListItem","position":1,"name":"Accueil","item":"https:\/\/www.institutfrancais-jerusalem.org\/gaza\/"},{"@type":"ListItem","position":2,"name":"QUI SOMMES-NOUS ?","item":"https:\/\/www.institutfrancais-jerusalem.org\/gaza\/qui-sommes-nous\/"},{"@type":"ListItem","position":3,"name":"NOUS REJOINDRE \/ WORK WITH US"}]},{"@type":"WebSite","@id":"https:\/\/www.institutfrancais-jerusalem.org\/gaza\/#website","url":"https:\/\/www.institutfrancais-jerusalem.org\/gaza\/","name":"Institut Fran\u00e7ais de J\u00e9rusalem - Gaza","description":"","potentialAction":[{"@type":"SearchAction","target":{"@type":"EntryPoint","urlTemplate":"https:\/\/www.institutfrancais-jerusalem.org\/gaza\/?s={search_term_string}"},"query-input":{"@type":"PropertyValueSpecification","valueRequired":true,"valueName":"search_term_string"}}],"inLanguage":"fr-FR"}]}},"_links":{"self":[{"href":"https:\/\/www.institutfrancais-jerusalem.org\/gaza\/wp-json\/wp\/v2\/pages\/1407","targetHints":{"allow":["GET"]}}],"collection":[{"href":"https:\/\/www.institutfrancais-jerusalem.org\/gaza\/wp-json\/wp\/v2\/pages"}],"about":[{"href":"https:\/\/www.institutfrancais-jerusalem.org\/gaza\/wp-json\/wp\/v2\/types\/page"}],"author":[{"embeddable":true,"href":"https:\/\/www.institutfrancais-jerusalem.org\/gaza\/wp-json\/wp\/v2\/users\/1"}],"replies":[{"embeddable":true,"href":"https:\/\/www.institutfrancais-jerusalem.org\/gaza\/wp-json\/wp\/v2\/comments?post=1407"}],"version-history":[{"count":20,"href":"https:\/\/www.institutfrancais-jerusalem.org\/gaza\/wp-json\/wp\/v2\/pages\/1407\/revisions"}],"predecessor-version":[{"id":4616,"href":"https:\/\/www.institutfrancais-jerusalem.org\/gaza\/wp-json\/wp\/v2\/pages\/1407\/revisions\/4616"}],"up":[{"embeddable":true,"href":"https:\/\/www.institutfrancais-jerusalem.org\/gaza\/wp-json\/wp\/v2\/pages\/377"}],"wp:attachment":[{"href":"https:\/\/www.institutfrancais-jerusalem.org\/gaza\/wp-json\/wp\/v2\/media?parent=1407"}],"curies":[{"name":"wp","href":"https:\/\/api.w.org\/{rel}","templated":true}]}}