{"id":1379,"date":"2017-08-07T17:55:41","date_gmt":"2017-08-07T15:55:41","guid":{"rendered":"http:\/\/ifjerusalem-romaingary.org\/?page_id=1379"},"modified":"2022-03-28T11:54:00","modified_gmt":"2022-03-28T09:54:00","slug":"louer-nos-espaces","status":"publish","type":"page","link":"https:\/\/www.institutfrancais-jerusalem.org\/gaza\/qui-sommes-nous\/louer-nos-espaces\/","title":{"rendered":"LOUER NOS ESPACES"},"content":{"rendered":"<p class=\"p2\"><span class=\"s2\">Pour vos r\u00e9unions, s\u00e9minaires, formations et \u00e9v\u00e9nements, l\u2019Institut fran\u00e7ais de Gaza peut mettre \u00e0 votre disposition ses espaces \u00e9quip\u00e9s, \u00e0 des tarifs comp\u00e9titifs. La caf\u00e9t\u00e9ria de l&rsquo;Institut fran\u00e7ais de Gaza<\/span><span class=\"s2\">\u00a0r\u00e9pond \u00e0 vos souhaits en mati\u00e8re de rafra\u00eechissements, cocktails et r\u00e9ceptions.<\/span><\/p>\n<p><span style=\"text-decoration: underline;\">Salle de r\u00e9union<\/span><br \/>\nUsage\u00a0: r\u00e9unions, formations et s\u00e9minaires.<br \/>\nCapacit\u00e9\u00a0: 12-15 personnes<br \/>\n\u00c9quipement : Internet wifi, tableau blanc interactif \u00ab\u00a0smartboard\u00a0\u00bb, projecteur vid\u00e9o, ordinateur portable, tableau blanc classique, vid\u00e9oconf\u00e9rence possible (micro et syst\u00e8me son)<br \/>\nEspace climatis\u00e9<\/p>\n<p><img loading=\"lazy\" decoding=\"async\" class=\"alignleft wp-image-2553 size-full\" src=\"https:\/\/www.institutfrancais-jerusalem.org\/gaza\/wp-content\/uploads\/sites\/9\/2018\/02\/location-1-300x225.jpg\" alt=\"\" width=\"300\" height=\"225\" \/><\/p>\n<p>&nbsp;<\/p>\n<p>&nbsp;<\/p>\n<p>&nbsp;<\/p>\n<p>&nbsp;<\/p>\n<p>&nbsp;<\/p>\n<p>&nbsp;<\/p>\n<p>&nbsp;<\/p>\n<p style=\"text-align: left;\"><span style=\"text-decoration: underline;\">Salle de cours<\/span><br \/>\nUsage\u00a0: ateliers, formations, cours.<br \/>\nCapacit\u00e9\u00a0: 15-20 personnes<br \/>\n\u00c9quipement\u00a0: Internet wifi, tableau blanc interactif (\u00ab\u00a0smartboard\u00a0\u00bb), projecteur vid\u00e9o, laptop, tableau blanc classique<br \/>\nEspace climatis\u00e9<\/p>\n<p><img loading=\"lazy\" decoding=\"async\" class=\"alignleft wp-image-2556 size-large\" src=\"https:\/\/www.institutfrancais-jerusalem.org\/gaza\/wp-content\/uploads\/sites\/9\/2018\/02\/cours-1024x683.jpg\" alt=\"\" width=\"618\" height=\"412\" srcset=\"https:\/\/www.institutfrancais-jerusalem.org\/gaza\/wp-content\/uploads\/sites\/9\/2018\/02\/cours-1024x683.jpg 1024w, https:\/\/www.institutfrancais-jerusalem.org\/gaza\/wp-content\/uploads\/sites\/9\/2018\/02\/cours-300x200.jpg 300w, https:\/\/www.institutfrancais-jerusalem.org\/gaza\/wp-content\/uploads\/sites\/9\/2018\/02\/cours-768x512.jpg 768w, https:\/\/www.institutfrancais-jerusalem.org\/gaza\/wp-content\/uploads\/sites\/9\/2018\/02\/cours.jpg 1500w\" sizes=\"auto, (max-width: 618px) 100vw, 618px\" \/><\/p>\n<p>&nbsp;<\/p>\n<p>&nbsp;<\/p>\n<p>&nbsp;<\/p>\n<p>&nbsp;<\/p>\n<p>&nbsp;<\/p>\n<p>&nbsp;<\/p>\n<p>&nbsp;<\/p>\n<p>&nbsp;<\/p>\n<p>&nbsp;<\/p>\n<p>&nbsp;<\/p>\n<p>&nbsp;<\/p>\n<p><span style=\"text-decoration: underline;\">Gallerie et salle polyvalente<\/span><br \/>\nUsage : conf\u00e9rences, spectacles, expositions\u2026<br \/>\nCapacit\u00e9 : 150 personnes (assises), 200 personnes (debout)<br \/>\n\u00c9quipement : Internet wifi, syst\u00e8me complet de sonorisation et de lumi\u00e8res, projecteur vid\u00e9o, 70 m lin\u00e9aires d\u2019espace d\u2019exposition sur deux niveaux<br \/>\nEspace climatis\u00e9<\/p>\n<p><img loading=\"lazy\" decoding=\"async\" class=\"alignleft wp-image-2558 size-full\" src=\"https:\/\/www.institutfrancais-jerusalem.org\/gaza\/wp-content\/uploads\/sites\/9\/2018\/02\/location-3-300x146.jpg\" alt=\"\" width=\"300\" height=\"146\" \/><\/p>\n<p>&nbsp;<\/p>\n<p>&nbsp;<\/p>\n<p>&nbsp;<\/p>\n<p>&nbsp;<\/p>\n<p>&nbsp;<\/p>\n<p><span style=\"text-decoration: underline;\">Caf\u00e9t\u00e9ria et terrasse<\/span><br \/>\nUsage\u00a0: buffets, \u00e9v\u00e8nements, r\u00e9ceptions<br \/>\nCapacit\u00e9\u00a0: 70\u00a0personnes (assises), 200 personnes (debout)<br \/>\n\u00c9quipement\u00a0: Internet wifi, syst\u00e8me de sonorisation, TV<\/p>\n<p><img loading=\"lazy\" decoding=\"async\" class=\"alignleft wp-image-2543 size-large\" src=\"https:\/\/www.institutfrancais-jerusalem.org\/gaza\/wp-content\/uploads\/sites\/9\/2018\/02\/cafet1-1024x576.jpg\" alt=\"\" width=\"618\" height=\"348\" srcset=\"https:\/\/www.institutfrancais-jerusalem.org\/gaza\/wp-content\/uploads\/sites\/9\/2018\/02\/cafet1-1024x576.jpg 1024w, https:\/\/www.institutfrancais-jerusalem.org\/gaza\/wp-content\/uploads\/sites\/9\/2018\/02\/cafet1-300x169.jpg 300w, https:\/\/www.institutfrancais-jerusalem.org\/gaza\/wp-content\/uploads\/sites\/9\/2018\/02\/cafet1-768x432.jpg 768w\" sizes=\"auto, (max-width: 618px) 100vw, 618px\" \/><\/p>\n<h4><\/h4>\n<h4><\/h4>\n<h4><\/h4>\n<h4><\/h4>\n<h4><\/h4>\n<h4><\/h4>\n<h4><\/h4>\n<h4><\/h4>\n<h4 class=\"p7\"><span class=\"s3\"><a href=\"mailto:ifj-gaza@consulfrance-jerusalem.org\"><span style=\"color: #0000ff;\"><strong>Contactez-nous<\/strong><\/span><\/a><\/span><span class=\"s2\">\u00a0pour une offre personnalis\u00e9e.<\/span><\/h4>\n<p class=\"p1\"><span class=\"s1\"><b>T\u00e9l<\/b>\u00a0: 08 28 67 883 \/ 08 28 28 251<br \/>\nCourriel\u00a0:\u00a0<a href=\"mailto:ifj-gaza@consulfrance-jerusalem.org\"><span class=\"s2\">ifj-gaza@consulfrance-jerusalem.org<\/span><\/a><br \/>\n<\/span><span class=\"s1\">Facebook :\u00a0<a href=\"https:\/\/www.facebook.com\/InstitutFrancaisGaza\/\"><span class=\"s2\">Institut Fran\u00e7ais de Gaza<\/span><\/a><\/span><\/p>\n<p><b>Ils ont d\u00e9j\u00e0 fait appel \u00e0 nous :<br \/>\n<\/b><span style=\"text-decoration: underline;\">ONG et organisations internationales :<\/span><br \/>\n-Gaza Center for Media Freedom<br \/>\n-Pyalara<br \/>\n-Tamer Institute for Education<br \/>\n-UNCHR<br \/>\n-UNRWA<\/p>\n<p><span style=\"text-decoration: underline;\">Secteur priv\u00e9 :<\/span><br \/>\n-Hadara<br \/>\n-Mersal<br \/>\n-Sadaf \u2013 360 Magazine<br \/>\n-Trust Insurance<br \/>\n-Utopia Training &amp; IT Solutions<\/p>\n","protected":false},"excerpt":{"rendered":"<p>Pour vos r\u00e9unions, s\u00e9minaires, formations et \u00e9v\u00e9nements, l\u2019Institut fran\u00e7ais de Gaza peut mettre \u00e0 votre disposition ses espaces \u00e9quip\u00e9s, \u00e0 des tarifs comp\u00e9titifs. La caf\u00e9t\u00e9ria de l&rsquo;Institut fran\u00e7ais de Gaza\u00a0r\u00e9pond \u00e0 vos souhaits en mati\u00e8re de rafra\u00eechissements, cocktails et r\u00e9ceptions. Salle de r\u00e9union Usage\u00a0: r\u00e9unions, formations et s\u00e9minaires. Capacit\u00e9\u00a0: 12-15 personnes \u00c9quipement : Internet wifi, &hellip;<\/p>\n","protected":false},"author":1,"featured_media":0,"parent":377,"menu_order":0,"comment_status":"closed","ping_status":"closed","template":"","meta":{"footnotes":""},"class_list":["post-1379","page","type-page","status-publish",""],"yoast_head":"<!-- This site is optimized with the Yoast SEO plugin v27.4 - https:\/\/yoast.com\/product\/yoast-seo-wordpress\/ -->\n<title>LOUER NOS ESPACES - Institut Fran\u00e7ais de J\u00e9rusalem - Gaza<\/title>\n<meta name=\"robots\" content=\"index, follow, max-snippet:-1, max-image-preview:large, max-video-preview:-1\" \/>\n<link rel=\"canonical\" href=\"https:\/\/www.institutfrancais-jerusalem.org\/gaza\/qui-sommes-nous\/louer-nos-espaces\/\" \/>\n<meta property=\"og:locale\" content=\"fr_FR\" \/>\n<meta property=\"og:type\" content=\"article\" \/>\n<meta property=\"og:title\" content=\"LOUER NOS ESPACES - Institut Fran\u00e7ais de J\u00e9rusalem - Gaza\" \/>\n<meta property=\"og:description\" content=\"Pour vos r\u00e9unions, s\u00e9minaires, formations et \u00e9v\u00e9nements, l\u2019Institut fran\u00e7ais de Gaza peut mettre \u00e0 votre disposition ses espaces \u00e9quip\u00e9s, \u00e0 des tarifs comp\u00e9titifs. La caf\u00e9t\u00e9ria de l&rsquo;Institut fran\u00e7ais de Gaza\u00a0r\u00e9pond \u00e0 vos souhaits en mati\u00e8re de rafra\u00eechissements, cocktails et r\u00e9ceptions. Salle de r\u00e9union Usage\u00a0: r\u00e9unions, formations et s\u00e9minaires. Capacit\u00e9\u00a0: 12-15 personnes \u00c9quipement : Internet wifi, &hellip;\" \/>\n<meta property=\"og:url\" content=\"https:\/\/www.institutfrancais-jerusalem.org\/gaza\/qui-sommes-nous\/louer-nos-espaces\/\" \/>\n<meta property=\"og:site_name\" content=\"Institut Fran\u00e7ais de J\u00e9rusalem - Gaza\" \/>\n<meta property=\"article:modified_time\" content=\"2022-03-28T09:54:00+00:00\" \/>\n<meta property=\"og:image\" content=\"https:\/\/www.institutfrancais-jerusalem.org\/gaza\/wp-content\/uploads\/sites\/9\/2018\/02\/location-1-300x225.jpg\" \/>\n<meta name=\"twitter:card\" content=\"summary_large_image\" \/>\n<meta name=\"twitter:label1\" content=\"Dur\u00e9e de lecture estim\u00e9e\" \/>\n\t<meta name=\"twitter:data1\" content=\"2 minutes\" \/>\n<script type=\"application\/ld+json\" class=\"yoast-schema-graph\">{\"@context\":\"https:\\\/\\\/schema.org\",\"@graph\":[{\"@type\":\"WebPage\",\"@id\":\"https:\\\/\\\/www.institutfrancais-jerusalem.org\\\/gaza\\\/qui-sommes-nous\\\/louer-nos-espaces\\\/\",\"url\":\"https:\\\/\\\/www.institutfrancais-jerusalem.org\\\/gaza\\\/qui-sommes-nous\\\/louer-nos-espaces\\\/\",\"name\":\"LOUER NOS ESPACES - Institut Fran\u00e7ais de J\u00e9rusalem - Gaza\",\"isPartOf\":{\"@id\":\"https:\\\/\\\/www.institutfrancais-jerusalem.org\\\/gaza\\\/#website\"},\"primaryImageOfPage\":{\"@id\":\"https:\\\/\\\/www.institutfrancais-jerusalem.org\\\/gaza\\\/qui-sommes-nous\\\/louer-nos-espaces\\\/#primaryimage\"},\"image\":{\"@id\":\"https:\\\/\\\/www.institutfrancais-jerusalem.org\\\/gaza\\\/qui-sommes-nous\\\/louer-nos-espaces\\\/#primaryimage\"},\"thumbnailUrl\":\"https:\\\/\\\/www.institutfrancais-jerusalem.org\\\/gaza\\\/wp-content\\\/uploads\\\/sites\\\/9\\\/2018\\\/02\\\/location-1-300x225.jpg\",\"datePublished\":\"2017-08-07T15:55:41+00:00\",\"dateModified\":\"2022-03-28T09:54:00+00:00\",\"breadcrumb\":{\"@id\":\"https:\\\/\\\/www.institutfrancais-jerusalem.org\\\/gaza\\\/qui-sommes-nous\\\/louer-nos-espaces\\\/#breadcrumb\"},\"inLanguage\":\"fr-FR\",\"potentialAction\":[{\"@type\":\"ReadAction\",\"target\":[\"https:\\\/\\\/www.institutfrancais-jerusalem.org\\\/gaza\\\/qui-sommes-nous\\\/louer-nos-espaces\\\/\"]}]},{\"@type\":\"ImageObject\",\"inLanguage\":\"fr-FR\",\"@id\":\"https:\\\/\\\/www.institutfrancais-jerusalem.org\\\/gaza\\\/qui-sommes-nous\\\/louer-nos-espaces\\\/#primaryimage\",\"url\":\"https:\\\/\\\/www.institutfrancais-jerusalem.org\\\/gaza\\\/wp-content\\\/uploads\\\/sites\\\/9\\\/2018\\\/02\\\/location-1-300x225.jpg\",\"contentUrl\":\"https:\\\/\\\/www.institutfrancais-jerusalem.org\\\/gaza\\\/wp-content\\\/uploads\\\/sites\\\/9\\\/2018\\\/02\\\/location-1-300x225.jpg\"},{\"@type\":\"BreadcrumbList\",\"@id\":\"https:\\\/\\\/www.institutfrancais-jerusalem.org\\\/gaza\\\/qui-sommes-nous\\\/louer-nos-espaces\\\/#breadcrumb\",\"itemListElement\":[{\"@type\":\"ListItem\",\"position\":1,\"name\":\"Accueil\",\"item\":\"https:\\\/\\\/www.institutfrancais-jerusalem.org\\\/gaza\\\/\"},{\"@type\":\"ListItem\",\"position\":2,\"name\":\"QUI SOMMES-NOUS ?\",\"item\":\"https:\\\/\\\/www.institutfrancais-jerusalem.org\\\/gaza\\\/qui-sommes-nous\\\/\"},{\"@type\":\"ListItem\",\"position\":3,\"name\":\"LOUER NOS ESPACES\"}]},{\"@type\":\"WebSite\",\"@id\":\"https:\\\/\\\/www.institutfrancais-jerusalem.org\\\/gaza\\\/#website\",\"url\":\"https:\\\/\\\/www.institutfrancais-jerusalem.org\\\/gaza\\\/\",\"name\":\"Institut Fran\u00e7ais de J\u00e9rusalem - Gaza\",\"description\":\"\",\"potentialAction\":[{\"@type\":\"SearchAction\",\"target\":{\"@type\":\"EntryPoint\",\"urlTemplate\":\"https:\\\/\\\/www.institutfrancais-jerusalem.org\\\/gaza\\\/?s={search_term_string}\"},\"query-input\":{\"@type\":\"PropertyValueSpecification\",\"valueRequired\":true,\"valueName\":\"search_term_string\"}}],\"inLanguage\":\"fr-FR\"}]}<\/script>\n<!-- \/ Yoast SEO plugin. -->","yoast_head_json":{"title":"LOUER NOS ESPACES - Institut Fran\u00e7ais de J\u00e9rusalem - Gaza","robots":{"index":"index","follow":"follow","max-snippet":"max-snippet:-1","max-image-preview":"max-image-preview:large","max-video-preview":"max-video-preview:-1"},"canonical":"https:\/\/www.institutfrancais-jerusalem.org\/gaza\/qui-sommes-nous\/louer-nos-espaces\/","og_locale":"fr_FR","og_type":"article","og_title":"LOUER NOS ESPACES - Institut Fran\u00e7ais de J\u00e9rusalem - Gaza","og_description":"Pour vos r\u00e9unions, s\u00e9minaires, formations et \u00e9v\u00e9nements, l\u2019Institut fran\u00e7ais de Gaza peut mettre \u00e0 votre disposition ses espaces \u00e9quip\u00e9s, \u00e0 des tarifs comp\u00e9titifs. La caf\u00e9t\u00e9ria de l&rsquo;Institut fran\u00e7ais de Gaza\u00a0r\u00e9pond \u00e0 vos souhaits en mati\u00e8re de rafra\u00eechissements, cocktails et r\u00e9ceptions. Salle de r\u00e9union Usage\u00a0: r\u00e9unions, formations et s\u00e9minaires. Capacit\u00e9\u00a0: 12-15 personnes \u00c9quipement : Internet wifi, &hellip;","og_url":"https:\/\/www.institutfrancais-jerusalem.org\/gaza\/qui-sommes-nous\/louer-nos-espaces\/","og_site_name":"Institut Fran\u00e7ais de J\u00e9rusalem - Gaza","article_modified_time":"2022-03-28T09:54:00+00:00","og_image":[{"url":"https:\/\/www.institutfrancais-jerusalem.org\/gaza\/wp-content\/uploads\/sites\/9\/2018\/02\/location-1-300x225.jpg","type":"","width":"","height":""}],"twitter_card":"summary_large_image","twitter_misc":{"Dur\u00e9e de lecture estim\u00e9e":"2 minutes"},"schema":{"@context":"https:\/\/schema.org","@graph":[{"@type":"WebPage","@id":"https:\/\/www.institutfrancais-jerusalem.org\/gaza\/qui-sommes-nous\/louer-nos-espaces\/","url":"https:\/\/www.institutfrancais-jerusalem.org\/gaza\/qui-sommes-nous\/louer-nos-espaces\/","name":"LOUER NOS ESPACES - Institut Fran\u00e7ais de J\u00e9rusalem - Gaza","isPartOf":{"@id":"https:\/\/www.institutfrancais-jerusalem.org\/gaza\/#website"},"primaryImageOfPage":{"@id":"https:\/\/www.institutfrancais-jerusalem.org\/gaza\/qui-sommes-nous\/louer-nos-espaces\/#primaryimage"},"image":{"@id":"https:\/\/www.institutfrancais-jerusalem.org\/gaza\/qui-sommes-nous\/louer-nos-espaces\/#primaryimage"},"thumbnailUrl":"https:\/\/www.institutfrancais-jerusalem.org\/gaza\/wp-content\/uploads\/sites\/9\/2018\/02\/location-1-300x225.jpg","datePublished":"2017-08-07T15:55:41+00:00","dateModified":"2022-03-28T09:54:00+00:00","breadcrumb":{"@id":"https:\/\/www.institutfrancais-jerusalem.org\/gaza\/qui-sommes-nous\/louer-nos-espaces\/#breadcrumb"},"inLanguage":"fr-FR","potentialAction":[{"@type":"ReadAction","target":["https:\/\/www.institutfrancais-jerusalem.org\/gaza\/qui-sommes-nous\/louer-nos-espaces\/"]}]},{"@type":"ImageObject","inLanguage":"fr-FR","@id":"https:\/\/www.institutfrancais-jerusalem.org\/gaza\/qui-sommes-nous\/louer-nos-espaces\/#primaryimage","url":"https:\/\/www.institutfrancais-jerusalem.org\/gaza\/wp-content\/uploads\/sites\/9\/2018\/02\/location-1-300x225.jpg","contentUrl":"https:\/\/www.institutfrancais-jerusalem.org\/gaza\/wp-content\/uploads\/sites\/9\/2018\/02\/location-1-300x225.jpg"},{"@type":"BreadcrumbList","@id":"https:\/\/www.institutfrancais-jerusalem.org\/gaza\/qui-sommes-nous\/louer-nos-espaces\/#breadcrumb","itemListElement":[{"@type":"ListItem","position":1,"name":"Accueil","item":"https:\/\/www.institutfrancais-jerusalem.org\/gaza\/"},{"@type":"ListItem","position":2,"name":"QUI SOMMES-NOUS ?","item":"https:\/\/www.institutfrancais-jerusalem.org\/gaza\/qui-sommes-nous\/"},{"@type":"ListItem","position":3,"name":"LOUER NOS ESPACES"}]},{"@type":"WebSite","@id":"https:\/\/www.institutfrancais-jerusalem.org\/gaza\/#website","url":"https:\/\/www.institutfrancais-jerusalem.org\/gaza\/","name":"Institut Fran\u00e7ais de J\u00e9rusalem - Gaza","description":"","potentialAction":[{"@type":"SearchAction","target":{"@type":"EntryPoint","urlTemplate":"https:\/\/www.institutfrancais-jerusalem.org\/gaza\/?s={search_term_string}"},"query-input":{"@type":"PropertyValueSpecification","valueRequired":true,"valueName":"search_term_string"}}],"inLanguage":"fr-FR"}]}},"_links":{"self":[{"href":"https:\/\/www.institutfrancais-jerusalem.org\/gaza\/wp-json\/wp\/v2\/pages\/1379","targetHints":{"allow":["GET"]}}],"collection":[{"href":"https:\/\/www.institutfrancais-jerusalem.org\/gaza\/wp-json\/wp\/v2\/pages"}],"about":[{"href":"https:\/\/www.institutfrancais-jerusalem.org\/gaza\/wp-json\/wp\/v2\/types\/page"}],"author":[{"embeddable":true,"href":"https:\/\/www.institutfrancais-jerusalem.org\/gaza\/wp-json\/wp\/v2\/users\/1"}],"replies":[{"embeddable":true,"href":"https:\/\/www.institutfrancais-jerusalem.org\/gaza\/wp-json\/wp\/v2\/comments?post=1379"}],"version-history":[{"count":10,"href":"https:\/\/www.institutfrancais-jerusalem.org\/gaza\/wp-json\/wp\/v2\/pages\/1379\/revisions"}],"predecessor-version":[{"id":4588,"href":"https:\/\/www.institutfrancais-jerusalem.org\/gaza\/wp-json\/wp\/v2\/pages\/1379\/revisions\/4588"}],"up":[{"embeddable":true,"href":"https:\/\/www.institutfrancais-jerusalem.org\/gaza\/wp-json\/wp\/v2\/pages\/377"}],"wp:attachment":[{"href":"https:\/\/www.institutfrancais-jerusalem.org\/gaza\/wp-json\/wp\/v2\/media?parent=1379"}],"curies":[{"name":"wp","href":"https:\/\/api.w.org\/{rel}","templated":true}]}}