{"id":1377,"date":"2017-12-07T16:35:48","date_gmt":"2017-12-07T15:35:48","guid":{"rendered":"http:\/\/ifjerusalem-romaingary.org\/?page_id=1377"},"modified":"2022-03-28T11:47:55","modified_gmt":"2022-03-28T09:47:55","slug":"infos-pratiques","status":"publish","type":"page","link":"https:\/\/www.institutfrancais-jerusalem.org\/gaza\/qui-sommes-nous\/infos-pratiques\/","title":{"rendered":"INFOS PRATIQUES"},"content":{"rendered":"<h4 class=\"p7\"><span class=\"s1\"><b>Institut fran\u00e7ais de J\u00e9rusalem \u2013 antenne de Gaza<\/b><\/span><\/h4>\n<p class=\"p7\"><span class=\"s1\"> Rue Charles de Gaulle \u2013 Gaza.<\/span><span class=\"s1\"><br \/>\n<strong>T\u00e9l<\/strong> : 08 28 67 883 \/ 08 28 28 251<br \/>\n<\/span><span class=\"s4\"><strong>Mail <\/strong>: <span style=\"text-decoration: underline;\"><a href=\"mailto:ifj-gaza@consulfrance-jerusalem.org\"><span class=\"s6\">ifj-gaza@consulfrance-jerusalem.org<\/span><\/a><\/span><\/span><span class=\"s1\"><br \/>\n<strong>Facebook :\u00a0<\/strong><span style=\"color: #0000ff;\"><strong><a style=\"color: #0000ff;\" href=\"https:\/\/www.facebook.com\/InstitutFrancaisGaza\/\">https:\/\/www.facebook.com\/InstitutFrancaisGaza\/<\/a><\/strong><\/span><span style=\"text-decoration: underline;\"><br \/>\n<\/span><strong>Instagram<\/strong> : <span style=\"color: #0000ff;\"><strong><a style=\"color: #0000ff;\" href=\"https:\/\/www.instagram.com\/ifgaza\/\">https:\/\/www.instagram.com\/ifgaza\/<\/a><\/strong><\/span><br \/>\n<strong>Twitter<\/strong> : <span style=\"color: #0000ff;\"><strong><a style=\"color: #0000ff;\" href=\"https:\/\/twitter.com\/ifgaza\">https:\/\/twitter.com\/ifgaza<\/a><\/strong><\/span>\u00a0<\/span><\/p>\n<h4 class=\"p5\"><span class=\"s1\"><b>Horaires d\u2019ouverture\u00a0:<\/b><\/span><\/h4>\n<h4 class=\"p5\"><span class=\"s1\"><b> R\u00e9ception :<\/b><\/span><\/h4>\n<p class=\"p5\"><span class=\"s1\"> Du dimanche au mercredi : 9:00 \u2013 16:30<\/span><span class=\"s1\"><br \/>\nJeudi : 9:00 \u2013 15:00\u00a0<\/span><\/p>\n<h4 class=\"p5\"><span class=\"s1\"><b>Coordination p\u00e9dagogique<\/b><\/span><\/h4>\n<p class=\"p5\"><span class=\"s1\"> Du dimanche au jeudi: 10:00 \u2013 16:00<\/span><\/p>\n<h4 class=\"p5\"><span class=\"s1\"><b>M\u00e9diath\u00e8que\u00a0<\/b><\/span><\/h4>\n<p class=\"p5\"><span class=\"s1\"> Du dimanche au jeudi: 9:00 \u2013 16:00<\/span><\/p>\n","protected":false},"excerpt":{"rendered":"<p>Institut fran\u00e7ais de J\u00e9rusalem \u2013 antenne de Gaza Rue Charles de Gaulle \u2013 Gaza. T\u00e9l : 08 28 67 883 \/ 08 28 28 251 Mail : ifj-gaza@consulfrance-jerusalem.org Facebook :\u00a0https:\/\/www.facebook.com\/InstitutFrancaisGaza\/ Instagram : https:\/\/www.instagram.com\/ifgaza\/ Twitter : https:\/\/twitter.com\/ifgaza\u00a0 Horaires d\u2019ouverture\u00a0: R\u00e9ception : Du dimanche au mercredi : 9:00 \u2013 16:30 Jeudi : 9:00 \u2013 15:00\u00a0 Coordination p\u00e9dagogique &hellip;<\/p>\n","protected":false},"author":1,"featured_media":0,"parent":377,"menu_order":0,"comment_status":"closed","ping_status":"closed","template":"","meta":{"footnotes":""},"class_list":["post-1377","page","type-page","status-publish",""],"yoast_head":"<!-- This site is optimized with the Yoast SEO plugin v27.4 - https:\/\/yoast.com\/product\/yoast-seo-wordpress\/ -->\n<title>INFOS PRATIQUES - Institut Fran\u00e7ais de J\u00e9rusalem - Gaza<\/title>\n<meta name=\"robots\" content=\"index, follow, max-snippet:-1, max-image-preview:large, max-video-preview:-1\" \/>\n<link rel=\"canonical\" href=\"https:\/\/www.institutfrancais-jerusalem.org\/gaza\/qui-sommes-nous\/infos-pratiques\/\" \/>\n<meta property=\"og:locale\" content=\"fr_FR\" \/>\n<meta property=\"og:type\" content=\"article\" \/>\n<meta property=\"og:title\" content=\"INFOS PRATIQUES - Institut Fran\u00e7ais de J\u00e9rusalem - Gaza\" \/>\n<meta property=\"og:description\" content=\"Institut fran\u00e7ais de J\u00e9rusalem \u2013 antenne de Gaza Rue Charles de Gaulle \u2013 Gaza. T\u00e9l : 08 28 67 883 \/ 08 28 28 251 Mail : ifj-gaza@consulfrance-jerusalem.org Facebook :\u00a0https:\/\/www.facebook.com\/InstitutFrancaisGaza\/ Instagram : https:\/\/www.instagram.com\/ifgaza\/ Twitter : https:\/\/twitter.com\/ifgaza\u00a0 Horaires d\u2019ouverture\u00a0: R\u00e9ception : Du dimanche au mercredi : 9:00 \u2013 16:30 Jeudi : 9:00 \u2013 15:00\u00a0 Coordination p\u00e9dagogique &hellip;\" \/>\n<meta property=\"og:url\" content=\"https:\/\/www.institutfrancais-jerusalem.org\/gaza\/qui-sommes-nous\/infos-pratiques\/\" \/>\n<meta property=\"og:site_name\" content=\"Institut Fran\u00e7ais de J\u00e9rusalem - Gaza\" \/>\n<meta property=\"article:modified_time\" content=\"2022-03-28T09:47:55+00:00\" \/>\n<meta name=\"twitter:card\" content=\"summary_large_image\" \/>\n<meta name=\"twitter:label1\" content=\"Dur\u00e9e de lecture estim\u00e9e\" \/>\n\t<meta name=\"twitter:data1\" content=\"1 minute\" \/>\n<script type=\"application\/ld+json\" class=\"yoast-schema-graph\">{\"@context\":\"https:\\\/\\\/schema.org\",\"@graph\":[{\"@type\":\"WebPage\",\"@id\":\"https:\\\/\\\/www.institutfrancais-jerusalem.org\\\/gaza\\\/qui-sommes-nous\\\/infos-pratiques\\\/\",\"url\":\"https:\\\/\\\/www.institutfrancais-jerusalem.org\\\/gaza\\\/qui-sommes-nous\\\/infos-pratiques\\\/\",\"name\":\"INFOS PRATIQUES - Institut Fran\u00e7ais de J\u00e9rusalem - Gaza\",\"isPartOf\":{\"@id\":\"https:\\\/\\\/www.institutfrancais-jerusalem.org\\\/gaza\\\/#website\"},\"datePublished\":\"2017-12-07T15:35:48+00:00\",\"dateModified\":\"2022-03-28T09:47:55+00:00\",\"breadcrumb\":{\"@id\":\"https:\\\/\\\/www.institutfrancais-jerusalem.org\\\/gaza\\\/qui-sommes-nous\\\/infos-pratiques\\\/#breadcrumb\"},\"inLanguage\":\"fr-FR\",\"potentialAction\":[{\"@type\":\"ReadAction\",\"target\":[\"https:\\\/\\\/www.institutfrancais-jerusalem.org\\\/gaza\\\/qui-sommes-nous\\\/infos-pratiques\\\/\"]}]},{\"@type\":\"BreadcrumbList\",\"@id\":\"https:\\\/\\\/www.institutfrancais-jerusalem.org\\\/gaza\\\/qui-sommes-nous\\\/infos-pratiques\\\/#breadcrumb\",\"itemListElement\":[{\"@type\":\"ListItem\",\"position\":1,\"name\":\"Accueil\",\"item\":\"https:\\\/\\\/www.institutfrancais-jerusalem.org\\\/gaza\\\/\"},{\"@type\":\"ListItem\",\"position\":2,\"name\":\"QUI SOMMES-NOUS ?\",\"item\":\"https:\\\/\\\/www.institutfrancais-jerusalem.org\\\/gaza\\\/qui-sommes-nous\\\/\"},{\"@type\":\"ListItem\",\"position\":3,\"name\":\"INFOS PRATIQUES\"}]},{\"@type\":\"WebSite\",\"@id\":\"https:\\\/\\\/www.institutfrancais-jerusalem.org\\\/gaza\\\/#website\",\"url\":\"https:\\\/\\\/www.institutfrancais-jerusalem.org\\\/gaza\\\/\",\"name\":\"Institut Fran\u00e7ais de J\u00e9rusalem - Gaza\",\"description\":\"\",\"potentialAction\":[{\"@type\":\"SearchAction\",\"target\":{\"@type\":\"EntryPoint\",\"urlTemplate\":\"https:\\\/\\\/www.institutfrancais-jerusalem.org\\\/gaza\\\/?s={search_term_string}\"},\"query-input\":{\"@type\":\"PropertyValueSpecification\",\"valueRequired\":true,\"valueName\":\"search_term_string\"}}],\"inLanguage\":\"fr-FR\"}]}<\/script>\n<!-- \/ Yoast SEO plugin. -->","yoast_head_json":{"title":"INFOS PRATIQUES - Institut Fran\u00e7ais de J\u00e9rusalem - Gaza","robots":{"index":"index","follow":"follow","max-snippet":"max-snippet:-1","max-image-preview":"max-image-preview:large","max-video-preview":"max-video-preview:-1"},"canonical":"https:\/\/www.institutfrancais-jerusalem.org\/gaza\/qui-sommes-nous\/infos-pratiques\/","og_locale":"fr_FR","og_type":"article","og_title":"INFOS PRATIQUES - Institut Fran\u00e7ais de J\u00e9rusalem - Gaza","og_description":"Institut fran\u00e7ais de J\u00e9rusalem \u2013 antenne de Gaza Rue Charles de Gaulle \u2013 Gaza. T\u00e9l : 08 28 67 883 \/ 08 28 28 251 Mail : ifj-gaza@consulfrance-jerusalem.org Facebook :\u00a0https:\/\/www.facebook.com\/InstitutFrancaisGaza\/ Instagram : https:\/\/www.instagram.com\/ifgaza\/ Twitter : https:\/\/twitter.com\/ifgaza\u00a0 Horaires d\u2019ouverture\u00a0: R\u00e9ception : Du dimanche au mercredi : 9:00 \u2013 16:30 Jeudi : 9:00 \u2013 15:00\u00a0 Coordination p\u00e9dagogique &hellip;","og_url":"https:\/\/www.institutfrancais-jerusalem.org\/gaza\/qui-sommes-nous\/infos-pratiques\/","og_site_name":"Institut Fran\u00e7ais de J\u00e9rusalem - Gaza","article_modified_time":"2022-03-28T09:47:55+00:00","twitter_card":"summary_large_image","twitter_misc":{"Dur\u00e9e de lecture estim\u00e9e":"1 minute"},"schema":{"@context":"https:\/\/schema.org","@graph":[{"@type":"WebPage","@id":"https:\/\/www.institutfrancais-jerusalem.org\/gaza\/qui-sommes-nous\/infos-pratiques\/","url":"https:\/\/www.institutfrancais-jerusalem.org\/gaza\/qui-sommes-nous\/infos-pratiques\/","name":"INFOS PRATIQUES - Institut Fran\u00e7ais de J\u00e9rusalem - Gaza","isPartOf":{"@id":"https:\/\/www.institutfrancais-jerusalem.org\/gaza\/#website"},"datePublished":"2017-12-07T15:35:48+00:00","dateModified":"2022-03-28T09:47:55+00:00","breadcrumb":{"@id":"https:\/\/www.institutfrancais-jerusalem.org\/gaza\/qui-sommes-nous\/infos-pratiques\/#breadcrumb"},"inLanguage":"fr-FR","potentialAction":[{"@type":"ReadAction","target":["https:\/\/www.institutfrancais-jerusalem.org\/gaza\/qui-sommes-nous\/infos-pratiques\/"]}]},{"@type":"BreadcrumbList","@id":"https:\/\/www.institutfrancais-jerusalem.org\/gaza\/qui-sommes-nous\/infos-pratiques\/#breadcrumb","itemListElement":[{"@type":"ListItem","position":1,"name":"Accueil","item":"https:\/\/www.institutfrancais-jerusalem.org\/gaza\/"},{"@type":"ListItem","position":2,"name":"QUI SOMMES-NOUS ?","item":"https:\/\/www.institutfrancais-jerusalem.org\/gaza\/qui-sommes-nous\/"},{"@type":"ListItem","position":3,"name":"INFOS PRATIQUES"}]},{"@type":"WebSite","@id":"https:\/\/www.institutfrancais-jerusalem.org\/gaza\/#website","url":"https:\/\/www.institutfrancais-jerusalem.org\/gaza\/","name":"Institut Fran\u00e7ais de J\u00e9rusalem - Gaza","description":"","potentialAction":[{"@type":"SearchAction","target":{"@type":"EntryPoint","urlTemplate":"https:\/\/www.institutfrancais-jerusalem.org\/gaza\/?s={search_term_string}"},"query-input":{"@type":"PropertyValueSpecification","valueRequired":true,"valueName":"search_term_string"}}],"inLanguage":"fr-FR"}]}},"_links":{"self":[{"href":"https:\/\/www.institutfrancais-jerusalem.org\/gaza\/wp-json\/wp\/v2\/pages\/1377","targetHints":{"allow":["GET"]}}],"collection":[{"href":"https:\/\/www.institutfrancais-jerusalem.org\/gaza\/wp-json\/wp\/v2\/pages"}],"about":[{"href":"https:\/\/www.institutfrancais-jerusalem.org\/gaza\/wp-json\/wp\/v2\/types\/page"}],"author":[{"embeddable":true,"href":"https:\/\/www.institutfrancais-jerusalem.org\/gaza\/wp-json\/wp\/v2\/users\/1"}],"replies":[{"embeddable":true,"href":"https:\/\/www.institutfrancais-jerusalem.org\/gaza\/wp-json\/wp\/v2\/comments?post=1377"}],"version-history":[{"count":9,"href":"https:\/\/www.institutfrancais-jerusalem.org\/gaza\/wp-json\/wp\/v2\/pages\/1377\/revisions"}],"predecessor-version":[{"id":4585,"href":"https:\/\/www.institutfrancais-jerusalem.org\/gaza\/wp-json\/wp\/v2\/pages\/1377\/revisions\/4585"}],"up":[{"embeddable":true,"href":"https:\/\/www.institutfrancais-jerusalem.org\/gaza\/wp-json\/wp\/v2\/pages\/377"}],"wp:attachment":[{"href":"https:\/\/www.institutfrancais-jerusalem.org\/gaza\/wp-json\/wp\/v2\/media?parent=1377"}],"curies":[{"name":"wp","href":"https:\/\/api.w.org\/{rel}","templated":true}]}}