{"id":2142,"date":"2017-08-24T07:51:53","date_gmt":"2017-08-24T05:51:53","guid":{"rendered":"http:\/\/www.institutfrancais-jerusalem.org\/institutuus-2\/?page_id=2142"},"modified":"2022-02-04T14:55:41","modified_gmt":"2022-02-04T13:55:41","slug":"cours-adultes","status":"publish","type":"page","link":"https:\/\/www.institutfrancais-jerusalem.org\/gaza\/ar\/cours-de-francais\/cours-adultes\/","title":{"rendered":"\u062f\u0631\u0648\u0633 \u0644\u0644\u0628\u0627\u0644\u063a\u064a\u0646"},"content":{"rendered":"<h4><img loading=\"lazy\" decoding=\"async\" class=\"aligncenter wp-image-4512\" src=\"https:\/\/www.institutfrancais-jerusalem.org\/gaza\/wp-content\/uploads\/sites\/9\/2022\/02\/Planing-des-cours-Gaza-2022-300x105.png\" alt=\"\" width=\"766\" height=\"268\" srcset=\"https:\/\/www.institutfrancais-jerusalem.org\/gaza\/wp-content\/uploads\/sites\/9\/2022\/02\/Planing-des-cours-Gaza-2022-300x105.png 300w, https:\/\/www.institutfrancais-jerusalem.org\/gaza\/wp-content\/uploads\/sites\/9\/2022\/02\/Planing-des-cours-Gaza-2022-768x269.png 768w, https:\/\/www.institutfrancais-jerusalem.org\/gaza\/wp-content\/uploads\/sites\/9\/2022\/02\/Planing-des-cours-Gaza-2022.png 798w\" sizes=\"auto, (max-width: 766px) 100vw, 766px\" \/><\/h4>\n<h4 style=\"text-align: right;\">\u0644\u0641\u0635\u0648\u0644 \u0627\u0644\u0643\u0628\u0627\u0631:<br \/>\n\u0643\u0644 \u0627\u0644\u0645\u0633\u062a\u0648\u064a\u0627\u062a<br \/>\n40 \u0633\u0627\u0639\u0629: 3 \u062c\u0644\u0633\u0627\u062a \u0645\u0646 \u0633\u0627\u0639\u062a\u064a\u0646 \u0641\u064a \u0627\u0644\u0623\u0633\u0628\u0648\u0639 (\u0627\u0644\u062b\u0644\u0627\u062b\u0627\u0621 \u0648\u0627\u0644\u062e\u0645\u064a\u0633 \u0648\u0627\u0644\u0623\u062d\u062f)<br \/>\n\u0627\u0644\u0633\u0639\u0631: 200 \u0634\u064a\u0643\u0644<br \/>\n\u062f\u0631\u0648\u0633 \u062c\u0645\u0627\u0639\u064a\u0629 \u0635\u063a\u064a\u0631\u0629 \u0645\u0646 \u0623\u062c\u0644 \u062a\u0631\u0628\u064a\u0629 \u0641\u0639\u0627\u0644\u0629!<\/h4>\n<h4 style=\"text-align: right;\">\u064a\u062a\u0645 \u0627\u0644\u062a\u0633\u062c\u064a\u0644 \u0639\u0644\u0649 \u0627\u0644\u0625\u062d\u062f\u0627\u062b\u064a\u0627\u062a \u0627\u0644\u062a\u0627\u0644\u064a\u0629:<br \/>\n08 2828 251\/08 2867883<br \/>\n\u0639\u0646 \u0637\u0631\u064a\u0642 \u0625\u0631\u0633\u0627\u0644 \u0628\u0631\u064a\u062f \u0625\u0644\u0643\u062a\u0631\u0648\u0646\u064a \u0625\u0644\u064a\u0646\u0627: ifj-gaza@consulfrance-jerusalem.org<br \/>\n\u0623\u0648 \u0639\u0646 \u0637\u0631\u064a\u0642 \u0625\u0631\u0633\u0627\u0644 \u0631\u0633\u0627\u0644\u0629 \u0625\u0644\u064a\u0646\u0627 \u0639\u0644\u0649 \u0635\u0641\u062d\u062a\u0646\u0627 \u0639\u0644\u0649 <strong><a href=\"https:\/\/fr-fr.facebook.com\/InstitutFrancaisGaza\/\">Facebook<\/a><\/strong><\/h4>\n<p>&nbsp;<\/p>\n<p>&nbsp;<\/p>\n<p class=\"p6\">\n","protected":false},"excerpt":{"rendered":"<p>\u0644\u0641\u0635\u0648\u0644 \u0627\u0644\u0643\u0628\u0627\u0631: \u0643\u0644 \u0627\u0644\u0645\u0633\u062a\u0648\u064a\u0627\u062a 40 \u0633\u0627\u0639\u0629: 3 \u062c\u0644\u0633\u0627\u062a \u0645\u0646 \u0633\u0627\u0639\u062a\u064a\u0646 \u0641\u064a \u0627\u0644\u0623\u0633\u0628\u0648\u0639 (\u0627\u0644\u062b\u0644\u0627\u062b\u0627\u0621 \u0648\u0627\u0644\u062e\u0645\u064a\u0633 \u0648\u0627\u0644\u0623\u062d\u062f) \u0627\u0644\u0633\u0639\u0631: 200 \u0634\u064a\u0643\u0644 \u062f\u0631\u0648\u0633 \u062c\u0645\u0627\u0639\u064a\u0629 \u0635\u063a\u064a\u0631\u0629 \u0645\u0646 \u0623\u062c\u0644 \u062a\u0631\u0628\u064a\u0629 \u0641\u0639\u0627\u0644\u0629! \u064a\u062a\u0645 \u0627\u0644\u062a\u0633\u062c\u064a\u0644 \u0639\u0644\u0649 \u0627\u0644\u0625\u062d\u062f\u0627\u062b\u064a\u0627\u062a \u0627\u0644\u062a\u0627\u0644\u064a\u0629: 08 2828 251\/08 2867883 \u0639\u0646 \u0637\u0631\u064a\u0642 \u0625\u0631\u0633\u0627\u0644 \u0628\u0631\u064a\u062f \u0625\u0644\u0643\u062a\u0631\u0648\u0646\u064a \u0625\u0644\u064a\u0646\u0627: ifj-gaza@consulfrance-jerusalem.org \u0623\u0648 \u0639\u0646 \u0637\u0631\u064a\u0642 \u0625\u0631\u0633\u0627\u0644 \u0631\u0633\u0627\u0644\u0629 \u0625\u0644\u064a\u0646\u0627 \u0639\u0644\u0649 \u0635\u0641\u062d\u062a\u0646\u0627 \u0639\u0644\u0649 Facebook &nbsp; &nbsp;<\/p>\n","protected":false},"author":1,"featured_media":4516,"parent":2136,"menu_order":0,"comment_status":"closed","ping_status":"closed","template":"","meta":{"footnotes":""},"class_list":["post-2142","page","type-page","status-publish","has-post-thumbnail",""],"yoast_head":"<!-- This site is optimized with the Yoast SEO plugin v27.3 - https:\/\/yoast.com\/product\/yoast-seo-wordpress\/ -->\n<title>\u062f\u0631\u0648\u0633 \u0644\u0644\u0628\u0627\u0644\u063a\u064a\u0646 - Institut Fran\u00e7ais de J\u00e9rusalem - Gaza<\/title>\n<meta name=\"description\" content=\"Cours de fran\u00e7ais pour les adultes \u00e0 l&#039;Institut fran\u00e7ais de Gaza !\" \/>\n<meta name=\"robots\" content=\"index, follow, max-snippet:-1, max-image-preview:large, max-video-preview:-1\" \/>\n<link rel=\"canonical\" href=\"https:\/\/www.institutfrancais-jerusalem.org\/gaza\/ar\/cours-de-francais\/cours-adultes\/\" \/>\n<meta property=\"og:locale\" content=\"ar_AR\" \/>\n<meta property=\"og:type\" content=\"article\" \/>\n<meta property=\"og:title\" content=\"\u062f\u0631\u0648\u0633 \u0644\u0644\u0628\u0627\u0644\u063a\u064a\u0646 - Institut Fran\u00e7ais de J\u00e9rusalem - Gaza\" \/>\n<meta property=\"og:description\" content=\"Cours de fran\u00e7ais pour les adultes \u00e0 l&#039;Institut fran\u00e7ais de Gaza !\" \/>\n<meta property=\"og:url\" content=\"https:\/\/www.institutfrancais-jerusalem.org\/gaza\/ar\/cours-de-francais\/cours-adultes\/\" \/>\n<meta property=\"og:site_name\" content=\"Institut Fran\u00e7ais de J\u00e9rusalem - Gaza\" \/>\n<meta property=\"article:modified_time\" content=\"2022-02-04T13:55:41+00:00\" \/>\n<meta property=\"og:image\" content=\"https:\/\/www.institutfrancais-jerusalem.org\/gaza\/wp-content\/uploads\/sites\/9\/2022\/02\/2022.01.12-Session-cours-adultes-fe\u0301vrier-2022.jpg\" \/>\n\t<meta property=\"og:image:width\" content=\"2560\" \/>\n\t<meta property=\"og:image:height\" content=\"1344\" \/>\n\t<meta property=\"og:image:type\" content=\"image\/jpeg\" \/>\n<meta name=\"twitter:card\" content=\"summary_large_image\" \/>\n<meta name=\"twitter:label1\" content=\"\u0648\u0642\u062a \u0627\u0644\u0642\u0631\u0627\u0621\u0629 \u0627\u0644\u0645\u064f\u0642\u062f\u0651\u0631\" \/>\n\t<meta name=\"twitter:data1\" content=\"1 \u062f\u0642\u064a\u0642\u0629\" \/>\n<script type=\"application\/ld+json\" class=\"yoast-schema-graph\">{\"@context\":\"https:\\\/\\\/schema.org\",\"@graph\":[{\"@type\":\"WebPage\",\"@id\":\"https:\\\/\\\/www.institutfrancais-jerusalem.org\\\/gaza\\\/ar\\\/cours-de-francais\\\/cours-adultes\\\/\",\"url\":\"https:\\\/\\\/www.institutfrancais-jerusalem.org\\\/gaza\\\/ar\\\/cours-de-francais\\\/cours-adultes\\\/\",\"name\":\"\u062f\u0631\u0648\u0633 \u0644\u0644\u0628\u0627\u0644\u063a\u064a\u0646 - Institut Fran\u00e7ais de J\u00e9rusalem - Gaza\",\"isPartOf\":{\"@id\":\"https:\\\/\\\/www.institutfrancais-jerusalem.org\\\/gaza\\\/ar\\\/#website\"},\"primaryImageOfPage\":{\"@id\":\"https:\\\/\\\/www.institutfrancais-jerusalem.org\\\/gaza\\\/ar\\\/cours-de-francais\\\/cours-adultes\\\/#primaryimage\"},\"image\":{\"@id\":\"https:\\\/\\\/www.institutfrancais-jerusalem.org\\\/gaza\\\/ar\\\/cours-de-francais\\\/cours-adultes\\\/#primaryimage\"},\"thumbnailUrl\":\"https:\\\/\\\/www.institutfrancais-jerusalem.org\\\/gaza\\\/wp-content\\\/uploads\\\/sites\\\/9\\\/2022\\\/02\\\/2022.01.12-Session-cours-adultes-fe\u0301vrier-2022.jpg\",\"datePublished\":\"2017-08-24T05:51:53+00:00\",\"dateModified\":\"2022-02-04T13:55:41+00:00\",\"description\":\"Cours de fran\u00e7ais pour les adultes \u00e0 l'Institut fran\u00e7ais de Gaza !\",\"breadcrumb\":{\"@id\":\"https:\\\/\\\/www.institutfrancais-jerusalem.org\\\/gaza\\\/ar\\\/cours-de-francais\\\/cours-adultes\\\/#breadcrumb\"},\"inLanguage\":\"ar\",\"potentialAction\":[{\"@type\":\"ReadAction\",\"target\":[\"https:\\\/\\\/www.institutfrancais-jerusalem.org\\\/gaza\\\/ar\\\/cours-de-francais\\\/cours-adultes\\\/\"]}]},{\"@type\":\"ImageObject\",\"inLanguage\":\"ar\",\"@id\":\"https:\\\/\\\/www.institutfrancais-jerusalem.org\\\/gaza\\\/ar\\\/cours-de-francais\\\/cours-adultes\\\/#primaryimage\",\"url\":\"https:\\\/\\\/www.institutfrancais-jerusalem.org\\\/gaza\\\/wp-content\\\/uploads\\\/sites\\\/9\\\/2022\\\/02\\\/2022.01.12-Session-cours-adultes-fe\u0301vrier-2022.jpg\",\"contentUrl\":\"https:\\\/\\\/www.institutfrancais-jerusalem.org\\\/gaza\\\/wp-content\\\/uploads\\\/sites\\\/9\\\/2022\\\/02\\\/2022.01.12-Session-cours-adultes-fe\u0301vrier-2022.jpg\",\"width\":2560,\"height\":1344},{\"@type\":\"BreadcrumbList\",\"@id\":\"https:\\\/\\\/www.institutfrancais-jerusalem.org\\\/gaza\\\/ar\\\/cours-de-francais\\\/cours-adultes\\\/#breadcrumb\",\"itemListElement\":[{\"@type\":\"ListItem\",\"position\":1,\"name\":\"Accueil\",\"item\":\"https:\\\/\\\/www.institutfrancais-jerusalem.org\\\/gaza\\\/ar\\\/\"},{\"@type\":\"ListItem\",\"position\":2,\"name\":\"\u062f\u0631\u0648\u0633 \u0644\u063a\u0629 \u0641\u0631\u0646\u0633\u064a\u0651\u0629\",\"item\":\"https:\\\/\\\/www.institutfrancais-jerusalem.org\\\/gaza\\\/ar\\\/cours-de-francais\\\/\"},{\"@type\":\"ListItem\",\"position\":3,\"name\":\"\u062f\u0631\u0648\u0633 \u0644\u0644\u0628\u0627\u0644\u063a\u064a\u0646\"}]},{\"@type\":\"WebSite\",\"@id\":\"https:\\\/\\\/www.institutfrancais-jerusalem.org\\\/gaza\\\/ar\\\/#website\",\"url\":\"https:\\\/\\\/www.institutfrancais-jerusalem.org\\\/gaza\\\/ar\\\/\",\"name\":\"Institut Fran\u00e7ais de J\u00e9rusalem - Gaza\",\"description\":\"Chateaubriand\",\"potentialAction\":[{\"@type\":\"SearchAction\",\"target\":{\"@type\":\"EntryPoint\",\"urlTemplate\":\"https:\\\/\\\/www.institutfrancais-jerusalem.org\\\/gaza\\\/ar\\\/?s={search_term_string}\"},\"query-input\":{\"@type\":\"PropertyValueSpecification\",\"valueRequired\":true,\"valueName\":\"search_term_string\"}}],\"inLanguage\":\"ar\"}]}<\/script>\n<!-- \/ Yoast SEO plugin. -->","yoast_head_json":{"title":"\u062f\u0631\u0648\u0633 \u0644\u0644\u0628\u0627\u0644\u063a\u064a\u0646 - Institut Fran\u00e7ais de J\u00e9rusalem - Gaza","description":"Cours de fran\u00e7ais pour les adultes \u00e0 l'Institut fran\u00e7ais de Gaza !","robots":{"index":"index","follow":"follow","max-snippet":"max-snippet:-1","max-image-preview":"max-image-preview:large","max-video-preview":"max-video-preview:-1"},"canonical":"https:\/\/www.institutfrancais-jerusalem.org\/gaza\/ar\/cours-de-francais\/cours-adultes\/","og_locale":"ar_AR","og_type":"article","og_title":"\u062f\u0631\u0648\u0633 \u0644\u0644\u0628\u0627\u0644\u063a\u064a\u0646 - Institut Fran\u00e7ais de J\u00e9rusalem - Gaza","og_description":"Cours de fran\u00e7ais pour les adultes \u00e0 l'Institut fran\u00e7ais de Gaza !","og_url":"https:\/\/www.institutfrancais-jerusalem.org\/gaza\/ar\/cours-de-francais\/cours-adultes\/","og_site_name":"Institut Fran\u00e7ais de J\u00e9rusalem - Gaza","article_modified_time":"2022-02-04T13:55:41+00:00","og_image":[{"width":2560,"height":1344,"url":"https:\/\/www.institutfrancais-jerusalem.org\/gaza\/wp-content\/uploads\/sites\/9\/2022\/02\/2022.01.12-Session-cours-adultes-fe\u0301vrier-2022.jpg","type":"image\/jpeg"}],"twitter_card":"summary_large_image","twitter_misc":{"\u0648\u0642\u062a \u0627\u0644\u0642\u0631\u0627\u0621\u0629 \u0627\u0644\u0645\u064f\u0642\u062f\u0651\u0631":"1 \u062f\u0642\u064a\u0642\u0629"},"schema":{"@context":"https:\/\/schema.org","@graph":[{"@type":"WebPage","@id":"https:\/\/www.institutfrancais-jerusalem.org\/gaza\/ar\/cours-de-francais\/cours-adultes\/","url":"https:\/\/www.institutfrancais-jerusalem.org\/gaza\/ar\/cours-de-francais\/cours-adultes\/","name":"\u062f\u0631\u0648\u0633 \u0644\u0644\u0628\u0627\u0644\u063a\u064a\u0646 - Institut Fran\u00e7ais de J\u00e9rusalem - Gaza","isPartOf":{"@id":"https:\/\/www.institutfrancais-jerusalem.org\/gaza\/ar\/#website"},"primaryImageOfPage":{"@id":"https:\/\/www.institutfrancais-jerusalem.org\/gaza\/ar\/cours-de-francais\/cours-adultes\/#primaryimage"},"image":{"@id":"https:\/\/www.institutfrancais-jerusalem.org\/gaza\/ar\/cours-de-francais\/cours-adultes\/#primaryimage"},"thumbnailUrl":"https:\/\/www.institutfrancais-jerusalem.org\/gaza\/wp-content\/uploads\/sites\/9\/2022\/02\/2022.01.12-Session-cours-adultes-fe\u0301vrier-2022.jpg","datePublished":"2017-08-24T05:51:53+00:00","dateModified":"2022-02-04T13:55:41+00:00","description":"Cours de fran\u00e7ais pour les adultes \u00e0 l'Institut fran\u00e7ais de Gaza !","breadcrumb":{"@id":"https:\/\/www.institutfrancais-jerusalem.org\/gaza\/ar\/cours-de-francais\/cours-adultes\/#breadcrumb"},"inLanguage":"ar","potentialAction":[{"@type":"ReadAction","target":["https:\/\/www.institutfrancais-jerusalem.org\/gaza\/ar\/cours-de-francais\/cours-adultes\/"]}]},{"@type":"ImageObject","inLanguage":"ar","@id":"https:\/\/www.institutfrancais-jerusalem.org\/gaza\/ar\/cours-de-francais\/cours-adultes\/#primaryimage","url":"https:\/\/www.institutfrancais-jerusalem.org\/gaza\/wp-content\/uploads\/sites\/9\/2022\/02\/2022.01.12-Session-cours-adultes-fe\u0301vrier-2022.jpg","contentUrl":"https:\/\/www.institutfrancais-jerusalem.org\/gaza\/wp-content\/uploads\/sites\/9\/2022\/02\/2022.01.12-Session-cours-adultes-fe\u0301vrier-2022.jpg","width":2560,"height":1344},{"@type":"BreadcrumbList","@id":"https:\/\/www.institutfrancais-jerusalem.org\/gaza\/ar\/cours-de-francais\/cours-adultes\/#breadcrumb","itemListElement":[{"@type":"ListItem","position":1,"name":"Accueil","item":"https:\/\/www.institutfrancais-jerusalem.org\/gaza\/ar\/"},{"@type":"ListItem","position":2,"name":"\u062f\u0631\u0648\u0633 \u0644\u063a\u0629 \u0641\u0631\u0646\u0633\u064a\u0651\u0629","item":"https:\/\/www.institutfrancais-jerusalem.org\/gaza\/ar\/cours-de-francais\/"},{"@type":"ListItem","position":3,"name":"\u062f\u0631\u0648\u0633 \u0644\u0644\u0628\u0627\u0644\u063a\u064a\u0646"}]},{"@type":"WebSite","@id":"https:\/\/www.institutfrancais-jerusalem.org\/gaza\/ar\/#website","url":"https:\/\/www.institutfrancais-jerusalem.org\/gaza\/ar\/","name":"Institut Fran\u00e7ais de J\u00e9rusalem - Gaza","description":"Chateaubriand","potentialAction":[{"@type":"SearchAction","target":{"@type":"EntryPoint","urlTemplate":"https:\/\/www.institutfrancais-jerusalem.org\/gaza\/ar\/?s={search_term_string}"},"query-input":{"@type":"PropertyValueSpecification","valueRequired":true,"valueName":"search_term_string"}}],"inLanguage":"ar"}]}},"_links":{"self":[{"href":"https:\/\/www.institutfrancais-jerusalem.org\/gaza\/ar\/wp-json\/wp\/v2\/pages\/2142","targetHints":{"allow":["GET"]}}],"collection":[{"href":"https:\/\/www.institutfrancais-jerusalem.org\/gaza\/ar\/wp-json\/wp\/v2\/pages"}],"about":[{"href":"https:\/\/www.institutfrancais-jerusalem.org\/gaza\/ar\/wp-json\/wp\/v2\/types\/page"}],"author":[{"embeddable":true,"href":"https:\/\/www.institutfrancais-jerusalem.org\/gaza\/ar\/wp-json\/wp\/v2\/users\/1"}],"replies":[{"embeddable":true,"href":"https:\/\/www.institutfrancais-jerusalem.org\/gaza\/ar\/wp-json\/wp\/v2\/comments?post=2142"}],"version-history":[{"count":11,"href":"https:\/\/www.institutfrancais-jerusalem.org\/gaza\/ar\/wp-json\/wp\/v2\/pages\/2142\/revisions"}],"predecessor-version":[{"id":4538,"href":"https:\/\/www.institutfrancais-jerusalem.org\/gaza\/ar\/wp-json\/wp\/v2\/pages\/2142\/revisions\/4538"}],"up":[{"embeddable":true,"href":"https:\/\/www.institutfrancais-jerusalem.org\/gaza\/ar\/wp-json\/wp\/v2\/pages\/2136"}],"wp:featuredmedia":[{"embeddable":true,"href":"https:\/\/www.institutfrancais-jerusalem.org\/gaza\/ar\/wp-json\/wp\/v2\/media\/4516"}],"wp:attachment":[{"href":"https:\/\/www.institutfrancais-jerusalem.org\/gaza\/ar\/wp-json\/wp\/v2\/media?parent=2142"}],"curies":[{"name":"wp","href":"https:\/\/api.w.org\/{rel}","templated":true}]}}