{"id":377,"date":"2017-08-07T20:49:59","date_gmt":"2017-08-07T18:49:59","guid":{"rendered":"http:\/\/themes.tielabs.com\/sahifa5\/?page_id=377"},"modified":"2018-01-17T10:35:18","modified_gmt":"2018-01-17T09:35:18","slug":"qui-sommes-nous","status":"publish","type":"page","link":"https:\/\/www.institutfrancais-jerusalem.org\/chateaubriand\/qui-sommes-nous\/","title":{"rendered":"QUI SOMMES-NOUS ?"},"content":{"rendered":"<p><img loading=\"lazy\" decoding=\"async\" class=\"alignleft size-large wp-image-2475\" src=\"https:\/\/www.institutfrancais-jerusalem.org\/chateaubriand\/wp-content\/uploads\/sites\/12\/2017\/08\/CHATEAU--1024x665.jpg\" alt=\"\" width=\"618\" height=\"401\" srcset=\"https:\/\/www.institutfrancais-jerusalem.org\/chateaubriand\/wp-content\/uploads\/sites\/12\/2017\/08\/CHATEAU--1024x665.jpg 1024w, https:\/\/www.institutfrancais-jerusalem.org\/chateaubriand\/wp-content\/uploads\/sites\/12\/2017\/08\/CHATEAU--300x195.jpg 300w, https:\/\/www.institutfrancais-jerusalem.org\/chateaubriand\/wp-content\/uploads\/sites\/12\/2017\/08\/CHATEAU--768x499.jpg 768w\" sizes=\"auto, (max-width: 618px) 100vw, 618px\" \/>Situ\u00e9 au c\u0153ur de la ville de J\u00e9rusalem, l\u2019Institut Fran\u00e7ais de Jerusalem antenne Chateaubriand a pris le nom du c\u00e9l\u00e8bre \u00e9crivain et homme politique fran\u00e7ais en 2007 alors qu&rsquo;\u00e9tait c\u00e9l\u00e9br\u00e9 le bicentenaire de la parution du <i>Voyage en Orient<\/i>, r\u00e9cit de voyage de Fran\u00e7ois Ren\u00e9, vicomte de Chateaubriand.<\/p>\n<p>L\u2019ouverture de l\u2019Institut (anciennement Centre culturel fran\u00e7ais), date de 1987. Depuis cette date il assure la promotion du fran\u00e7ais et de l\u2019arabe ainsi que la promotion de la culture fran\u00e7aise et palestinienne.<span class=\"Apple-converted-space\">\u00a0 <\/span>C\u2019est un lieu d\u2019\u00e9changes culturels et de convivialit\u00e9.<\/p>\n<h4>L\u2019Institut fran\u00e7ais de J\u00e9rusalem antenne Chateaubriand vous propose\u00a0:<\/h4>\n<p>&#8211; Des cours de fran\u00e7ais (enfants, adolescents et adultes), en groupe et en cours individuels, pour les particuliers et les entreprise<br \/>\n&#8211; Des cours d\u2019arabe pour adultes<br \/>\n&#8211; Un service de traduction et d\u2019interpr\u00e9tariat (accompagnement de groupes)<br \/>\n&#8211; Une mise \u00e0 disposition de ses locaux<br \/>\n&#8211; Une m\u00e9diath\u00e8que<br \/>\n&#8211; Des camps de vacances organis\u00e9s autour de l\u2019apprentissage du fran\u00e7ais de mani\u00e8re ludique<br \/>\n&#8211; Des activit\u00e9s culturelles (cin\u00e9ma \u2013 concerts \u2013 expositions photos et peintures \u2013 ateliers de musique et de danse.)<br \/>\n&#8211; Des cours de pr\u00e9paration et le passage des examens officiels de fran\u00e7ais (DELF-DALF, TCF, etc.)<\/p>\n","protected":false},"excerpt":{"rendered":"<p>Situ\u00e9 au c\u0153ur de la ville de J\u00e9rusalem, l\u2019Institut Fran\u00e7ais de Jerusalem antenne Chateaubriand a pris le nom du c\u00e9l\u00e8bre \u00e9crivain et homme politique fran\u00e7ais en 2007 alors qu&rsquo;\u00e9tait c\u00e9l\u00e9br\u00e9 le bicentenaire de la parution du Voyage en Orient, r\u00e9cit de voyage de Fran\u00e7ois Ren\u00e9, vicomte de Chateaubriand. L\u2019ouverture de l\u2019Institut (anciennement Centre culturel fran\u00e7ais), &hellip;<\/p>\n","protected":false},"author":1,"featured_media":0,"parent":0,"menu_order":0,"comment_status":"closed","ping_status":"closed","template":"","meta":{"footnotes":""},"class_list":["post-377","page","type-page","status-publish",""],"yoast_head":"<!-- This site is optimized with the Yoast SEO plugin v27.5 - https:\/\/yoast.com\/product\/yoast-seo-wordpress\/ -->\n<title>QUI SOMMES-NOUS ? - Institut Fran\u00e7ais de J\u00e9rusalem - Chateaubriand<\/title>\n<meta name=\"robots\" content=\"index, follow, max-snippet:-1, max-image-preview:large, max-video-preview:-1\" \/>\n<link rel=\"canonical\" href=\"https:\/\/www.institutfrancais-jerusalem.org\/chateaubriand\/qui-sommes-nous\/\" \/>\n<meta property=\"og:locale\" content=\"fr_FR\" \/>\n<meta property=\"og:type\" content=\"article\" \/>\n<meta property=\"og:title\" content=\"QUI SOMMES-NOUS ? - Institut Fran\u00e7ais de J\u00e9rusalem - Chateaubriand\" \/>\n<meta property=\"og:description\" content=\"Situ\u00e9 au c\u0153ur de la ville de J\u00e9rusalem, l\u2019Institut Fran\u00e7ais de Jerusalem antenne Chateaubriand a pris le nom du c\u00e9l\u00e8bre \u00e9crivain et homme politique fran\u00e7ais en 2007 alors qu&rsquo;\u00e9tait c\u00e9l\u00e9br\u00e9 le bicentenaire de la parution du Voyage en Orient, r\u00e9cit de voyage de Fran\u00e7ois Ren\u00e9, vicomte de Chateaubriand. L\u2019ouverture de l\u2019Institut (anciennement Centre culturel fran\u00e7ais), &hellip;\" \/>\n<meta property=\"og:url\" content=\"https:\/\/www.institutfrancais-jerusalem.org\/chateaubriand\/qui-sommes-nous\/\" \/>\n<meta property=\"og:site_name\" content=\"Institut Fran\u00e7ais de J\u00e9rusalem - Chateaubriand\" \/>\n<meta property=\"article:modified_time\" content=\"2018-01-17T09:35:18+00:00\" \/>\n<meta property=\"og:image\" content=\"https:\/\/www.institutfrancais-jerusalem.org\/chateaubriand\/wp-content\/uploads\/sites\/12\/2017\/08\/CHATEAU--1024x665.jpg\" \/>\n<meta name=\"twitter:card\" content=\"summary_large_image\" \/>\n<meta name=\"twitter:label1\" content=\"Dur\u00e9e de lecture estim\u00e9e\" \/>\n\t<meta name=\"twitter:data1\" content=\"1 minute\" \/>\n<script type=\"application\/ld+json\" class=\"yoast-schema-graph\">{\"@context\":\"https:\\\/\\\/schema.org\",\"@graph\":[{\"@type\":\"WebPage\",\"@id\":\"https:\\\/\\\/www.institutfrancais-jerusalem.org\\\/chateaubriand\\\/qui-sommes-nous\\\/\",\"url\":\"https:\\\/\\\/www.institutfrancais-jerusalem.org\\\/chateaubriand\\\/qui-sommes-nous\\\/\",\"name\":\"QUI SOMMES-NOUS ? - Institut Fran\u00e7ais de J\u00e9rusalem - Chateaubriand\",\"isPartOf\":{\"@id\":\"https:\\\/\\\/www.institutfrancais-jerusalem.org\\\/chateaubriand\\\/#website\"},\"primaryImageOfPage\":{\"@id\":\"https:\\\/\\\/www.institutfrancais-jerusalem.org\\\/chateaubriand\\\/qui-sommes-nous\\\/#primaryimage\"},\"image\":{\"@id\":\"https:\\\/\\\/www.institutfrancais-jerusalem.org\\\/chateaubriand\\\/qui-sommes-nous\\\/#primaryimage\"},\"thumbnailUrl\":\"https:\\\/\\\/www.institutfrancais-jerusalem.org\\\/chateaubriand\\\/wp-content\\\/uploads\\\/sites\\\/12\\\/2017\\\/08\\\/CHATEAU--1024x665.jpg\",\"datePublished\":\"2017-08-07T18:49:59+00:00\",\"dateModified\":\"2018-01-17T09:35:18+00:00\",\"breadcrumb\":{\"@id\":\"https:\\\/\\\/www.institutfrancais-jerusalem.org\\\/chateaubriand\\\/qui-sommes-nous\\\/#breadcrumb\"},\"inLanguage\":\"fr-FR\",\"potentialAction\":[{\"@type\":\"ReadAction\",\"target\":[\"https:\\\/\\\/www.institutfrancais-jerusalem.org\\\/chateaubriand\\\/qui-sommes-nous\\\/\"]}]},{\"@type\":\"ImageObject\",\"inLanguage\":\"fr-FR\",\"@id\":\"https:\\\/\\\/www.institutfrancais-jerusalem.org\\\/chateaubriand\\\/qui-sommes-nous\\\/#primaryimage\",\"url\":\"https:\\\/\\\/www.institutfrancais-jerusalem.org\\\/chateaubriand\\\/wp-content\\\/uploads\\\/sites\\\/12\\\/2017\\\/08\\\/CHATEAU-.jpg\",\"contentUrl\":\"https:\\\/\\\/www.institutfrancais-jerusalem.org\\\/chateaubriand\\\/wp-content\\\/uploads\\\/sites\\\/12\\\/2017\\\/08\\\/CHATEAU-.jpg\",\"width\":4000,\"height\":2598},{\"@type\":\"BreadcrumbList\",\"@id\":\"https:\\\/\\\/www.institutfrancais-jerusalem.org\\\/chateaubriand\\\/qui-sommes-nous\\\/#breadcrumb\",\"itemListElement\":[{\"@type\":\"ListItem\",\"position\":1,\"name\":\"Accueil\",\"item\":\"https:\\\/\\\/www.institutfrancais-jerusalem.org\\\/chateaubriand\\\/\"},{\"@type\":\"ListItem\",\"position\":2,\"name\":\"QUI SOMMES-NOUS ?\"}]},{\"@type\":\"WebSite\",\"@id\":\"https:\\\/\\\/www.institutfrancais-jerusalem.org\\\/chateaubriand\\\/#website\",\"url\":\"https:\\\/\\\/www.institutfrancais-jerusalem.org\\\/chateaubriand\\\/\",\"name\":\"Institut Fran\u00e7ais de J\u00e9rusalem - Chateaubriand\",\"description\":\"\",\"potentialAction\":[{\"@type\":\"SearchAction\",\"target\":{\"@type\":\"EntryPoint\",\"urlTemplate\":\"https:\\\/\\\/www.institutfrancais-jerusalem.org\\\/chateaubriand\\\/?s={search_term_string}\"},\"query-input\":{\"@type\":\"PropertyValueSpecification\",\"valueRequired\":true,\"valueName\":\"search_term_string\"}}],\"inLanguage\":\"fr-FR\"}]}<\/script>\n<!-- \/ Yoast SEO plugin. -->","yoast_head_json":{"title":"QUI SOMMES-NOUS ? - Institut Fran\u00e7ais de J\u00e9rusalem - Chateaubriand","robots":{"index":"index","follow":"follow","max-snippet":"max-snippet:-1","max-image-preview":"max-image-preview:large","max-video-preview":"max-video-preview:-1"},"canonical":"https:\/\/www.institutfrancais-jerusalem.org\/chateaubriand\/qui-sommes-nous\/","og_locale":"fr_FR","og_type":"article","og_title":"QUI SOMMES-NOUS ? - Institut Fran\u00e7ais de J\u00e9rusalem - Chateaubriand","og_description":"Situ\u00e9 au c\u0153ur de la ville de J\u00e9rusalem, l\u2019Institut Fran\u00e7ais de Jerusalem antenne Chateaubriand a pris le nom du c\u00e9l\u00e8bre \u00e9crivain et homme politique fran\u00e7ais en 2007 alors qu&rsquo;\u00e9tait c\u00e9l\u00e9br\u00e9 le bicentenaire de la parution du Voyage en Orient, r\u00e9cit de voyage de Fran\u00e7ois Ren\u00e9, vicomte de Chateaubriand. L\u2019ouverture de l\u2019Institut (anciennement Centre culturel fran\u00e7ais), &hellip;","og_url":"https:\/\/www.institutfrancais-jerusalem.org\/chateaubriand\/qui-sommes-nous\/","og_site_name":"Institut Fran\u00e7ais de J\u00e9rusalem - Chateaubriand","article_modified_time":"2018-01-17T09:35:18+00:00","og_image":[{"url":"https:\/\/www.institutfrancais-jerusalem.org\/chateaubriand\/wp-content\/uploads\/sites\/12\/2017\/08\/CHATEAU--1024x665.jpg","type":"","width":"","height":""}],"twitter_card":"summary_large_image","twitter_misc":{"Dur\u00e9e de lecture estim\u00e9e":"1 minute"},"schema":{"@context":"https:\/\/schema.org","@graph":[{"@type":"WebPage","@id":"https:\/\/www.institutfrancais-jerusalem.org\/chateaubriand\/qui-sommes-nous\/","url":"https:\/\/www.institutfrancais-jerusalem.org\/chateaubriand\/qui-sommes-nous\/","name":"QUI SOMMES-NOUS ? - Institut Fran\u00e7ais de J\u00e9rusalem - Chateaubriand","isPartOf":{"@id":"https:\/\/www.institutfrancais-jerusalem.org\/chateaubriand\/#website"},"primaryImageOfPage":{"@id":"https:\/\/www.institutfrancais-jerusalem.org\/chateaubriand\/qui-sommes-nous\/#primaryimage"},"image":{"@id":"https:\/\/www.institutfrancais-jerusalem.org\/chateaubriand\/qui-sommes-nous\/#primaryimage"},"thumbnailUrl":"https:\/\/www.institutfrancais-jerusalem.org\/chateaubriand\/wp-content\/uploads\/sites\/12\/2017\/08\/CHATEAU--1024x665.jpg","datePublished":"2017-08-07T18:49:59+00:00","dateModified":"2018-01-17T09:35:18+00:00","breadcrumb":{"@id":"https:\/\/www.institutfrancais-jerusalem.org\/chateaubriand\/qui-sommes-nous\/#breadcrumb"},"inLanguage":"fr-FR","potentialAction":[{"@type":"ReadAction","target":["https:\/\/www.institutfrancais-jerusalem.org\/chateaubriand\/qui-sommes-nous\/"]}]},{"@type":"ImageObject","inLanguage":"fr-FR","@id":"https:\/\/www.institutfrancais-jerusalem.org\/chateaubriand\/qui-sommes-nous\/#primaryimage","url":"https:\/\/www.institutfrancais-jerusalem.org\/chateaubriand\/wp-content\/uploads\/sites\/12\/2017\/08\/CHATEAU-.jpg","contentUrl":"https:\/\/www.institutfrancais-jerusalem.org\/chateaubriand\/wp-content\/uploads\/sites\/12\/2017\/08\/CHATEAU-.jpg","width":4000,"height":2598},{"@type":"BreadcrumbList","@id":"https:\/\/www.institutfrancais-jerusalem.org\/chateaubriand\/qui-sommes-nous\/#breadcrumb","itemListElement":[{"@type":"ListItem","position":1,"name":"Accueil","item":"https:\/\/www.institutfrancais-jerusalem.org\/chateaubriand\/"},{"@type":"ListItem","position":2,"name":"QUI SOMMES-NOUS ?"}]},{"@type":"WebSite","@id":"https:\/\/www.institutfrancais-jerusalem.org\/chateaubriand\/#website","url":"https:\/\/www.institutfrancais-jerusalem.org\/chateaubriand\/","name":"Institut Fran\u00e7ais de J\u00e9rusalem - Chateaubriand","description":"","potentialAction":[{"@type":"SearchAction","target":{"@type":"EntryPoint","urlTemplate":"https:\/\/www.institutfrancais-jerusalem.org\/chateaubriand\/?s={search_term_string}"},"query-input":{"@type":"PropertyValueSpecification","valueRequired":true,"valueName":"search_term_string"}}],"inLanguage":"fr-FR"}]}},"_links":{"self":[{"href":"https:\/\/www.institutfrancais-jerusalem.org\/chateaubriand\/wp-json\/wp\/v2\/pages\/377","targetHints":{"allow":["GET"]}}],"collection":[{"href":"https:\/\/www.institutfrancais-jerusalem.org\/chateaubriand\/wp-json\/wp\/v2\/pages"}],"about":[{"href":"https:\/\/www.institutfrancais-jerusalem.org\/chateaubriand\/wp-json\/wp\/v2\/types\/page"}],"author":[{"embeddable":true,"href":"https:\/\/www.institutfrancais-jerusalem.org\/chateaubriand\/wp-json\/wp\/v2\/users\/1"}],"replies":[{"embeddable":true,"href":"https:\/\/www.institutfrancais-jerusalem.org\/chateaubriand\/wp-json\/wp\/v2\/comments?post=377"}],"version-history":[{"count":11,"href":"https:\/\/www.institutfrancais-jerusalem.org\/chateaubriand\/wp-json\/wp\/v2\/pages\/377\/revisions"}],"predecessor-version":[{"id":2477,"href":"https:\/\/www.institutfrancais-jerusalem.org\/chateaubriand\/wp-json\/wp\/v2\/pages\/377\/revisions\/2477"}],"wp:attachment":[{"href":"https:\/\/www.institutfrancais-jerusalem.org\/chateaubriand\/wp-json\/wp\/v2\/media?parent=377"}],"curies":[{"name":"wp","href":"https:\/\/api.w.org\/{rel}","templated":true}]}}