{"id":2453,"date":"2018-01-10T09:11:37","date_gmt":"2018-01-10T08:11:37","guid":{"rendered":"http:\/\/www.institutfrancais-jerusalem.org\/chateaubriand\/?page_id=2453"},"modified":"2018-01-25T09:42:53","modified_gmt":"2018-01-25T08:42:53","slug":"traduction-interpretariat","status":"publish","type":"page","link":"https:\/\/www.institutfrancais-jerusalem.org\/chateaubriand\/traduction-interpretariat\/","title":{"rendered":"TRADUCTION &#038; INTERPR\u00c9TARIAT"},"content":{"rendered":"<p class=\"p1\"><span class=\"s1\">L\u2019Institut fran\u00e7ais de J\u00e9rusalem &#8211; antenne Chateaubriand vous propose un service de traduction pour les documents officiels d\u2019\u00e9tat civil (reconnus par le Consulat G\u00e9n\u00e9ral de France \u00e0 J\u00e9rusalem) et un service d\u2019accompagnement de groupes dans le cadre de visites ou autres besoins. <\/span><\/p>\n<h4 class=\"p2\"><span class=\"s1\"><b>Langues<\/b>\u00a0: <\/span><\/h4>\n<p>&#8211; Fran\u00e7ais \u2013 anglais<br \/>\n&#8211; Anglais \u2013 fran\u00e7ais<br \/>\n&#8211; Arabe \u2013 fran\u00e7ais<br \/>\n&#8211; Fran\u00e7ais \u2013 arabe<br \/>\n&#8211; H\u00e9breu- fran\u00e7ais (\u00e9crit)<\/p>\n<h4 class=\"p2\"><span class=\"s1\"><b>Documents<\/b>\u00a0: <\/span><\/h4>\n<p>&#8211; Documents d\u2019\u00e9tat-civil &#8211; 100 NIS \/ Page<span class=\"s1\"><br \/>\n&#8211; Brochures &#8211; 0.5NIS \/ Mot<br \/>\n&#8211; Lettres &#8211; 0.5NIS \/ Mot<br \/>\n&#8211; Articles &#8211; 0.5 NIS \/ Mot<\/span><\/p>\n<h4 class=\"p2\"><span class=\"s1\"><b>Traduction dans le cadre d\u2019accompagnement de groupes :<\/b><\/span><\/h4>\n<p>&#8211; Accompagnement<br \/>\n&#8211; Traduction instantan\u00e9e<\/p>\n<h4 class=\"p2\"><span class=\"s1\"><b>Tarifs :<\/b><\/span><\/h4>\n<p>&#8211; Devis sur demande<span class=\"s1\">\u00a0\u00e0 la demi-journ\u00e9e \/ \u00e0 la journ\u00e9e\u00a0<\/span><\/p>\n<p>&nbsp;<\/p>\n","protected":false},"excerpt":{"rendered":"<p>L\u2019Institut fran\u00e7ais de J\u00e9rusalem &#8211; antenne Chateaubriand vous propose un service de traduction pour les documents officiels d\u2019\u00e9tat civil (reconnus par le Consulat G\u00e9n\u00e9ral de France \u00e0 J\u00e9rusalem) et un service d\u2019accompagnement de groupes dans le cadre de visites ou autres besoins. Langues\u00a0: &#8211; Fran\u00e7ais \u2013 anglais &#8211; Anglais \u2013 fran\u00e7ais &#8211; Arabe \u2013 fran\u00e7ais &hellip;<\/p>\n","protected":false},"author":1,"featured_media":0,"parent":0,"menu_order":0,"comment_status":"closed","ping_status":"closed","template":"","meta":{"footnotes":""},"class_list":["post-2453","page","type-page","status-publish",""],"yoast_head":"<!-- This site is optimized with the Yoast SEO plugin v27.5 - https:\/\/yoast.com\/product\/yoast-seo-wordpress\/ -->\n<title>TRADUCTION &amp; INTERPR\u00c9TARIAT - Institut Fran\u00e7ais de J\u00e9rusalem - Chateaubriand<\/title>\n<meta name=\"robots\" content=\"index, follow, max-snippet:-1, max-image-preview:large, max-video-preview:-1\" \/>\n<link rel=\"canonical\" href=\"https:\/\/www.institutfrancais-jerusalem.org\/chateaubriand\/traduction-interpretariat\/\" \/>\n<meta property=\"og:locale\" content=\"fr_FR\" \/>\n<meta property=\"og:type\" content=\"article\" \/>\n<meta property=\"og:title\" content=\"TRADUCTION &amp; INTERPR\u00c9TARIAT - Institut Fran\u00e7ais de J\u00e9rusalem - Chateaubriand\" \/>\n<meta property=\"og:description\" content=\"L\u2019Institut fran\u00e7ais de J\u00e9rusalem &#8211; antenne Chateaubriand vous propose un service de traduction pour les documents officiels d\u2019\u00e9tat civil (reconnus par le Consulat G\u00e9n\u00e9ral de France \u00e0 J\u00e9rusalem) et un service d\u2019accompagnement de groupes dans le cadre de visites ou autres besoins. Langues\u00a0: &#8211; Fran\u00e7ais \u2013 anglais &#8211; Anglais \u2013 fran\u00e7ais &#8211; Arabe \u2013 fran\u00e7ais &hellip;\" \/>\n<meta property=\"og:url\" content=\"https:\/\/www.institutfrancais-jerusalem.org\/chateaubriand\/traduction-interpretariat\/\" \/>\n<meta property=\"og:site_name\" content=\"Institut Fran\u00e7ais de J\u00e9rusalem - Chateaubriand\" \/>\n<meta property=\"article:modified_time\" content=\"2018-01-25T08:42:53+00:00\" \/>\n<meta name=\"twitter:card\" content=\"summary_large_image\" \/>\n<meta name=\"twitter:label1\" content=\"Dur\u00e9e de lecture estim\u00e9e\" \/>\n\t<meta name=\"twitter:data1\" content=\"1 minute\" \/>\n<script type=\"application\/ld+json\" class=\"yoast-schema-graph\">{\"@context\":\"https:\\\/\\\/schema.org\",\"@graph\":[{\"@type\":\"WebPage\",\"@id\":\"https:\\\/\\\/www.institutfrancais-jerusalem.org\\\/chateaubriand\\\/traduction-interpretariat\\\/\",\"url\":\"https:\\\/\\\/www.institutfrancais-jerusalem.org\\\/chateaubriand\\\/traduction-interpretariat\\\/\",\"name\":\"TRADUCTION & INTERPR\u00c9TARIAT - Institut Fran\u00e7ais de J\u00e9rusalem - Chateaubriand\",\"isPartOf\":{\"@id\":\"https:\\\/\\\/www.institutfrancais-jerusalem.org\\\/chateaubriand\\\/#website\"},\"datePublished\":\"2018-01-10T08:11:37+00:00\",\"dateModified\":\"2018-01-25T08:42:53+00:00\",\"breadcrumb\":{\"@id\":\"https:\\\/\\\/www.institutfrancais-jerusalem.org\\\/chateaubriand\\\/traduction-interpretariat\\\/#breadcrumb\"},\"inLanguage\":\"fr-FR\",\"potentialAction\":[{\"@type\":\"ReadAction\",\"target\":[\"https:\\\/\\\/www.institutfrancais-jerusalem.org\\\/chateaubriand\\\/traduction-interpretariat\\\/\"]}]},{\"@type\":\"BreadcrumbList\",\"@id\":\"https:\\\/\\\/www.institutfrancais-jerusalem.org\\\/chateaubriand\\\/traduction-interpretariat\\\/#breadcrumb\",\"itemListElement\":[{\"@type\":\"ListItem\",\"position\":1,\"name\":\"Accueil\",\"item\":\"https:\\\/\\\/www.institutfrancais-jerusalem.org\\\/chateaubriand\\\/\"},{\"@type\":\"ListItem\",\"position\":2,\"name\":\"TRADUCTION &#038; INTERPR\u00c9TARIAT\"}]},{\"@type\":\"WebSite\",\"@id\":\"https:\\\/\\\/www.institutfrancais-jerusalem.org\\\/chateaubriand\\\/#website\",\"url\":\"https:\\\/\\\/www.institutfrancais-jerusalem.org\\\/chateaubriand\\\/\",\"name\":\"Institut Fran\u00e7ais de J\u00e9rusalem - Chateaubriand\",\"description\":\"\",\"potentialAction\":[{\"@type\":\"SearchAction\",\"target\":{\"@type\":\"EntryPoint\",\"urlTemplate\":\"https:\\\/\\\/www.institutfrancais-jerusalem.org\\\/chateaubriand\\\/?s={search_term_string}\"},\"query-input\":{\"@type\":\"PropertyValueSpecification\",\"valueRequired\":true,\"valueName\":\"search_term_string\"}}],\"inLanguage\":\"fr-FR\"}]}<\/script>\n<!-- \/ Yoast SEO plugin. -->","yoast_head_json":{"title":"TRADUCTION & INTERPR\u00c9TARIAT - Institut Fran\u00e7ais de J\u00e9rusalem - Chateaubriand","robots":{"index":"index","follow":"follow","max-snippet":"max-snippet:-1","max-image-preview":"max-image-preview:large","max-video-preview":"max-video-preview:-1"},"canonical":"https:\/\/www.institutfrancais-jerusalem.org\/chateaubriand\/traduction-interpretariat\/","og_locale":"fr_FR","og_type":"article","og_title":"TRADUCTION & INTERPR\u00c9TARIAT - Institut Fran\u00e7ais de J\u00e9rusalem - Chateaubriand","og_description":"L\u2019Institut fran\u00e7ais de J\u00e9rusalem &#8211; antenne Chateaubriand vous propose un service de traduction pour les documents officiels d\u2019\u00e9tat civil (reconnus par le Consulat G\u00e9n\u00e9ral de France \u00e0 J\u00e9rusalem) et un service d\u2019accompagnement de groupes dans le cadre de visites ou autres besoins. Langues\u00a0: &#8211; Fran\u00e7ais \u2013 anglais &#8211; Anglais \u2013 fran\u00e7ais &#8211; Arabe \u2013 fran\u00e7ais &hellip;","og_url":"https:\/\/www.institutfrancais-jerusalem.org\/chateaubriand\/traduction-interpretariat\/","og_site_name":"Institut Fran\u00e7ais de J\u00e9rusalem - Chateaubriand","article_modified_time":"2018-01-25T08:42:53+00:00","twitter_card":"summary_large_image","twitter_misc":{"Dur\u00e9e de lecture estim\u00e9e":"1 minute"},"schema":{"@context":"https:\/\/schema.org","@graph":[{"@type":"WebPage","@id":"https:\/\/www.institutfrancais-jerusalem.org\/chateaubriand\/traduction-interpretariat\/","url":"https:\/\/www.institutfrancais-jerusalem.org\/chateaubriand\/traduction-interpretariat\/","name":"TRADUCTION & INTERPR\u00c9TARIAT - Institut Fran\u00e7ais de J\u00e9rusalem - Chateaubriand","isPartOf":{"@id":"https:\/\/www.institutfrancais-jerusalem.org\/chateaubriand\/#website"},"datePublished":"2018-01-10T08:11:37+00:00","dateModified":"2018-01-25T08:42:53+00:00","breadcrumb":{"@id":"https:\/\/www.institutfrancais-jerusalem.org\/chateaubriand\/traduction-interpretariat\/#breadcrumb"},"inLanguage":"fr-FR","potentialAction":[{"@type":"ReadAction","target":["https:\/\/www.institutfrancais-jerusalem.org\/chateaubriand\/traduction-interpretariat\/"]}]},{"@type":"BreadcrumbList","@id":"https:\/\/www.institutfrancais-jerusalem.org\/chateaubriand\/traduction-interpretariat\/#breadcrumb","itemListElement":[{"@type":"ListItem","position":1,"name":"Accueil","item":"https:\/\/www.institutfrancais-jerusalem.org\/chateaubriand\/"},{"@type":"ListItem","position":2,"name":"TRADUCTION &#038; INTERPR\u00c9TARIAT"}]},{"@type":"WebSite","@id":"https:\/\/www.institutfrancais-jerusalem.org\/chateaubriand\/#website","url":"https:\/\/www.institutfrancais-jerusalem.org\/chateaubriand\/","name":"Institut Fran\u00e7ais de J\u00e9rusalem - Chateaubriand","description":"","potentialAction":[{"@type":"SearchAction","target":{"@type":"EntryPoint","urlTemplate":"https:\/\/www.institutfrancais-jerusalem.org\/chateaubriand\/?s={search_term_string}"},"query-input":{"@type":"PropertyValueSpecification","valueRequired":true,"valueName":"search_term_string"}}],"inLanguage":"fr-FR"}]}},"_links":{"self":[{"href":"https:\/\/www.institutfrancais-jerusalem.org\/chateaubriand\/wp-json\/wp\/v2\/pages\/2453","targetHints":{"allow":["GET"]}}],"collection":[{"href":"https:\/\/www.institutfrancais-jerusalem.org\/chateaubriand\/wp-json\/wp\/v2\/pages"}],"about":[{"href":"https:\/\/www.institutfrancais-jerusalem.org\/chateaubriand\/wp-json\/wp\/v2\/types\/page"}],"author":[{"embeddable":true,"href":"https:\/\/www.institutfrancais-jerusalem.org\/chateaubriand\/wp-json\/wp\/v2\/users\/1"}],"replies":[{"embeddable":true,"href":"https:\/\/www.institutfrancais-jerusalem.org\/chateaubriand\/wp-json\/wp\/v2\/comments?post=2453"}],"version-history":[{"count":4,"href":"https:\/\/www.institutfrancais-jerusalem.org\/chateaubriand\/wp-json\/wp\/v2\/pages\/2453\/revisions"}],"predecessor-version":[{"id":2505,"href":"https:\/\/www.institutfrancais-jerusalem.org\/chateaubriand\/wp-json\/wp\/v2\/pages\/2453\/revisions\/2505"}],"wp:attachment":[{"href":"https:\/\/www.institutfrancais-jerusalem.org\/chateaubriand\/wp-json\/wp\/v2\/media?parent=2453"}],"curies":[{"name":"wp","href":"https:\/\/api.w.org\/{rel}","templated":true}]}}