{"id":2047,"date":"2017-08-07T22:20:16","date_gmt":"2017-08-07T20:20:16","guid":{"rendered":"http:\/\/www.institutfrancais-jerusalem.org\/institutuus-2\/?page_id=2047"},"modified":"2021-01-04T13:44:49","modified_gmt":"2021-01-04T12:44:49","slug":"etudier-en-france","status":"publish","type":"page","link":"https:\/\/www.institutfrancais-jerusalem.org\/chateaubriand\/etudier-en-france\/","title":{"rendered":"ETUDIER EN FRANCE"},"content":{"rendered":"<p class=\"p1\">4<span class=\"s1\"><sup>e<\/sup><\/span> pays d\u2019accueil des \u00e9tudiants \u00e9trangers, 3<span class=\"s1\"><sup>e<\/sup><\/span> pays le plus innovant au monde, la France s\u2019appuie sur un r\u00e9seau d\u2019universit\u00e9s publiques, de grandes \u00e9coles et d\u2019\u00e9tablissements priv\u00e9s de renomm\u00e9e internationale.<\/p>\n<p class=\"p1\">Choisir d\u2019\u00e9tudier en France, c\u2019est acc\u00e9der \u00e0 des formations de qualit\u00e9 et accessibles au plus grand nombre. <b>Les droits d\u2019inscription dans les \u00e9tablissements publics d\u2019enseignement sup\u00e9rieur fran\u00e7ais sont faibles<\/b> car l\u2019\u00c9tat prend en charge une partie du co\u00fbt de ces formations dispens\u00e9es dans les \u00e9tablissements publics. Le co\u00fbt r\u00e9el des \u00e9tudes y est le m\u00eame qu\u2019ailleurs dans le monde, soit environ 10\u00a0000\u00a0\u20ac par an. La diff\u00e9rence est qu\u2019en France, l\u2019\u00c9tat en assume une grande part.<\/p>\n<p class=\"p1\">Si vous souhaitez des informations sur l\u2019enseignement sup\u00e9rieur fran\u00e7ais et les modalit\u00e9s d\u2019admission dans les \u00e9tablissements, rendez-vous sur le <a href=\"https:\/\/www.campusfrance.org\/fr\"><span class=\"s2\">site Campus France<\/span><\/a> et la <a href=\"https:\/\/www.facebook.com\/campusfrancejerusalem\/\"><span class=\"s2\">page Facebook Campus France J\u00e9rusalem<\/span><\/a><\/p>\n<h3><strong>T\u00e9moignages d&rsquo;\u00e9tudiant\u2022e\u2022s<\/strong><\/h3>\n<p><iframe loading=\"lazy\" src=\"https:\/\/www.youtube.com\/embed\/_-riYKD7svI\" width=\"560\" height=\"315\" frameborder=\"0\" allowfullscreen=\"allowfullscreen\" data-mce-fragment=\"1\"><\/iframe><\/p>\n<p><em>Maisara Mukhaimar, Alumni palestinien \u00e0 Paris<\/em><\/p>\n<p><iframe loading=\"lazy\" src=\"https:\/\/www.youtube.com\/embed\/XkfsKZKi_rk\" width=\"560\" height=\"315\" frameborder=\"0\" allowfullscreen=\"allowfullscreen\" data-mce-fragment=\"1\"><\/iframe><\/p>\n<p><em>Waleed Abu Dbaa, Alumni palestinien \u00e0 Lille\u00a0<\/em><\/p>\n<p><iframe loading=\"lazy\" src=\"https:\/\/www.youtube.com\/embed\/f2h0T0vGkjI\" width=\"560\" height=\"315\" frameborder=\"0\" allowfullscreen=\"allowfullscreen\" data-mce-fragment=\"1\"><\/iframe><\/p>\n<p class=\"title style-scope ytd-video-primary-info-renderer\"><em>Nour, \u00e9tudiante palestinienne \u00e0 Paris<\/em><\/p>\n<p><iframe loading=\"lazy\" src=\"https:\/\/www.youtube.com\/embed\/OwBwfMzdqX8\" width=\"560\" height=\"315\" frameborder=\"0\" allowfullscreen=\"allowfullscreen\" data-mce-fragment=\"1\"><\/iframe><\/p>\n<p class=\"title style-scope ytd-video-primary-info-renderer\"><em>Ahlam, \u00e9tudiante palestinienne \u00e0 Cergy<\/em><\/p>\n<h3 class=\"p1\"><b>Pourquoi \u00e9tudier en France<\/b><\/h3>\n<h6 class=\"p1\"><b>UN ENSEIGNEMENT SUP\u00c9RIEUR D\u2019EXCELLENCE ADAPT\u00c9 \u00c0 TOUS LES BESOINS<\/b><\/h6>\n<p class=\"p1\">Le syst\u00e8me d\u2019enseignement sup\u00e9rieur fran\u00e7ais s\u2019appuie sur un r\u00e9seau de 3\u00a0500 \u00e9tablissements publics et priv\u00e9s pr\u00e9sents sur l\u2019ensemble du territoire fran\u00e7ais.<\/p>\n<h6 class=\"p1\"><b>DES FORMATIONS FINANC\u00c9ES ET GARANTIES PAR L\u2019\u00c9TAT<\/b><\/h6>\n<p class=\"p1\">La France finance une part tr\u00e8s importante du co\u00fbt r\u00e9el des \u00e9tudes de chaque \u00e9tudiant (de 10 000 \u20ac \u00e0 15 000 \u20ac par \u00e9tudiant par an).<\/p>\n<h6 class=\"p1\"><b>UN LARGE CHOIX DE PROGRAMMES EN ANGLAIS<\/b><\/h6>\n<p class=\"p1\">Plus de 1 600 formations en anglais \u00e0 retrouver sur <a href=\"http:\/\/taughtie.campusfrance.org\"><span class=\"s1\">taughtie.campusfrance.org<\/span><\/a><\/p>\n<h6 class=\"p1\"><b>FORMATIONS \u00c0 DISTANCE ET EN FRANCE<\/b><\/h6>\n<p class=\"p1\">Pr\u00e8s de 700 formations dipl\u00f4mantes \u00e0 distance et en pr\u00e9sentiel \u00e0 retrouver sur <a href=\"https:\/\/foad.campusfrance.org\"><span class=\"s1\">foad.campusfrance.org<\/span><\/a><\/p>\n<h6 class=\"p1\"><b>UN LABEL \u00ab BIENVENUE EN FRANCE \u00bb, GARANT DE LA QUALIT\u00c9 DE L\u2019ACCUEIL DES \u00c9TUDIANTS INTERNATIONAUX<\/b><\/h6>\n<p class=\"p1\">Le Label \u00ab Bienvenue en France \u00bb distingue les \u00e9tablissements qui d\u00e9veloppent des services sp\u00e9cifiques d\u2019accueil.<\/p>\n<h6 class=\"p1\"><b>UNE DESTINATION ATTRACTIVE POUR LES \u00c9TUDIANTS INTERNATIONAUX<\/b><\/h6>\n<p class=\"p1\">La France fait partie des 5 premiers pays d\u2019accueil au monde des \u00e9tudiants internationaux. C\u2019est le premier pays francophone. 42% des doctorants inscrits en France sont des \u00e9tudiants internationaux.<\/p>\n<h6 class=\"p1\"><b>UN CADRE DE VIE EXCEPTIONNEL AU COEUR DE L\u2019EUROPE<\/b><\/h6>\n<p class=\"p1\">Situ\u00e9e au c\u0153ur de l\u2019Europe, la France est la 1<span class=\"s2\"><sup>re<\/sup><\/span> destination touristique mondiale en nombre de visiteurs \u00e9trangers (OMT, 2018).<\/p>\n<h6 class=\"p1\"><b>LE FRAN\u00c7AIS, UNE LANGUE INTERNATIONALE<\/b><\/h6>\n<p class=\"p1\">5<span class=\"s2\"><sup>e<\/sup><\/span> langue la plus parl\u00e9e avec 300 millions de locuteurs, le fran\u00e7ais est, apr\u00e8s l\u2019anglais, la langue la plus apprise au monde. Le fran\u00e7ais est la 3<span class=\"s2\"><sup>e<\/sup><\/span> langue des affaires et la 2<span class=\"s2\"><sup>e<\/sup><\/span> langue d\u2019information internationale (OIF, 2018).<\/p>\n<h6 class=\"p1\"><b>UN ART DE VIVRE \u00ab \u00c0 LA FRAN\u00c7AISE \u00bb<\/b><\/h6>\n<p class=\"p1\">Plus de 40 000 monuments et sites prot\u00e9g\u00e9s, 41 sites culturels class\u00e9s au Patrimoine mondial de l\u2019Unesco, 8 000 mus\u00e9es, 2 000 cin\u00e9mas et pr\u00e8s de 500 festivals.<\/p>\n<h6 class=\"p1\"><b>UNE PUISSANCE \u00c9CONOMIQUE DE RANG MONDIAL<\/b><\/h6>\n<p class=\"p1\">La France, puissance \u00e9conomique mondiale, est la 2<span class=\"s2\"><sup>e<\/sup><\/span> puissance europ\u00e9enne en mati\u00e8re de PIB (Eurostat 2018).<\/p>\n<p class=\"p1\">Vous souhaitez poursuivre vos \u00e9tudes en France ?<\/p>\n<p class=\"p3\"><span class=\"s3\">Contactez-nous \u00e0 cette adresse : <a href=\"mailto:universitaire@consulfrance-jerusalem.org\"><span class=\"s1\">universitaire@consulfrance-jerusalem.org<\/span><\/a> ou via la messagerie priv\u00e9e de la <\/span><a href=\"https:\/\/www.facebook.com\/campusfrancejerusalem\/\"><span class=\"s4\">page Facebook Campus France J\u00e9rusalem.<\/span><\/a><\/p>\n","protected":false},"excerpt":{"rendered":"<p>4e pays d\u2019accueil des \u00e9tudiants \u00e9trangers, 3e pays le plus innovant au monde, la France s\u2019appuie sur un r\u00e9seau d\u2019universit\u00e9s publiques, de grandes \u00e9coles et d\u2019\u00e9tablissements priv\u00e9s de renomm\u00e9e internationale. Choisir d\u2019\u00e9tudier en France, c\u2019est acc\u00e9der \u00e0 des formations de qualit\u00e9 et accessibles au plus grand nombre. Les droits d\u2019inscription dans les \u00e9tablissements publics d\u2019enseignement &hellip;<\/p>\n","protected":false},"author":1,"featured_media":5178,"parent":0,"menu_order":0,"comment_status":"closed","ping_status":"closed","template":"","meta":{"footnotes":""},"class_list":["post-2047","page","type-page","status-publish","has-post-thumbnail",""],"yoast_head":"<!-- This site is optimized with the Yoast SEO plugin v27.5 - https:\/\/yoast.com\/product\/yoast-seo-wordpress\/ -->\n<title>ETUDIER EN FRANCE - Institut Fran\u00e7ais de J\u00e9rusalem - Chateaubriand<\/title>\n<meta name=\"description\" content=\"4e pays d\u2019accueil des \u00e9tudiants \u00e9trangers, 3e pays le plus innovant au monde, la France s\u2019appuie sur un r\u00e9seau d\u2019universit\u00e9s publiques, de grandes \u00e9coles et d\u2019\u00e9tablissements priv\u00e9s de renomm\u00e9e internationale.\" \/>\n<meta name=\"robots\" content=\"index, follow, max-snippet:-1, max-image-preview:large, max-video-preview:-1\" \/>\n<link rel=\"canonical\" href=\"https:\/\/www.institutfrancais-jerusalem.org\/chateaubriand\/etudier-en-france\/\" \/>\n<meta property=\"og:locale\" content=\"fr_FR\" \/>\n<meta property=\"og:type\" content=\"article\" \/>\n<meta property=\"og:title\" content=\"ETUDIER EN FRANCE - Institut Fran\u00e7ais de J\u00e9rusalem - Chateaubriand\" \/>\n<meta property=\"og:description\" content=\"4e pays d\u2019accueil des \u00e9tudiants \u00e9trangers, 3e pays le plus innovant au monde, la France s\u2019appuie sur un r\u00e9seau d\u2019universit\u00e9s publiques, de grandes \u00e9coles et d\u2019\u00e9tablissements priv\u00e9s de renomm\u00e9e internationale.\" \/>\n<meta property=\"og:url\" content=\"https:\/\/www.institutfrancais-jerusalem.org\/chateaubriand\/etudier-en-france\/\" \/>\n<meta property=\"og:site_name\" content=\"Institut Fran\u00e7ais de J\u00e9rusalem - Chateaubriand\" \/>\n<meta property=\"article:modified_time\" content=\"2021-01-04T12:44:49+00:00\" \/>\n<meta property=\"og:image\" content=\"https:\/\/www.institutfrancais-jerusalem.org\/chateaubriand\/wp-content\/uploads\/sites\/12\/2021\/01\/Campus-France-Photo-Alumni-1-scaled.jpg\" \/>\n\t<meta property=\"og:image:width\" content=\"2560\" \/>\n\t<meta property=\"og:image:height\" content=\"1344\" \/>\n\t<meta property=\"og:image:type\" content=\"image\/jpeg\" \/>\n<meta name=\"twitter:card\" content=\"summary_large_image\" \/>\n<meta name=\"twitter:label1\" content=\"Dur\u00e9e de lecture estim\u00e9e\" \/>\n\t<meta name=\"twitter:data1\" content=\"3 minutes\" \/>\n<script type=\"application\/ld+json\" class=\"yoast-schema-graph\">{\"@context\":\"https:\\\/\\\/schema.org\",\"@graph\":[{\"@type\":\"WebPage\",\"@id\":\"https:\\\/\\\/www.institutfrancais-jerusalem.org\\\/chateaubriand\\\/etudier-en-france\\\/\",\"url\":\"https:\\\/\\\/www.institutfrancais-jerusalem.org\\\/chateaubriand\\\/etudier-en-france\\\/\",\"name\":\"ETUDIER EN FRANCE - Institut Fran\u00e7ais de J\u00e9rusalem - Chateaubriand\",\"isPartOf\":{\"@id\":\"https:\\\/\\\/www.institutfrancais-jerusalem.org\\\/chateaubriand\\\/#website\"},\"primaryImageOfPage\":{\"@id\":\"https:\\\/\\\/www.institutfrancais-jerusalem.org\\\/chateaubriand\\\/etudier-en-france\\\/#primaryimage\"},\"image\":{\"@id\":\"https:\\\/\\\/www.institutfrancais-jerusalem.org\\\/chateaubriand\\\/etudier-en-france\\\/#primaryimage\"},\"thumbnailUrl\":\"https:\\\/\\\/www.institutfrancais-jerusalem.org\\\/chateaubriand\\\/wp-content\\\/uploads\\\/sites\\\/12\\\/2021\\\/01\\\/Campus-France-Photo-Alumni-1-scaled.jpg\",\"datePublished\":\"2017-08-07T20:20:16+00:00\",\"dateModified\":\"2021-01-04T12:44:49+00:00\",\"description\":\"4e pays d\u2019accueil des \u00e9tudiants \u00e9trangers, 3e pays le plus innovant au monde, la France s\u2019appuie sur un r\u00e9seau d\u2019universit\u00e9s publiques, de grandes \u00e9coles et d\u2019\u00e9tablissements priv\u00e9s de renomm\u00e9e internationale.\",\"breadcrumb\":{\"@id\":\"https:\\\/\\\/www.institutfrancais-jerusalem.org\\\/chateaubriand\\\/etudier-en-france\\\/#breadcrumb\"},\"inLanguage\":\"fr-FR\",\"potentialAction\":[{\"@type\":\"ReadAction\",\"target\":[\"https:\\\/\\\/www.institutfrancais-jerusalem.org\\\/chateaubriand\\\/etudier-en-france\\\/\"]}]},{\"@type\":\"ImageObject\",\"inLanguage\":\"fr-FR\",\"@id\":\"https:\\\/\\\/www.institutfrancais-jerusalem.org\\\/chateaubriand\\\/etudier-en-france\\\/#primaryimage\",\"url\":\"https:\\\/\\\/www.institutfrancais-jerusalem.org\\\/chateaubriand\\\/wp-content\\\/uploads\\\/sites\\\/12\\\/2021\\\/01\\\/Campus-France-Photo-Alumni-1-scaled.jpg\",\"contentUrl\":\"https:\\\/\\\/www.institutfrancais-jerusalem.org\\\/chateaubriand\\\/wp-content\\\/uploads\\\/sites\\\/12\\\/2021\\\/01\\\/Campus-France-Photo-Alumni-1-scaled.jpg\",\"width\":2560,\"height\":1344},{\"@type\":\"BreadcrumbList\",\"@id\":\"https:\\\/\\\/www.institutfrancais-jerusalem.org\\\/chateaubriand\\\/etudier-en-france\\\/#breadcrumb\",\"itemListElement\":[{\"@type\":\"ListItem\",\"position\":1,\"name\":\"Accueil\",\"item\":\"https:\\\/\\\/www.institutfrancais-jerusalem.org\\\/chateaubriand\\\/\"},{\"@type\":\"ListItem\",\"position\":2,\"name\":\"ETUDIER EN FRANCE\"}]},{\"@type\":\"WebSite\",\"@id\":\"https:\\\/\\\/www.institutfrancais-jerusalem.org\\\/chateaubriand\\\/#website\",\"url\":\"https:\\\/\\\/www.institutfrancais-jerusalem.org\\\/chateaubriand\\\/\",\"name\":\"Institut Fran\u00e7ais de J\u00e9rusalem - Chateaubriand\",\"description\":\"\",\"potentialAction\":[{\"@type\":\"SearchAction\",\"target\":{\"@type\":\"EntryPoint\",\"urlTemplate\":\"https:\\\/\\\/www.institutfrancais-jerusalem.org\\\/chateaubriand\\\/?s={search_term_string}\"},\"query-input\":{\"@type\":\"PropertyValueSpecification\",\"valueRequired\":true,\"valueName\":\"search_term_string\"}}],\"inLanguage\":\"fr-FR\"}]}<\/script>\n<!-- \/ Yoast SEO plugin. -->","yoast_head_json":{"title":"ETUDIER EN FRANCE - Institut Fran\u00e7ais de J\u00e9rusalem - Chateaubriand","description":"4e pays d\u2019accueil des \u00e9tudiants \u00e9trangers, 3e pays le plus innovant au monde, la France s\u2019appuie sur un r\u00e9seau d\u2019universit\u00e9s publiques, de grandes \u00e9coles et d\u2019\u00e9tablissements priv\u00e9s de renomm\u00e9e internationale.","robots":{"index":"index","follow":"follow","max-snippet":"max-snippet:-1","max-image-preview":"max-image-preview:large","max-video-preview":"max-video-preview:-1"},"canonical":"https:\/\/www.institutfrancais-jerusalem.org\/chateaubriand\/etudier-en-france\/","og_locale":"fr_FR","og_type":"article","og_title":"ETUDIER EN FRANCE - Institut Fran\u00e7ais de J\u00e9rusalem - Chateaubriand","og_description":"4e pays d\u2019accueil des \u00e9tudiants \u00e9trangers, 3e pays le plus innovant au monde, la France s\u2019appuie sur un r\u00e9seau d\u2019universit\u00e9s publiques, de grandes \u00e9coles et d\u2019\u00e9tablissements priv\u00e9s de renomm\u00e9e internationale.","og_url":"https:\/\/www.institutfrancais-jerusalem.org\/chateaubriand\/etudier-en-france\/","og_site_name":"Institut Fran\u00e7ais de J\u00e9rusalem - Chateaubriand","article_modified_time":"2021-01-04T12:44:49+00:00","og_image":[{"width":2560,"height":1344,"url":"https:\/\/www.institutfrancais-jerusalem.org\/chateaubriand\/wp-content\/uploads\/sites\/12\/2021\/01\/Campus-France-Photo-Alumni-1-scaled.jpg","type":"image\/jpeg"}],"twitter_card":"summary_large_image","twitter_misc":{"Dur\u00e9e de lecture estim\u00e9e":"3 minutes"},"schema":{"@context":"https:\/\/schema.org","@graph":[{"@type":"WebPage","@id":"https:\/\/www.institutfrancais-jerusalem.org\/chateaubriand\/etudier-en-france\/","url":"https:\/\/www.institutfrancais-jerusalem.org\/chateaubriand\/etudier-en-france\/","name":"ETUDIER EN FRANCE - Institut Fran\u00e7ais de J\u00e9rusalem - Chateaubriand","isPartOf":{"@id":"https:\/\/www.institutfrancais-jerusalem.org\/chateaubriand\/#website"},"primaryImageOfPage":{"@id":"https:\/\/www.institutfrancais-jerusalem.org\/chateaubriand\/etudier-en-france\/#primaryimage"},"image":{"@id":"https:\/\/www.institutfrancais-jerusalem.org\/chateaubriand\/etudier-en-france\/#primaryimage"},"thumbnailUrl":"https:\/\/www.institutfrancais-jerusalem.org\/chateaubriand\/wp-content\/uploads\/sites\/12\/2021\/01\/Campus-France-Photo-Alumni-1-scaled.jpg","datePublished":"2017-08-07T20:20:16+00:00","dateModified":"2021-01-04T12:44:49+00:00","description":"4e pays d\u2019accueil des \u00e9tudiants \u00e9trangers, 3e pays le plus innovant au monde, la France s\u2019appuie sur un r\u00e9seau d\u2019universit\u00e9s publiques, de grandes \u00e9coles et d\u2019\u00e9tablissements priv\u00e9s de renomm\u00e9e internationale.","breadcrumb":{"@id":"https:\/\/www.institutfrancais-jerusalem.org\/chateaubriand\/etudier-en-france\/#breadcrumb"},"inLanguage":"fr-FR","potentialAction":[{"@type":"ReadAction","target":["https:\/\/www.institutfrancais-jerusalem.org\/chateaubriand\/etudier-en-france\/"]}]},{"@type":"ImageObject","inLanguage":"fr-FR","@id":"https:\/\/www.institutfrancais-jerusalem.org\/chateaubriand\/etudier-en-france\/#primaryimage","url":"https:\/\/www.institutfrancais-jerusalem.org\/chateaubriand\/wp-content\/uploads\/sites\/12\/2021\/01\/Campus-France-Photo-Alumni-1-scaled.jpg","contentUrl":"https:\/\/www.institutfrancais-jerusalem.org\/chateaubriand\/wp-content\/uploads\/sites\/12\/2021\/01\/Campus-France-Photo-Alumni-1-scaled.jpg","width":2560,"height":1344},{"@type":"BreadcrumbList","@id":"https:\/\/www.institutfrancais-jerusalem.org\/chateaubriand\/etudier-en-france\/#breadcrumb","itemListElement":[{"@type":"ListItem","position":1,"name":"Accueil","item":"https:\/\/www.institutfrancais-jerusalem.org\/chateaubriand\/"},{"@type":"ListItem","position":2,"name":"ETUDIER EN FRANCE"}]},{"@type":"WebSite","@id":"https:\/\/www.institutfrancais-jerusalem.org\/chateaubriand\/#website","url":"https:\/\/www.institutfrancais-jerusalem.org\/chateaubriand\/","name":"Institut Fran\u00e7ais de J\u00e9rusalem - Chateaubriand","description":"","potentialAction":[{"@type":"SearchAction","target":{"@type":"EntryPoint","urlTemplate":"https:\/\/www.institutfrancais-jerusalem.org\/chateaubriand\/?s={search_term_string}"},"query-input":{"@type":"PropertyValueSpecification","valueRequired":true,"valueName":"search_term_string"}}],"inLanguage":"fr-FR"}]}},"_links":{"self":[{"href":"https:\/\/www.institutfrancais-jerusalem.org\/chateaubriand\/wp-json\/wp\/v2\/pages\/2047","targetHints":{"allow":["GET"]}}],"collection":[{"href":"https:\/\/www.institutfrancais-jerusalem.org\/chateaubriand\/wp-json\/wp\/v2\/pages"}],"about":[{"href":"https:\/\/www.institutfrancais-jerusalem.org\/chateaubriand\/wp-json\/wp\/v2\/types\/page"}],"author":[{"embeddable":true,"href":"https:\/\/www.institutfrancais-jerusalem.org\/chateaubriand\/wp-json\/wp\/v2\/users\/1"}],"replies":[{"embeddable":true,"href":"https:\/\/www.institutfrancais-jerusalem.org\/chateaubriand\/wp-json\/wp\/v2\/comments?post=2047"}],"version-history":[{"count":5,"href":"https:\/\/www.institutfrancais-jerusalem.org\/chateaubriand\/wp-json\/wp\/v2\/pages\/2047\/revisions"}],"predecessor-version":[{"id":5180,"href":"https:\/\/www.institutfrancais-jerusalem.org\/chateaubriand\/wp-json\/wp\/v2\/pages\/2047\/revisions\/5180"}],"wp:featuredmedia":[{"embeddable":true,"href":"https:\/\/www.institutfrancais-jerusalem.org\/chateaubriand\/wp-json\/wp\/v2\/media\/5178"}],"wp:attachment":[{"href":"https:\/\/www.institutfrancais-jerusalem.org\/chateaubriand\/wp-json\/wp\/v2\/media?parent=2047"}],"curies":[{"name":"wp","href":"https:\/\/api.w.org\/{rel}","templated":true}]}}