{"id":1559,"date":"2017-08-07T19:53:54","date_gmt":"2017-08-07T17:53:54","guid":{"rendered":"http:\/\/ifjerusalem-romaingary.org\/?page_id=1559"},"modified":"2025-02-21T09:57:37","modified_gmt":"2025-02-21T08:57:37","slug":"cours-enfants","status":"publish","type":"page","link":"https:\/\/www.institutfrancais-jerusalem.org\/chateaubriand\/cours-de-francais\/cours-enfants\/","title":{"rendered":"COURS ENFANTS"},"content":{"rendered":"<p>A playful and interactive approach to learn French is offered in the branches of the French Institute of Jerusalem during class sessions during the school year. We also offer holiday schools that mix learning French and activities: games, manual activities, workshops.<\/p>\n<ul>\n<li>French classes for children in small groups at the Institute: groups are according to the age and level of the students.<\/li>\n<li>Private French lessons (online or at the Institute).<\/li>\n<\/ul>\n<h6 class=\"p1\">More information: <a href=\"mailto:cours-chateaubriand@consulfrance-jerusalem.org\">cours-chateaubriand@consulfrance-jerusalem.org<\/a> \/ \u00a0+972 26 28 24 51 \/ +972\u00a050 47\u00a0055 42<\/h6>\n<p class=\"p1\">Une approche ludique et interactive de l\u2019apprentissage du fran\u00e7ais est propos\u00e9e dans les antennes de l\u2019Institut fran\u00e7ais de J\u00e9rusalem lors de sessions de cours durant l\u2019ann\u00e9e scolaire. Nous proposons aussi des \u00e9coles de vacances qui m\u00e9langent apprentissage du fran\u00e7ais et activit\u00e9s\u00a0: jeux, activit\u00e9s manuelles, ateliers.<b><span class=\"Apple-converted-space\"><br \/>\n<\/span><\/b><\/p>\n<ul class=\"ul1\">\n<li>Cours de fran\u00e7ais pour enfants en petits groupes en pr\u00e9sentiel : les groupes sont constitu\u00e9s en fonction de l&rsquo;\u00e2ge et du niveau des participants.<\/li>\n<li>Cours particuliers de fran\u00e7ais (en ligne ou en pr\u00e9sentiel).<\/li>\n<\/ul>\n<h6 class=\"p4\">Plus d\u2019informations\u00a0: <a href=\"mailto:cours-chateaubriand@consulfrance-jerusalem.org\"><span class=\"s1\">cours-chateaubriand@consulfrance-jerusalem.org<\/span><\/a> \/ +972 26 28 24 51 \/ +972\u00a050 47\u00a0055 42<\/h6>\n","protected":false},"excerpt":{"rendered":"<p>A playful and interactive approach to learn French is offered in the branches of the French Institute of Jerusalem during class sessions during the school year. We also offer holiday schools that mix learning French and activities: games, manual activities, workshops. French classes for children in small groups at the Institute: groups are according to &hellip;<\/p>\n","protected":false},"author":1,"featured_media":5698,"parent":1326,"menu_order":0,"comment_status":"closed","ping_status":"closed","template":"","meta":{"footnotes":""},"class_list":["post-1559","page","type-page","status-publish","has-post-thumbnail",""],"yoast_head":"<!-- This site is optimized with the Yoast SEO plugin v27.6 - https:\/\/yoast.com\/product\/yoast-seo-wordpress\/ -->\n<title>COURS ENFANTS - Institut Fran\u00e7ais de J\u00e9rusalem - Chateaubriand<\/title>\n<meta name=\"robots\" content=\"index, follow, max-snippet:-1, max-image-preview:large, max-video-preview:-1\" \/>\n<link rel=\"canonical\" href=\"https:\/\/www.institutfrancais-jerusalem.org\/chateaubriand\/cours-de-francais\/cours-enfants\/\" \/>\n<meta property=\"og:locale\" content=\"fr_FR\" \/>\n<meta property=\"og:type\" content=\"article\" \/>\n<meta property=\"og:title\" content=\"COURS ENFANTS - Institut Fran\u00e7ais de J\u00e9rusalem - Chateaubriand\" \/>\n<meta property=\"og:description\" content=\"A playful and interactive approach to learn French is offered in the branches of the French Institute of Jerusalem during class sessions during the school year. We also offer holiday schools that mix learning French and activities: games, manual activities, workshops. French classes for children in small groups at the Institute: groups are according to &hellip;\" \/>\n<meta property=\"og:url\" content=\"https:\/\/www.institutfrancais-jerusalem.org\/chateaubriand\/cours-de-francais\/cours-enfants\/\" \/>\n<meta property=\"og:site_name\" content=\"Institut Fran\u00e7ais de J\u00e9rusalem - Chateaubriand\" \/>\n<meta property=\"article:modified_time\" content=\"2025-02-21T08:57:37+00:00\" \/>\n<meta property=\"og:image\" content=\"https:\/\/www.institutfrancais-jerusalem.org\/chateaubriand\/wp-content\/uploads\/sites\/12\/2022\/02\/Cours-enfants-Chateaubriand.png\" \/>\n\t<meta property=\"og:image:width\" content=\"857\" \/>\n\t<meta property=\"og:image:height\" content=\"559\" \/>\n\t<meta property=\"og:image:type\" content=\"image\/png\" \/>\n<meta name=\"twitter:card\" content=\"summary_large_image\" \/>\n<meta name=\"twitter:label1\" content=\"Dur\u00e9e de lecture estim\u00e9e\" \/>\n\t<meta name=\"twitter:data1\" content=\"2 minutes\" \/>\n<script type=\"application\/ld+json\" class=\"yoast-schema-graph\">{\"@context\":\"https:\\\/\\\/schema.org\",\"@graph\":[{\"@type\":\"WebPage\",\"@id\":\"https:\\\/\\\/www.institutfrancais-jerusalem.org\\\/chateaubriand\\\/cours-de-francais\\\/cours-enfants\\\/\",\"url\":\"https:\\\/\\\/www.institutfrancais-jerusalem.org\\\/chateaubriand\\\/cours-de-francais\\\/cours-enfants\\\/\",\"name\":\"COURS ENFANTS - Institut Fran\u00e7ais de J\u00e9rusalem - Chateaubriand\",\"isPartOf\":{\"@id\":\"https:\\\/\\\/www.institutfrancais-jerusalem.org\\\/chateaubriand\\\/#website\"},\"primaryImageOfPage\":{\"@id\":\"https:\\\/\\\/www.institutfrancais-jerusalem.org\\\/chateaubriand\\\/cours-de-francais\\\/cours-enfants\\\/#primaryimage\"},\"image\":{\"@id\":\"https:\\\/\\\/www.institutfrancais-jerusalem.org\\\/chateaubriand\\\/cours-de-francais\\\/cours-enfants\\\/#primaryimage\"},\"thumbnailUrl\":\"https:\\\/\\\/www.institutfrancais-jerusalem.org\\\/chateaubriand\\\/wp-content\\\/uploads\\\/sites\\\/12\\\/2022\\\/02\\\/Cours-enfants-Chateaubriand.png\",\"datePublished\":\"2017-08-07T17:53:54+00:00\",\"dateModified\":\"2025-02-21T08:57:37+00:00\",\"breadcrumb\":{\"@id\":\"https:\\\/\\\/www.institutfrancais-jerusalem.org\\\/chateaubriand\\\/cours-de-francais\\\/cours-enfants\\\/#breadcrumb\"},\"inLanguage\":\"fr-FR\",\"potentialAction\":[{\"@type\":\"ReadAction\",\"target\":[\"https:\\\/\\\/www.institutfrancais-jerusalem.org\\\/chateaubriand\\\/cours-de-francais\\\/cours-enfants\\\/\"]}]},{\"@type\":\"ImageObject\",\"inLanguage\":\"fr-FR\",\"@id\":\"https:\\\/\\\/www.institutfrancais-jerusalem.org\\\/chateaubriand\\\/cours-de-francais\\\/cours-enfants\\\/#primaryimage\",\"url\":\"https:\\\/\\\/www.institutfrancais-jerusalem.org\\\/chateaubriand\\\/wp-content\\\/uploads\\\/sites\\\/12\\\/2022\\\/02\\\/Cours-enfants-Chateaubriand.png\",\"contentUrl\":\"https:\\\/\\\/www.institutfrancais-jerusalem.org\\\/chateaubriand\\\/wp-content\\\/uploads\\\/sites\\\/12\\\/2022\\\/02\\\/Cours-enfants-Chateaubriand.png\",\"width\":857,\"height\":559},{\"@type\":\"BreadcrumbList\",\"@id\":\"https:\\\/\\\/www.institutfrancais-jerusalem.org\\\/chateaubriand\\\/cours-de-francais\\\/cours-enfants\\\/#breadcrumb\",\"itemListElement\":[{\"@type\":\"ListItem\",\"position\":1,\"name\":\"Accueil\",\"item\":\"https:\\\/\\\/www.institutfrancais-jerusalem.org\\\/chateaubriand\\\/\"},{\"@type\":\"ListItem\",\"position\":2,\"name\":\"NOS COURS\",\"item\":\"https:\\\/\\\/www.institutfrancais-jerusalem.org\\\/chateaubriand\\\/cours-de-francais\\\/\"},{\"@type\":\"ListItem\",\"position\":3,\"name\":\"COURS ENFANTS\"}]},{\"@type\":\"WebSite\",\"@id\":\"https:\\\/\\\/www.institutfrancais-jerusalem.org\\\/chateaubriand\\\/#website\",\"url\":\"https:\\\/\\\/www.institutfrancais-jerusalem.org\\\/chateaubriand\\\/\",\"name\":\"Institut Fran\u00e7ais de J\u00e9rusalem - Chateaubriand\",\"description\":\"\",\"potentialAction\":[{\"@type\":\"SearchAction\",\"target\":{\"@type\":\"EntryPoint\",\"urlTemplate\":\"https:\\\/\\\/www.institutfrancais-jerusalem.org\\\/chateaubriand\\\/?s={search_term_string}\"},\"query-input\":{\"@type\":\"PropertyValueSpecification\",\"valueRequired\":true,\"valueName\":\"search_term_string\"}}],\"inLanguage\":\"fr-FR\"}]}<\/script>\n<!-- \/ Yoast SEO plugin. -->","yoast_head_json":{"title":"COURS ENFANTS - Institut Fran\u00e7ais de J\u00e9rusalem - Chateaubriand","robots":{"index":"index","follow":"follow","max-snippet":"max-snippet:-1","max-image-preview":"max-image-preview:large","max-video-preview":"max-video-preview:-1"},"canonical":"https:\/\/www.institutfrancais-jerusalem.org\/chateaubriand\/cours-de-francais\/cours-enfants\/","og_locale":"fr_FR","og_type":"article","og_title":"COURS ENFANTS - Institut Fran\u00e7ais de J\u00e9rusalem - Chateaubriand","og_description":"A playful and interactive approach to learn French is offered in the branches of the French Institute of Jerusalem during class sessions during the school year. We also offer holiday schools that mix learning French and activities: games, manual activities, workshops. French classes for children in small groups at the Institute: groups are according to &hellip;","og_url":"https:\/\/www.institutfrancais-jerusalem.org\/chateaubriand\/cours-de-francais\/cours-enfants\/","og_site_name":"Institut Fran\u00e7ais de J\u00e9rusalem - Chateaubriand","article_modified_time":"2025-02-21T08:57:37+00:00","og_image":[{"width":857,"height":559,"url":"https:\/\/www.institutfrancais-jerusalem.org\/chateaubriand\/wp-content\/uploads\/sites\/12\/2022\/02\/Cours-enfants-Chateaubriand.png","type":"image\/png"}],"twitter_card":"summary_large_image","twitter_misc":{"Dur\u00e9e de lecture estim\u00e9e":"2 minutes"},"schema":{"@context":"https:\/\/schema.org","@graph":[{"@type":"WebPage","@id":"https:\/\/www.institutfrancais-jerusalem.org\/chateaubriand\/cours-de-francais\/cours-enfants\/","url":"https:\/\/www.institutfrancais-jerusalem.org\/chateaubriand\/cours-de-francais\/cours-enfants\/","name":"COURS ENFANTS - Institut Fran\u00e7ais de J\u00e9rusalem - Chateaubriand","isPartOf":{"@id":"https:\/\/www.institutfrancais-jerusalem.org\/chateaubriand\/#website"},"primaryImageOfPage":{"@id":"https:\/\/www.institutfrancais-jerusalem.org\/chateaubriand\/cours-de-francais\/cours-enfants\/#primaryimage"},"image":{"@id":"https:\/\/www.institutfrancais-jerusalem.org\/chateaubriand\/cours-de-francais\/cours-enfants\/#primaryimage"},"thumbnailUrl":"https:\/\/www.institutfrancais-jerusalem.org\/chateaubriand\/wp-content\/uploads\/sites\/12\/2022\/02\/Cours-enfants-Chateaubriand.png","datePublished":"2017-08-07T17:53:54+00:00","dateModified":"2025-02-21T08:57:37+00:00","breadcrumb":{"@id":"https:\/\/www.institutfrancais-jerusalem.org\/chateaubriand\/cours-de-francais\/cours-enfants\/#breadcrumb"},"inLanguage":"fr-FR","potentialAction":[{"@type":"ReadAction","target":["https:\/\/www.institutfrancais-jerusalem.org\/chateaubriand\/cours-de-francais\/cours-enfants\/"]}]},{"@type":"ImageObject","inLanguage":"fr-FR","@id":"https:\/\/www.institutfrancais-jerusalem.org\/chateaubriand\/cours-de-francais\/cours-enfants\/#primaryimage","url":"https:\/\/www.institutfrancais-jerusalem.org\/chateaubriand\/wp-content\/uploads\/sites\/12\/2022\/02\/Cours-enfants-Chateaubriand.png","contentUrl":"https:\/\/www.institutfrancais-jerusalem.org\/chateaubriand\/wp-content\/uploads\/sites\/12\/2022\/02\/Cours-enfants-Chateaubriand.png","width":857,"height":559},{"@type":"BreadcrumbList","@id":"https:\/\/www.institutfrancais-jerusalem.org\/chateaubriand\/cours-de-francais\/cours-enfants\/#breadcrumb","itemListElement":[{"@type":"ListItem","position":1,"name":"Accueil","item":"https:\/\/www.institutfrancais-jerusalem.org\/chateaubriand\/"},{"@type":"ListItem","position":2,"name":"NOS COURS","item":"https:\/\/www.institutfrancais-jerusalem.org\/chateaubriand\/cours-de-francais\/"},{"@type":"ListItem","position":3,"name":"COURS ENFANTS"}]},{"@type":"WebSite","@id":"https:\/\/www.institutfrancais-jerusalem.org\/chateaubriand\/#website","url":"https:\/\/www.institutfrancais-jerusalem.org\/chateaubriand\/","name":"Institut Fran\u00e7ais de J\u00e9rusalem - Chateaubriand","description":"","potentialAction":[{"@type":"SearchAction","target":{"@type":"EntryPoint","urlTemplate":"https:\/\/www.institutfrancais-jerusalem.org\/chateaubriand\/?s={search_term_string}"},"query-input":{"@type":"PropertyValueSpecification","valueRequired":true,"valueName":"search_term_string"}}],"inLanguage":"fr-FR"}]}},"_links":{"self":[{"href":"https:\/\/www.institutfrancais-jerusalem.org\/chateaubriand\/wp-json\/wp\/v2\/pages\/1559","targetHints":{"allow":["GET"]}}],"collection":[{"href":"https:\/\/www.institutfrancais-jerusalem.org\/chateaubriand\/wp-json\/wp\/v2\/pages"}],"about":[{"href":"https:\/\/www.institutfrancais-jerusalem.org\/chateaubriand\/wp-json\/wp\/v2\/types\/page"}],"author":[{"embeddable":true,"href":"https:\/\/www.institutfrancais-jerusalem.org\/chateaubriand\/wp-json\/wp\/v2\/users\/1"}],"replies":[{"embeddable":true,"href":"https:\/\/www.institutfrancais-jerusalem.org\/chateaubriand\/wp-json\/wp\/v2\/comments?post=1559"}],"version-history":[{"count":17,"href":"https:\/\/www.institutfrancais-jerusalem.org\/chateaubriand\/wp-json\/wp\/v2\/pages\/1559\/revisions"}],"predecessor-version":[{"id":6260,"href":"https:\/\/www.institutfrancais-jerusalem.org\/chateaubriand\/wp-json\/wp\/v2\/pages\/1559\/revisions\/6260"}],"up":[{"embeddable":true,"href":"https:\/\/www.institutfrancais-jerusalem.org\/chateaubriand\/wp-json\/wp\/v2\/pages\/1326"}],"wp:featuredmedia":[{"embeddable":true,"href":"https:\/\/www.institutfrancais-jerusalem.org\/chateaubriand\/wp-json\/wp\/v2\/media\/5698"}],"wp:attachment":[{"href":"https:\/\/www.institutfrancais-jerusalem.org\/chateaubriand\/wp-json\/wp\/v2\/media?parent=1559"}],"curies":[{"name":"wp","href":"https:\/\/api.w.org\/{rel}","templated":true}]}}