{"id":1557,"date":"2017-08-07T19:53:23","date_gmt":"2017-08-07T17:53:23","guid":{"rendered":"http:\/\/ifjerusalem-romaingary.org\/?page_id=1557"},"modified":"2025-10-27T14:03:14","modified_gmt":"2025-10-27T13:03:14","slug":"cours-adultes","status":"publish","type":"page","link":"https:\/\/www.institutfrancais-jerusalem.org\/chateaubriand\/cours-de-francais\/cours-adultes\/","title":{"rendered":"COURS ADULTES"},"content":{"rendered":"<h6 class=\"p1\">Why not learn French? We are back with our new session, with French lessons from beginner to advanced level.<\/h6>\n<ul>\n<li style=\"list-style-type: none;\">\n<ul>\n<li dir=\"ltr\"><strong>Group lessons<\/strong>\u00a0at the Institute: take advantage of the dynamism of learning in small groups to practice speaking and writing with the latest methods.<\/li>\n<li dir=\"ltr\"><strong>Private lessons<\/strong>\u00a0at the Insitute or online: learn at your own pace and according to the objectives you have set.<\/li>\n<\/ul>\n<\/li>\n<\/ul>\n<p>More information: <a href=\"mailto:cours-chateaubriand@consulfrance-jerusalem.org\">cours-chateaubriand@consulfrance-jerusalem.org<\/a>\u00a0\/ +972 26 28 24 51 \/+972 504 705 542<\/p>\n<hr \/>\n<h6 class=\"p1\">Pourquoi ne pas apprendre le fran\u00e7ais ? Nous sommes de retour avec notre session de la rentr\u00e9e, avec des cours de fran\u00e7ais de niveau d\u00e9butant \u00e0 avanc\u00e9.<\/h6>\n<p><strong>COURS ADULTES<\/strong><\/p>\n<ul class=\"ul1\">\n<li class=\"li1\" style=\"list-style-type: none;\">\n<ul>\n<li dir=\"ltr\"><strong>Cours en groupe <\/strong>de fran\u00e7ais en pr\u00e9sentiel : profitez du dynamisme de l&rsquo;apprentissage en petits groupes pour pratiquer oral et \u00e9crit avec les m\u00e9thodes les plus r\u00e9centes.<\/li>\n<li dir=\"ltr\">\n<p dir=\"ltr\"><strong>Cours particuliers<\/strong> de fran\u00e7ais en pr\u00e9sentiel ou en ligne : apprenez \u00e0 votre rythme et suivant les objectifs que vous aurez fix\u00e9s.<\/p>\n<\/li>\n<\/ul>\n<\/li>\n<\/ul>\n<p>Plus d\u2019informations :\u00a0<a href=\"mailto:cours-chateaubriand@consulfrance-jerusalem.org\">cours-chateaubriand@consulfrance-jerusalem.org<\/a>\u00a0\/ +972 26 28 24 51 \/+972 504 705 542<\/p>\n","protected":false},"excerpt":{"rendered":"<p>Why not learn French? We are back with our new session, with French lessons from beginner to advanced level. Group lessons\u00a0at the Institute: take advantage of the dynamism of learning in small groups to practice speaking and writing with the latest methods. Private lessons\u00a0at the Insitute or online: learn at your own pace and according &hellip;<\/p>\n","protected":false},"author":1,"featured_media":4746,"parent":1326,"menu_order":0,"comment_status":"closed","ping_status":"closed","template":"","meta":{"footnotes":""},"class_list":["post-1557","page","type-page","status-publish","has-post-thumbnail",""],"yoast_head":"<!-- This site is optimized with the Yoast SEO plugin v27.5 - https:\/\/yoast.com\/product\/yoast-seo-wordpress\/ -->\n<title>COURS ADULTES - Institut Fran\u00e7ais de J\u00e9rusalem - Chateaubriand<\/title>\n<meta name=\"description\" content=\"Why not learn French? We are back, new beginners and advanced French courses at the French institute!!\" \/>\n<meta name=\"robots\" content=\"index, follow, max-snippet:-1, max-image-preview:large, max-video-preview:-1\" \/>\n<link rel=\"canonical\" href=\"https:\/\/www.institutfrancais-jerusalem.org\/chateaubriand\/cours-de-francais\/cours-adultes\/\" \/>\n<meta property=\"og:locale\" content=\"fr_FR\" \/>\n<meta property=\"og:type\" content=\"article\" \/>\n<meta property=\"og:title\" content=\"COURS ADULTES - Institut Fran\u00e7ais de J\u00e9rusalem - Chateaubriand\" \/>\n<meta property=\"og:description\" content=\"Why not learn French? We are back, new beginners and advanced French courses at the French institute!!\" \/>\n<meta property=\"og:url\" content=\"https:\/\/www.institutfrancais-jerusalem.org\/chateaubriand\/cours-de-francais\/cours-adultes\/\" \/>\n<meta property=\"og:site_name\" content=\"Institut Fran\u00e7ais de J\u00e9rusalem - Chateaubriand\" \/>\n<meta property=\"article:modified_time\" content=\"2025-10-27T13:03:14+00:00\" \/>\n<meta property=\"og:image\" content=\"https:\/\/www.institutfrancais-jerusalem.org\/chateaubriand\/wp-content\/uploads\/sites\/12\/2020\/06\/Cours-Chateaubriand-bandeau.jpg\" \/>\n\t<meta property=\"og:image:width\" content=\"1920\" \/>\n\t<meta property=\"og:image:height\" content=\"1080\" \/>\n\t<meta property=\"og:image:type\" content=\"image\/jpeg\" \/>\n<meta name=\"twitter:card\" content=\"summary_large_image\" \/>\n<meta name=\"twitter:label1\" content=\"Dur\u00e9e de lecture estim\u00e9e\" \/>\n\t<meta name=\"twitter:data1\" content=\"2 minutes\" \/>\n<script type=\"application\/ld+json\" class=\"yoast-schema-graph\">{\"@context\":\"https:\\\/\\\/schema.org\",\"@graph\":[{\"@type\":\"WebPage\",\"@id\":\"https:\\\/\\\/www.institutfrancais-jerusalem.org\\\/chateaubriand\\\/cours-de-francais\\\/cours-adultes\\\/\",\"url\":\"https:\\\/\\\/www.institutfrancais-jerusalem.org\\\/chateaubriand\\\/cours-de-francais\\\/cours-adultes\\\/\",\"name\":\"COURS ADULTES - Institut Fran\u00e7ais de J\u00e9rusalem - Chateaubriand\",\"isPartOf\":{\"@id\":\"https:\\\/\\\/www.institutfrancais-jerusalem.org\\\/chateaubriand\\\/#website\"},\"primaryImageOfPage\":{\"@id\":\"https:\\\/\\\/www.institutfrancais-jerusalem.org\\\/chateaubriand\\\/cours-de-francais\\\/cours-adultes\\\/#primaryimage\"},\"image\":{\"@id\":\"https:\\\/\\\/www.institutfrancais-jerusalem.org\\\/chateaubriand\\\/cours-de-francais\\\/cours-adultes\\\/#primaryimage\"},\"thumbnailUrl\":\"https:\\\/\\\/www.institutfrancais-jerusalem.org\\\/chateaubriand\\\/wp-content\\\/uploads\\\/sites\\\/12\\\/2020\\\/06\\\/Cours-Chateaubriand-bandeau.jpg\",\"datePublished\":\"2017-08-07T17:53:23+00:00\",\"dateModified\":\"2025-10-27T13:03:14+00:00\",\"description\":\"Why not learn French? We are back, new beginners and advanced French courses at the French institute!!\",\"breadcrumb\":{\"@id\":\"https:\\\/\\\/www.institutfrancais-jerusalem.org\\\/chateaubriand\\\/cours-de-francais\\\/cours-adultes\\\/#breadcrumb\"},\"inLanguage\":\"fr-FR\",\"potentialAction\":[{\"@type\":\"ReadAction\",\"target\":[\"https:\\\/\\\/www.institutfrancais-jerusalem.org\\\/chateaubriand\\\/cours-de-francais\\\/cours-adultes\\\/\"]}]},{\"@type\":\"ImageObject\",\"inLanguage\":\"fr-FR\",\"@id\":\"https:\\\/\\\/www.institutfrancais-jerusalem.org\\\/chateaubriand\\\/cours-de-francais\\\/cours-adultes\\\/#primaryimage\",\"url\":\"https:\\\/\\\/www.institutfrancais-jerusalem.org\\\/chateaubriand\\\/wp-content\\\/uploads\\\/sites\\\/12\\\/2020\\\/06\\\/Cours-Chateaubriand-bandeau.jpg\",\"contentUrl\":\"https:\\\/\\\/www.institutfrancais-jerusalem.org\\\/chateaubriand\\\/wp-content\\\/uploads\\\/sites\\\/12\\\/2020\\\/06\\\/Cours-Chateaubriand-bandeau.jpg\",\"width\":1920,\"height\":1080},{\"@type\":\"BreadcrumbList\",\"@id\":\"https:\\\/\\\/www.institutfrancais-jerusalem.org\\\/chateaubriand\\\/cours-de-francais\\\/cours-adultes\\\/#breadcrumb\",\"itemListElement\":[{\"@type\":\"ListItem\",\"position\":1,\"name\":\"Accueil\",\"item\":\"https:\\\/\\\/www.institutfrancais-jerusalem.org\\\/chateaubriand\\\/\"},{\"@type\":\"ListItem\",\"position\":2,\"name\":\"NOS COURS\",\"item\":\"https:\\\/\\\/www.institutfrancais-jerusalem.org\\\/chateaubriand\\\/cours-de-francais\\\/\"},{\"@type\":\"ListItem\",\"position\":3,\"name\":\"COURS ADULTES\"}]},{\"@type\":\"WebSite\",\"@id\":\"https:\\\/\\\/www.institutfrancais-jerusalem.org\\\/chateaubriand\\\/#website\",\"url\":\"https:\\\/\\\/www.institutfrancais-jerusalem.org\\\/chateaubriand\\\/\",\"name\":\"Institut Fran\u00e7ais de J\u00e9rusalem - Chateaubriand\",\"description\":\"\",\"potentialAction\":[{\"@type\":\"SearchAction\",\"target\":{\"@type\":\"EntryPoint\",\"urlTemplate\":\"https:\\\/\\\/www.institutfrancais-jerusalem.org\\\/chateaubriand\\\/?s={search_term_string}\"},\"query-input\":{\"@type\":\"PropertyValueSpecification\",\"valueRequired\":true,\"valueName\":\"search_term_string\"}}],\"inLanguage\":\"fr-FR\"}]}<\/script>\n<!-- \/ Yoast SEO plugin. -->","yoast_head_json":{"title":"COURS ADULTES - Institut Fran\u00e7ais de J\u00e9rusalem - Chateaubriand","description":"Why not learn French? We are back, new beginners and advanced French courses at the French institute!!","robots":{"index":"index","follow":"follow","max-snippet":"max-snippet:-1","max-image-preview":"max-image-preview:large","max-video-preview":"max-video-preview:-1"},"canonical":"https:\/\/www.institutfrancais-jerusalem.org\/chateaubriand\/cours-de-francais\/cours-adultes\/","og_locale":"fr_FR","og_type":"article","og_title":"COURS ADULTES - Institut Fran\u00e7ais de J\u00e9rusalem - Chateaubriand","og_description":"Why not learn French? We are back, new beginners and advanced French courses at the French institute!!","og_url":"https:\/\/www.institutfrancais-jerusalem.org\/chateaubriand\/cours-de-francais\/cours-adultes\/","og_site_name":"Institut Fran\u00e7ais de J\u00e9rusalem - Chateaubriand","article_modified_time":"2025-10-27T13:03:14+00:00","og_image":[{"width":1920,"height":1080,"url":"https:\/\/www.institutfrancais-jerusalem.org\/chateaubriand\/wp-content\/uploads\/sites\/12\/2020\/06\/Cours-Chateaubriand-bandeau.jpg","type":"image\/jpeg"}],"twitter_card":"summary_large_image","twitter_misc":{"Dur\u00e9e de lecture estim\u00e9e":"2 minutes"},"schema":{"@context":"https:\/\/schema.org","@graph":[{"@type":"WebPage","@id":"https:\/\/www.institutfrancais-jerusalem.org\/chateaubriand\/cours-de-francais\/cours-adultes\/","url":"https:\/\/www.institutfrancais-jerusalem.org\/chateaubriand\/cours-de-francais\/cours-adultes\/","name":"COURS ADULTES - Institut Fran\u00e7ais de J\u00e9rusalem - Chateaubriand","isPartOf":{"@id":"https:\/\/www.institutfrancais-jerusalem.org\/chateaubriand\/#website"},"primaryImageOfPage":{"@id":"https:\/\/www.institutfrancais-jerusalem.org\/chateaubriand\/cours-de-francais\/cours-adultes\/#primaryimage"},"image":{"@id":"https:\/\/www.institutfrancais-jerusalem.org\/chateaubriand\/cours-de-francais\/cours-adultes\/#primaryimage"},"thumbnailUrl":"https:\/\/www.institutfrancais-jerusalem.org\/chateaubriand\/wp-content\/uploads\/sites\/12\/2020\/06\/Cours-Chateaubriand-bandeau.jpg","datePublished":"2017-08-07T17:53:23+00:00","dateModified":"2025-10-27T13:03:14+00:00","description":"Why not learn French? We are back, new beginners and advanced French courses at the French institute!!","breadcrumb":{"@id":"https:\/\/www.institutfrancais-jerusalem.org\/chateaubriand\/cours-de-francais\/cours-adultes\/#breadcrumb"},"inLanguage":"fr-FR","potentialAction":[{"@type":"ReadAction","target":["https:\/\/www.institutfrancais-jerusalem.org\/chateaubriand\/cours-de-francais\/cours-adultes\/"]}]},{"@type":"ImageObject","inLanguage":"fr-FR","@id":"https:\/\/www.institutfrancais-jerusalem.org\/chateaubriand\/cours-de-francais\/cours-adultes\/#primaryimage","url":"https:\/\/www.institutfrancais-jerusalem.org\/chateaubriand\/wp-content\/uploads\/sites\/12\/2020\/06\/Cours-Chateaubriand-bandeau.jpg","contentUrl":"https:\/\/www.institutfrancais-jerusalem.org\/chateaubriand\/wp-content\/uploads\/sites\/12\/2020\/06\/Cours-Chateaubriand-bandeau.jpg","width":1920,"height":1080},{"@type":"BreadcrumbList","@id":"https:\/\/www.institutfrancais-jerusalem.org\/chateaubriand\/cours-de-francais\/cours-adultes\/#breadcrumb","itemListElement":[{"@type":"ListItem","position":1,"name":"Accueil","item":"https:\/\/www.institutfrancais-jerusalem.org\/chateaubriand\/"},{"@type":"ListItem","position":2,"name":"NOS COURS","item":"https:\/\/www.institutfrancais-jerusalem.org\/chateaubriand\/cours-de-francais\/"},{"@type":"ListItem","position":3,"name":"COURS ADULTES"}]},{"@type":"WebSite","@id":"https:\/\/www.institutfrancais-jerusalem.org\/chateaubriand\/#website","url":"https:\/\/www.institutfrancais-jerusalem.org\/chateaubriand\/","name":"Institut Fran\u00e7ais de J\u00e9rusalem - Chateaubriand","description":"","potentialAction":[{"@type":"SearchAction","target":{"@type":"EntryPoint","urlTemplate":"https:\/\/www.institutfrancais-jerusalem.org\/chateaubriand\/?s={search_term_string}"},"query-input":{"@type":"PropertyValueSpecification","valueRequired":true,"valueName":"search_term_string"}}],"inLanguage":"fr-FR"}]}},"_links":{"self":[{"href":"https:\/\/www.institutfrancais-jerusalem.org\/chateaubriand\/wp-json\/wp\/v2\/pages\/1557","targetHints":{"allow":["GET"]}}],"collection":[{"href":"https:\/\/www.institutfrancais-jerusalem.org\/chateaubriand\/wp-json\/wp\/v2\/pages"}],"about":[{"href":"https:\/\/www.institutfrancais-jerusalem.org\/chateaubriand\/wp-json\/wp\/v2\/types\/page"}],"author":[{"embeddable":true,"href":"https:\/\/www.institutfrancais-jerusalem.org\/chateaubriand\/wp-json\/wp\/v2\/users\/1"}],"replies":[{"embeddable":true,"href":"https:\/\/www.institutfrancais-jerusalem.org\/chateaubriand\/wp-json\/wp\/v2\/comments?post=1557"}],"version-history":[{"count":32,"href":"https:\/\/www.institutfrancais-jerusalem.org\/chateaubriand\/wp-json\/wp\/v2\/pages\/1557\/revisions"}],"predecessor-version":[{"id":6360,"href":"https:\/\/www.institutfrancais-jerusalem.org\/chateaubriand\/wp-json\/wp\/v2\/pages\/1557\/revisions\/6360"}],"up":[{"embeddable":true,"href":"https:\/\/www.institutfrancais-jerusalem.org\/chateaubriand\/wp-json\/wp\/v2\/pages\/1326"}],"wp:featuredmedia":[{"embeddable":true,"href":"https:\/\/www.institutfrancais-jerusalem.org\/chateaubriand\/wp-json\/wp\/v2\/media\/4746"}],"wp:attachment":[{"href":"https:\/\/www.institutfrancais-jerusalem.org\/chateaubriand\/wp-json\/wp\/v2\/media?parent=1557"}],"curies":[{"name":"wp","href":"https:\/\/api.w.org\/{rel}","templated":true}]}}