{"id":1529,"date":"2017-08-07T19:48:25","date_gmt":"2017-08-07T17:48:25","guid":{"rendered":"http:\/\/ifjerusalem-romaingary.org\/?page_id=1529"},"modified":"2018-02-01T23:09:38","modified_gmt":"2018-02-01T22:09:38","slug":"cinema","status":"publish","type":"page","link":"https:\/\/www.institutfrancais-jerusalem.org\/chateaubriand\/agenda-culturel\/cinema\/","title":{"rendered":"CIN\u00c9MA"},"content":{"rendered":"<p><img loading=\"lazy\" decoding=\"async\" class=\"alignnone wp-image-2359 size-large\" src=\"https:\/\/www.institutfrancais-jerusalem.org\/wp-content\/uploads\/sites\/12\/2017\/08\/jakob-owens-199505-1024x692.jpg\" alt=\"\" width=\"618\" height=\"418\" srcset=\"https:\/\/www.institutfrancais-jerusalem.org\/chateaubriand\/wp-content\/uploads\/sites\/12\/2017\/08\/jakob-owens-199505-1024x692.jpg 1024w, https:\/\/www.institutfrancais-jerusalem.org\/chateaubriand\/wp-content\/uploads\/sites\/12\/2017\/08\/jakob-owens-199505-300x203.jpg 300w, https:\/\/www.institutfrancais-jerusalem.org\/chateaubriand\/wp-content\/uploads\/sites\/12\/2017\/08\/jakob-owens-199505-768x519.jpg 768w, https:\/\/www.institutfrancais-jerusalem.org\/chateaubriand\/wp-content\/uploads\/sites\/12\/2017\/08\/jakob-owens-199505-110x75.jpg 110w\" sizes=\"auto, (max-width: 618px) 100vw, 618px\" \/><\/p>\n<p class=\"p1\"><span class=\"s1\">Rire, pleurer, frissonner, d\u00e9couvrir \u2026 tout au long de l\u2019ann\u00e9e, l\u2019Institut fran\u00e7ais de J\u00e9rusalem (IFJ) vous propose \u00a0une approche du 7<\/span><span class=\"s2\"><sup>\u00e8me<\/sup><\/span><span class=\"s1\"> art sous diff\u00e9rentes formes\u00a0: projection de courts et de long m\u00e9trages, festivals de cin\u00e9ma, soutien aux jeunes r\u00e9alisateurs en partenariat avec <a href=\"https:\/\/www.facebook.com\/RamallahDoc\/\" target=\"_blank\" rel=\"noopener\">Ramallah Doc<\/a>. <\/span><\/p>\n<p class=\"p1\"><span class=\"s1\">Les films sont pr\u00e9sent\u00e9s en version arabe lorsqu\u2019elle est disponible ou sous-titr\u00e9s en arabe ou en anglais. Les s\u00e9ances sont pour la plupart <\/span><span class=\"s3\"><b>gratuites<\/b><\/span><span class=\"s1\">.<\/span><\/p>\n<p class=\"p1\"><span class=\"s1\">Les films sont projet\u00e9s dans les antennes de l\u2019Institut fran\u00e7ais de J\u00e9rusalem ou dans les cin\u00e9mas, th\u00e9\u00e2tres, universit\u00e9s, centres culturels ou locaux des associations partenaires.<\/span><\/p>\n<p><img loading=\"lazy\" decoding=\"async\" class=\"alignnone wp-image-2363 size-large\" src=\"https:\/\/www.institutfrancais-jerusalem.org\/wp-content\/uploads\/sites\/12\/2017\/08\/jeremy-yap-160713-1024x683.jpg\" alt=\"\" width=\"618\" height=\"412\" srcset=\"https:\/\/www.institutfrancais-jerusalem.org\/chateaubriand\/wp-content\/uploads\/sites\/12\/2017\/08\/jeremy-yap-160713-1024x683.jpg 1024w, https:\/\/www.institutfrancais-jerusalem.org\/chateaubriand\/wp-content\/uploads\/sites\/12\/2017\/08\/jeremy-yap-160713-300x200.jpg 300w, https:\/\/www.institutfrancais-jerusalem.org\/chateaubriand\/wp-content\/uploads\/sites\/12\/2017\/08\/jeremy-yap-160713-768x512.jpg 768w\" sizes=\"auto, (max-width: 618px) 100vw, 618px\" \/><\/p>\n<p>Trois grands rendez-vous ponctuent l&rsquo;ann\u00e9e cin\u00e9matographique :<\/p>\n<p>-Chaque ann\u00e9e au mois de mars, se tient le <strong>Festival du film fran\u00e7ais<\/strong> organis\u00e9 \u00e0 la cin\u00e9math\u00e8que de J\u00e9rusalem, auquel s&rsquo;associe l&rsquo;Institut fran\u00e7ais de J\u00e9rusalem &#8211; antenne Romain Gary<\/p>\n<p>-Le CCFA propose avec le soutien de la cha\u00eene de t\u00e9l\u00e9vision franco-allemande Arte son <strong><a href=\"https:\/\/www.facebook.com\/events\/280007022517071\/?acontext=%7B%22source%22%3A5%2C%22page_id_source%22%3A122328903177%2C%22action_history%22%3A[%7B%22surface%22%3A%22page%22%2C%22mechanism%22%3A%22main_list%22%2C%22extra_data%22%3A%22%7B%5C%22page_id%5C%22%3A122328903177%2C%5C%22tour_id%5C%22%3Anull%7D%22%7D]%2C%22has_source%22%3Atrue%7D\" target=\"_blank\" rel=\"noopener\">festival A<\/a><a href=\"https:\/\/www.facebook.com\/events\/280007022517071\/?acontext=%7B%22source%22%3A5%2C%22page_id_source%22%3A122328903177%2C%22action_history%22%3A[%7B%22surface%22%3A%22page%22%2C%22mechanism%22%3A%22main_list%22%2C%22extra_data%22%3A%22%7B%5C%22page_id%5C%22%3A122328903177%2C%5C%22tour_id%5C%22%3Anull%7D%22%7D]%2C%22has_source%22%3Atrue%7D\" target=\"_blank\" rel=\"noopener\">rte<\/a> <\/strong>en septembre<\/p>\n<p>-En d\u00e9cembre, le <strong><a href=\"https:\/\/www.facebook.com\/FAFFPS\/\" target=\"_blank\" rel=\"noopener\">Festival du Film Franco-Arabe<\/a> <\/strong>pr\u00e9sente une s\u00e9lection de films r\u00e9cents, fran\u00e7ais et arabes, projet\u00e9s pour la premi\u00e8re fois en Palestine et entretenant un lien entre les mondes francophones et arabophones<\/p>\n","protected":false},"excerpt":{"rendered":"<p>Rire, pleurer, frissonner, d\u00e9couvrir \u2026 tout au long de l\u2019ann\u00e9e, l\u2019Institut fran\u00e7ais de J\u00e9rusalem (IFJ) vous propose \u00a0une approche du 7\u00e8me art sous diff\u00e9rentes formes\u00a0: projection de courts et de long m\u00e9trages, festivals de cin\u00e9ma, soutien aux jeunes r\u00e9alisateurs en partenariat avec Ramallah Doc. Les films sont pr\u00e9sent\u00e9s en version arabe lorsqu\u2019elle est disponible ou &hellip;<\/p>\n","protected":false},"author":1,"featured_media":0,"parent":1328,"menu_order":0,"comment_status":"closed","ping_status":"closed","template":"","meta":{"footnotes":""},"class_list":["post-1529","page","type-page","status-publish",""],"yoast_head":"<!-- This site is optimized with the Yoast SEO plugin v27.5 - https:\/\/yoast.com\/product\/yoast-seo-wordpress\/ -->\n<title>CIN\u00c9MA - Institut Fran\u00e7ais de J\u00e9rusalem - Chateaubriand<\/title>\n<meta name=\"robots\" content=\"index, follow, max-snippet:-1, max-image-preview:large, max-video-preview:-1\" \/>\n<link rel=\"canonical\" href=\"https:\/\/www.institutfrancais-jerusalem.org\/chateaubriand\/agenda-culturel\/cinema\/\" \/>\n<meta property=\"og:locale\" content=\"fr_FR\" \/>\n<meta property=\"og:type\" content=\"article\" \/>\n<meta property=\"og:title\" content=\"CIN\u00c9MA - Institut Fran\u00e7ais de J\u00e9rusalem - Chateaubriand\" \/>\n<meta property=\"og:description\" content=\"Rire, pleurer, frissonner, d\u00e9couvrir \u2026 tout au long de l\u2019ann\u00e9e, l\u2019Institut fran\u00e7ais de J\u00e9rusalem (IFJ) vous propose \u00a0une approche du 7\u00e8me art sous diff\u00e9rentes formes\u00a0: projection de courts et de long m\u00e9trages, festivals de cin\u00e9ma, soutien aux jeunes r\u00e9alisateurs en partenariat avec Ramallah Doc. Les films sont pr\u00e9sent\u00e9s en version arabe lorsqu\u2019elle est disponible ou &hellip;\" \/>\n<meta property=\"og:url\" content=\"https:\/\/www.institutfrancais-jerusalem.org\/chateaubriand\/agenda-culturel\/cinema\/\" \/>\n<meta property=\"og:site_name\" content=\"Institut Fran\u00e7ais de J\u00e9rusalem - Chateaubriand\" \/>\n<meta property=\"article:modified_time\" content=\"2018-02-01T22:09:38+00:00\" \/>\n<meta property=\"og:image\" content=\"https:\/\/www.institutfrancais-jerusalem.org\/wp-content\/uploads\/sites\/12\/2017\/08\/jakob-owens-199505-1024x692.jpg\" \/>\n<meta name=\"twitter:card\" content=\"summary_large_image\" \/>\n<meta name=\"twitter:label1\" content=\"Dur\u00e9e de lecture estim\u00e9e\" \/>\n\t<meta name=\"twitter:data1\" content=\"1 minute\" \/>\n<script type=\"application\/ld+json\" class=\"yoast-schema-graph\">{\"@context\":\"https:\\\/\\\/schema.org\",\"@graph\":[{\"@type\":\"WebPage\",\"@id\":\"https:\\\/\\\/www.institutfrancais-jerusalem.org\\\/chateaubriand\\\/agenda-culturel\\\/cinema\\\/\",\"url\":\"https:\\\/\\\/www.institutfrancais-jerusalem.org\\\/chateaubriand\\\/agenda-culturel\\\/cinema\\\/\",\"name\":\"CIN\u00c9MA - Institut Fran\u00e7ais de J\u00e9rusalem - Chateaubriand\",\"isPartOf\":{\"@id\":\"https:\\\/\\\/www.institutfrancais-jerusalem.org\\\/chateaubriand\\\/#website\"},\"primaryImageOfPage\":{\"@id\":\"https:\\\/\\\/www.institutfrancais-jerusalem.org\\\/chateaubriand\\\/agenda-culturel\\\/cinema\\\/#primaryimage\"},\"image\":{\"@id\":\"https:\\\/\\\/www.institutfrancais-jerusalem.org\\\/chateaubriand\\\/agenda-culturel\\\/cinema\\\/#primaryimage\"},\"thumbnailUrl\":\"https:\\\/\\\/www.institutfrancais-jerusalem.org\\\/wp-content\\\/uploads\\\/sites\\\/12\\\/2017\\\/08\\\/jakob-owens-199505-1024x692.jpg\",\"datePublished\":\"2017-08-07T17:48:25+00:00\",\"dateModified\":\"2018-02-01T22:09:38+00:00\",\"breadcrumb\":{\"@id\":\"https:\\\/\\\/www.institutfrancais-jerusalem.org\\\/chateaubriand\\\/agenda-culturel\\\/cinema\\\/#breadcrumb\"},\"inLanguage\":\"fr-FR\",\"potentialAction\":[{\"@type\":\"ReadAction\",\"target\":[\"https:\\\/\\\/www.institutfrancais-jerusalem.org\\\/chateaubriand\\\/agenda-culturel\\\/cinema\\\/\"]}]},{\"@type\":\"ImageObject\",\"inLanguage\":\"fr-FR\",\"@id\":\"https:\\\/\\\/www.institutfrancais-jerusalem.org\\\/chateaubriand\\\/agenda-culturel\\\/cinema\\\/#primaryimage\",\"url\":\"https:\\\/\\\/www.institutfrancais-jerusalem.org\\\/wp-content\\\/uploads\\\/sites\\\/12\\\/2017\\\/08\\\/jakob-owens-199505-1024x692.jpg\",\"contentUrl\":\"https:\\\/\\\/www.institutfrancais-jerusalem.org\\\/wp-content\\\/uploads\\\/sites\\\/12\\\/2017\\\/08\\\/jakob-owens-199505-1024x692.jpg\"},{\"@type\":\"BreadcrumbList\",\"@id\":\"https:\\\/\\\/www.institutfrancais-jerusalem.org\\\/chateaubriand\\\/agenda-culturel\\\/cinema\\\/#breadcrumb\",\"itemListElement\":[{\"@type\":\"ListItem\",\"position\":1,\"name\":\"Accueil\",\"item\":\"https:\\\/\\\/www.institutfrancais-jerusalem.org\\\/chateaubriand\\\/\"},{\"@type\":\"ListItem\",\"position\":2,\"name\":\"AGENDA CULTUREL\",\"item\":\"https:\\\/\\\/www.institutfrancais-jerusalem.org\\\/chateaubriand\\\/agenda-culturel\\\/\"},{\"@type\":\"ListItem\",\"position\":3,\"name\":\"CIN\u00c9MA\"}]},{\"@type\":\"WebSite\",\"@id\":\"https:\\\/\\\/www.institutfrancais-jerusalem.org\\\/chateaubriand\\\/#website\",\"url\":\"https:\\\/\\\/www.institutfrancais-jerusalem.org\\\/chateaubriand\\\/\",\"name\":\"Institut Fran\u00e7ais de J\u00e9rusalem - Chateaubriand\",\"description\":\"\",\"potentialAction\":[{\"@type\":\"SearchAction\",\"target\":{\"@type\":\"EntryPoint\",\"urlTemplate\":\"https:\\\/\\\/www.institutfrancais-jerusalem.org\\\/chateaubriand\\\/?s={search_term_string}\"},\"query-input\":{\"@type\":\"PropertyValueSpecification\",\"valueRequired\":true,\"valueName\":\"search_term_string\"}}],\"inLanguage\":\"fr-FR\"}]}<\/script>\n<!-- \/ Yoast SEO plugin. -->","yoast_head_json":{"title":"CIN\u00c9MA - Institut Fran\u00e7ais de J\u00e9rusalem - Chateaubriand","robots":{"index":"index","follow":"follow","max-snippet":"max-snippet:-1","max-image-preview":"max-image-preview:large","max-video-preview":"max-video-preview:-1"},"canonical":"https:\/\/www.institutfrancais-jerusalem.org\/chateaubriand\/agenda-culturel\/cinema\/","og_locale":"fr_FR","og_type":"article","og_title":"CIN\u00c9MA - Institut Fran\u00e7ais de J\u00e9rusalem - Chateaubriand","og_description":"Rire, pleurer, frissonner, d\u00e9couvrir \u2026 tout au long de l\u2019ann\u00e9e, l\u2019Institut fran\u00e7ais de J\u00e9rusalem (IFJ) vous propose \u00a0une approche du 7\u00e8me art sous diff\u00e9rentes formes\u00a0: projection de courts et de long m\u00e9trages, festivals de cin\u00e9ma, soutien aux jeunes r\u00e9alisateurs en partenariat avec Ramallah Doc. Les films sont pr\u00e9sent\u00e9s en version arabe lorsqu\u2019elle est disponible ou &hellip;","og_url":"https:\/\/www.institutfrancais-jerusalem.org\/chateaubriand\/agenda-culturel\/cinema\/","og_site_name":"Institut Fran\u00e7ais de J\u00e9rusalem - Chateaubriand","article_modified_time":"2018-02-01T22:09:38+00:00","og_image":[{"url":"https:\/\/www.institutfrancais-jerusalem.org\/wp-content\/uploads\/sites\/12\/2017\/08\/jakob-owens-199505-1024x692.jpg","type":"","width":"","height":""}],"twitter_card":"summary_large_image","twitter_misc":{"Dur\u00e9e de lecture estim\u00e9e":"1 minute"},"schema":{"@context":"https:\/\/schema.org","@graph":[{"@type":"WebPage","@id":"https:\/\/www.institutfrancais-jerusalem.org\/chateaubriand\/agenda-culturel\/cinema\/","url":"https:\/\/www.institutfrancais-jerusalem.org\/chateaubriand\/agenda-culturel\/cinema\/","name":"CIN\u00c9MA - Institut Fran\u00e7ais de J\u00e9rusalem - Chateaubriand","isPartOf":{"@id":"https:\/\/www.institutfrancais-jerusalem.org\/chateaubriand\/#website"},"primaryImageOfPage":{"@id":"https:\/\/www.institutfrancais-jerusalem.org\/chateaubriand\/agenda-culturel\/cinema\/#primaryimage"},"image":{"@id":"https:\/\/www.institutfrancais-jerusalem.org\/chateaubriand\/agenda-culturel\/cinema\/#primaryimage"},"thumbnailUrl":"https:\/\/www.institutfrancais-jerusalem.org\/wp-content\/uploads\/sites\/12\/2017\/08\/jakob-owens-199505-1024x692.jpg","datePublished":"2017-08-07T17:48:25+00:00","dateModified":"2018-02-01T22:09:38+00:00","breadcrumb":{"@id":"https:\/\/www.institutfrancais-jerusalem.org\/chateaubriand\/agenda-culturel\/cinema\/#breadcrumb"},"inLanguage":"fr-FR","potentialAction":[{"@type":"ReadAction","target":["https:\/\/www.institutfrancais-jerusalem.org\/chateaubriand\/agenda-culturel\/cinema\/"]}]},{"@type":"ImageObject","inLanguage":"fr-FR","@id":"https:\/\/www.institutfrancais-jerusalem.org\/chateaubriand\/agenda-culturel\/cinema\/#primaryimage","url":"https:\/\/www.institutfrancais-jerusalem.org\/wp-content\/uploads\/sites\/12\/2017\/08\/jakob-owens-199505-1024x692.jpg","contentUrl":"https:\/\/www.institutfrancais-jerusalem.org\/wp-content\/uploads\/sites\/12\/2017\/08\/jakob-owens-199505-1024x692.jpg"},{"@type":"BreadcrumbList","@id":"https:\/\/www.institutfrancais-jerusalem.org\/chateaubriand\/agenda-culturel\/cinema\/#breadcrumb","itemListElement":[{"@type":"ListItem","position":1,"name":"Accueil","item":"https:\/\/www.institutfrancais-jerusalem.org\/chateaubriand\/"},{"@type":"ListItem","position":2,"name":"AGENDA CULTUREL","item":"https:\/\/www.institutfrancais-jerusalem.org\/chateaubriand\/agenda-culturel\/"},{"@type":"ListItem","position":3,"name":"CIN\u00c9MA"}]},{"@type":"WebSite","@id":"https:\/\/www.institutfrancais-jerusalem.org\/chateaubriand\/#website","url":"https:\/\/www.institutfrancais-jerusalem.org\/chateaubriand\/","name":"Institut Fran\u00e7ais de J\u00e9rusalem - Chateaubriand","description":"","potentialAction":[{"@type":"SearchAction","target":{"@type":"EntryPoint","urlTemplate":"https:\/\/www.institutfrancais-jerusalem.org\/chateaubriand\/?s={search_term_string}"},"query-input":{"@type":"PropertyValueSpecification","valueRequired":true,"valueName":"search_term_string"}}],"inLanguage":"fr-FR"}]}},"_links":{"self":[{"href":"https:\/\/www.institutfrancais-jerusalem.org\/chateaubriand\/wp-json\/wp\/v2\/pages\/1529","targetHints":{"allow":["GET"]}}],"collection":[{"href":"https:\/\/www.institutfrancais-jerusalem.org\/chateaubriand\/wp-json\/wp\/v2\/pages"}],"about":[{"href":"https:\/\/www.institutfrancais-jerusalem.org\/chateaubriand\/wp-json\/wp\/v2\/types\/page"}],"author":[{"embeddable":true,"href":"https:\/\/www.institutfrancais-jerusalem.org\/chateaubriand\/wp-json\/wp\/v2\/users\/1"}],"replies":[{"embeddable":true,"href":"https:\/\/www.institutfrancais-jerusalem.org\/chateaubriand\/wp-json\/wp\/v2\/comments?post=1529"}],"version-history":[{"count":16,"href":"https:\/\/www.institutfrancais-jerusalem.org\/chateaubriand\/wp-json\/wp\/v2\/pages\/1529\/revisions"}],"predecessor-version":[{"id":2431,"href":"https:\/\/www.institutfrancais-jerusalem.org\/chateaubriand\/wp-json\/wp\/v2\/pages\/1529\/revisions\/2431"}],"up":[{"embeddable":true,"href":"https:\/\/www.institutfrancais-jerusalem.org\/chateaubriand\/wp-json\/wp\/v2\/pages\/1328"}],"wp:attachment":[{"href":"https:\/\/www.institutfrancais-jerusalem.org\/chateaubriand\/wp-json\/wp\/v2\/media?parent=1529"}],"curies":[{"name":"wp","href":"https:\/\/api.w.org\/{rel}","templated":true}]}}