{"id":1527,"date":"2017-08-07T19:48:01","date_gmt":"2017-08-07T17:48:01","guid":{"rendered":"http:\/\/ifjerusalem-romaingary.org\/?page_id=1527"},"modified":"2018-02-01T23:13:41","modified_gmt":"2018-02-01T22:13:41","slug":"debats-didees-livres","status":"publish","type":"page","link":"https:\/\/www.institutfrancais-jerusalem.org\/chateaubriand\/agenda-culturel\/debats-didees-livres\/","title":{"rendered":"DEBATS D&rsquo;IDEES &#038; LIVRES"},"content":{"rendered":"<p><img loading=\"lazy\" decoding=\"async\" class=\"alignnone wp-image-2377 size-large\" src=\"https:\/\/www.institutfrancais-jerusalem.org\/wp-content\/uploads\/sites\/12\/2017\/08\/kimberly-farmer-287677-1024x681.jpg\" alt=\"\" width=\"618\" height=\"411\" srcset=\"https:\/\/www.institutfrancais-jerusalem.org\/chateaubriand\/wp-content\/uploads\/sites\/12\/2017\/08\/kimberly-farmer-287677-1024x681.jpg 1024w, https:\/\/www.institutfrancais-jerusalem.org\/chateaubriand\/wp-content\/uploads\/sites\/12\/2017\/08\/kimberly-farmer-287677-300x199.jpg 300w, https:\/\/www.institutfrancais-jerusalem.org\/chateaubriand\/wp-content\/uploads\/sites\/12\/2017\/08\/kimberly-farmer-287677-768x511.jpg 768w, https:\/\/www.institutfrancais-jerusalem.org\/chateaubriand\/wp-content\/uploads\/sites\/12\/2017\/08\/kimberly-farmer-287677-310x205.jpg 310w\" sizes=\"auto, (max-width: 618px) 100vw, 618px\" \/><\/p>\n<p class=\"p1\"><span class=\"s1\">L\u2019Institut fran\u00e7ais de J\u00e9rusalem (IFJ) organise r\u00e9guli\u00e8rement des <\/span><span class=\"s2\"><b>tables rondes<\/b>, <b>colloques<\/b>, <b>s\u00e9minaires<\/b>, <b>rencontres<\/b>, <b>ateliers<\/b> <\/span><span class=\"s1\">et<\/span><span class=\"s2\"> <b>pr\u00e9sentations d\u2019ouvrages<\/b><\/span><span class=\"s1\">.<\/span><\/p>\n<p class=\"p2\"><span class=\"s2\">L\u2019Institut fran\u00e7ais se veut un lieu de d\u00e9bat d\u2019id\u00e9es, d\u2019\u00e9changes et d\u2019expression sur les grandes questions de soci\u00e9t\u00e9 et d\u2019int\u00e9r\u00eats partag\u00e9s. A travers une coop\u00e9ration \u00e9troite avec les universitaires, journalistes, \u00e9crivains et acteurs de la soci\u00e9t\u00e9 civile, il s\u2019agit \u00e9galement d\u2019aborder les th\u00e9matiques li\u00e9es aux\u00a0 transformations du monde, apparues dans le sillage de la mondialisation ou de mouvements \u2013 r\u00e9cents ou plus anciens \u2013 qui ont travers\u00e9 le Proche et le Moyen-Orient.<\/span><\/p>\n<p class=\"p2\"><span class=\"s2\">Espace de libre interaction, le r\u00e9seau de l\u2019IFJ offre une plateforme unique de rencontres, de discussions et de r\u00e9flexions sur tous les grands enjeux mondiaux et r\u00e9gionaux.<\/span><\/p>\n<p class=\"p2\"><span class=\"s2\">L\u2019IFJ organise des <\/span><span class=\"s3\"><b>s\u00e9minaires interdisciplinaires<\/b><\/span><span class=\"s2\"> r\u00e9unissant des sp\u00e9cialistes fran\u00e7ais, palestiniens et internationaux de haut-niveau sur des sujets contemporains.<\/span><\/p>\n<p><img loading=\"lazy\" decoding=\"async\" class=\"alignnone size-large wp-image-2379\" src=\"https:\/\/www.institutfrancais-jerusalem.org\/wp-content\/uploads\/sites\/12\/2017\/08\/the-climate-reality-project-349094-1024x683.jpg\" alt=\"\" width=\"618\" height=\"412\" srcset=\"https:\/\/www.institutfrancais-jerusalem.org\/chateaubriand\/wp-content\/uploads\/sites\/12\/2017\/08\/the-climate-reality-project-349094-1024x683.jpg 1024w, https:\/\/www.institutfrancais-jerusalem.org\/chateaubriand\/wp-content\/uploads\/sites\/12\/2017\/08\/the-climate-reality-project-349094-300x200.jpg 300w, https:\/\/www.institutfrancais-jerusalem.org\/chateaubriand\/wp-content\/uploads\/sites\/12\/2017\/08\/the-climate-reality-project-349094-768x512.jpg 768w\" sizes=\"auto, (max-width: 618px) 100vw, 618px\" \/><\/p>\n<p class=\"p2\"><span class=\"s2\">A titre d\u2019exemples\u00a0: <i>\u00ab\u00a0Jeunesses palestiniennes au quotidien : quelles formes d\u2019engagement ?<\/i>\u00a0\u00bb (2013) et \u00ab\u00a0<i>Le th\u00e9\u00e2tre national palestinien contemporain : la sc\u00e8ne et le territoire<\/i>\u00a0\u00bb (2016)<\/span><\/p>\n<p class=\"p2\"><span class=\"s2\">En coop\u00e9ration avec les partenaires locaux, l\u2019IFJ soutient \u00e9galement la diffusion de la culture scientifique \u00e0 J\u00e9rusalem et en Palestine. Ainsi, l\u2019Institut fran\u00e7ais de J\u00e9rusalem est\u00a0 partenaire des <\/span><span class=\"s3\"><b>\u00ab\u00a0Journ\u00e9es de la science \u00bb<\/b><\/span><span class=\"s2\">, un \u00e9v\u00e9nement annuel, qui a pour objectif de transmettre les savoirs scientifiques et techniques au plus grand nombre.<\/span><\/p>\n<p class=\"p2\"><span class=\"s2\">Plus g\u00e9n\u00e9ralement, dans le cadre de leurs programmations r\u00e9guli\u00e8res, les \u00e9tablissements du r\u00e9seau fran\u00e7ais \u00e0 J\u00e9rusalem, en Cisjordanie et \u00e0 Gaza proposent une riche programmation ouverte \u00e0 tous et abordant des sujets vari\u00e9s. Ainsi, nos invit\u00e9s \u2013 le plus souvent Fran\u00e7ais ou Palestiniens &#8211;\u00a0 viennent \u00e9changer autour\u00a0de sujets touchant \u00e0 l\u2019histoire, la litt\u00e9rature, l\u2019\u00e9conomie, les th\u00e8mes de soci\u00e9t\u00e9, mais proposent aussi des ateliers sur l\u2019illustration pour enfants ou la bande-dessin\u00e9e.<\/span><\/p>\n<p class=\"p2\"><span class=\"s2\">Les manifestations sont organis\u00e9es en fran\u00e7ais, en arabe et\/ou en anglais. <\/span><\/p>\n<p class=\"p2\"><span class=\"s2\">Pour toute proposition n\u2019h\u00e9sitez pas \u00e0 nous contacter\u00a0: comm@iframallah.org<\/span><\/p>\n","protected":false},"excerpt":{"rendered":"<p>L\u2019Institut fran\u00e7ais de J\u00e9rusalem (IFJ) organise r\u00e9guli\u00e8rement des tables rondes, colloques, s\u00e9minaires, rencontres, ateliers et pr\u00e9sentations d\u2019ouvrages. L\u2019Institut fran\u00e7ais se veut un lieu de d\u00e9bat d\u2019id\u00e9es, d\u2019\u00e9changes et d\u2019expression sur les grandes questions de soci\u00e9t\u00e9 et d\u2019int\u00e9r\u00eats partag\u00e9s. A travers une coop\u00e9ration \u00e9troite avec les universitaires, journalistes, \u00e9crivains et acteurs de la soci\u00e9t\u00e9 civile, il &hellip;<\/p>\n","protected":false},"author":1,"featured_media":0,"parent":1328,"menu_order":0,"comment_status":"closed","ping_status":"closed","template":"","meta":{"footnotes":""},"class_list":["post-1527","page","type-page","status-publish",""],"yoast_head":"<!-- This site is optimized with the Yoast SEO plugin v27.3 - https:\/\/yoast.com\/product\/yoast-seo-wordpress\/ -->\n<title>DEBATS D&#039;IDEES &amp; LIVRES - Institut Fran\u00e7ais de J\u00e9rusalem - Chateaubriand<\/title>\n<meta name=\"robots\" content=\"index, follow, max-snippet:-1, max-image-preview:large, max-video-preview:-1\" \/>\n<link rel=\"canonical\" href=\"https:\/\/www.institutfrancais-jerusalem.org\/chateaubriand\/agenda-culturel\/debats-didees-livres\/\" \/>\n<meta property=\"og:locale\" content=\"fr_FR\" \/>\n<meta property=\"og:type\" content=\"article\" \/>\n<meta property=\"og:title\" content=\"DEBATS D&#039;IDEES &amp; LIVRES - Institut Fran\u00e7ais de J\u00e9rusalem - Chateaubriand\" \/>\n<meta property=\"og:description\" content=\"L\u2019Institut fran\u00e7ais de J\u00e9rusalem (IFJ) organise r\u00e9guli\u00e8rement des tables rondes, colloques, s\u00e9minaires, rencontres, ateliers et pr\u00e9sentations d\u2019ouvrages. L\u2019Institut fran\u00e7ais se veut un lieu de d\u00e9bat d\u2019id\u00e9es, d\u2019\u00e9changes et d\u2019expression sur les grandes questions de soci\u00e9t\u00e9 et d\u2019int\u00e9r\u00eats partag\u00e9s. A travers une coop\u00e9ration \u00e9troite avec les universitaires, journalistes, \u00e9crivains et acteurs de la soci\u00e9t\u00e9 civile, il &hellip;\" \/>\n<meta property=\"og:url\" content=\"https:\/\/www.institutfrancais-jerusalem.org\/chateaubriand\/agenda-culturel\/debats-didees-livres\/\" \/>\n<meta property=\"og:site_name\" content=\"Institut Fran\u00e7ais de J\u00e9rusalem - Chateaubriand\" \/>\n<meta property=\"article:modified_time\" content=\"2018-02-01T22:13:41+00:00\" \/>\n<meta property=\"og:image\" content=\"https:\/\/www.institutfrancais-jerusalem.org\/wp-content\/uploads\/sites\/12\/2017\/08\/kimberly-farmer-287677-1024x681.jpg\" \/>\n<meta name=\"twitter:card\" content=\"summary_large_image\" \/>\n<meta name=\"twitter:label1\" content=\"Dur\u00e9e de lecture estim\u00e9e\" \/>\n\t<meta name=\"twitter:data1\" content=\"2 minutes\" \/>\n<script type=\"application\/ld+json\" class=\"yoast-schema-graph\">{\"@context\":\"https:\\\/\\\/schema.org\",\"@graph\":[{\"@type\":\"WebPage\",\"@id\":\"https:\\\/\\\/www.institutfrancais-jerusalem.org\\\/chateaubriand\\\/agenda-culturel\\\/debats-didees-livres\\\/\",\"url\":\"https:\\\/\\\/www.institutfrancais-jerusalem.org\\\/chateaubriand\\\/agenda-culturel\\\/debats-didees-livres\\\/\",\"name\":\"DEBATS D'IDEES & LIVRES - Institut Fran\u00e7ais de J\u00e9rusalem - Chateaubriand\",\"isPartOf\":{\"@id\":\"https:\\\/\\\/www.institutfrancais-jerusalem.org\\\/chateaubriand\\\/#website\"},\"primaryImageOfPage\":{\"@id\":\"https:\\\/\\\/www.institutfrancais-jerusalem.org\\\/chateaubriand\\\/agenda-culturel\\\/debats-didees-livres\\\/#primaryimage\"},\"image\":{\"@id\":\"https:\\\/\\\/www.institutfrancais-jerusalem.org\\\/chateaubriand\\\/agenda-culturel\\\/debats-didees-livres\\\/#primaryimage\"},\"thumbnailUrl\":\"https:\\\/\\\/www.institutfrancais-jerusalem.org\\\/wp-content\\\/uploads\\\/sites\\\/12\\\/2017\\\/08\\\/kimberly-farmer-287677-1024x681.jpg\",\"datePublished\":\"2017-08-07T17:48:01+00:00\",\"dateModified\":\"2018-02-01T22:13:41+00:00\",\"breadcrumb\":{\"@id\":\"https:\\\/\\\/www.institutfrancais-jerusalem.org\\\/chateaubriand\\\/agenda-culturel\\\/debats-didees-livres\\\/#breadcrumb\"},\"inLanguage\":\"fr-FR\",\"potentialAction\":[{\"@type\":\"ReadAction\",\"target\":[\"https:\\\/\\\/www.institutfrancais-jerusalem.org\\\/chateaubriand\\\/agenda-culturel\\\/debats-didees-livres\\\/\"]}]},{\"@type\":\"ImageObject\",\"inLanguage\":\"fr-FR\",\"@id\":\"https:\\\/\\\/www.institutfrancais-jerusalem.org\\\/chateaubriand\\\/agenda-culturel\\\/debats-didees-livres\\\/#primaryimage\",\"url\":\"https:\\\/\\\/www.institutfrancais-jerusalem.org\\\/wp-content\\\/uploads\\\/sites\\\/12\\\/2017\\\/08\\\/kimberly-farmer-287677-1024x681.jpg\",\"contentUrl\":\"https:\\\/\\\/www.institutfrancais-jerusalem.org\\\/wp-content\\\/uploads\\\/sites\\\/12\\\/2017\\\/08\\\/kimberly-farmer-287677-1024x681.jpg\"},{\"@type\":\"BreadcrumbList\",\"@id\":\"https:\\\/\\\/www.institutfrancais-jerusalem.org\\\/chateaubriand\\\/agenda-culturel\\\/debats-didees-livres\\\/#breadcrumb\",\"itemListElement\":[{\"@type\":\"ListItem\",\"position\":1,\"name\":\"Accueil\",\"item\":\"https:\\\/\\\/www.institutfrancais-jerusalem.org\\\/chateaubriand\\\/\"},{\"@type\":\"ListItem\",\"position\":2,\"name\":\"AGENDA CULTUREL\",\"item\":\"https:\\\/\\\/www.institutfrancais-jerusalem.org\\\/chateaubriand\\\/agenda-culturel\\\/\"},{\"@type\":\"ListItem\",\"position\":3,\"name\":\"DEBATS D&rsquo;IDEES &#038; LIVRES\"}]},{\"@type\":\"WebSite\",\"@id\":\"https:\\\/\\\/www.institutfrancais-jerusalem.org\\\/chateaubriand\\\/#website\",\"url\":\"https:\\\/\\\/www.institutfrancais-jerusalem.org\\\/chateaubriand\\\/\",\"name\":\"Institut Fran\u00e7ais de J\u00e9rusalem - Chateaubriand\",\"description\":\"\",\"potentialAction\":[{\"@type\":\"SearchAction\",\"target\":{\"@type\":\"EntryPoint\",\"urlTemplate\":\"https:\\\/\\\/www.institutfrancais-jerusalem.org\\\/chateaubriand\\\/?s={search_term_string}\"},\"query-input\":{\"@type\":\"PropertyValueSpecification\",\"valueRequired\":true,\"valueName\":\"search_term_string\"}}],\"inLanguage\":\"fr-FR\"}]}<\/script>\n<!-- \/ Yoast SEO plugin. -->","yoast_head_json":{"title":"DEBATS D'IDEES & LIVRES - Institut Fran\u00e7ais de J\u00e9rusalem - Chateaubriand","robots":{"index":"index","follow":"follow","max-snippet":"max-snippet:-1","max-image-preview":"max-image-preview:large","max-video-preview":"max-video-preview:-1"},"canonical":"https:\/\/www.institutfrancais-jerusalem.org\/chateaubriand\/agenda-culturel\/debats-didees-livres\/","og_locale":"fr_FR","og_type":"article","og_title":"DEBATS D'IDEES & LIVRES - Institut Fran\u00e7ais de J\u00e9rusalem - Chateaubriand","og_description":"L\u2019Institut fran\u00e7ais de J\u00e9rusalem (IFJ) organise r\u00e9guli\u00e8rement des tables rondes, colloques, s\u00e9minaires, rencontres, ateliers et pr\u00e9sentations d\u2019ouvrages. L\u2019Institut fran\u00e7ais se veut un lieu de d\u00e9bat d\u2019id\u00e9es, d\u2019\u00e9changes et d\u2019expression sur les grandes questions de soci\u00e9t\u00e9 et d\u2019int\u00e9r\u00eats partag\u00e9s. A travers une coop\u00e9ration \u00e9troite avec les universitaires, journalistes, \u00e9crivains et acteurs de la soci\u00e9t\u00e9 civile, il &hellip;","og_url":"https:\/\/www.institutfrancais-jerusalem.org\/chateaubriand\/agenda-culturel\/debats-didees-livres\/","og_site_name":"Institut Fran\u00e7ais de J\u00e9rusalem - Chateaubriand","article_modified_time":"2018-02-01T22:13:41+00:00","og_image":[{"url":"https:\/\/www.institutfrancais-jerusalem.org\/wp-content\/uploads\/sites\/12\/2017\/08\/kimberly-farmer-287677-1024x681.jpg","type":"","width":"","height":""}],"twitter_card":"summary_large_image","twitter_misc":{"Dur\u00e9e de lecture estim\u00e9e":"2 minutes"},"schema":{"@context":"https:\/\/schema.org","@graph":[{"@type":"WebPage","@id":"https:\/\/www.institutfrancais-jerusalem.org\/chateaubriand\/agenda-culturel\/debats-didees-livres\/","url":"https:\/\/www.institutfrancais-jerusalem.org\/chateaubriand\/agenda-culturel\/debats-didees-livres\/","name":"DEBATS D'IDEES & LIVRES - Institut Fran\u00e7ais de J\u00e9rusalem - Chateaubriand","isPartOf":{"@id":"https:\/\/www.institutfrancais-jerusalem.org\/chateaubriand\/#website"},"primaryImageOfPage":{"@id":"https:\/\/www.institutfrancais-jerusalem.org\/chateaubriand\/agenda-culturel\/debats-didees-livres\/#primaryimage"},"image":{"@id":"https:\/\/www.institutfrancais-jerusalem.org\/chateaubriand\/agenda-culturel\/debats-didees-livres\/#primaryimage"},"thumbnailUrl":"https:\/\/www.institutfrancais-jerusalem.org\/wp-content\/uploads\/sites\/12\/2017\/08\/kimberly-farmer-287677-1024x681.jpg","datePublished":"2017-08-07T17:48:01+00:00","dateModified":"2018-02-01T22:13:41+00:00","breadcrumb":{"@id":"https:\/\/www.institutfrancais-jerusalem.org\/chateaubriand\/agenda-culturel\/debats-didees-livres\/#breadcrumb"},"inLanguage":"fr-FR","potentialAction":[{"@type":"ReadAction","target":["https:\/\/www.institutfrancais-jerusalem.org\/chateaubriand\/agenda-culturel\/debats-didees-livres\/"]}]},{"@type":"ImageObject","inLanguage":"fr-FR","@id":"https:\/\/www.institutfrancais-jerusalem.org\/chateaubriand\/agenda-culturel\/debats-didees-livres\/#primaryimage","url":"https:\/\/www.institutfrancais-jerusalem.org\/wp-content\/uploads\/sites\/12\/2017\/08\/kimberly-farmer-287677-1024x681.jpg","contentUrl":"https:\/\/www.institutfrancais-jerusalem.org\/wp-content\/uploads\/sites\/12\/2017\/08\/kimberly-farmer-287677-1024x681.jpg"},{"@type":"BreadcrumbList","@id":"https:\/\/www.institutfrancais-jerusalem.org\/chateaubriand\/agenda-culturel\/debats-didees-livres\/#breadcrumb","itemListElement":[{"@type":"ListItem","position":1,"name":"Accueil","item":"https:\/\/www.institutfrancais-jerusalem.org\/chateaubriand\/"},{"@type":"ListItem","position":2,"name":"AGENDA CULTUREL","item":"https:\/\/www.institutfrancais-jerusalem.org\/chateaubriand\/agenda-culturel\/"},{"@type":"ListItem","position":3,"name":"DEBATS D&rsquo;IDEES &#038; LIVRES"}]},{"@type":"WebSite","@id":"https:\/\/www.institutfrancais-jerusalem.org\/chateaubriand\/#website","url":"https:\/\/www.institutfrancais-jerusalem.org\/chateaubriand\/","name":"Institut Fran\u00e7ais de J\u00e9rusalem - Chateaubriand","description":"","potentialAction":[{"@type":"SearchAction","target":{"@type":"EntryPoint","urlTemplate":"https:\/\/www.institutfrancais-jerusalem.org\/chateaubriand\/?s={search_term_string}"},"query-input":{"@type":"PropertyValueSpecification","valueRequired":true,"valueName":"search_term_string"}}],"inLanguage":"fr-FR"}]}},"_links":{"self":[{"href":"https:\/\/www.institutfrancais-jerusalem.org\/chateaubriand\/wp-json\/wp\/v2\/pages\/1527","targetHints":{"allow":["GET"]}}],"collection":[{"href":"https:\/\/www.institutfrancais-jerusalem.org\/chateaubriand\/wp-json\/wp\/v2\/pages"}],"about":[{"href":"https:\/\/www.institutfrancais-jerusalem.org\/chateaubriand\/wp-json\/wp\/v2\/types\/page"}],"author":[{"embeddable":true,"href":"https:\/\/www.institutfrancais-jerusalem.org\/chateaubriand\/wp-json\/wp\/v2\/users\/1"}],"replies":[{"embeddable":true,"href":"https:\/\/www.institutfrancais-jerusalem.org\/chateaubriand\/wp-json\/wp\/v2\/comments?post=1527"}],"version-history":[{"count":4,"href":"https:\/\/www.institutfrancais-jerusalem.org\/chateaubriand\/wp-json\/wp\/v2\/pages\/1527\/revisions"}],"predecessor-version":[{"id":2381,"href":"https:\/\/www.institutfrancais-jerusalem.org\/chateaubriand\/wp-json\/wp\/v2\/pages\/1527\/revisions\/2381"}],"up":[{"embeddable":true,"href":"https:\/\/www.institutfrancais-jerusalem.org\/chateaubriand\/wp-json\/wp\/v2\/pages\/1328"}],"wp:attachment":[{"href":"https:\/\/www.institutfrancais-jerusalem.org\/chateaubriand\/wp-json\/wp\/v2\/media?parent=1527"}],"curies":[{"name":"wp","href":"https:\/\/api.w.org\/{rel}","templated":true}]}}