{"id":1413,"date":"2017-08-07T15:58:49","date_gmt":"2017-08-07T13:58:49","guid":{"rendered":"http:\/\/ifjerusalem-romaingary.org\/?page_id=1413"},"modified":"2019-09-11T14:01:32","modified_gmt":"2019-09-11T12:01:32","slug":"adherer","status":"publish","type":"page","link":"https:\/\/www.institutfrancais-jerusalem.org\/chateaubriand\/nos-mediatheques\/adherer\/","title":{"rendered":"ADH\u00c9RER"},"content":{"rendered":"<p class=\"p1\"><span class=\"s1\"><b>Conditions d\u2019adh\u00e9sion<\/b><\/span><\/p>\n<p class=\"p3\"><span class=\"s1\"><b>Institut fran\u00e7ais de J\u00e9rusalem &#8211; antenne Chateaubriand :\u00a0<\/b><\/span><\/p>\n<ul>\n<li>La consultation sur place est libre et gratuite pendant les heures d\u2019ouverture.<\/li>\n<li>L\u2019emprunt des documents est r\u00e9serv\u00e9 aux personnes abonn\u00e9es \u00e0 la m\u00e9diath\u00e8que.<\/li>\n<li>Les logiciels d\u2019apprentissage et p\u00e9riodiques ne peuvent \u00eatre emprunt\u00e9s.<\/li>\n<\/ul>\n<p class=\"p3\"><span class=\"s1\"><b>Tarifs :<\/b><\/span><\/p>\n<ul>\n<li>300 NIS par an\u00a0 \u2013\u00a0 150 NIS pour 6 mois<\/li>\n<li>150 NIS par an pour les \u00e9tudiants de l\u2019Institut fran\u00e7ais de J\u00e9rusalem \u2013 antenne Chateaubriand<\/li>\n<\/ul>\n","protected":false},"excerpt":{"rendered":"<p>Conditions d\u2019adh\u00e9sion Institut fran\u00e7ais de J\u00e9rusalem &#8211; antenne Chateaubriand :\u00a0 La consultation sur place est libre et gratuite pendant les heures d\u2019ouverture. L\u2019emprunt des documents est r\u00e9serv\u00e9 aux personnes abonn\u00e9es \u00e0 la m\u00e9diath\u00e8que. Les logiciels d\u2019apprentissage et p\u00e9riodiques ne peuvent \u00eatre emprunt\u00e9s. Tarifs : 300 NIS par an\u00a0 \u2013\u00a0 150 NIS pour 6 mois 150 &hellip;<\/p>\n","protected":false},"author":1,"featured_media":0,"parent":1331,"menu_order":0,"comment_status":"closed","ping_status":"closed","template":"","meta":{"footnotes":""},"class_list":["post-1413","page","type-page","status-publish",""],"yoast_head":"<!-- This site is optimized with the Yoast SEO plugin v27.5 - https:\/\/yoast.com\/product\/yoast-seo-wordpress\/ -->\n<title>ADH\u00c9RER - Institut Fran\u00e7ais de J\u00e9rusalem - Chateaubriand<\/title>\n<meta name=\"robots\" content=\"index, follow, max-snippet:-1, max-image-preview:large, max-video-preview:-1\" \/>\n<link rel=\"canonical\" href=\"https:\/\/www.institutfrancais-jerusalem.org\/chateaubriand\/nos-mediatheques\/adherer\/\" \/>\n<meta property=\"og:locale\" content=\"fr_FR\" \/>\n<meta property=\"og:type\" content=\"article\" \/>\n<meta property=\"og:title\" content=\"ADH\u00c9RER - Institut Fran\u00e7ais de J\u00e9rusalem - Chateaubriand\" \/>\n<meta property=\"og:description\" content=\"Conditions d\u2019adh\u00e9sion Institut fran\u00e7ais de J\u00e9rusalem &#8211; antenne Chateaubriand :\u00a0 La consultation sur place est libre et gratuite pendant les heures d\u2019ouverture. L\u2019emprunt des documents est r\u00e9serv\u00e9 aux personnes abonn\u00e9es \u00e0 la m\u00e9diath\u00e8que. Les logiciels d\u2019apprentissage et p\u00e9riodiques ne peuvent \u00eatre emprunt\u00e9s. Tarifs : 300 NIS par an\u00a0 \u2013\u00a0 150 NIS pour 6 mois 150 &hellip;\" \/>\n<meta property=\"og:url\" content=\"https:\/\/www.institutfrancais-jerusalem.org\/chateaubriand\/nos-mediatheques\/adherer\/\" \/>\n<meta property=\"og:site_name\" content=\"Institut Fran\u00e7ais de J\u00e9rusalem - Chateaubriand\" \/>\n<meta property=\"article:modified_time\" content=\"2019-09-11T12:01:32+00:00\" \/>\n<meta name=\"twitter:card\" content=\"summary_large_image\" \/>\n<script type=\"application\/ld+json\" class=\"yoast-schema-graph\">{\"@context\":\"https:\\\/\\\/schema.org\",\"@graph\":[{\"@type\":\"WebPage\",\"@id\":\"https:\\\/\\\/www.institutfrancais-jerusalem.org\\\/chateaubriand\\\/nos-mediatheques\\\/adherer\\\/\",\"url\":\"https:\\\/\\\/www.institutfrancais-jerusalem.org\\\/chateaubriand\\\/nos-mediatheques\\\/adherer\\\/\",\"name\":\"ADH\u00c9RER - Institut Fran\u00e7ais de J\u00e9rusalem - Chateaubriand\",\"isPartOf\":{\"@id\":\"https:\\\/\\\/www.institutfrancais-jerusalem.org\\\/chateaubriand\\\/#website\"},\"datePublished\":\"2017-08-07T13:58:49+00:00\",\"dateModified\":\"2019-09-11T12:01:32+00:00\",\"breadcrumb\":{\"@id\":\"https:\\\/\\\/www.institutfrancais-jerusalem.org\\\/chateaubriand\\\/nos-mediatheques\\\/adherer\\\/#breadcrumb\"},\"inLanguage\":\"fr-FR\",\"potentialAction\":[{\"@type\":\"ReadAction\",\"target\":[\"https:\\\/\\\/www.institutfrancais-jerusalem.org\\\/chateaubriand\\\/nos-mediatheques\\\/adherer\\\/\"]}]},{\"@type\":\"BreadcrumbList\",\"@id\":\"https:\\\/\\\/www.institutfrancais-jerusalem.org\\\/chateaubriand\\\/nos-mediatheques\\\/adherer\\\/#breadcrumb\",\"itemListElement\":[{\"@type\":\"ListItem\",\"position\":1,\"name\":\"Accueil\",\"item\":\"https:\\\/\\\/www.institutfrancais-jerusalem.org\\\/chateaubriand\\\/\"},{\"@type\":\"ListItem\",\"position\":2,\"name\":\"NOTRE M\u00c9DIATH\u00c8QUE\",\"item\":\"https:\\\/\\\/www.institutfrancais-jerusalem.org\\\/chateaubriand\\\/nos-mediatheques\\\/\"},{\"@type\":\"ListItem\",\"position\":3,\"name\":\"ADH\u00c9RER\"}]},{\"@type\":\"WebSite\",\"@id\":\"https:\\\/\\\/www.institutfrancais-jerusalem.org\\\/chateaubriand\\\/#website\",\"url\":\"https:\\\/\\\/www.institutfrancais-jerusalem.org\\\/chateaubriand\\\/\",\"name\":\"Institut Fran\u00e7ais de J\u00e9rusalem - Chateaubriand\",\"description\":\"\",\"potentialAction\":[{\"@type\":\"SearchAction\",\"target\":{\"@type\":\"EntryPoint\",\"urlTemplate\":\"https:\\\/\\\/www.institutfrancais-jerusalem.org\\\/chateaubriand\\\/?s={search_term_string}\"},\"query-input\":{\"@type\":\"PropertyValueSpecification\",\"valueRequired\":true,\"valueName\":\"search_term_string\"}}],\"inLanguage\":\"fr-FR\"}]}<\/script>\n<!-- \/ Yoast SEO plugin. -->","yoast_head_json":{"title":"ADH\u00c9RER - Institut Fran\u00e7ais de J\u00e9rusalem - Chateaubriand","robots":{"index":"index","follow":"follow","max-snippet":"max-snippet:-1","max-image-preview":"max-image-preview:large","max-video-preview":"max-video-preview:-1"},"canonical":"https:\/\/www.institutfrancais-jerusalem.org\/chateaubriand\/nos-mediatheques\/adherer\/","og_locale":"fr_FR","og_type":"article","og_title":"ADH\u00c9RER - Institut Fran\u00e7ais de J\u00e9rusalem - Chateaubriand","og_description":"Conditions d\u2019adh\u00e9sion Institut fran\u00e7ais de J\u00e9rusalem &#8211; antenne Chateaubriand :\u00a0 La consultation sur place est libre et gratuite pendant les heures d\u2019ouverture. L\u2019emprunt des documents est r\u00e9serv\u00e9 aux personnes abonn\u00e9es \u00e0 la m\u00e9diath\u00e8que. Les logiciels d\u2019apprentissage et p\u00e9riodiques ne peuvent \u00eatre emprunt\u00e9s. Tarifs : 300 NIS par an\u00a0 \u2013\u00a0 150 NIS pour 6 mois 150 &hellip;","og_url":"https:\/\/www.institutfrancais-jerusalem.org\/chateaubriand\/nos-mediatheques\/adherer\/","og_site_name":"Institut Fran\u00e7ais de J\u00e9rusalem - Chateaubriand","article_modified_time":"2019-09-11T12:01:32+00:00","twitter_card":"summary_large_image","schema":{"@context":"https:\/\/schema.org","@graph":[{"@type":"WebPage","@id":"https:\/\/www.institutfrancais-jerusalem.org\/chateaubriand\/nos-mediatheques\/adherer\/","url":"https:\/\/www.institutfrancais-jerusalem.org\/chateaubriand\/nos-mediatheques\/adherer\/","name":"ADH\u00c9RER - Institut Fran\u00e7ais de J\u00e9rusalem - Chateaubriand","isPartOf":{"@id":"https:\/\/www.institutfrancais-jerusalem.org\/chateaubriand\/#website"},"datePublished":"2017-08-07T13:58:49+00:00","dateModified":"2019-09-11T12:01:32+00:00","breadcrumb":{"@id":"https:\/\/www.institutfrancais-jerusalem.org\/chateaubriand\/nos-mediatheques\/adherer\/#breadcrumb"},"inLanguage":"fr-FR","potentialAction":[{"@type":"ReadAction","target":["https:\/\/www.institutfrancais-jerusalem.org\/chateaubriand\/nos-mediatheques\/adherer\/"]}]},{"@type":"BreadcrumbList","@id":"https:\/\/www.institutfrancais-jerusalem.org\/chateaubriand\/nos-mediatheques\/adherer\/#breadcrumb","itemListElement":[{"@type":"ListItem","position":1,"name":"Accueil","item":"https:\/\/www.institutfrancais-jerusalem.org\/chateaubriand\/"},{"@type":"ListItem","position":2,"name":"NOTRE M\u00c9DIATH\u00c8QUE","item":"https:\/\/www.institutfrancais-jerusalem.org\/chateaubriand\/nos-mediatheques\/"},{"@type":"ListItem","position":3,"name":"ADH\u00c9RER"}]},{"@type":"WebSite","@id":"https:\/\/www.institutfrancais-jerusalem.org\/chateaubriand\/#website","url":"https:\/\/www.institutfrancais-jerusalem.org\/chateaubriand\/","name":"Institut Fran\u00e7ais de J\u00e9rusalem - Chateaubriand","description":"","potentialAction":[{"@type":"SearchAction","target":{"@type":"EntryPoint","urlTemplate":"https:\/\/www.institutfrancais-jerusalem.org\/chateaubriand\/?s={search_term_string}"},"query-input":{"@type":"PropertyValueSpecification","valueRequired":true,"valueName":"search_term_string"}}],"inLanguage":"fr-FR"}]}},"_links":{"self":[{"href":"https:\/\/www.institutfrancais-jerusalem.org\/chateaubriand\/wp-json\/wp\/v2\/pages\/1413","targetHints":{"allow":["GET"]}}],"collection":[{"href":"https:\/\/www.institutfrancais-jerusalem.org\/chateaubriand\/wp-json\/wp\/v2\/pages"}],"about":[{"href":"https:\/\/www.institutfrancais-jerusalem.org\/chateaubriand\/wp-json\/wp\/v2\/types\/page"}],"author":[{"embeddable":true,"href":"https:\/\/www.institutfrancais-jerusalem.org\/chateaubriand\/wp-json\/wp\/v2\/users\/1"}],"replies":[{"embeddable":true,"href":"https:\/\/www.institutfrancais-jerusalem.org\/chateaubriand\/wp-json\/wp\/v2\/comments?post=1413"}],"version-history":[{"count":6,"href":"https:\/\/www.institutfrancais-jerusalem.org\/chateaubriand\/wp-json\/wp\/v2\/pages\/1413\/revisions"}],"predecessor-version":[{"id":3882,"href":"https:\/\/www.institutfrancais-jerusalem.org\/chateaubriand\/wp-json\/wp\/v2\/pages\/1413\/revisions\/3882"}],"up":[{"embeddable":true,"href":"https:\/\/www.institutfrancais-jerusalem.org\/chateaubriand\/wp-json\/wp\/v2\/pages\/1331"}],"wp:attachment":[{"href":"https:\/\/www.institutfrancais-jerusalem.org\/chateaubriand\/wp-json\/wp\/v2\/media?parent=1413"}],"curies":[{"name":"wp","href":"https:\/\/api.w.org\/{rel}","templated":true}]}}