{"id":1407,"date":"2017-08-07T15:57:31","date_gmt":"2017-08-07T13:57:31","guid":{"rendered":"http:\/\/ifjerusalem-romaingary.org\/?page_id=1407"},"modified":"2023-01-20T14:24:52","modified_gmt":"2023-01-20T13:24:52","slug":"nous-rejoindre","status":"publish","type":"page","link":"https:\/\/www.institutfrancais-jerusalem.org\/chateaubriand\/qui-sommes-nous\/nous-rejoindre\/","title":{"rendered":"NOUS REJOINDRE"},"content":{"rendered":"<p><img loading=\"lazy\" decoding=\"async\" class=\"aligncenter size-full wp-image-6017\" src=\"https:\/\/www.institutfrancais-jerusalem.org\/chateaubriand\/wp-content\/uploads\/sites\/12\/2023\/01\/IMG_7236-scaled.jpg\" alt=\"\" width=\"1920\" height=\"2560\" srcset=\"https:\/\/www.institutfrancais-jerusalem.org\/chateaubriand\/wp-content\/uploads\/sites\/12\/2023\/01\/IMG_7236-scaled.jpg 1920w, https:\/\/www.institutfrancais-jerusalem.org\/chateaubriand\/wp-content\/uploads\/sites\/12\/2023\/01\/IMG_7236-225x300.jpg 225w, https:\/\/www.institutfrancais-jerusalem.org\/chateaubriand\/wp-content\/uploads\/sites\/12\/2023\/01\/IMG_7236-768x1024.jpg 768w, https:\/\/www.institutfrancais-jerusalem.org\/chateaubriand\/wp-content\/uploads\/sites\/12\/2023\/01\/IMG_7236-1152x1536.jpg 1152w, https:\/\/www.institutfrancais-jerusalem.org\/chateaubriand\/wp-content\/uploads\/sites\/12\/2023\/01\/IMG_7236-1536x2048.jpg 1536w\" sizes=\"auto, (max-width: 1920px) 100vw, 1920px\" \/><\/p>\n<div class=\"page\" title=\"Page 1\">\n<div class=\"layoutArea\">\n<div class=\"page\" title=\"Page 1\">\n<div class=\"layoutArea\">\n<div class=\"column\">\n<h4><span style=\"color: #009bdb;\"><strong>Stagiaire FLE au\u00a0Service de coop\u00e9ration linguistique et \u00e9ducative &#8211; Institut fran\u00e7ais de J\u00e9rusalem<br \/>\n(antenne Chateaubriand)<\/strong><\/span><\/h4>\n<p><strong style=\"color: #009bdb;\">A propos :<\/strong><\/p>\n<\/div>\n<div class=\"page\" title=\"Page 1\">\n<div class=\"layoutArea\">\n<div class=\"column\">\n<div class=\"page\" title=\"Page 1\">\n<div class=\"layoutArea\">\n<div class=\"column\">\n<p>Le service de coope\u0301ration linguistique et e\u0301ducative propose des actions de formation continue pour les enseignants de franc\u0327ais des e\u0301coles palestiniennes et a en charge la gestion centrale des examens du DELF et du DALF.<br \/>\nL\u2019Institut franc\u0327ais de Je\u0301rusalem \u2013 antenne Chateaubriand est situe\u0301 a\u0300 Je\u0301rusalem Est. Il dispense des cours de langues et propose des activite\u0301s pour enfants comme le cine\u0301-gou\u0302ter et les camps de vacances.<\/p>\n<\/div>\n<\/div>\n<\/div>\n<\/div>\n<\/div>\n<\/div>\n<div class=\"column\">\n<p><span style=\"color: #009bdb;\"><strong>Missions :<\/strong><\/span><\/p>\n<div class=\"page\" title=\"Page 1\">\n<div class=\"layoutArea\">\n<div class=\"column\">\n<p>La mission s\u2019exercera principalement aupre\u0300s du service de coope\u0301ration linguistique et e\u0301ducative. Il s\u2019agira de :<\/p>\n<p>&#8211; dispenser des cours de franc\u0327ais renforce\u0301 pour les professeurs de franc\u0327ais des e\u0301coles publiques et prive\u0301es ;<\/p>\n<p>&#8211; contribuer a\u0300 l\u2019organisation des plannings, a\u0300 la passation et a\u0300 la gestion des examens de langue franc\u0327aise (DELF\/DALF, TCF, TEFAQ, TCF, TCF Que\u0301bec) pour l\u2019Institut franc\u0327ais de Je\u0301rusalem (Je\u0301rusalem, Gaza et Territoires palestiniens) sous la direction de la coope\u0301ration linguistique et e\u0301ducative.<\/p>\n<p>Le stagiaire exercera une autre partie de sa mission aupre\u0300s de l\u2019institut franc\u0327ais de Je\u0301rusalem- Chateaubriand. Il s\u2019agira de :<\/p>\n<p>&#8211; contribuer a\u0300 l\u2019enseignement du franc\u0327ais notamment pour des niveaux avance\u0301s et cours de conversation ;<\/p>\n<p>&#8211; organiser et animer des ateliers de vacances en langue franc\u0327aise : cre\u0301ation des plannings, des supports d\u2019activite\u0301s et de cours.<\/p>\n<\/div>\n<\/div>\n<\/div>\n<p><span style=\"color: #009bdb;\"><strong>Compe\u0301tences requises :<\/strong><\/span><\/p>\n<div class=\"page\" title=\"Page 1\">\n<div class=\"layoutArea\">\n<div class=\"column\">\n<p>\u2212 Master FLE en cours ;<br \/>\n\u2212 habilitation examinateur-correcteur (A1 a\u0300 C1) ;<br \/>\n\u2212 Capacite\u0301 a\u0300 travailler en e\u0301quipe ;<br \/>\n\u2212 Bon niveau d\u2019anglais ; la connaissance de l\u2019arabe serait appre\u0301cie\u0301e ;<br \/>\n\u2212 Enthousiasme, disponibilite\u0301, flexibilite\u0301 et bonne capacite\u0301 d\u2019adaptation.<\/p>\n<\/div>\n<\/div>\n<\/div>\n<p><span style=\"color: #009bdb;\"><strong>Informations sur les conditions de prise en charge et encadrement du stagiaire :<\/strong><\/span><\/p>\n<div class=\"page\" title=\"Page 1\">\n<div class=\"layoutArea\">\n<div class=\"column\">\n<p>\u2212 Convention obligatoire avec un e\u0301tablissement d\u2019enseignement supe\u0301rieur franc\u0327ais ;<\/p>\n<p>\u2212Stage de 4 a\u0300 6mois a\u0300 partir du 1er mars 2023 ;<br \/>\n\u2212 35 heures par semaine ;<br \/>\n\u2212 Le billet d\u2019avion et le logement sont a\u0300 la charge du stagiaire ;<\/p>\n<p>\u2212 Indemnite\u0301 de stage mensuelle sur la base le\u0301gale franc\u0327aise.<\/p>\n<\/div>\n<\/div>\n<\/div>\n<p><span style=\"color: #009bdb;\"><strong>Proce\u0301dure a\u0300 suivre pour pre\u0301senter sa candidature :<\/strong><\/span><\/p>\n<div class=\"page\" title=\"Page 1\">\n<div class=\"layoutArea\">\n<div class=\"column\">\n<p>&#8211; Envoyer lettre de motivation + CV a\u0300 education@consulfrance-jerusalem.org<\/p>\n<p>&#8211; <span style=\"text-decoration: underline;\"><strong>Date limite de candidature : 5 fe\u0301vrier 2023<\/strong><\/span><\/p>\n<\/div>\n<\/div>\n<\/div>\n<p><span style=\"color: #3366ff;\"><strong><a style=\"color: #3366ff;\" href=\"https:\/\/www.institutfrancais-jerusalem.org\/chateaubriand\/wp-content\/uploads\/sites\/12\/2023\/01\/Offre-de-stage-stagiaire-FLE.pdf\">&gt;&gt;&gt; T\u00e9l\u00e9chargez l&rsquo;annonce &lt;&lt;&lt;<\/a><\/strong><\/span><\/p>\n<\/div>\n<\/div>\n<\/div>\n<\/div>\n<\/div>\n","protected":false},"excerpt":{"rendered":"<p>Stagiaire FLE au\u00a0Service de coop\u00e9ration linguistique et \u00e9ducative &#8211; Institut fran\u00e7ais de J\u00e9rusalem (antenne Chateaubriand) A propos : Le service de coope\u0301ration linguistique et e\u0301ducative propose des actions de formation continue pour les enseignants de franc\u0327ais des e\u0301coles palestiniennes et a en charge la gestion centrale des examens du DELF et du DALF. L\u2019Institut franc\u0327ais &hellip;<\/p>\n","protected":false},"author":1,"featured_media":0,"parent":377,"menu_order":0,"comment_status":"closed","ping_status":"closed","template":"","meta":{"footnotes":""},"class_list":["post-1407","page","type-page","status-publish",""],"yoast_head":"<!-- This site is optimized with the Yoast SEO plugin v27.5 - https:\/\/yoast.com\/product\/yoast-seo-wordpress\/ -->\n<title>NOUS REJOINDRE - Institut Fran\u00e7ais de J\u00e9rusalem - Chateaubriand<\/title>\n<meta name=\"robots\" content=\"index, follow, max-snippet:-1, max-image-preview:large, max-video-preview:-1\" \/>\n<link rel=\"canonical\" href=\"https:\/\/www.institutfrancais-jerusalem.org\/chateaubriand\/qui-sommes-nous\/nous-rejoindre\/\" \/>\n<meta property=\"og:locale\" content=\"fr_FR\" \/>\n<meta property=\"og:type\" content=\"article\" \/>\n<meta property=\"og:title\" content=\"NOUS REJOINDRE - Institut Fran\u00e7ais de J\u00e9rusalem - Chateaubriand\" \/>\n<meta property=\"og:description\" content=\"Stagiaire FLE au\u00a0Service de coop\u00e9ration linguistique et \u00e9ducative &#8211; Institut fran\u00e7ais de J\u00e9rusalem (antenne Chateaubriand) A propos : Le service de coope\u0301ration linguistique et e\u0301ducative propose des actions de formation continue pour les enseignants de franc\u0327ais des e\u0301coles palestiniennes et a en charge la gestion centrale des examens du DELF et du DALF. L\u2019Institut franc\u0327ais &hellip;\" \/>\n<meta property=\"og:url\" content=\"https:\/\/www.institutfrancais-jerusalem.org\/chateaubriand\/qui-sommes-nous\/nous-rejoindre\/\" \/>\n<meta property=\"og:site_name\" content=\"Institut Fran\u00e7ais de J\u00e9rusalem - Chateaubriand\" \/>\n<meta property=\"article:modified_time\" content=\"2023-01-20T13:24:52+00:00\" \/>\n<meta property=\"og:image\" content=\"https:\/\/www.institutfrancais-jerusalem.org\/chateaubriand\/wp-content\/uploads\/sites\/12\/2023\/01\/IMG_7236-scaled.jpg\" \/>\n<meta name=\"twitter:card\" content=\"summary_large_image\" \/>\n<meta name=\"twitter:label1\" content=\"Dur\u00e9e de lecture estim\u00e9e\" \/>\n\t<meta name=\"twitter:data1\" content=\"2 minutes\" \/>\n<script type=\"application\/ld+json\" class=\"yoast-schema-graph\">{\"@context\":\"https:\\\/\\\/schema.org\",\"@graph\":[{\"@type\":\"WebPage\",\"@id\":\"https:\\\/\\\/www.institutfrancais-jerusalem.org\\\/chateaubriand\\\/qui-sommes-nous\\\/nous-rejoindre\\\/\",\"url\":\"https:\\\/\\\/www.institutfrancais-jerusalem.org\\\/chateaubriand\\\/qui-sommes-nous\\\/nous-rejoindre\\\/\",\"name\":\"NOUS REJOINDRE - Institut Fran\u00e7ais de J\u00e9rusalem - Chateaubriand\",\"isPartOf\":{\"@id\":\"https:\\\/\\\/www.institutfrancais-jerusalem.org\\\/chateaubriand\\\/#website\"},\"primaryImageOfPage\":{\"@id\":\"https:\\\/\\\/www.institutfrancais-jerusalem.org\\\/chateaubriand\\\/qui-sommes-nous\\\/nous-rejoindre\\\/#primaryimage\"},\"image\":{\"@id\":\"https:\\\/\\\/www.institutfrancais-jerusalem.org\\\/chateaubriand\\\/qui-sommes-nous\\\/nous-rejoindre\\\/#primaryimage\"},\"thumbnailUrl\":\"https:\\\/\\\/www.institutfrancais-jerusalem.org\\\/chateaubriand\\\/wp-content\\\/uploads\\\/sites\\\/12\\\/2023\\\/01\\\/IMG_7236-scaled.jpg\",\"datePublished\":\"2017-08-07T13:57:31+00:00\",\"dateModified\":\"2023-01-20T13:24:52+00:00\",\"breadcrumb\":{\"@id\":\"https:\\\/\\\/www.institutfrancais-jerusalem.org\\\/chateaubriand\\\/qui-sommes-nous\\\/nous-rejoindre\\\/#breadcrumb\"},\"inLanguage\":\"fr-FR\",\"potentialAction\":[{\"@type\":\"ReadAction\",\"target\":[\"https:\\\/\\\/www.institutfrancais-jerusalem.org\\\/chateaubriand\\\/qui-sommes-nous\\\/nous-rejoindre\\\/\"]}]},{\"@type\":\"ImageObject\",\"inLanguage\":\"fr-FR\",\"@id\":\"https:\\\/\\\/www.institutfrancais-jerusalem.org\\\/chateaubriand\\\/qui-sommes-nous\\\/nous-rejoindre\\\/#primaryimage\",\"url\":\"https:\\\/\\\/www.institutfrancais-jerusalem.org\\\/chateaubriand\\\/wp-content\\\/uploads\\\/sites\\\/12\\\/2023\\\/01\\\/IMG_7236-scaled.jpg\",\"contentUrl\":\"https:\\\/\\\/www.institutfrancais-jerusalem.org\\\/chateaubriand\\\/wp-content\\\/uploads\\\/sites\\\/12\\\/2023\\\/01\\\/IMG_7236-scaled.jpg\",\"width\":1920,\"height\":2560},{\"@type\":\"BreadcrumbList\",\"@id\":\"https:\\\/\\\/www.institutfrancais-jerusalem.org\\\/chateaubriand\\\/qui-sommes-nous\\\/nous-rejoindre\\\/#breadcrumb\",\"itemListElement\":[{\"@type\":\"ListItem\",\"position\":1,\"name\":\"Accueil\",\"item\":\"https:\\\/\\\/www.institutfrancais-jerusalem.org\\\/chateaubriand\\\/\"},{\"@type\":\"ListItem\",\"position\":2,\"name\":\"QUI SOMMES-NOUS ?\",\"item\":\"https:\\\/\\\/www.institutfrancais-jerusalem.org\\\/chateaubriand\\\/qui-sommes-nous\\\/\"},{\"@type\":\"ListItem\",\"position\":3,\"name\":\"NOUS REJOINDRE\"}]},{\"@type\":\"WebSite\",\"@id\":\"https:\\\/\\\/www.institutfrancais-jerusalem.org\\\/chateaubriand\\\/#website\",\"url\":\"https:\\\/\\\/www.institutfrancais-jerusalem.org\\\/chateaubriand\\\/\",\"name\":\"Institut Fran\u00e7ais de J\u00e9rusalem - Chateaubriand\",\"description\":\"\",\"potentialAction\":[{\"@type\":\"SearchAction\",\"target\":{\"@type\":\"EntryPoint\",\"urlTemplate\":\"https:\\\/\\\/www.institutfrancais-jerusalem.org\\\/chateaubriand\\\/?s={search_term_string}\"},\"query-input\":{\"@type\":\"PropertyValueSpecification\",\"valueRequired\":true,\"valueName\":\"search_term_string\"}}],\"inLanguage\":\"fr-FR\"}]}<\/script>\n<!-- \/ Yoast SEO plugin. -->","yoast_head_json":{"title":"NOUS REJOINDRE - Institut Fran\u00e7ais de J\u00e9rusalem - Chateaubriand","robots":{"index":"index","follow":"follow","max-snippet":"max-snippet:-1","max-image-preview":"max-image-preview:large","max-video-preview":"max-video-preview:-1"},"canonical":"https:\/\/www.institutfrancais-jerusalem.org\/chateaubriand\/qui-sommes-nous\/nous-rejoindre\/","og_locale":"fr_FR","og_type":"article","og_title":"NOUS REJOINDRE - Institut Fran\u00e7ais de J\u00e9rusalem - Chateaubriand","og_description":"Stagiaire FLE au\u00a0Service de coop\u00e9ration linguistique et \u00e9ducative &#8211; Institut fran\u00e7ais de J\u00e9rusalem (antenne Chateaubriand) A propos : Le service de coope\u0301ration linguistique et e\u0301ducative propose des actions de formation continue pour les enseignants de franc\u0327ais des e\u0301coles palestiniennes et a en charge la gestion centrale des examens du DELF et du DALF. L\u2019Institut franc\u0327ais &hellip;","og_url":"https:\/\/www.institutfrancais-jerusalem.org\/chateaubriand\/qui-sommes-nous\/nous-rejoindre\/","og_site_name":"Institut Fran\u00e7ais de J\u00e9rusalem - Chateaubriand","article_modified_time":"2023-01-20T13:24:52+00:00","og_image":[{"url":"https:\/\/www.institutfrancais-jerusalem.org\/chateaubriand\/wp-content\/uploads\/sites\/12\/2023\/01\/IMG_7236-scaled.jpg","type":"","width":"","height":""}],"twitter_card":"summary_large_image","twitter_misc":{"Dur\u00e9e de lecture estim\u00e9e":"2 minutes"},"schema":{"@context":"https:\/\/schema.org","@graph":[{"@type":"WebPage","@id":"https:\/\/www.institutfrancais-jerusalem.org\/chateaubriand\/qui-sommes-nous\/nous-rejoindre\/","url":"https:\/\/www.institutfrancais-jerusalem.org\/chateaubriand\/qui-sommes-nous\/nous-rejoindre\/","name":"NOUS REJOINDRE - Institut Fran\u00e7ais de J\u00e9rusalem - Chateaubriand","isPartOf":{"@id":"https:\/\/www.institutfrancais-jerusalem.org\/chateaubriand\/#website"},"primaryImageOfPage":{"@id":"https:\/\/www.institutfrancais-jerusalem.org\/chateaubriand\/qui-sommes-nous\/nous-rejoindre\/#primaryimage"},"image":{"@id":"https:\/\/www.institutfrancais-jerusalem.org\/chateaubriand\/qui-sommes-nous\/nous-rejoindre\/#primaryimage"},"thumbnailUrl":"https:\/\/www.institutfrancais-jerusalem.org\/chateaubriand\/wp-content\/uploads\/sites\/12\/2023\/01\/IMG_7236-scaled.jpg","datePublished":"2017-08-07T13:57:31+00:00","dateModified":"2023-01-20T13:24:52+00:00","breadcrumb":{"@id":"https:\/\/www.institutfrancais-jerusalem.org\/chateaubriand\/qui-sommes-nous\/nous-rejoindre\/#breadcrumb"},"inLanguage":"fr-FR","potentialAction":[{"@type":"ReadAction","target":["https:\/\/www.institutfrancais-jerusalem.org\/chateaubriand\/qui-sommes-nous\/nous-rejoindre\/"]}]},{"@type":"ImageObject","inLanguage":"fr-FR","@id":"https:\/\/www.institutfrancais-jerusalem.org\/chateaubriand\/qui-sommes-nous\/nous-rejoindre\/#primaryimage","url":"https:\/\/www.institutfrancais-jerusalem.org\/chateaubriand\/wp-content\/uploads\/sites\/12\/2023\/01\/IMG_7236-scaled.jpg","contentUrl":"https:\/\/www.institutfrancais-jerusalem.org\/chateaubriand\/wp-content\/uploads\/sites\/12\/2023\/01\/IMG_7236-scaled.jpg","width":1920,"height":2560},{"@type":"BreadcrumbList","@id":"https:\/\/www.institutfrancais-jerusalem.org\/chateaubriand\/qui-sommes-nous\/nous-rejoindre\/#breadcrumb","itemListElement":[{"@type":"ListItem","position":1,"name":"Accueil","item":"https:\/\/www.institutfrancais-jerusalem.org\/chateaubriand\/"},{"@type":"ListItem","position":2,"name":"QUI SOMMES-NOUS ?","item":"https:\/\/www.institutfrancais-jerusalem.org\/chateaubriand\/qui-sommes-nous\/"},{"@type":"ListItem","position":3,"name":"NOUS REJOINDRE"}]},{"@type":"WebSite","@id":"https:\/\/www.institutfrancais-jerusalem.org\/chateaubriand\/#website","url":"https:\/\/www.institutfrancais-jerusalem.org\/chateaubriand\/","name":"Institut Fran\u00e7ais de J\u00e9rusalem - Chateaubriand","description":"","potentialAction":[{"@type":"SearchAction","target":{"@type":"EntryPoint","urlTemplate":"https:\/\/www.institutfrancais-jerusalem.org\/chateaubriand\/?s={search_term_string}"},"query-input":{"@type":"PropertyValueSpecification","valueRequired":true,"valueName":"search_term_string"}}],"inLanguage":"fr-FR"}]}},"_links":{"self":[{"href":"https:\/\/www.institutfrancais-jerusalem.org\/chateaubriand\/wp-json\/wp\/v2\/pages\/1407","targetHints":{"allow":["GET"]}}],"collection":[{"href":"https:\/\/www.institutfrancais-jerusalem.org\/chateaubriand\/wp-json\/wp\/v2\/pages"}],"about":[{"href":"https:\/\/www.institutfrancais-jerusalem.org\/chateaubriand\/wp-json\/wp\/v2\/types\/page"}],"author":[{"embeddable":true,"href":"https:\/\/www.institutfrancais-jerusalem.org\/chateaubriand\/wp-json\/wp\/v2\/users\/1"}],"replies":[{"embeddable":true,"href":"https:\/\/www.institutfrancais-jerusalem.org\/chateaubriand\/wp-json\/wp\/v2\/comments?post=1407"}],"version-history":[{"count":31,"href":"https:\/\/www.institutfrancais-jerusalem.org\/chateaubriand\/wp-json\/wp\/v2\/pages\/1407\/revisions"}],"predecessor-version":[{"id":6023,"href":"https:\/\/www.institutfrancais-jerusalem.org\/chateaubriand\/wp-json\/wp\/v2\/pages\/1407\/revisions\/6023"}],"up":[{"embeddable":true,"href":"https:\/\/www.institutfrancais-jerusalem.org\/chateaubriand\/wp-json\/wp\/v2\/pages\/377"}],"wp:attachment":[{"href":"https:\/\/www.institutfrancais-jerusalem.org\/chateaubriand\/wp-json\/wp\/v2\/media?parent=1407"}],"curies":[{"name":"wp","href":"https:\/\/api.w.org\/{rel}","templated":true}]}}