{"id":1377,"date":"2017-08-07T17:54:48","date_gmt":"2017-08-07T15:54:48","guid":{"rendered":"http:\/\/ifjerusalem-romaingary.org\/?page_id=1377"},"modified":"2018-01-25T09:32:38","modified_gmt":"2018-01-25T08:32:38","slug":"infos-pratiques","status":"publish","type":"page","link":"https:\/\/www.institutfrancais-jerusalem.org\/chateaubriand\/qui-sommes-nous\/infos-pratiques\/","title":{"rendered":"INFOS PRATIQUES"},"content":{"rendered":"<p><img loading=\"lazy\" decoding=\"async\" class=\"wp-image-2478 aligncenter\" src=\"https:\/\/www.institutfrancais-jerusalem.org\/chateaubriand\/wp-content\/uploads\/sites\/12\/2017\/08\/Carte-Chateau-.jpg\" alt=\"\" width=\"800\" height=\"800\" srcset=\"https:\/\/www.institutfrancais-jerusalem.org\/chateaubriand\/wp-content\/uploads\/sites\/12\/2017\/08\/Carte-Chateau-.jpg 1024w, https:\/\/www.institutfrancais-jerusalem.org\/chateaubriand\/wp-content\/uploads\/sites\/12\/2017\/08\/Carte-Chateau--150x150.jpg 150w, https:\/\/www.institutfrancais-jerusalem.org\/chateaubriand\/wp-content\/uploads\/sites\/12\/2017\/08\/Carte-Chateau--300x300.jpg 300w, https:\/\/www.institutfrancais-jerusalem.org\/chateaubriand\/wp-content\/uploads\/sites\/12\/2017\/08\/Carte-Chateau--768x768.jpg 768w\" sizes=\"auto, (max-width: 800px) 100vw, 800px\" \/><\/p>\n<h4 class=\"p1\"><span class=\"s1\"><b>Horaires d\u2019ouverture<\/b>\u00a0:<\/span><\/h4>\n<p class=\"p2\"><span class=\"s1\">Du lundi au jeudi et le samedi\u00a0: 10h00-13h00 et 14h00-18h00<\/span><\/p>\n<h4 class=\"p1\"><span class=\"s1\"><b>Adresse<\/b>\u00a0:<\/span><\/h4>\n<p class=\"p2\"><span class=\"s1\">Institut fran\u00e7ais de J\u00e9rusalem &#8211; Chateaubriand<br \/>\n23, rue Salah Eddin \u2013 B.P. 19071 \u2013 J\u00e9rusalem<\/span><\/p>\n<h4 class=\"p1\"><span class=\"s1\"><b>Num\u00e9ro de t\u00e9l\u00e9phone<\/b>\u00a0:<\/span><\/h4>\n<p class=\"p2\"><span class=\"s1\">T\u00e9l\u00e9phone :\u00a0+ 972 (0)2628 24 51<br \/>\nFax :\u00a0+972 (0) 2628 43 24<\/span><\/p>\n<h4 class=\"p1\"><span class=\"s1\"><b>Page Facebook<\/b>\u00a0:<\/span><\/h4>\n<p class=\"p4\"><span class=\"s2\">Facebook :\u00a0<a href=\"https:\/\/www.facebook.com\/InstitutFrancaisdeJerusalemChateaubriand\/?survey_id=271752906590219&amp;modal=survey_dialog\"><span class=\"s3\">Institut Fran\u00e7ais de J\u00e9rusalem Chateaubriand<\/span><\/a> <\/span><\/p>\n<h4>Contactez nous :<\/h4>\n<p><a href=\"mailto:ifj-chateaubriand@consulfrance-jerusalem.org\"><span style=\"text-decoration: underline;\">ifj-chateaubriand@consulfrance-jerusalem.org<\/span><\/a><\/p>\n","protected":false},"excerpt":{"rendered":"<p>Horaires d\u2019ouverture\u00a0: Du lundi au jeudi et le samedi\u00a0: 10h00-13h00 et 14h00-18h00 Adresse\u00a0: Institut fran\u00e7ais de J\u00e9rusalem &#8211; Chateaubriand 23, rue Salah Eddin \u2013 B.P. 19071 \u2013 J\u00e9rusalem Num\u00e9ro de t\u00e9l\u00e9phone\u00a0: T\u00e9l\u00e9phone :\u00a0+ 972 (0)2628 24 51 Fax :\u00a0+972 (0) 2628 43 24 Page Facebook\u00a0: Facebook :\u00a0Institut Fran\u00e7ais de J\u00e9rusalem Chateaubriand Contactez nous : ifj-chateaubriand@consulfrance-jerusalem.org<\/p>\n","protected":false},"author":1,"featured_media":0,"parent":377,"menu_order":0,"comment_status":"closed","ping_status":"closed","template":"","meta":{"footnotes":""},"class_list":["post-1377","page","type-page","status-publish",""],"yoast_head":"<!-- This site is optimized with the Yoast SEO plugin v27.5 - https:\/\/yoast.com\/product\/yoast-seo-wordpress\/ -->\n<title>INFOS PRATIQUES - Institut Fran\u00e7ais de J\u00e9rusalem - Chateaubriand<\/title>\n<meta name=\"robots\" content=\"index, follow, max-snippet:-1, max-image-preview:large, max-video-preview:-1\" \/>\n<link rel=\"canonical\" href=\"https:\/\/www.institutfrancais-jerusalem.org\/chateaubriand\/qui-sommes-nous\/infos-pratiques\/\" \/>\n<meta property=\"og:locale\" content=\"fr_FR\" \/>\n<meta property=\"og:type\" content=\"article\" \/>\n<meta property=\"og:title\" content=\"INFOS PRATIQUES - Institut Fran\u00e7ais de J\u00e9rusalem - Chateaubriand\" \/>\n<meta property=\"og:description\" content=\"Horaires d\u2019ouverture\u00a0: Du lundi au jeudi et le samedi\u00a0: 10h00-13h00 et 14h00-18h00 Adresse\u00a0: Institut fran\u00e7ais de J\u00e9rusalem &#8211; Chateaubriand 23, rue Salah Eddin \u2013 B.P. 19071 \u2013 J\u00e9rusalem Num\u00e9ro de t\u00e9l\u00e9phone\u00a0: T\u00e9l\u00e9phone :\u00a0+ 972 (0)2628 24 51 Fax :\u00a0+972 (0) 2628 43 24 Page Facebook\u00a0: Facebook :\u00a0Institut Fran\u00e7ais de J\u00e9rusalem Chateaubriand Contactez nous : ifj-chateaubriand@consulfrance-jerusalem.org\" \/>\n<meta property=\"og:url\" content=\"https:\/\/www.institutfrancais-jerusalem.org\/chateaubriand\/qui-sommes-nous\/infos-pratiques\/\" \/>\n<meta property=\"og:site_name\" content=\"Institut Fran\u00e7ais de J\u00e9rusalem - Chateaubriand\" \/>\n<meta property=\"article:modified_time\" content=\"2018-01-25T08:32:38+00:00\" \/>\n<meta property=\"og:image\" content=\"https:\/\/www.institutfrancais-jerusalem.org\/chateaubriand\/wp-content\/uploads\/sites\/12\/2017\/08\/Carte-Chateau-.jpg\" \/>\n<meta name=\"twitter:card\" content=\"summary_large_image\" \/>\n<script type=\"application\/ld+json\" class=\"yoast-schema-graph\">{\"@context\":\"https:\\\/\\\/schema.org\",\"@graph\":[{\"@type\":\"WebPage\",\"@id\":\"https:\\\/\\\/www.institutfrancais-jerusalem.org\\\/chateaubriand\\\/qui-sommes-nous\\\/infos-pratiques\\\/\",\"url\":\"https:\\\/\\\/www.institutfrancais-jerusalem.org\\\/chateaubriand\\\/qui-sommes-nous\\\/infos-pratiques\\\/\",\"name\":\"INFOS PRATIQUES - Institut Fran\u00e7ais de J\u00e9rusalem - Chateaubriand\",\"isPartOf\":{\"@id\":\"https:\\\/\\\/www.institutfrancais-jerusalem.org\\\/chateaubriand\\\/#website\"},\"primaryImageOfPage\":{\"@id\":\"https:\\\/\\\/www.institutfrancais-jerusalem.org\\\/chateaubriand\\\/qui-sommes-nous\\\/infos-pratiques\\\/#primaryimage\"},\"image\":{\"@id\":\"https:\\\/\\\/www.institutfrancais-jerusalem.org\\\/chateaubriand\\\/qui-sommes-nous\\\/infos-pratiques\\\/#primaryimage\"},\"thumbnailUrl\":\"https:\\\/\\\/www.institutfrancais-jerusalem.org\\\/chateaubriand\\\/wp-content\\\/uploads\\\/sites\\\/12\\\/2017\\\/08\\\/Carte-Chateau-.jpg\",\"datePublished\":\"2017-08-07T15:54:48+00:00\",\"dateModified\":\"2018-01-25T08:32:38+00:00\",\"breadcrumb\":{\"@id\":\"https:\\\/\\\/www.institutfrancais-jerusalem.org\\\/chateaubriand\\\/qui-sommes-nous\\\/infos-pratiques\\\/#breadcrumb\"},\"inLanguage\":\"fr-FR\",\"potentialAction\":[{\"@type\":\"ReadAction\",\"target\":[\"https:\\\/\\\/www.institutfrancais-jerusalem.org\\\/chateaubriand\\\/qui-sommes-nous\\\/infos-pratiques\\\/\"]}]},{\"@type\":\"ImageObject\",\"inLanguage\":\"fr-FR\",\"@id\":\"https:\\\/\\\/www.institutfrancais-jerusalem.org\\\/chateaubriand\\\/qui-sommes-nous\\\/infos-pratiques\\\/#primaryimage\",\"url\":\"https:\\\/\\\/www.institutfrancais-jerusalem.org\\\/chateaubriand\\\/wp-content\\\/uploads\\\/sites\\\/12\\\/2017\\\/08\\\/Carte-Chateau-.jpg\",\"contentUrl\":\"https:\\\/\\\/www.institutfrancais-jerusalem.org\\\/chateaubriand\\\/wp-content\\\/uploads\\\/sites\\\/12\\\/2017\\\/08\\\/Carte-Chateau-.jpg\",\"width\":1024,\"height\":1024},{\"@type\":\"BreadcrumbList\",\"@id\":\"https:\\\/\\\/www.institutfrancais-jerusalem.org\\\/chateaubriand\\\/qui-sommes-nous\\\/infos-pratiques\\\/#breadcrumb\",\"itemListElement\":[{\"@type\":\"ListItem\",\"position\":1,\"name\":\"Accueil\",\"item\":\"https:\\\/\\\/www.institutfrancais-jerusalem.org\\\/chateaubriand\\\/\"},{\"@type\":\"ListItem\",\"position\":2,\"name\":\"QUI SOMMES-NOUS ?\",\"item\":\"https:\\\/\\\/www.institutfrancais-jerusalem.org\\\/chateaubriand\\\/qui-sommes-nous\\\/\"},{\"@type\":\"ListItem\",\"position\":3,\"name\":\"INFOS PRATIQUES\"}]},{\"@type\":\"WebSite\",\"@id\":\"https:\\\/\\\/www.institutfrancais-jerusalem.org\\\/chateaubriand\\\/#website\",\"url\":\"https:\\\/\\\/www.institutfrancais-jerusalem.org\\\/chateaubriand\\\/\",\"name\":\"Institut Fran\u00e7ais de J\u00e9rusalem - Chateaubriand\",\"description\":\"\",\"potentialAction\":[{\"@type\":\"SearchAction\",\"target\":{\"@type\":\"EntryPoint\",\"urlTemplate\":\"https:\\\/\\\/www.institutfrancais-jerusalem.org\\\/chateaubriand\\\/?s={search_term_string}\"},\"query-input\":{\"@type\":\"PropertyValueSpecification\",\"valueRequired\":true,\"valueName\":\"search_term_string\"}}],\"inLanguage\":\"fr-FR\"}]}<\/script>\n<!-- \/ Yoast SEO plugin. -->","yoast_head_json":{"title":"INFOS PRATIQUES - Institut Fran\u00e7ais de J\u00e9rusalem - Chateaubriand","robots":{"index":"index","follow":"follow","max-snippet":"max-snippet:-1","max-image-preview":"max-image-preview:large","max-video-preview":"max-video-preview:-1"},"canonical":"https:\/\/www.institutfrancais-jerusalem.org\/chateaubriand\/qui-sommes-nous\/infos-pratiques\/","og_locale":"fr_FR","og_type":"article","og_title":"INFOS PRATIQUES - Institut Fran\u00e7ais de J\u00e9rusalem - Chateaubriand","og_description":"Horaires d\u2019ouverture\u00a0: Du lundi au jeudi et le samedi\u00a0: 10h00-13h00 et 14h00-18h00 Adresse\u00a0: Institut fran\u00e7ais de J\u00e9rusalem &#8211; Chateaubriand 23, rue Salah Eddin \u2013 B.P. 19071 \u2013 J\u00e9rusalem Num\u00e9ro de t\u00e9l\u00e9phone\u00a0: T\u00e9l\u00e9phone :\u00a0+ 972 (0)2628 24 51 Fax :\u00a0+972 (0) 2628 43 24 Page Facebook\u00a0: Facebook :\u00a0Institut Fran\u00e7ais de J\u00e9rusalem Chateaubriand Contactez nous : ifj-chateaubriand@consulfrance-jerusalem.org","og_url":"https:\/\/www.institutfrancais-jerusalem.org\/chateaubriand\/qui-sommes-nous\/infos-pratiques\/","og_site_name":"Institut Fran\u00e7ais de J\u00e9rusalem - Chateaubriand","article_modified_time":"2018-01-25T08:32:38+00:00","og_image":[{"url":"https:\/\/www.institutfrancais-jerusalem.org\/chateaubriand\/wp-content\/uploads\/sites\/12\/2017\/08\/Carte-Chateau-.jpg","type":"","width":"","height":""}],"twitter_card":"summary_large_image","schema":{"@context":"https:\/\/schema.org","@graph":[{"@type":"WebPage","@id":"https:\/\/www.institutfrancais-jerusalem.org\/chateaubriand\/qui-sommes-nous\/infos-pratiques\/","url":"https:\/\/www.institutfrancais-jerusalem.org\/chateaubriand\/qui-sommes-nous\/infos-pratiques\/","name":"INFOS PRATIQUES - Institut Fran\u00e7ais de J\u00e9rusalem - Chateaubriand","isPartOf":{"@id":"https:\/\/www.institutfrancais-jerusalem.org\/chateaubriand\/#website"},"primaryImageOfPage":{"@id":"https:\/\/www.institutfrancais-jerusalem.org\/chateaubriand\/qui-sommes-nous\/infos-pratiques\/#primaryimage"},"image":{"@id":"https:\/\/www.institutfrancais-jerusalem.org\/chateaubriand\/qui-sommes-nous\/infos-pratiques\/#primaryimage"},"thumbnailUrl":"https:\/\/www.institutfrancais-jerusalem.org\/chateaubriand\/wp-content\/uploads\/sites\/12\/2017\/08\/Carte-Chateau-.jpg","datePublished":"2017-08-07T15:54:48+00:00","dateModified":"2018-01-25T08:32:38+00:00","breadcrumb":{"@id":"https:\/\/www.institutfrancais-jerusalem.org\/chateaubriand\/qui-sommes-nous\/infos-pratiques\/#breadcrumb"},"inLanguage":"fr-FR","potentialAction":[{"@type":"ReadAction","target":["https:\/\/www.institutfrancais-jerusalem.org\/chateaubriand\/qui-sommes-nous\/infos-pratiques\/"]}]},{"@type":"ImageObject","inLanguage":"fr-FR","@id":"https:\/\/www.institutfrancais-jerusalem.org\/chateaubriand\/qui-sommes-nous\/infos-pratiques\/#primaryimage","url":"https:\/\/www.institutfrancais-jerusalem.org\/chateaubriand\/wp-content\/uploads\/sites\/12\/2017\/08\/Carte-Chateau-.jpg","contentUrl":"https:\/\/www.institutfrancais-jerusalem.org\/chateaubriand\/wp-content\/uploads\/sites\/12\/2017\/08\/Carte-Chateau-.jpg","width":1024,"height":1024},{"@type":"BreadcrumbList","@id":"https:\/\/www.institutfrancais-jerusalem.org\/chateaubriand\/qui-sommes-nous\/infos-pratiques\/#breadcrumb","itemListElement":[{"@type":"ListItem","position":1,"name":"Accueil","item":"https:\/\/www.institutfrancais-jerusalem.org\/chateaubriand\/"},{"@type":"ListItem","position":2,"name":"QUI SOMMES-NOUS ?","item":"https:\/\/www.institutfrancais-jerusalem.org\/chateaubriand\/qui-sommes-nous\/"},{"@type":"ListItem","position":3,"name":"INFOS PRATIQUES"}]},{"@type":"WebSite","@id":"https:\/\/www.institutfrancais-jerusalem.org\/chateaubriand\/#website","url":"https:\/\/www.institutfrancais-jerusalem.org\/chateaubriand\/","name":"Institut Fran\u00e7ais de J\u00e9rusalem - Chateaubriand","description":"","potentialAction":[{"@type":"SearchAction","target":{"@type":"EntryPoint","urlTemplate":"https:\/\/www.institutfrancais-jerusalem.org\/chateaubriand\/?s={search_term_string}"},"query-input":{"@type":"PropertyValueSpecification","valueRequired":true,"valueName":"search_term_string"}}],"inLanguage":"fr-FR"}]}},"_links":{"self":[{"href":"https:\/\/www.institutfrancais-jerusalem.org\/chateaubriand\/wp-json\/wp\/v2\/pages\/1377","targetHints":{"allow":["GET"]}}],"collection":[{"href":"https:\/\/www.institutfrancais-jerusalem.org\/chateaubriand\/wp-json\/wp\/v2\/pages"}],"about":[{"href":"https:\/\/www.institutfrancais-jerusalem.org\/chateaubriand\/wp-json\/wp\/v2\/types\/page"}],"author":[{"embeddable":true,"href":"https:\/\/www.institutfrancais-jerusalem.org\/chateaubriand\/wp-json\/wp\/v2\/users\/1"}],"replies":[{"embeddable":true,"href":"https:\/\/www.institutfrancais-jerusalem.org\/chateaubriand\/wp-json\/wp\/v2\/comments?post=1377"}],"version-history":[{"count":8,"href":"https:\/\/www.institutfrancais-jerusalem.org\/chateaubriand\/wp-json\/wp\/v2\/pages\/1377\/revisions"}],"predecessor-version":[{"id":2502,"href":"https:\/\/www.institutfrancais-jerusalem.org\/chateaubriand\/wp-json\/wp\/v2\/pages\/1377\/revisions\/2502"}],"up":[{"embeddable":true,"href":"https:\/\/www.institutfrancais-jerusalem.org\/chateaubriand\/wp-json\/wp\/v2\/pages\/377"}],"wp:attachment":[{"href":"https:\/\/www.institutfrancais-jerusalem.org\/chateaubriand\/wp-json\/wp\/v2\/media?parent=1377"}],"curies":[{"name":"wp","href":"https:\/\/api.w.org\/{rel}","templated":true}]}}