{"id":1331,"date":"2017-08-07T21:27:00","date_gmt":"2017-08-07T19:27:00","guid":{"rendered":"http:\/\/ifjerusalem-romaingary.org\/?page_id=1331"},"modified":"2018-02-28T11:08:55","modified_gmt":"2018-02-28T10:08:55","slug":"nos-mediatheques","status":"publish","type":"page","link":"https:\/\/www.institutfrancais-jerusalem.org\/chateaubriand\/nos-mediatheques\/","title":{"rendered":"NOTRE M\u00c9DIATH\u00c8QUE"},"content":{"rendered":"<h4><img loading=\"lazy\" decoding=\"async\" class=\"alignleft size-large wp-image-2539\" src=\"https:\/\/www.institutfrancais-jerusalem.org\/chateaubriand\/wp-content\/uploads\/sites\/12\/2018\/02\/IMG_4528-1-1024x683.jpg\" alt=\"\" width=\"618\" height=\"412\" srcset=\"https:\/\/www.institutfrancais-jerusalem.org\/chateaubriand\/wp-content\/uploads\/sites\/12\/2018\/02\/IMG_4528-1-1024x683.jpg 1024w, https:\/\/www.institutfrancais-jerusalem.org\/chateaubriand\/wp-content\/uploads\/sites\/12\/2018\/02\/IMG_4528-1-300x200.jpg 300w, https:\/\/www.institutfrancais-jerusalem.org\/chateaubriand\/wp-content\/uploads\/sites\/12\/2018\/02\/IMG_4528-1-768x512.jpg 768w, https:\/\/www.institutfrancais-jerusalem.org\/chateaubriand\/wp-content\/uploads\/sites\/12\/2018\/02\/IMG_4528-1.jpg 1600w\" sizes=\"auto, (max-width: 618px) 100vw, 618px\" \/><\/h4>\n<h4><strong>Lieu de diffusion culturelle et centre de ressources, la m\u00e9diath\u00e8que met \u00e0 votre disposition une offre documentaire multim\u00e9dia d\u2019environ 5 000 ouvrages en langue fran\u00e7aise.<\/strong><\/h4>\n<p>Quelques ouvrages sont propos\u00e9s en langue arabe pour les non francophones.<\/p>\n<p>R\u00e9guli\u00e8rement approvisionn\u00e9 en nouveaut\u00e9s,\u00a0<strong>le fonds<\/strong>\u00a0comprend\u00a0:<\/p>\n<p>&#8211; des \u0153uvres des \u00ab\u00a0grands auteurs\u00a0\u00bb d\u2019hier et des \u00e9crivains contemporains, \u00a0des essais, \u00a0des romans policiers, des bandes dessin\u00e9es et une section sp\u00e9cialis\u00e9e sur la r\u00e9gion\u00a0;<br \/>\n&#8211; des ouvrages pour la jeunesse (albums, documentaires, BD\u2026)<br \/>\n&#8211; des DVD pour tout public et pour la jeunesse (fictions et documentaires, certains avec sous-titres arabe et \/ou anglais)\u00a0;<br \/>\n&#8211; des CD audio (essentiellement de chansons francophones)\u00a0;<br \/>\n&#8211; des ouvrages destin\u00e9s sp\u00e9cifiquement aux apprenants (grammaire, expression \u00e9crite et orale, livres-CD et logiciels d\u2019apprentissage, manuels de pr\u00e9paration aux examens du DELF).<\/p>\n<p>La m\u00e9diath\u00e8que met \u00e9galement \u00e0 la disposition du public des tablettes num\u00e9riques, un poste informatique et un lecteur de DVD.<\/p>\n<p>Un cercle de lecture permet aux usagers d\u2019\u00e9changer sur des th\u00e8mes divers en lien avec le fonds de la m\u00e9diath\u00e8que.<\/p>\n<h4><strong>Conditions d\u2019utilisation\u00a0:<\/strong><\/h4>\n<p>&#8211; La consultation sur place est libre et gratuite pendant les heures d&rsquo;ouverture.<br \/>\n&#8211; L&#8217;emprunt des documents est r\u00e9serv\u00e9 aux personnes abonn\u00e9es \u00e0 la m\u00e9diath\u00e8que.<br \/>\n&#8211; Les logiciels d\u2019apprentissage et p\u00e9riodiques ne peuvent \u00eatre emprunt\u00e9s.<\/p>\n<p>&nbsp;<\/p>\n","protected":false},"excerpt":{"rendered":"<p>Lieu de diffusion culturelle et centre de ressources, la m\u00e9diath\u00e8que met \u00e0 votre disposition une offre documentaire multim\u00e9dia d\u2019environ 5 000 ouvrages en langue fran\u00e7aise. Quelques ouvrages sont propos\u00e9s en langue arabe pour les non francophones. R\u00e9guli\u00e8rement approvisionn\u00e9 en nouveaut\u00e9s,\u00a0le fonds\u00a0comprend\u00a0: &#8211; des \u0153uvres des \u00ab\u00a0grands auteurs\u00a0\u00bb d\u2019hier et des \u00e9crivains contemporains, \u00a0des essais, \u00a0des &hellip;<\/p>\n","protected":false},"author":1,"featured_media":0,"parent":0,"menu_order":0,"comment_status":"closed","ping_status":"closed","template":"","meta":{"footnotes":""},"class_list":["post-1331","page","type-page","status-publish",""],"yoast_head":"<!-- This site is optimized with the Yoast SEO plugin v27.5 - https:\/\/yoast.com\/product\/yoast-seo-wordpress\/ -->\n<title>NOTRE M\u00c9DIATH\u00c8QUE - Institut Fran\u00e7ais de J\u00e9rusalem - Chateaubriand<\/title>\n<meta name=\"robots\" content=\"index, follow, max-snippet:-1, max-image-preview:large, max-video-preview:-1\" \/>\n<link rel=\"canonical\" href=\"https:\/\/www.institutfrancais-jerusalem.org\/chateaubriand\/nos-mediatheques\/\" \/>\n<meta property=\"og:locale\" content=\"fr_FR\" \/>\n<meta property=\"og:type\" content=\"article\" \/>\n<meta property=\"og:title\" content=\"NOTRE M\u00c9DIATH\u00c8QUE - Institut Fran\u00e7ais de J\u00e9rusalem - Chateaubriand\" \/>\n<meta property=\"og:description\" content=\"Lieu de diffusion culturelle et centre de ressources, la m\u00e9diath\u00e8que met \u00e0 votre disposition une offre documentaire multim\u00e9dia d\u2019environ 5 000 ouvrages en langue fran\u00e7aise. Quelques ouvrages sont propos\u00e9s en langue arabe pour les non francophones. R\u00e9guli\u00e8rement approvisionn\u00e9 en nouveaut\u00e9s,\u00a0le fonds\u00a0comprend\u00a0: &#8211; des \u0153uvres des \u00ab\u00a0grands auteurs\u00a0\u00bb d\u2019hier et des \u00e9crivains contemporains, \u00a0des essais, \u00a0des &hellip;\" \/>\n<meta property=\"og:url\" content=\"https:\/\/www.institutfrancais-jerusalem.org\/chateaubriand\/nos-mediatheques\/\" \/>\n<meta property=\"og:site_name\" content=\"Institut Fran\u00e7ais de J\u00e9rusalem - Chateaubriand\" \/>\n<meta property=\"article:modified_time\" content=\"2018-02-28T10:08:55+00:00\" \/>\n<meta property=\"og:image\" content=\"https:\/\/www.institutfrancais-jerusalem.org\/chateaubriand\/wp-content\/uploads\/sites\/12\/2018\/02\/IMG_4528-1-1024x683.jpg\" \/>\n<meta name=\"twitter:card\" content=\"summary_large_image\" \/>\n<meta name=\"twitter:label1\" content=\"Dur\u00e9e de lecture estim\u00e9e\" \/>\n\t<meta name=\"twitter:data1\" content=\"1 minute\" \/>\n<script type=\"application\/ld+json\" class=\"yoast-schema-graph\">{\"@context\":\"https:\\\/\\\/schema.org\",\"@graph\":[{\"@type\":\"WebPage\",\"@id\":\"https:\\\/\\\/www.institutfrancais-jerusalem.org\\\/chateaubriand\\\/nos-mediatheques\\\/\",\"url\":\"https:\\\/\\\/www.institutfrancais-jerusalem.org\\\/chateaubriand\\\/nos-mediatheques\\\/\",\"name\":\"NOTRE M\u00c9DIATH\u00c8QUE - Institut Fran\u00e7ais de J\u00e9rusalem - Chateaubriand\",\"isPartOf\":{\"@id\":\"https:\\\/\\\/www.institutfrancais-jerusalem.org\\\/chateaubriand\\\/#website\"},\"primaryImageOfPage\":{\"@id\":\"https:\\\/\\\/www.institutfrancais-jerusalem.org\\\/chateaubriand\\\/nos-mediatheques\\\/#primaryimage\"},\"image\":{\"@id\":\"https:\\\/\\\/www.institutfrancais-jerusalem.org\\\/chateaubriand\\\/nos-mediatheques\\\/#primaryimage\"},\"thumbnailUrl\":\"https:\\\/\\\/www.institutfrancais-jerusalem.org\\\/chateaubriand\\\/wp-content\\\/uploads\\\/sites\\\/12\\\/2018\\\/02\\\/IMG_4528-1-1024x683.jpg\",\"datePublished\":\"2017-08-07T19:27:00+00:00\",\"dateModified\":\"2018-02-28T10:08:55+00:00\",\"breadcrumb\":{\"@id\":\"https:\\\/\\\/www.institutfrancais-jerusalem.org\\\/chateaubriand\\\/nos-mediatheques\\\/#breadcrumb\"},\"inLanguage\":\"fr-FR\",\"potentialAction\":[{\"@type\":\"ReadAction\",\"target\":[\"https:\\\/\\\/www.institutfrancais-jerusalem.org\\\/chateaubriand\\\/nos-mediatheques\\\/\"]}]},{\"@type\":\"ImageObject\",\"inLanguage\":\"fr-FR\",\"@id\":\"https:\\\/\\\/www.institutfrancais-jerusalem.org\\\/chateaubriand\\\/nos-mediatheques\\\/#primaryimage\",\"url\":\"https:\\\/\\\/www.institutfrancais-jerusalem.org\\\/chateaubriand\\\/wp-content\\\/uploads\\\/sites\\\/12\\\/2018\\\/02\\\/IMG_4528-1.jpg\",\"contentUrl\":\"https:\\\/\\\/www.institutfrancais-jerusalem.org\\\/chateaubriand\\\/wp-content\\\/uploads\\\/sites\\\/12\\\/2018\\\/02\\\/IMG_4528-1.jpg\",\"width\":1600,\"height\":1067},{\"@type\":\"BreadcrumbList\",\"@id\":\"https:\\\/\\\/www.institutfrancais-jerusalem.org\\\/chateaubriand\\\/nos-mediatheques\\\/#breadcrumb\",\"itemListElement\":[{\"@type\":\"ListItem\",\"position\":1,\"name\":\"Accueil\",\"item\":\"https:\\\/\\\/www.institutfrancais-jerusalem.org\\\/chateaubriand\\\/\"},{\"@type\":\"ListItem\",\"position\":2,\"name\":\"NOTRE M\u00c9DIATH\u00c8QUE\"}]},{\"@type\":\"WebSite\",\"@id\":\"https:\\\/\\\/www.institutfrancais-jerusalem.org\\\/chateaubriand\\\/#website\",\"url\":\"https:\\\/\\\/www.institutfrancais-jerusalem.org\\\/chateaubriand\\\/\",\"name\":\"Institut Fran\u00e7ais de J\u00e9rusalem - Chateaubriand\",\"description\":\"\",\"potentialAction\":[{\"@type\":\"SearchAction\",\"target\":{\"@type\":\"EntryPoint\",\"urlTemplate\":\"https:\\\/\\\/www.institutfrancais-jerusalem.org\\\/chateaubriand\\\/?s={search_term_string}\"},\"query-input\":{\"@type\":\"PropertyValueSpecification\",\"valueRequired\":true,\"valueName\":\"search_term_string\"}}],\"inLanguage\":\"fr-FR\"}]}<\/script>\n<!-- \/ Yoast SEO plugin. -->","yoast_head_json":{"title":"NOTRE M\u00c9DIATH\u00c8QUE - Institut Fran\u00e7ais de J\u00e9rusalem - Chateaubriand","robots":{"index":"index","follow":"follow","max-snippet":"max-snippet:-1","max-image-preview":"max-image-preview:large","max-video-preview":"max-video-preview:-1"},"canonical":"https:\/\/www.institutfrancais-jerusalem.org\/chateaubriand\/nos-mediatheques\/","og_locale":"fr_FR","og_type":"article","og_title":"NOTRE M\u00c9DIATH\u00c8QUE - Institut Fran\u00e7ais de J\u00e9rusalem - Chateaubriand","og_description":"Lieu de diffusion culturelle et centre de ressources, la m\u00e9diath\u00e8que met \u00e0 votre disposition une offre documentaire multim\u00e9dia d\u2019environ 5 000 ouvrages en langue fran\u00e7aise. Quelques ouvrages sont propos\u00e9s en langue arabe pour les non francophones. R\u00e9guli\u00e8rement approvisionn\u00e9 en nouveaut\u00e9s,\u00a0le fonds\u00a0comprend\u00a0: &#8211; des \u0153uvres des \u00ab\u00a0grands auteurs\u00a0\u00bb d\u2019hier et des \u00e9crivains contemporains, \u00a0des essais, \u00a0des &hellip;","og_url":"https:\/\/www.institutfrancais-jerusalem.org\/chateaubriand\/nos-mediatheques\/","og_site_name":"Institut Fran\u00e7ais de J\u00e9rusalem - Chateaubriand","article_modified_time":"2018-02-28T10:08:55+00:00","og_image":[{"url":"https:\/\/www.institutfrancais-jerusalem.org\/chateaubriand\/wp-content\/uploads\/sites\/12\/2018\/02\/IMG_4528-1-1024x683.jpg","type":"","width":"","height":""}],"twitter_card":"summary_large_image","twitter_misc":{"Dur\u00e9e de lecture estim\u00e9e":"1 minute"},"schema":{"@context":"https:\/\/schema.org","@graph":[{"@type":"WebPage","@id":"https:\/\/www.institutfrancais-jerusalem.org\/chateaubriand\/nos-mediatheques\/","url":"https:\/\/www.institutfrancais-jerusalem.org\/chateaubriand\/nos-mediatheques\/","name":"NOTRE M\u00c9DIATH\u00c8QUE - Institut Fran\u00e7ais de J\u00e9rusalem - Chateaubriand","isPartOf":{"@id":"https:\/\/www.institutfrancais-jerusalem.org\/chateaubriand\/#website"},"primaryImageOfPage":{"@id":"https:\/\/www.institutfrancais-jerusalem.org\/chateaubriand\/nos-mediatheques\/#primaryimage"},"image":{"@id":"https:\/\/www.institutfrancais-jerusalem.org\/chateaubriand\/nos-mediatheques\/#primaryimage"},"thumbnailUrl":"https:\/\/www.institutfrancais-jerusalem.org\/chateaubriand\/wp-content\/uploads\/sites\/12\/2018\/02\/IMG_4528-1-1024x683.jpg","datePublished":"2017-08-07T19:27:00+00:00","dateModified":"2018-02-28T10:08:55+00:00","breadcrumb":{"@id":"https:\/\/www.institutfrancais-jerusalem.org\/chateaubriand\/nos-mediatheques\/#breadcrumb"},"inLanguage":"fr-FR","potentialAction":[{"@type":"ReadAction","target":["https:\/\/www.institutfrancais-jerusalem.org\/chateaubriand\/nos-mediatheques\/"]}]},{"@type":"ImageObject","inLanguage":"fr-FR","@id":"https:\/\/www.institutfrancais-jerusalem.org\/chateaubriand\/nos-mediatheques\/#primaryimage","url":"https:\/\/www.institutfrancais-jerusalem.org\/chateaubriand\/wp-content\/uploads\/sites\/12\/2018\/02\/IMG_4528-1.jpg","contentUrl":"https:\/\/www.institutfrancais-jerusalem.org\/chateaubriand\/wp-content\/uploads\/sites\/12\/2018\/02\/IMG_4528-1.jpg","width":1600,"height":1067},{"@type":"BreadcrumbList","@id":"https:\/\/www.institutfrancais-jerusalem.org\/chateaubriand\/nos-mediatheques\/#breadcrumb","itemListElement":[{"@type":"ListItem","position":1,"name":"Accueil","item":"https:\/\/www.institutfrancais-jerusalem.org\/chateaubriand\/"},{"@type":"ListItem","position":2,"name":"NOTRE M\u00c9DIATH\u00c8QUE"}]},{"@type":"WebSite","@id":"https:\/\/www.institutfrancais-jerusalem.org\/chateaubriand\/#website","url":"https:\/\/www.institutfrancais-jerusalem.org\/chateaubriand\/","name":"Institut Fran\u00e7ais de J\u00e9rusalem - Chateaubriand","description":"","potentialAction":[{"@type":"SearchAction","target":{"@type":"EntryPoint","urlTemplate":"https:\/\/www.institutfrancais-jerusalem.org\/chateaubriand\/?s={search_term_string}"},"query-input":{"@type":"PropertyValueSpecification","valueRequired":true,"valueName":"search_term_string"}}],"inLanguage":"fr-FR"}]}},"_links":{"self":[{"href":"https:\/\/www.institutfrancais-jerusalem.org\/chateaubriand\/wp-json\/wp\/v2\/pages\/1331","targetHints":{"allow":["GET"]}}],"collection":[{"href":"https:\/\/www.institutfrancais-jerusalem.org\/chateaubriand\/wp-json\/wp\/v2\/pages"}],"about":[{"href":"https:\/\/www.institutfrancais-jerusalem.org\/chateaubriand\/wp-json\/wp\/v2\/types\/page"}],"author":[{"embeddable":true,"href":"https:\/\/www.institutfrancais-jerusalem.org\/chateaubriand\/wp-json\/wp\/v2\/users\/1"}],"replies":[{"embeddable":true,"href":"https:\/\/www.institutfrancais-jerusalem.org\/chateaubriand\/wp-json\/wp\/v2\/comments?post=1331"}],"version-history":[{"count":7,"href":"https:\/\/www.institutfrancais-jerusalem.org\/chateaubriand\/wp-json\/wp\/v2\/pages\/1331\/revisions"}],"predecessor-version":[{"id":2545,"href":"https:\/\/www.institutfrancais-jerusalem.org\/chateaubriand\/wp-json\/wp\/v2\/pages\/1331\/revisions\/2545"}],"wp:attachment":[{"href":"https:\/\/www.institutfrancais-jerusalem.org\/chateaubriand\/wp-json\/wp\/v2\/media?parent=1331"}],"curies":[{"name":"wp","href":"https:\/\/api.w.org\/{rel}","templated":true}]}}