{"id":8964,"date":"2017-08-07T20:29:48","date_gmt":"2017-08-07T18:29:48","guid":{"rendered":"https:\/\/v3gylw8zwtm.c.updraftclone.com\/accueil\/"},"modified":"2022-11-29T15:57:58","modified_gmt":"2022-11-29T14:57:58","slug":"accueil","status":"publish","type":"page","link":"https:\/\/www.institutfrancais-jerusalem.org\/ar\/","title":{"rendered":"\u0627\u0644\u0631\u0626\u064a\u0633\u064a\u0651\u0629"},"content":{"rendered":"\r\n\t\t<div class=\"review_wrap\">\r\n\t\t\t<div id=\"review-box\" class=\"review-box review-top review-stars\">\r\n\t\t\t\t<div class=\"review-summary\">\r\n\t\t\t\t\t<div class=\"review-final-score\">\r\n\t\t\t\t\t\t<span title=\"\" class=\"post-large-rate stars-large\"><span style=\"width:0%\"><\/span><\/span>\r\n\t\t\t\t\t\t<h4><\/h4>\r\n\t\t\t\t\t<\/div>\r\n\t\t\t\t\r\n\t\t\t\t<div class=\"review-short-summary\">\r\n\t\t\t\t<\/div>\r\n\t\t\t<\/div>\r\n\t\t\t\r\n\t\t\t<div class=\"user-rate-wrap\">\r\n\t\t\t\t<span class=\"user-rating-text\">\r\n\t\t\t\t\t<strong>\u062a\u0642\u064a\u064a\u0645 \u0627\u0644\u0645\u0633\u062a\u062e\u062f\u0645\u0648\u0646: <\/strong>\r\n\t\t\t\t\t<span class=\"taq-score\"><\/span>\r\n\t\t\t\t\t<small>\u0643\u0646 \u0623\u0648\u0644 \u0627\u0644\u0645\u0635\u0648\u062a\u0648\u0646 !<\/small>\r\n\t\t\t\t<\/span>\r\n\r\n\t\t\t\t<div data-rate=\"0\" data-id=\"8964\" class=\"user-rate taq-user-rate-active\">\r\n\t\t\t\t\t<span class=\"user-rate-image post-large-rate stars-large\">\r\n\t\t\t\t\t\t<span style=\"width:0%\"><\/span>\r\n\t\t\t\t\t<\/span>\r\n\t\t\t\t<\/div>\r\n\r\n\t\t\t\t<div class=\"taq-clear\"><\/div>\r\n\r\n\t\t\t<\/div>\r\n\t\t<\/div>\r\n\t<\/div>","protected":false},"excerpt":{"rendered":"","protected":false},"author":1,"featured_media":0,"parent":0,"menu_order":0,"comment_status":"closed","ping_status":"closed","template":"","meta":{"footnotes":""},"class_list":["post-8964","page","type-page","status-publish",""],"yoast_head":"<!-- This site is optimized with the Yoast SEO plugin v27.5 - https:\/\/yoast.com\/product\/yoast-seo-wordpress\/ -->\n<title>Institut Fran\u00e7ais de J\u00e9rusalem - Chateaubriand<\/title>\n<meta name=\"description\" content=\"Promouvoir la culture fran\u00e7aise, tout en favorisant la cr\u00e9ation artistique et les \u00e9changes interculturels \u00e0 J\u00e9rusalem.\" \/>\n<meta name=\"robots\" content=\"index, follow, max-snippet:-1, max-image-preview:large, max-video-preview:-1\" \/>\n<link rel=\"canonical\" href=\"https:\/\/www.institutfrancais-jerusalem.org\/ar\/\" \/>\n<meta property=\"og:locale\" content=\"ar_AR\" \/>\n<meta property=\"og:type\" content=\"article\" \/>\n<meta property=\"og:title\" content=\"Institut Fran\u00e7ais de J\u00e9rusalem - Chateaubriand\" \/>\n<meta property=\"og:description\" content=\"Promouvoir la culture fran\u00e7aise, tout en favorisant la cr\u00e9ation artistique et les \u00e9changes interculturels \u00e0 J\u00e9rusalem.\" \/>\n<meta property=\"og:url\" content=\"https:\/\/www.institutfrancais-jerusalem.org\/ar\/\" \/>\n<meta property=\"og:site_name\" content=\"Institut Fran\u00e7ais de J\u00e9rusalem\" \/>\n<meta property=\"article:modified_time\" content=\"2022-11-29T14:57:58+00:00\" \/>\n<meta name=\"twitter:card\" content=\"summary_large_image\" \/>\n<script type=\"application\/ld+json\" class=\"yoast-schema-graph\">{\"@context\":\"https:\\\/\\\/schema.org\",\"@graph\":[{\"@type\":\"WebPage\",\"@id\":\"https:\\\/\\\/www.institutfrancais-jerusalem.org\\\/ar\\\/\",\"url\":\"https:\\\/\\\/www.institutfrancais-jerusalem.org\\\/ar\\\/\",\"name\":\"Institut Fran\u00e7ais de J\u00e9rusalem - Chateaubriand\",\"isPartOf\":{\"@id\":\"https:\\\/\\\/www.institutfrancais-jerusalem.org\\\/ar\\\/#website\"},\"datePublished\":\"2017-08-07T18:29:48+00:00\",\"dateModified\":\"2022-11-29T14:57:58+00:00\",\"description\":\"Promouvoir la culture fran\u00e7aise, tout en favorisant la cr\u00e9ation artistique et les \u00e9changes interculturels \u00e0 J\u00e9rusalem.\",\"breadcrumb\":{\"@id\":\"https:\\\/\\\/www.institutfrancais-jerusalem.org\\\/ar\\\/#breadcrumb\"},\"inLanguage\":\"ar\",\"potentialAction\":[{\"@type\":\"ReadAction\",\"target\":[\"https:\\\/\\\/www.institutfrancais-jerusalem.org\\\/ar\\\/\"]}]},{\"@type\":\"BreadcrumbList\",\"@id\":\"https:\\\/\\\/www.institutfrancais-jerusalem.org\\\/ar\\\/#breadcrumb\",\"itemListElement\":[{\"@type\":\"ListItem\",\"position\":1,\"name\":\"Accueil\",\"item\":\"https:\\\/\\\/www.institutfrancais-jerusalem.org\\\/ar\\\/\"},{\"@type\":\"ListItem\",\"position\":2,\"name\":\"\u0627\u0644\u0631\u0626\u064a\u0633\u064a\u0651\u0629\"}]},{\"@type\":\"WebSite\",\"@id\":\"https:\\\/\\\/www.institutfrancais-jerusalem.org\\\/ar\\\/#website\",\"url\":\"https:\\\/\\\/www.institutfrancais-jerusalem.org\\\/ar\\\/\",\"name\":\"Institut Fran\u00e7ais de J\u00e9rusalem\",\"description\":\"Chateaubriand\",\"potentialAction\":[{\"@type\":\"SearchAction\",\"target\":{\"@type\":\"EntryPoint\",\"urlTemplate\":\"https:\\\/\\\/www.institutfrancais-jerusalem.org\\\/ar\\\/?s={search_term_string}\"},\"query-input\":{\"@type\":\"PropertyValueSpecification\",\"valueRequired\":true,\"valueName\":\"search_term_string\"}}],\"inLanguage\":\"ar\"}]}<\/script>\n<!-- \/ Yoast SEO plugin. -->","yoast_head_json":{"title":"Institut Fran\u00e7ais de J\u00e9rusalem - Chateaubriand","description":"Promouvoir la culture fran\u00e7aise, tout en favorisant la cr\u00e9ation artistique et les \u00e9changes interculturels \u00e0 J\u00e9rusalem.","robots":{"index":"index","follow":"follow","max-snippet":"max-snippet:-1","max-image-preview":"max-image-preview:large","max-video-preview":"max-video-preview:-1"},"canonical":"https:\/\/www.institutfrancais-jerusalem.org\/ar\/","og_locale":"ar_AR","og_type":"article","og_title":"Institut Fran\u00e7ais de J\u00e9rusalem - Chateaubriand","og_description":"Promouvoir la culture fran\u00e7aise, tout en favorisant la cr\u00e9ation artistique et les \u00e9changes interculturels \u00e0 J\u00e9rusalem.","og_url":"https:\/\/www.institutfrancais-jerusalem.org\/ar\/","og_site_name":"Institut Fran\u00e7ais de J\u00e9rusalem","article_modified_time":"2022-11-29T14:57:58+00:00","twitter_card":"summary_large_image","schema":{"@context":"https:\/\/schema.org","@graph":[{"@type":"WebPage","@id":"https:\/\/www.institutfrancais-jerusalem.org\/ar\/","url":"https:\/\/www.institutfrancais-jerusalem.org\/ar\/","name":"Institut Fran\u00e7ais de J\u00e9rusalem - Chateaubriand","isPartOf":{"@id":"https:\/\/www.institutfrancais-jerusalem.org\/ar\/#website"},"datePublished":"2017-08-07T18:29:48+00:00","dateModified":"2022-11-29T14:57:58+00:00","description":"Promouvoir la culture fran\u00e7aise, tout en favorisant la cr\u00e9ation artistique et les \u00e9changes interculturels \u00e0 J\u00e9rusalem.","breadcrumb":{"@id":"https:\/\/www.institutfrancais-jerusalem.org\/ar\/#breadcrumb"},"inLanguage":"ar","potentialAction":[{"@type":"ReadAction","target":["https:\/\/www.institutfrancais-jerusalem.org\/ar\/"]}]},{"@type":"BreadcrumbList","@id":"https:\/\/www.institutfrancais-jerusalem.org\/ar\/#breadcrumb","itemListElement":[{"@type":"ListItem","position":1,"name":"Accueil","item":"https:\/\/www.institutfrancais-jerusalem.org\/ar\/"},{"@type":"ListItem","position":2,"name":"\u0627\u0644\u0631\u0626\u064a\u0633\u064a\u0651\u0629"}]},{"@type":"WebSite","@id":"https:\/\/www.institutfrancais-jerusalem.org\/ar\/#website","url":"https:\/\/www.institutfrancais-jerusalem.org\/ar\/","name":"Institut Fran\u00e7ais de J\u00e9rusalem","description":"Chateaubriand","potentialAction":[{"@type":"SearchAction","target":{"@type":"EntryPoint","urlTemplate":"https:\/\/www.institutfrancais-jerusalem.org\/ar\/?s={search_term_string}"},"query-input":{"@type":"PropertyValueSpecification","valueRequired":true,"valueName":"search_term_string"}}],"inLanguage":"ar"}]}},"_links":{"self":[{"href":"https:\/\/www.institutfrancais-jerusalem.org\/ar\/wp-json\/wp\/v2\/pages\/8964","targetHints":{"allow":["GET"]}}],"collection":[{"href":"https:\/\/www.institutfrancais-jerusalem.org\/ar\/wp-json\/wp\/v2\/pages"}],"about":[{"href":"https:\/\/www.institutfrancais-jerusalem.org\/ar\/wp-json\/wp\/v2\/types\/page"}],"author":[{"embeddable":true,"href":"https:\/\/www.institutfrancais-jerusalem.org\/ar\/wp-json\/wp\/v2\/users\/1"}],"replies":[{"embeddable":true,"href":"https:\/\/www.institutfrancais-jerusalem.org\/ar\/wp-json\/wp\/v2\/comments?post=8964"}],"version-history":[{"count":0,"href":"https:\/\/www.institutfrancais-jerusalem.org\/ar\/wp-json\/wp\/v2\/pages\/8964\/revisions"}],"wp:attachment":[{"href":"https:\/\/www.institutfrancais-jerusalem.org\/ar\/wp-json\/wp\/v2\/media?parent=8964"}],"curies":[{"name":"wp","href":"https:\/\/api.w.org\/{rel}","templated":true}]}}