{"id":2187,"date":"2017-08-24T08:10:59","date_gmt":"2017-08-24T06:10:59","guid":{"rendered":"http:\/\/www.institutfrancais-jerusalem.org\/?page_id=2187"},"modified":"2022-05-19T14:43:48","modified_gmt":"2022-05-19T12:43:48","slug":"nous-rejoindre","status":"publish","type":"page","link":"https:\/\/www.institutfrancais-jerusalem.org\/ar\/qui-sommes-nous\/nous-rejoindre\/","title":{"rendered":"\u0627\u0646\u0636\u0645\u0651\u0648\u0627 \u0625\u0644\u064a\u0646\u0627"},"content":{"rendered":"<p><img decoding=\"async\" data-src=\"https:\/\/www.institutfrancais-jerusalem.org\/wp-content\/uploads\/2017\/08\/Capture-d\u2019e\u0301cran-2017-09-27-a\u0300-16.25.30.png\" alt=\"\" width=\"680\" height=\"572\" src=\"data:image\/svg+xml;base64,PHN2ZyB3aWR0aD0iMSIgaGVpZ2h0PSIxIiB4bWxucz0iaHR0cDovL3d3dy53My5vcmcvMjAwMC9zdmciPjwvc3ZnPg==\" class=\"lazyload\" style=\"--smush-placeholder-width: 680px; --smush-placeholder-aspect-ratio: 680\/572;\" \/><\/p>\n<p class=\"p1\"><b>FICHE DE POSTE \u2013 Assistant administratif <\/b><\/p>\n<p class=\"p1\">Section consulaire du Consulat g\u00e9n\u00e9ral de France<\/p>\n<p class=\"p3\">Intitul\u00e9 actuel du poste\u00a0: Assistante administrative<\/p>\n<p class=\"p3\">Service\u00a0: section consulaire du Consulat g\u00e9n\u00e9ral<\/p>\n<p class=\"p3\">Sup\u00e9rieur hi\u00e9rarchique direct\u00a0: chef de section consulaire<\/p>\n<p class=\"p3\">Niveau de r\u00e9mun\u00e9ration de l\u2019agent\u00a0: Salaire mensuel brut 9\u00a0863 Nis (niveau 5) + 231 NIS\/mois (prime de transport) +<span class=\"Apple-converted-space\">\u00a0 <\/span>charges et cotisations sociales selon la loi locale du travail en vigueur.<\/p>\n<table class=\"t1\" cellspacing=\"0\" cellpadding=\"0\">\n<tbody>\n<tr>\n<td class=\"td1\" valign=\"top\">\n<p class=\"p5\"><b>D\u00e9finition synth\u00e9tique\u00a0:<\/b><\/p>\n<\/td>\n<\/tr>\n<tr>\n<td class=\"td2\" valign=\"top\">\n<ul class=\"ul1\">\n<li class=\"li6\">La mission principale consiste \u00e0 assister la cheffe de section consulaire dans l\u2019ensemble de ses missions, y compris et en particulier le suivi des dossiers d\u2019administration des fran\u00e7ais<\/li>\n<li class=\"li6\">Agent polyvalent<\/li>\n<\/ul>\n<\/td>\n<\/tr>\n<\/tbody>\n<\/table>\n<table class=\"t1\" cellspacing=\"0\" cellpadding=\"0\">\n<tbody>\n<tr>\n<td class=\"td1\" valign=\"top\">\n<p class=\"p5\"><b>D\u00e9tail des activit\u00e9s\u00a0principales :<\/b><\/p>\n<\/td>\n<\/tr>\n<tr>\n<td class=\"td3\" valign=\"top\">\n<ul class=\"ul1\">\n<li class=\"li6\">Assister la Cheffe de chancellerie,<\/li>\n<li class=\"li6\">Assurer le bin\u00f4me des agents de la chancellerie consulaire autant que de besoin\u00a0: administration des Fran\u00e7ais, \u00e9tat civil, visas,<\/li>\n<li class=\"li6\">Gestion des courriers \u00e9lectroniques\u00a0: administration des Fran\u00e7ais, \u00e9tat civil, \u00e9lections,<\/li>\n<li class=\"li6\">Assurer le bin\u00f4me de l\u2019agent en charge de l\u2019accueil\u00a0: r\u00e9ponse t\u00e9l\u00e9phonique et accueil du public en pr\u00e9sentiel en son absence.<\/li>\n<\/ul>\n<\/td>\n<\/tr>\n<\/tbody>\n<\/table>\n<table class=\"t1\" cellspacing=\"0\" cellpadding=\"0\">\n<tbody>\n<tr>\n<td class=\"td1\" colspan=\"2\" valign=\"top\">\n<p class=\"p5\"><b>Comp\u00e9tences requises<\/b><\/p>\n<\/td>\n<\/tr>\n<tr>\n<td class=\"td4\" valign=\"top\">\n<p class=\"p6\"><b>Formations et\/ou exp\u00e9riences professionnelles souhaitables<\/b><\/p>\n<\/td>\n<td class=\"td5\" valign=\"top\">\n<p class=\"p6\">Gestion administrative, r\u00e9ponse t\u00e9l\u00e9phonique, bonne orthographe.<\/p>\n<\/td>\n<\/tr>\n<tr>\n<td class=\"td6\" valign=\"top\">\n<p class=\"p6\">Bonnes connaissances de l\u2019h\u00e9breu, parl\u00e9 et lu.<\/p>\n<\/td>\n<td class=\"td7\" valign=\"top\">\n<p class=\"p6\">Ma\u00eetrise de<span class=\"Apple-converted-space\">\u00a0 <\/span>l\u2019h\u00e9breu,<\/p>\n<p class=\"p6\">Bonnes connaissances de l\u2019anglais,<\/p>\n<p class=\"p6\">Fran\u00e7ais courant.<\/p>\n<\/td>\n<\/tr>\n<tr>\n<td class=\"td8\" valign=\"top\">\n<p class=\"p6\"><b>Connaissances informatiques \u2013 logiciels <\/b><\/p>\n<\/td>\n<td class=\"td9\" valign=\"top\">\n<p class=\"p6\">Word, Excel,<\/p>\n<p class=\"p6\">Bonnes connaissances en informatique, aptitude \u00e0 apprendre les applications consulaires.<\/p>\n<\/td>\n<\/tr>\n<tr>\n<td class=\"td10\" valign=\"top\">\n<p class=\"p6\"><b>Autres<\/b><\/p>\n<\/td>\n<td class=\"td11\" valign=\"top\">\n<p class=\"p8\">&#8211; Loyaut\u00e9,<\/p>\n<p class=\"p8\">-Discr\u00e9tion,<\/p>\n<p class=\"p8\">&#8211; Capacit\u00e9 d&#8217;adaptation et de r\u00e9activit\u00e9, courtoisie et tact,<\/p>\n<p class=\"p8\">&#8211; Capacit\u00e9 \u00e0 travailler en \u00e9quipe,<\/p>\n<p class=\"p8\">&#8211; Grande disponibilit\u00e9 et flexibilit\u00e9 horaire,<\/p>\n<p class=\"p8\">&#8211; Sens de l&#8217;organisation et rigueur,<\/p>\n<p class=\"p8\">&#8211; Esprit d\u2019initiative,<\/p>\n<p class=\"p8\">&#8211; Patience,<\/p>\n<p class=\"p8\">&#8211; Excellente pr\u00e9sentation.<\/p>\n<\/td>\n<\/tr>\n<\/tbody>\n<\/table>\n<table class=\"t1\" cellspacing=\"0\" cellpadding=\"0\">\n<tbody>\n<tr>\n<td class=\"td1\" valign=\"top\">\n<p class=\"p5\"><b>Contraintes particuli\u00e8res d\u2019exercice (Fonctions de bin\u00f4me, astreintes, horaires d\u00e9cal\u00e9s, d\u00e9placements, etc.)<\/b><\/p>\n<\/td>\n<\/tr>\n<tr>\n<td class=\"td12\" valign=\"top\">\n<p class=\"p6\">Base de travail de 37h30.<\/p>\n<p class=\"p6\">Astreintes et horaires d\u00e9cal\u00e9s possible en fonction des n\u00e9cessit\u00e9s de service (r\u00e9cup\u00e9ration dans la mesure du possible)<\/p>\n<\/td>\n<\/tr>\n<\/tbody>\n<\/table>\n<p class=\"p6\"><b>Les candidatures (comprenant obligatoirement un CV et une lettre de motivation) pourront \u00eatre d\u00e9pos\u00e9es selon deux modalit\u00e9s, <span style=\"text-decoration: underline;\">avant le 1er juin 2022 :<\/span><\/b><\/p>\n<p class=\"p9\"><span class=\"s2\">&#8211; par courriel, envoy\u00e9 \u00e0 <a href=\"mailto:cad.jerusalem-fslt@diplomatie.gouv.fr\"><span class=\"s3\">cad.jerusalem-fslt@diplomatie.gouv.fr<\/span><\/a><\/span><\/p>\n<p class=\"p6\">&#8211; par d\u00e9p\u00f4t au Consulat g\u00e9n\u00e9ral rue Emile Botta, \u00e0 J\u00e9rusalem, sous enveloppe ferm\u00e9e et adress\u00e9e selon la formule suivante \u00ab\u00a0\u00e0 l\u2019attention de la cheffe de chancellerie \u2013 candidature poste d\u2019assistant administratif\u00a0\u00bb.<\/p>\n<p class=\"p6\">Toute candidature incompl\u00e8te ne sera pas trait\u00e9e. Seules les candidatures retenues pour un entretien seront recontact\u00e9es.<\/p>\n<div class=\"page\" title=\"Page 1\">\n<div class=\"layoutArea\">\n<p>&nbsp;<\/p>\n<\/div>\n<\/div>\n<p>&nbsp;<\/p>\n<p>&nbsp;<\/p>\n","protected":false},"excerpt":{"rendered":"<p>FICHE DE POSTE \u2013 Assistant administratif Section consulaire du Consulat g\u00e9n\u00e9ral de France Intitul\u00e9 actuel du poste\u00a0: Assistante administrative Service\u00a0: section consulaire du Consulat g\u00e9n\u00e9ral Sup\u00e9rieur hi\u00e9rarchique direct\u00a0: chef de section consulaire Niveau de r\u00e9mun\u00e9ration de l\u2019agent\u00a0: Salaire mensuel brut 9\u00a0863 Nis (niveau 5) + 231 NIS\/mois (prime de transport) +\u00a0 charges et cotisations sociales &hellip;<\/p>\n","protected":false},"author":1,"featured_media":0,"parent":2176,"menu_order":0,"comment_status":"closed","ping_status":"closed","template":"","meta":{"footnotes":""},"class_list":["post-2187","page","type-page","status-publish",""],"yoast_head":"<!-- This site is optimized with the Yoast SEO plugin v27.6 - https:\/\/yoast.com\/product\/yoast-seo-wordpress\/ -->\n<title>\u0627\u0646\u0636\u0645\u0651\u0648\u0627 \u0625\u0644\u064a\u0646\u0627 - Institut Fran\u00e7ais de J\u00e9rusalem<\/title>\n<meta name=\"robots\" content=\"index, follow, max-snippet:-1, max-image-preview:large, max-video-preview:-1\" \/>\n<link rel=\"canonical\" href=\"https:\/\/www.institutfrancais-jerusalem.org\/ar\/qui-sommes-nous\/nous-rejoindre\/\" \/>\n<meta property=\"og:locale\" content=\"ar_AR\" \/>\n<meta property=\"og:type\" content=\"article\" \/>\n<meta property=\"og:title\" content=\"\u0627\u0646\u0636\u0645\u0651\u0648\u0627 \u0625\u0644\u064a\u0646\u0627 - Institut Fran\u00e7ais de J\u00e9rusalem\" \/>\n<meta property=\"og:description\" content=\"FICHE DE POSTE \u2013 Assistant administratif Section consulaire du Consulat g\u00e9n\u00e9ral de France Intitul\u00e9 actuel du poste\u00a0: Assistante administrative Service\u00a0: section consulaire du Consulat g\u00e9n\u00e9ral Sup\u00e9rieur hi\u00e9rarchique direct\u00a0: chef de section consulaire Niveau de r\u00e9mun\u00e9ration de l\u2019agent\u00a0: Salaire mensuel brut 9\u00a0863 Nis (niveau 5) + 231 NIS\/mois (prime de transport) +\u00a0 charges et cotisations sociales &hellip;\" \/>\n<meta property=\"og:url\" content=\"https:\/\/www.institutfrancais-jerusalem.org\/ar\/qui-sommes-nous\/nous-rejoindre\/\" \/>\n<meta property=\"og:site_name\" content=\"Institut Fran\u00e7ais de J\u00e9rusalem\" \/>\n<meta property=\"article:modified_time\" content=\"2022-05-19T12:43:48+00:00\" \/>\n<meta name=\"twitter:card\" content=\"summary_large_image\" \/>\n<meta name=\"twitter:label1\" content=\"\u0648\u0642\u062a \u0627\u0644\u0642\u0631\u0627\u0621\u0629 \u0627\u0644\u0645\u064f\u0642\u062f\u0651\u0631\" \/>\n\t<meta name=\"twitter:data1\" content=\"\u062f\u0642\u064a\u0642\u062a\u0627\u0646\" \/>\n<script type=\"application\/ld+json\" class=\"yoast-schema-graph\">{\"@context\":\"https:\\\/\\\/schema.org\",\"@graph\":[{\"@type\":\"WebPage\",\"@id\":\"https:\\\/\\\/www.institutfrancais-jerusalem.org\\\/ar\\\/qui-sommes-nous\\\/nous-rejoindre\\\/\",\"url\":\"https:\\\/\\\/www.institutfrancais-jerusalem.org\\\/ar\\\/qui-sommes-nous\\\/nous-rejoindre\\\/\",\"name\":\"\u0627\u0646\u0636\u0645\u0651\u0648\u0627 \u0625\u0644\u064a\u0646\u0627 - Institut Fran\u00e7ais de J\u00e9rusalem\",\"isPartOf\":{\"@id\":\"https:\\\/\\\/www.institutfrancais-jerusalem.org\\\/ar\\\/#website\"},\"datePublished\":\"2017-08-24T06:10:59+00:00\",\"dateModified\":\"2022-05-19T12:43:48+00:00\",\"breadcrumb\":{\"@id\":\"https:\\\/\\\/www.institutfrancais-jerusalem.org\\\/ar\\\/qui-sommes-nous\\\/nous-rejoindre\\\/#breadcrumb\"},\"inLanguage\":\"ar\",\"potentialAction\":[{\"@type\":\"ReadAction\",\"target\":[\"https:\\\/\\\/www.institutfrancais-jerusalem.org\\\/ar\\\/qui-sommes-nous\\\/nous-rejoindre\\\/\"]}]},{\"@type\":\"BreadcrumbList\",\"@id\":\"https:\\\/\\\/www.institutfrancais-jerusalem.org\\\/ar\\\/qui-sommes-nous\\\/nous-rejoindre\\\/#breadcrumb\",\"itemListElement\":[{\"@type\":\"ListItem\",\"position\":1,\"name\":\"Accueil\",\"item\":\"https:\\\/\\\/www.institutfrancais-jerusalem.org\\\/ar\\\/\"},{\"@type\":\"ListItem\",\"position\":2,\"name\":\"\u0645\u0646 \u0646\u062d\u0646\",\"item\":\"https:\\\/\\\/www.institutfrancais-jerusalem.org\\\/ar\\\/qui-sommes-nous\\\/\"},{\"@type\":\"ListItem\",\"position\":3,\"name\":\"\u0627\u0646\u0636\u0645\u0651\u0648\u0627 \u0625\u0644\u064a\u0646\u0627\"}]},{\"@type\":\"WebSite\",\"@id\":\"https:\\\/\\\/www.institutfrancais-jerusalem.org\\\/ar\\\/#website\",\"url\":\"https:\\\/\\\/www.institutfrancais-jerusalem.org\\\/ar\\\/\",\"name\":\"Institut Fran\u00e7ais de J\u00e9rusalem\",\"description\":\"Chateaubriand\",\"potentialAction\":[{\"@type\":\"SearchAction\",\"target\":{\"@type\":\"EntryPoint\",\"urlTemplate\":\"https:\\\/\\\/www.institutfrancais-jerusalem.org\\\/ar\\\/?s={search_term_string}\"},\"query-input\":{\"@type\":\"PropertyValueSpecification\",\"valueRequired\":true,\"valueName\":\"search_term_string\"}}],\"inLanguage\":\"ar\"}]}<\/script>\n<!-- \/ Yoast SEO plugin. -->","yoast_head_json":{"title":"\u0627\u0646\u0636\u0645\u0651\u0648\u0627 \u0625\u0644\u064a\u0646\u0627 - Institut Fran\u00e7ais de J\u00e9rusalem","robots":{"index":"index","follow":"follow","max-snippet":"max-snippet:-1","max-image-preview":"max-image-preview:large","max-video-preview":"max-video-preview:-1"},"canonical":"https:\/\/www.institutfrancais-jerusalem.org\/ar\/qui-sommes-nous\/nous-rejoindre\/","og_locale":"ar_AR","og_type":"article","og_title":"\u0627\u0646\u0636\u0645\u0651\u0648\u0627 \u0625\u0644\u064a\u0646\u0627 - Institut Fran\u00e7ais de J\u00e9rusalem","og_description":"FICHE DE POSTE \u2013 Assistant administratif Section consulaire du Consulat g\u00e9n\u00e9ral de France Intitul\u00e9 actuel du poste\u00a0: Assistante administrative Service\u00a0: section consulaire du Consulat g\u00e9n\u00e9ral Sup\u00e9rieur hi\u00e9rarchique direct\u00a0: chef de section consulaire Niveau de r\u00e9mun\u00e9ration de l\u2019agent\u00a0: Salaire mensuel brut 9\u00a0863 Nis (niveau 5) + 231 NIS\/mois (prime de transport) +\u00a0 charges et cotisations sociales &hellip;","og_url":"https:\/\/www.institutfrancais-jerusalem.org\/ar\/qui-sommes-nous\/nous-rejoindre\/","og_site_name":"Institut Fran\u00e7ais de J\u00e9rusalem","article_modified_time":"2022-05-19T12:43:48+00:00","twitter_card":"summary_large_image","twitter_misc":{"\u0648\u0642\u062a \u0627\u0644\u0642\u0631\u0627\u0621\u0629 \u0627\u0644\u0645\u064f\u0642\u062f\u0651\u0631":"\u062f\u0642\u064a\u0642\u062a\u0627\u0646"},"schema":{"@context":"https:\/\/schema.org","@graph":[{"@type":"WebPage","@id":"https:\/\/www.institutfrancais-jerusalem.org\/ar\/qui-sommes-nous\/nous-rejoindre\/","url":"https:\/\/www.institutfrancais-jerusalem.org\/ar\/qui-sommes-nous\/nous-rejoindre\/","name":"\u0627\u0646\u0636\u0645\u0651\u0648\u0627 \u0625\u0644\u064a\u0646\u0627 - Institut Fran\u00e7ais de J\u00e9rusalem","isPartOf":{"@id":"https:\/\/www.institutfrancais-jerusalem.org\/ar\/#website"},"datePublished":"2017-08-24T06:10:59+00:00","dateModified":"2022-05-19T12:43:48+00:00","breadcrumb":{"@id":"https:\/\/www.institutfrancais-jerusalem.org\/ar\/qui-sommes-nous\/nous-rejoindre\/#breadcrumb"},"inLanguage":"ar","potentialAction":[{"@type":"ReadAction","target":["https:\/\/www.institutfrancais-jerusalem.org\/ar\/qui-sommes-nous\/nous-rejoindre\/"]}]},{"@type":"BreadcrumbList","@id":"https:\/\/www.institutfrancais-jerusalem.org\/ar\/qui-sommes-nous\/nous-rejoindre\/#breadcrumb","itemListElement":[{"@type":"ListItem","position":1,"name":"Accueil","item":"https:\/\/www.institutfrancais-jerusalem.org\/ar\/"},{"@type":"ListItem","position":2,"name":"\u0645\u0646 \u0646\u062d\u0646","item":"https:\/\/www.institutfrancais-jerusalem.org\/ar\/qui-sommes-nous\/"},{"@type":"ListItem","position":3,"name":"\u0627\u0646\u0636\u0645\u0651\u0648\u0627 \u0625\u0644\u064a\u0646\u0627"}]},{"@type":"WebSite","@id":"https:\/\/www.institutfrancais-jerusalem.org\/ar\/#website","url":"https:\/\/www.institutfrancais-jerusalem.org\/ar\/","name":"Institut Fran\u00e7ais de J\u00e9rusalem","description":"Chateaubriand","potentialAction":[{"@type":"SearchAction","target":{"@type":"EntryPoint","urlTemplate":"https:\/\/www.institutfrancais-jerusalem.org\/ar\/?s={search_term_string}"},"query-input":{"@type":"PropertyValueSpecification","valueRequired":true,"valueName":"search_term_string"}}],"inLanguage":"ar"}]}},"_links":{"self":[{"href":"https:\/\/www.institutfrancais-jerusalem.org\/ar\/wp-json\/wp\/v2\/pages\/2187","targetHints":{"allow":["GET"]}}],"collection":[{"href":"https:\/\/www.institutfrancais-jerusalem.org\/ar\/wp-json\/wp\/v2\/pages"}],"about":[{"href":"https:\/\/www.institutfrancais-jerusalem.org\/ar\/wp-json\/wp\/v2\/types\/page"}],"author":[{"embeddable":true,"href":"https:\/\/www.institutfrancais-jerusalem.org\/ar\/wp-json\/wp\/v2\/users\/1"}],"replies":[{"embeddable":true,"href":"https:\/\/www.institutfrancais-jerusalem.org\/ar\/wp-json\/wp\/v2\/comments?post=2187"}],"version-history":[{"count":0,"href":"https:\/\/www.institutfrancais-jerusalem.org\/ar\/wp-json\/wp\/v2\/pages\/2187\/revisions"}],"up":[{"embeddable":true,"href":"https:\/\/www.institutfrancais-jerusalem.org\/ar\/wp-json\/wp\/v2\/pages\/2176"}],"wp:attachment":[{"href":"https:\/\/www.institutfrancais-jerusalem.org\/ar\/wp-json\/wp\/v2\/media?parent=2187"}],"curies":[{"name":"wp","href":"https:\/\/api.w.org\/{rel}","templated":true}]}}