{"id":2171,"date":"2017-08-24T08:03:36","date_gmt":"2017-08-24T06:03:36","guid":{"rendered":"http:\/\/www.institutfrancais-jerusalem.org\/?page_id=2171"},"modified":"2018-01-09T14:06:44","modified_gmt":"2018-01-09T13:06:44","slug":"culturetheque","status":"publish","type":"page","link":"https:\/\/www.institutfrancais-jerusalem.org\/ar\/nos-mediatheques\/culturetheque\/","title":{"rendered":"\u0627\u0644\u0645\u0643\u062a\u0628\u0629 \u0627\u0644\u0631\u0642\u0645\u064a\u0651\u0629 \u0639\u0644\u0649 \u0627\u0644\u0627\u0646\u062a\u0631\u0646\u062a"},"content":{"rendered":"<p><iframe title=\"Cultureth\u00e8que votre biblioth\u00e8que num\u00e9rique HD\" width=\"618\" height=\"348\" data-src=\"https:\/\/www.youtube.com\/embed\/5C5RykDocK0?feature=oembed\" frameborder=\"0\" allow=\"accelerometer; autoplay; clipboard-write; encrypted-media; gyroscope; picture-in-picture; web-share\" referrerpolicy=\"strict-origin-when-cross-origin\" allowfullscreen src=\"data:image\/svg+xml;base64,PHN2ZyB3aWR0aD0iMSIgaGVpZ2h0PSIxIiB4bWxucz0iaHR0cDovL3d3dy53My5vcmcvMjAwMC9zdmciPjwvc3ZnPg==\" class=\"lazyload\" data-load-mode=\"1\"><\/iframe><\/p>\n<p class=\"p1\" dir=\"rtl\" style=\"text-align: center;\"><em><span class=\"s1\"><b>\u0627\u0644\u0645\u0643\u062a\u0628\u0629 \u0627\u0644\u0631\u0642\u0645\u064a\u0629 \u0627\u0644\u0641\u0631\u0646\u0633\u064a\u0629 \u0639\u0628\u0631 \u0627\u0644\u0627\u0646\u062a\u0631\u0646\u062a<\/b><\/span><\/em><\/p>\n<h4 class=\"p1\" dir=\"rtl\"><span class=\"s1\">\u062a\u0642\u062f\u0645 \u0627\u0644\u0645\u0643\u062a\u0628\u0629 \u0627\u0644\u0631\u0642\u0645\u064a\u0629 \u0627\u0644\u0641\u0631\u0646\u0633\u064a\u0629 \u0639\u0628\u0631 \u0627\u0644\u0627\u0646\u062a\u0631\u0646\u062a \u0627\u0644\u0639\u062f\u064a\u062f \u0645\u0646 \u0627\u0644\u0645\u0635\u0627\u062f\u0631 \u062a\u062a\u0646\u0648\u0639 \u0628\u064a\u0646:<\/span><\/h4>\n<ul>\n<li class=\"li1\" dir=\"rtl\" style=\"text-align: right;\"><span class=\"s1\">\u0627\u0644\u0627\u0639\u062f\u0627\u062f \u0627\u0644\u0643\u0628\u0631\u0649 \u0645\u0646 \u0627\u0644\u0635\u062d\u0627\u0641\u0629 \u0627\u0644\u0641\u0631\u0646\u0633\u064a\u0629<\/span><\/li>\n<li class=\"li1\" dir=\"rtl\" style=\"text-align: right;\"><span class=\"s1\">\u0627\u0644\u0642\u0635\u0635 \u0627\u0644\u0645\u0635\u0648\u0631\u0629<\/span><\/li>\n<li class=\"li1\" dir=\"rtl\" style=\"text-align: right;\"><span class=\"s1\">\u0627\u0644\u0631\u0648<\/span><span class=\"s3\">\u0627<\/span><span class=\"s1\">\u064a\u0627\u062a<\/span><\/li>\n<li class=\"li1\" dir=\"rtl\" style=\"text-align: right;\"><span class=\"s1\"> \u0643\u062a\u0628 \u062d\u0648\u0644 \u0645\u0648\u0627\u0636\u064a\u0639 \u0645\u062d\u062f\u062f\u0629\u060c \u0645\u062b\u0627\u0644:( \u0627\u0644\u062d\u0631\u0628 \u0627\u0644\u0639\u0627\u0644\u0645\u064a\u0629 \u0627\u0648 \u0627\u0644\u0645\u0646\u0627\u062e) <\/span><\/li>\n<li class=\"li1\" dir=\"rtl\" style=\"text-align: right;\"><span class=\"s1\">\u0645\u0633\u0627\u0642\u0627\u062a \u0644\u0644\u062a\u0639\u0644\u064a\u0645 \u0627\u0644\u0630\u0627\u062a\u064a<\/span><\/li>\n<li class=\"li1\" dir=\"rtl\" style=\"text-align: right;\"><span class=\"s1\">\u0643\u062a\u0628 \u0644\u0637\u0644\u0628\u0629 \u0627\u0644\u0644\u063a\u0629 \u0627\u0644\u0641\u0631\u0646\u0633\u064a\u0629 \u0644\u0627\u0633\u064a\u0645\u0627 \u0643\u062a\u0628 \u0627\u0644\u0642\u0631\u0627\u0621\u0629 \u0628\u0627\u0644\u0641\u0631\u0646\u0633\u064a\u0629 \u0627\u0644\u0633\u0647\u0644\u0629<\/span><\/li>\n<li class=\"li1\" dir=\"rtl\" style=\"text-align: right;\"><span class=\"s1\">\u0645\u0642\u0627\u0644\u0627\u062a \u062d\u0648\u0644 \u0627\u0644\u0639\u0644\u0648\u0645 \u0627\u0644\u0627\u0646\u0633\u0627\u0646\u064a\u0629<\/span><\/li>\n<li class=\"li1\" dir=\"rtl\" style=\"text-align: right;\"><span class=\"s1\">\u062a\u0635\u0648\u064a\u0631 \u0627\u0644\u0639\u0631\u0648\u0636 \u0627\u0644\u062d\u064a\u0629<\/span><\/li>\n<li class=\"li1\" dir=\"rtl\" style=\"text-align: right;\"><span class=\"s1\">\u0627\u0641\u0644\u0627\u0645 \u0648\u062b\u0627\u0626\u0642\u064a\u0629 \u0645\u062e\u0635\u0635\u0629 \u0645\u0646\u0634\u0648\u0631\u0629 \u0639\u0644\u0649 \u0634\u0628\u0643\u0629 \u0627\u0644\u0627\u0646\u062a\u0631\u0646\u062a\u00a0<\/span><\/li>\n<li dir=\"rtl\">\n<p class=\"p1\" dir=\"rtl\" style=\"text-align: right;\"><span class=\"s1\">\u064a\u0645\u0643\u0646 \u062a\u0635\u0641\u062d \u0643\u0644 \u0647\u0630\u0647 \u0627\u0644\u0645\u0635\u0627\u062f\u0631 \u0645\u0628\u0627\u0634\u0631\u0629 \u0639\u0628\u0631 \u0645\u0648\u0642\u0639 \u0627\u0644\u0645\u0643\u062a\u0628\u0629 \u0627\u0644\u0631\u0642\u0645\u064a\u0629 \u0627\u0648 \u062a\u062d\u0645\u064a\u0644\u0647\u0627 ( \u0628\u0648\u0627\u0642\u0639 \u0643\u062a\u0627\u0628\u064a\u0646 \u0641\u064a \u0643\u0644 21 \u064a\u0648\u0645 \u0627\u0648 \u062e\u0645\u0633\u0629 \u0643\u062a\u0628 \u0644\u0643\u0644 \u0634\u0647\u0631 \u0643\u062d\u062f \u0627\u0642\u0635\u0649\u060c \u0639\u0644\u0645\u0627 \u0627\u0646\u0647 \u064a\u0645\u0643\u0646 \u062a\u0635\u0641\u062d \u0647\u0630\u0647 \u0627\u0644\u0643\u062a\u0628 \u0639\u0628\u0631 \u0627\u0644\u062d\u0648\u0627\u0633\u064a\u0628 \u0627\u0644\u0644\u0648\u062d\u064a\u0629 (tablette)<span class=\"Apple-converted-space\">\u00a0 <\/span>\u0627\u0648 \u0627\u0644\u0643\u062a\u0628 \u0627\u0644\u0627\u0644\u0643\u062a\u0631\u0648\u0646\u064a\u0629 \u0627\u0648 \u0627\u0644\u0627\u062c\u0647\u0632\u0629 \u0627\u0644\u0630\u0643\u064a\u0629.<\/span><\/p>\n<\/li>\n<li dir=\"rtl\">\n<h4 class=\"p1\" dir=\"rtl\" style=\"text-align: right;\"><span class=\"s1\">\u0627\u0630\u0627 \u0643\u0646\u062a\u0645 \u062a\u062a\u062d\u062f\u062b\u0648\u0646 \u0627\u0648 \u062a\u062a\u0639\u0644\u0645\u0648\u0646 \u0627\u0644\u0644\u063a\u0629 \u0627\u0644\u0641\u0631\u0646\u0633\u064a\u0629<\/span><\/h4>\n<p class=\"p1\" dir=\"rtl\" style=\"text-align: right;\"><span class=\"s1\">\u064a\u0645\u0643\u0646\u0643\u0645 \u0627\u0644\u0627\u0633\u062a\u0641\u0627\u062f\u0629 \u0645\u0646 \u0627\u0644\u0645\u0635\u0627\u062f\u0631 \u0627\u0644\u0645\u062a\u0648\u0641\u0631\u0629 \u0641\u064a \u0627\u0644\u0645\u0643\u062a\u0628\u0629 \u0627\u0644\u0631\u0642\u0645\u064a\u0629 \u0639\u0628\u0631 \u0627\u0644\u0627\u0646\u062a\u0631\u0646\u062a<span class=\"Apple-converted-space\">\u00a0 <\/span>(cultureth\u00e8que<span class=\"Apple-converted-space\">\u00a0 <\/span>) \u0628\u0641\u0636\u0644 \u0647\u0630\u0627 \u0627\u0644\u0639\u0631\u0636 \u0627\u0644\u0627\u0633\u062a\u0643\u0634\u0627\u0641\u064a \u0627\u0644\u0630\u064a \u062a\u0642\u062f\u0645\u0647 \u0627\u0644\u0645\u0643\u062a\u0628\u0629. \u064a\u0645\u0643\u0646\u0643\u0645 \u0628\u0639\u062f \u0630\u0644\u0643 \u0627\u0644\u0627\u0634\u062a\u0631\u0627\u0643 \u0641\u064a \u0627\u0644\u0645\u0643\u062a\u0628\u0629 \u0641\u064a \u0628\u0644\u062f\u0643\u0645 \u062d\u062a\u0649 \u064a\u062a\u0633\u0646\u0649 \u0644\u0643\u0645 \u0627\u0644\u0627\u0633\u062a\u0645\u0631\u0627\u0631 \u0645\u0646 \u0627\u0644\u0627\u0633\u062a\u0641\u0627\u062f\u0629 \u0645\u0646 \u0647\u0630\u0647 \u0627\u0644\u0645\u0635\u0627\u062f\u0631.<\/span><\/p>\n<\/li>\n<li dir=\"rtl\">\n<p class=\"p1\" dir=\"rtl\" style=\"text-align: right;\"><span class=\"s1\">\u0645\u0627 \u0647\u0648 \u0628\u0644\u062f\u0643\u0645\u060c \u0627\u0644\u062f\u062e\u0648\u0644 \u0627\u0644\u0649 \u0645\u0648\u0642\u0639 : <a href=\"http:\/\/www.culturetheque.com\"><span class=\"s2\"><b>www.culturetheque.com<\/b><\/span><\/a> <\/span><\/p>\n<\/li>\n<\/ul>\n","protected":false},"excerpt":{"rendered":"<p>\u0627\u0644\u0645\u0643\u062a\u0628\u0629 \u0627\u0644\u0631\u0642\u0645\u064a\u0629 \u0627\u0644\u0641\u0631\u0646\u0633\u064a\u0629 \u0639\u0628\u0631 \u0627\u0644\u0627\u0646\u062a\u0631\u0646\u062a \u062a\u0642\u062f\u0645 \u0627\u0644\u0645\u0643\u062a\u0628\u0629 \u0627\u0644\u0631\u0642\u0645\u064a\u0629 \u0627\u0644\u0641\u0631\u0646\u0633\u064a\u0629 \u0639\u0628\u0631 \u0627\u0644\u0627\u0646\u062a\u0631\u0646\u062a \u0627\u0644\u0639\u062f\u064a\u062f \u0645\u0646 \u0627\u0644\u0645\u0635\u0627\u062f\u0631 \u062a\u062a\u0646\u0648\u0639 \u0628\u064a\u0646: \u0627\u0644\u0627\u0639\u062f\u0627\u062f \u0627\u0644\u0643\u0628\u0631\u0649 \u0645\u0646 \u0627\u0644\u0635\u062d\u0627\u0641\u0629 \u0627\u0644\u0641\u0631\u0646\u0633\u064a\u0629 \u0627\u0644\u0642\u0635\u0635 \u0627\u0644\u0645\u0635\u0648\u0631\u0629 \u0627\u0644\u0631\u0648\u0627\u064a\u0627\u062a \u0643\u062a\u0628 \u062d\u0648\u0644 \u0645\u0648\u0627\u0636\u064a\u0639 \u0645\u062d\u062f\u062f\u0629\u060c \u0645\u062b\u0627\u0644:( \u0627\u0644\u062d\u0631\u0628 \u0627\u0644\u0639\u0627\u0644\u0645\u064a\u0629 \u0627\u0648 \u0627\u0644\u0645\u0646\u0627\u062e) \u0645\u0633\u0627\u0642\u0627\u062a \u0644\u0644\u062a\u0639\u0644\u064a\u0645 \u0627\u0644\u0630\u0627\u062a\u064a \u0643\u062a\u0628 \u0644\u0637\u0644\u0628\u0629 \u0627\u0644\u0644\u063a\u0629 \u0627\u0644\u0641\u0631\u0646\u0633\u064a\u0629 \u0644\u0627\u0633\u064a\u0645\u0627 \u0643\u062a\u0628 \u0627\u0644\u0642\u0631\u0627\u0621\u0629 \u0628\u0627\u0644\u0641\u0631\u0646\u0633\u064a\u0629 \u0627\u0644\u0633\u0647\u0644\u0629 \u0645\u0642\u0627\u0644\u0627\u062a \u062d\u0648\u0644 \u0627\u0644\u0639\u0644\u0648\u0645 \u0627\u0644\u0627\u0646\u0633\u0627\u0646\u064a\u0629 \u062a\u0635\u0648\u064a\u0631 \u0627\u0644\u0639\u0631\u0648\u0636 \u0627\u0644\u062d\u064a\u0629 \u0627\u0641\u0644\u0627\u0645 \u0648\u062b\u0627\u0626\u0642\u064a\u0629 \u0645\u062e\u0635\u0635\u0629 &hellip;<\/p>\n","protected":false},"author":1,"featured_media":5447,"parent":2165,"menu_order":0,"comment_status":"closed","ping_status":"closed","template":"","meta":{"footnotes":""},"class_list":["post-2171","page","type-page","status-publish","has-post-thumbnail",""],"yoast_head":"<!-- This site is optimized with the Yoast SEO plugin v27.4 - https:\/\/yoast.com\/product\/yoast-seo-wordpress\/ -->\n<title>\u0627\u0644\u0645\u0643\u062a\u0628\u0629 \u0627\u0644\u0631\u0642\u0645\u064a\u0651\u0629 \u0639\u0644\u0649 \u0627\u0644\u0627\u0646\u062a\u0631\u0646\u062a - Institut Fran\u00e7ais de J\u00e9rusalem<\/title>\n<meta name=\"robots\" content=\"index, follow, max-snippet:-1, max-image-preview:large, max-video-preview:-1\" \/>\n<link rel=\"canonical\" href=\"https:\/\/www.institutfrancais-jerusalem.org\/ar\/nos-mediatheques\/culturetheque\/\" \/>\n<meta property=\"og:locale\" content=\"ar_AR\" \/>\n<meta property=\"og:type\" content=\"article\" \/>\n<meta property=\"og:title\" content=\"\u0627\u0644\u0645\u0643\u062a\u0628\u0629 \u0627\u0644\u0631\u0642\u0645\u064a\u0651\u0629 \u0639\u0644\u0649 \u0627\u0644\u0627\u0646\u062a\u0631\u0646\u062a - Institut Fran\u00e7ais de J\u00e9rusalem\" \/>\n<meta property=\"og:description\" content=\"\u0627\u0644\u0645\u0643\u062a\u0628\u0629 \u0627\u0644\u0631\u0642\u0645\u064a\u0629 \u0627\u0644\u0641\u0631\u0646\u0633\u064a\u0629 \u0639\u0628\u0631 \u0627\u0644\u0627\u0646\u062a\u0631\u0646\u062a \u062a\u0642\u062f\u0645 \u0627\u0644\u0645\u0643\u062a\u0628\u0629 \u0627\u0644\u0631\u0642\u0645\u064a\u0629 \u0627\u0644\u0641\u0631\u0646\u0633\u064a\u0629 \u0639\u0628\u0631 \u0627\u0644\u0627\u0646\u062a\u0631\u0646\u062a \u0627\u0644\u0639\u062f\u064a\u062f \u0645\u0646 \u0627\u0644\u0645\u0635\u0627\u062f\u0631 \u062a\u062a\u0646\u0648\u0639 \u0628\u064a\u0646: \u0627\u0644\u0627\u0639\u062f\u0627\u062f \u0627\u0644\u0643\u0628\u0631\u0649 \u0645\u0646 \u0627\u0644\u0635\u062d\u0627\u0641\u0629 \u0627\u0644\u0641\u0631\u0646\u0633\u064a\u0629 \u0627\u0644\u0642\u0635\u0635 \u0627\u0644\u0645\u0635\u0648\u0631\u0629 \u0627\u0644\u0631\u0648\u0627\u064a\u0627\u062a \u0643\u062a\u0628 \u062d\u0648\u0644 \u0645\u0648\u0627\u0636\u064a\u0639 \u0645\u062d\u062f\u062f\u0629\u060c \u0645\u062b\u0627\u0644:( \u0627\u0644\u062d\u0631\u0628 \u0627\u0644\u0639\u0627\u0644\u0645\u064a\u0629 \u0627\u0648 \u0627\u0644\u0645\u0646\u0627\u062e) \u0645\u0633\u0627\u0642\u0627\u062a \u0644\u0644\u062a\u0639\u0644\u064a\u0645 \u0627\u0644\u0630\u0627\u062a\u064a \u0643\u062a\u0628 \u0644\u0637\u0644\u0628\u0629 \u0627\u0644\u0644\u063a\u0629 \u0627\u0644\u0641\u0631\u0646\u0633\u064a\u0629 \u0644\u0627\u0633\u064a\u0645\u0627 \u0643\u062a\u0628 \u0627\u0644\u0642\u0631\u0627\u0621\u0629 \u0628\u0627\u0644\u0641\u0631\u0646\u0633\u064a\u0629 \u0627\u0644\u0633\u0647\u0644\u0629 \u0645\u0642\u0627\u0644\u0627\u062a \u062d\u0648\u0644 \u0627\u0644\u0639\u0644\u0648\u0645 \u0627\u0644\u0627\u0646\u0633\u0627\u0646\u064a\u0629 \u062a\u0635\u0648\u064a\u0631 \u0627\u0644\u0639\u0631\u0648\u0636 \u0627\u0644\u062d\u064a\u0629 \u0627\u0641\u0644\u0627\u0645 \u0648\u062b\u0627\u0626\u0642\u064a\u0629 \u0645\u062e\u0635\u0635\u0629 &hellip;\" \/>\n<meta property=\"og:url\" content=\"https:\/\/www.institutfrancais-jerusalem.org\/ar\/nos-mediatheques\/culturetheque\/\" \/>\n<meta property=\"og:site_name\" content=\"Institut Fran\u00e7ais de J\u00e9rusalem\" \/>\n<meta property=\"article:modified_time\" content=\"2018-01-09T13:06:44+00:00\" \/>\n<meta property=\"og:image\" content=\"https:\/\/www.institutfrancais-jerusalem.org\/wp-content\/uploads\/2020\/03\/FB-CTQ-1200x630-1.jpg\" \/>\n\t<meta property=\"og:image:width\" content=\"1200\" \/>\n\t<meta property=\"og:image:height\" content=\"630\" \/>\n\t<meta property=\"og:image:type\" content=\"image\/jpeg\" \/>\n<meta name=\"twitter:card\" content=\"summary_large_image\" \/>\n<script type=\"application\/ld+json\" class=\"yoast-schema-graph\">{\"@context\":\"https:\\\/\\\/schema.org\",\"@graph\":[{\"@type\":\"WebPage\",\"@id\":\"https:\\\/\\\/www.institutfrancais-jerusalem.org\\\/ar\\\/nos-mediatheques\\\/culturetheque\\\/\",\"url\":\"https:\\\/\\\/www.institutfrancais-jerusalem.org\\\/ar\\\/nos-mediatheques\\\/culturetheque\\\/\",\"name\":\"\u0627\u0644\u0645\u0643\u062a\u0628\u0629 \u0627\u0644\u0631\u0642\u0645\u064a\u0651\u0629 \u0639\u0644\u0649 \u0627\u0644\u0627\u0646\u062a\u0631\u0646\u062a - Institut Fran\u00e7ais de J\u00e9rusalem\",\"isPartOf\":{\"@id\":\"https:\\\/\\\/www.institutfrancais-jerusalem.org\\\/ar\\\/#website\"},\"primaryImageOfPage\":{\"@id\":\"https:\\\/\\\/www.institutfrancais-jerusalem.org\\\/ar\\\/nos-mediatheques\\\/culturetheque\\\/#primaryimage\"},\"image\":{\"@id\":\"https:\\\/\\\/www.institutfrancais-jerusalem.org\\\/ar\\\/nos-mediatheques\\\/culturetheque\\\/#primaryimage\"},\"thumbnailUrl\":\"https:\\\/\\\/www.institutfrancais-jerusalem.org\\\/wp-content\\\/uploads\\\/2020\\\/03\\\/FB-CTQ-1200x630-1.jpg\",\"datePublished\":\"2017-08-24T06:03:36+00:00\",\"dateModified\":\"2018-01-09T13:06:44+00:00\",\"breadcrumb\":{\"@id\":\"https:\\\/\\\/www.institutfrancais-jerusalem.org\\\/ar\\\/nos-mediatheques\\\/culturetheque\\\/#breadcrumb\"},\"inLanguage\":\"ar\",\"potentialAction\":[{\"@type\":\"ReadAction\",\"target\":[\"https:\\\/\\\/www.institutfrancais-jerusalem.org\\\/ar\\\/nos-mediatheques\\\/culturetheque\\\/\"]}]},{\"@type\":\"ImageObject\",\"inLanguage\":\"ar\",\"@id\":\"https:\\\/\\\/www.institutfrancais-jerusalem.org\\\/ar\\\/nos-mediatheques\\\/culturetheque\\\/#primaryimage\",\"url\":\"https:\\\/\\\/www.institutfrancais-jerusalem.org\\\/wp-content\\\/uploads\\\/2020\\\/03\\\/FB-CTQ-1200x630-1.jpg\",\"contentUrl\":\"https:\\\/\\\/www.institutfrancais-jerusalem.org\\\/wp-content\\\/uploads\\\/2020\\\/03\\\/FB-CTQ-1200x630-1.jpg\",\"width\":1200,\"height\":630},{\"@type\":\"BreadcrumbList\",\"@id\":\"https:\\\/\\\/www.institutfrancais-jerusalem.org\\\/ar\\\/nos-mediatheques\\\/culturetheque\\\/#breadcrumb\",\"itemListElement\":[{\"@type\":\"ListItem\",\"position\":1,\"name\":\"Accueil\",\"item\":\"https:\\\/\\\/www.institutfrancais-jerusalem.org\\\/ar\\\/\"},{\"@type\":\"ListItem\",\"position\":2,\"name\":\"\u0645\u0643\u062a\u0628\u0627\u062a\u0646\u0627 \u0627\u0644\u0631\u0642\u0645\u064a\u0651\u0629\",\"item\":\"https:\\\/\\\/www.institutfrancais-jerusalem.org\\\/ar\\\/nos-mediatheques\\\/\"},{\"@type\":\"ListItem\",\"position\":3,\"name\":\"\u0627\u0644\u0645\u0643\u062a\u0628\u0629 \u0627\u0644\u0631\u0642\u0645\u064a\u0651\u0629 \u0639\u0644\u0649 \u0627\u0644\u0627\u0646\u062a\u0631\u0646\u062a\"}]},{\"@type\":\"WebSite\",\"@id\":\"https:\\\/\\\/www.institutfrancais-jerusalem.org\\\/ar\\\/#website\",\"url\":\"https:\\\/\\\/www.institutfrancais-jerusalem.org\\\/ar\\\/\",\"name\":\"Institut Fran\u00e7ais de J\u00e9rusalem\",\"description\":\"Chateaubriand\",\"potentialAction\":[{\"@type\":\"SearchAction\",\"target\":{\"@type\":\"EntryPoint\",\"urlTemplate\":\"https:\\\/\\\/www.institutfrancais-jerusalem.org\\\/ar\\\/?s={search_term_string}\"},\"query-input\":{\"@type\":\"PropertyValueSpecification\",\"valueRequired\":true,\"valueName\":\"search_term_string\"}}],\"inLanguage\":\"ar\"}]}<\/script>\n<!-- \/ Yoast SEO plugin. -->","yoast_head_json":{"title":"\u0627\u0644\u0645\u0643\u062a\u0628\u0629 \u0627\u0644\u0631\u0642\u0645\u064a\u0651\u0629 \u0639\u0644\u0649 \u0627\u0644\u0627\u0646\u062a\u0631\u0646\u062a - Institut Fran\u00e7ais de J\u00e9rusalem","robots":{"index":"index","follow":"follow","max-snippet":"max-snippet:-1","max-image-preview":"max-image-preview:large","max-video-preview":"max-video-preview:-1"},"canonical":"https:\/\/www.institutfrancais-jerusalem.org\/ar\/nos-mediatheques\/culturetheque\/","og_locale":"ar_AR","og_type":"article","og_title":"\u0627\u0644\u0645\u0643\u062a\u0628\u0629 \u0627\u0644\u0631\u0642\u0645\u064a\u0651\u0629 \u0639\u0644\u0649 \u0627\u0644\u0627\u0646\u062a\u0631\u0646\u062a - Institut Fran\u00e7ais de J\u00e9rusalem","og_description":"\u0627\u0644\u0645\u0643\u062a\u0628\u0629 \u0627\u0644\u0631\u0642\u0645\u064a\u0629 \u0627\u0644\u0641\u0631\u0646\u0633\u064a\u0629 \u0639\u0628\u0631 \u0627\u0644\u0627\u0646\u062a\u0631\u0646\u062a \u062a\u0642\u062f\u0645 \u0627\u0644\u0645\u0643\u062a\u0628\u0629 \u0627\u0644\u0631\u0642\u0645\u064a\u0629 \u0627\u0644\u0641\u0631\u0646\u0633\u064a\u0629 \u0639\u0628\u0631 \u0627\u0644\u0627\u0646\u062a\u0631\u0646\u062a \u0627\u0644\u0639\u062f\u064a\u062f \u0645\u0646 \u0627\u0644\u0645\u0635\u0627\u062f\u0631 \u062a\u062a\u0646\u0648\u0639 \u0628\u064a\u0646: \u0627\u0644\u0627\u0639\u062f\u0627\u062f \u0627\u0644\u0643\u0628\u0631\u0649 \u0645\u0646 \u0627\u0644\u0635\u062d\u0627\u0641\u0629 \u0627\u0644\u0641\u0631\u0646\u0633\u064a\u0629 \u0627\u0644\u0642\u0635\u0635 \u0627\u0644\u0645\u0635\u0648\u0631\u0629 \u0627\u0644\u0631\u0648\u0627\u064a\u0627\u062a \u0643\u062a\u0628 \u062d\u0648\u0644 \u0645\u0648\u0627\u0636\u064a\u0639 \u0645\u062d\u062f\u062f\u0629\u060c \u0645\u062b\u0627\u0644:( \u0627\u0644\u062d\u0631\u0628 \u0627\u0644\u0639\u0627\u0644\u0645\u064a\u0629 \u0627\u0648 \u0627\u0644\u0645\u0646\u0627\u062e) \u0645\u0633\u0627\u0642\u0627\u062a \u0644\u0644\u062a\u0639\u0644\u064a\u0645 \u0627\u0644\u0630\u0627\u062a\u064a \u0643\u062a\u0628 \u0644\u0637\u0644\u0628\u0629 \u0627\u0644\u0644\u063a\u0629 \u0627\u0644\u0641\u0631\u0646\u0633\u064a\u0629 \u0644\u0627\u0633\u064a\u0645\u0627 \u0643\u062a\u0628 \u0627\u0644\u0642\u0631\u0627\u0621\u0629 \u0628\u0627\u0644\u0641\u0631\u0646\u0633\u064a\u0629 \u0627\u0644\u0633\u0647\u0644\u0629 \u0645\u0642\u0627\u0644\u0627\u062a \u062d\u0648\u0644 \u0627\u0644\u0639\u0644\u0648\u0645 \u0627\u0644\u0627\u0646\u0633\u0627\u0646\u064a\u0629 \u062a\u0635\u0648\u064a\u0631 \u0627\u0644\u0639\u0631\u0648\u0636 \u0627\u0644\u062d\u064a\u0629 \u0627\u0641\u0644\u0627\u0645 \u0648\u062b\u0627\u0626\u0642\u064a\u0629 \u0645\u062e\u0635\u0635\u0629 &hellip;","og_url":"https:\/\/www.institutfrancais-jerusalem.org\/ar\/nos-mediatheques\/culturetheque\/","og_site_name":"Institut Fran\u00e7ais de J\u00e9rusalem","article_modified_time":"2018-01-09T13:06:44+00:00","og_image":[{"width":1200,"height":630,"url":"https:\/\/www.institutfrancais-jerusalem.org\/wp-content\/uploads\/2020\/03\/FB-CTQ-1200x630-1.jpg","type":"image\/jpeg"}],"twitter_card":"summary_large_image","schema":{"@context":"https:\/\/schema.org","@graph":[{"@type":"WebPage","@id":"https:\/\/www.institutfrancais-jerusalem.org\/ar\/nos-mediatheques\/culturetheque\/","url":"https:\/\/www.institutfrancais-jerusalem.org\/ar\/nos-mediatheques\/culturetheque\/","name":"\u0627\u0644\u0645\u0643\u062a\u0628\u0629 \u0627\u0644\u0631\u0642\u0645\u064a\u0651\u0629 \u0639\u0644\u0649 \u0627\u0644\u0627\u0646\u062a\u0631\u0646\u062a - Institut Fran\u00e7ais de J\u00e9rusalem","isPartOf":{"@id":"https:\/\/www.institutfrancais-jerusalem.org\/ar\/#website"},"primaryImageOfPage":{"@id":"https:\/\/www.institutfrancais-jerusalem.org\/ar\/nos-mediatheques\/culturetheque\/#primaryimage"},"image":{"@id":"https:\/\/www.institutfrancais-jerusalem.org\/ar\/nos-mediatheques\/culturetheque\/#primaryimage"},"thumbnailUrl":"https:\/\/www.institutfrancais-jerusalem.org\/wp-content\/uploads\/2020\/03\/FB-CTQ-1200x630-1.jpg","datePublished":"2017-08-24T06:03:36+00:00","dateModified":"2018-01-09T13:06:44+00:00","breadcrumb":{"@id":"https:\/\/www.institutfrancais-jerusalem.org\/ar\/nos-mediatheques\/culturetheque\/#breadcrumb"},"inLanguage":"ar","potentialAction":[{"@type":"ReadAction","target":["https:\/\/www.institutfrancais-jerusalem.org\/ar\/nos-mediatheques\/culturetheque\/"]}]},{"@type":"ImageObject","inLanguage":"ar","@id":"https:\/\/www.institutfrancais-jerusalem.org\/ar\/nos-mediatheques\/culturetheque\/#primaryimage","url":"https:\/\/www.institutfrancais-jerusalem.org\/wp-content\/uploads\/2020\/03\/FB-CTQ-1200x630-1.jpg","contentUrl":"https:\/\/www.institutfrancais-jerusalem.org\/wp-content\/uploads\/2020\/03\/FB-CTQ-1200x630-1.jpg","width":1200,"height":630},{"@type":"BreadcrumbList","@id":"https:\/\/www.institutfrancais-jerusalem.org\/ar\/nos-mediatheques\/culturetheque\/#breadcrumb","itemListElement":[{"@type":"ListItem","position":1,"name":"Accueil","item":"https:\/\/www.institutfrancais-jerusalem.org\/ar\/"},{"@type":"ListItem","position":2,"name":"\u0645\u0643\u062a\u0628\u0627\u062a\u0646\u0627 \u0627\u0644\u0631\u0642\u0645\u064a\u0651\u0629","item":"https:\/\/www.institutfrancais-jerusalem.org\/ar\/nos-mediatheques\/"},{"@type":"ListItem","position":3,"name":"\u0627\u0644\u0645\u0643\u062a\u0628\u0629 \u0627\u0644\u0631\u0642\u0645\u064a\u0651\u0629 \u0639\u0644\u0649 \u0627\u0644\u0627\u0646\u062a\u0631\u0646\u062a"}]},{"@type":"WebSite","@id":"https:\/\/www.institutfrancais-jerusalem.org\/ar\/#website","url":"https:\/\/www.institutfrancais-jerusalem.org\/ar\/","name":"Institut Fran\u00e7ais de J\u00e9rusalem","description":"Chateaubriand","potentialAction":[{"@type":"SearchAction","target":{"@type":"EntryPoint","urlTemplate":"https:\/\/www.institutfrancais-jerusalem.org\/ar\/?s={search_term_string}"},"query-input":{"@type":"PropertyValueSpecification","valueRequired":true,"valueName":"search_term_string"}}],"inLanguage":"ar"}]}},"_links":{"self":[{"href":"https:\/\/www.institutfrancais-jerusalem.org\/ar\/wp-json\/wp\/v2\/pages\/2171","targetHints":{"allow":["GET"]}}],"collection":[{"href":"https:\/\/www.institutfrancais-jerusalem.org\/ar\/wp-json\/wp\/v2\/pages"}],"about":[{"href":"https:\/\/www.institutfrancais-jerusalem.org\/ar\/wp-json\/wp\/v2\/types\/page"}],"author":[{"embeddable":true,"href":"https:\/\/www.institutfrancais-jerusalem.org\/ar\/wp-json\/wp\/v2\/users\/1"}],"replies":[{"embeddable":true,"href":"https:\/\/www.institutfrancais-jerusalem.org\/ar\/wp-json\/wp\/v2\/comments?post=2171"}],"version-history":[{"count":0,"href":"https:\/\/www.institutfrancais-jerusalem.org\/ar\/wp-json\/wp\/v2\/pages\/2171\/revisions"}],"up":[{"embeddable":true,"href":"https:\/\/www.institutfrancais-jerusalem.org\/ar\/wp-json\/wp\/v2\/pages\/2165"}],"wp:featuredmedia":[{"embeddable":true,"href":"https:\/\/www.institutfrancais-jerusalem.org\/ar\/wp-json\/wp\/v2\/media\/5447"}],"wp:attachment":[{"href":"https:\/\/www.institutfrancais-jerusalem.org\/ar\/wp-json\/wp\/v2\/media?parent=2171"}],"curies":[{"name":"wp","href":"https:\/\/api.w.org\/{rel}","templated":true}]}}